{"id":10930,"date":"2019-07-17T11:22:21","date_gmt":"2019-07-17T09:22:23","guid":{"rendered":"https:\/\/printandstick.eu\/?post_type=product&#038;p=10930"},"modified":"2024-07-10T08:48:31","modified_gmt":"2024-07-10T06:48:31","slug":"105x210mm-direct-thermal-labels-250-pcs-roll-o40-120mmpastel-yellow","status":"publish","type":"product","link":"https:\/\/printandstick.eu\/en\/product\/105x210mm-direct-thermal-labels-250-pcs-roll-o40-120mmpastel-yellow\/","title":{"rendered":"105x210mm Thermal label 250 labels\/roll (\u00f840\/120mm) (light yellow)"},"content":{"rendered":"<p>Self-adhesive labels, unprinted, made of pastel yellow &#8220;Eco&#8221; thermosensitive paper. Ideal for use as logistic, transport, sales and packaging labels. Very good adhesion to most surfaces (including non-fleece surfaces and cardboard boxes). Direct exposure to sunlight and harsh chemicals should be avoided. Intended for indirect contact with dry and non-greasy food.<\/p>\n<p>The labels are suitable for printing in large thermal printers: ZEBRA, SATO, DATAMAX, CITIZEN, etc.<\/p>\n<p>Colour: <strong>pastel yellow (Pantone 608)<\/strong><\/p>\n<p>&nbsp;<\/p>\n<p>Quantity per roll: <strong>250 labels<\/strong><\/p>\n<p>Label size: <strong>105 \u00d7 210 mm<\/strong><\/p>\n<p>Web width: <strong>108 mm<\/strong><\/p>\n<p>Adhesive Type: <strong>Permanent Acrylic<\/strong><\/p>\n<p>Adhesive strength: <strong>&gt;18 N<\/strong><\/p>\n<p>Raw material weight: <strong>70 g\/m2<\/strong><\/p>\n<p>Raw material thickness: <strong>77 \u03bcm<\/strong><\/p>\n<p>Print speed: <strong>up to 200 mm\/s<\/strong><\/p>\n<p>The material has certificates: <strong>FSC, FDA, ISEGA<\/strong><\/p>\n<p>Recommended storage: <strong>+20 \u00b0C \/ humidity 50%<\/strong><\/p>\n<p>Minimum labelling temperature: <strong>0 \u00b0C<\/strong><\/p>\n<p>Use temperature after sticking: <strong>-20\u00b0C to 80\u00b0C<\/strong><\/p>\n<p>&nbsp;<\/p>\n<p>Inner core diameter: <strong>40 mm<\/strong><\/p>\n<p>Roll outer diameter: <strong>&lt;120mm<\/strong><\/p>\n<p>Confection: for small desktop printers and large industrial printers<\/p>\n","protected":false},"excerpt":{"rendered":"<p>Self-adhesive labels, unprinted, made of pastel yellow &#8220;Eco&#8221; thermosensitive paper. The material does not contain harmful Bispphenol A (BPA Free).<\/p>\n<p>Labels in pastel yellow (Pantone 608)<\/p>\n<p>The price is for 1 roll of labels<\/p>\n","protected":false},"featured_media":10938,"template":"","meta":{"_acf_changed":false,"inline_featured_image":false},"product_brand":[],"product_cat":[371],"product_tag":[],"class_list":{"0":"post-10930","1":"product","2":"type-product","3":"status-publish","4":"has-post-thumbnail","6":"product_cat-thermal-labels-100-110mm","8":"first","9":"outofstock","10":"taxable","11":"shipping-taxable","12":"purchasable","13":"product-type-simple"},"acf":[],"yoast_head":"<!-- This site is optimized with the Yoast SEO Premium plugin v24.6 (Yoast SEO v26.5) - https:\/\/yoast.com\/wordpress\/plugins\/seo\/ -->\n<title>PrintAndStick 105x210mm Thermal label 250 labels\/roll (\u00f840\/120mm) (light yellow)<\/title>\n<meta name=\"description\" content=\"Thermal labels without Bisphenol A (BPA FREE) for ZEBRA, SATO, DATAMAX, CITIZEN printers. 1 roll = 250 labels Self-adhesive labels, unprinted, made of pastel yellow &quot;Eco&quot; thermosensitive paper. The material does not contain harmful Bispphenol A (BPA Free).Labels in pastel yellow (Pantone 608)The price is for 1 roll of labels\" \/>\n<meta name=\"robots\" content=\"index, follow, max-snippet:-1, max-image-preview:large, max-video-preview:-1\" \/>\n<link rel=\"canonical\" href=\"https:\/\/printandstick.eu\/en\/product\/105x210mm-direct-thermal-labels-250-pcs-roll-o40-120mmpastel-yellow\/\" \/>\n<meta property=\"og:locale\" content=\"en_US\" \/>\n<meta property=\"og:type\" content=\"article\" \/>\n<meta property=\"og:title\" content=\"105x210mm Thermal label 250 labels\/roll (\u00f840\/120mm) (light yellow)\" \/>\n<meta property=\"og:description\" content=\"Self-adhesive labels, unprinted, made of pastel yellow &quot;Eco&quot; thermosensitive paper. The material does not contain harmful Bispphenol A (BPA Free).Labels in pastel yellow (Pantone 608)The price is for 1 roll of labels\" \/>\n<meta property=\"og:url\" content=\"https:\/\/printandstick.eu\/en\/product\/105x210mm-direct-thermal-labels-250-pcs-roll-o40-120mmpastel-yellow\/\" \/>\n<meta property=\"og:site_name\" content=\"Print &amp; Stick\" \/>\n<meta property=\"article:modified_time\" content=\"2024-07-10T06:48:31+00:00\" \/>\n<meta property=\"og:image\" content=\"https:\/\/printandstick.eu\/wp-content\/uploads\/2019\/07\/13a-1.jpg\" \/>\n\t<meta property=\"og:image:width\" content=\"709\" \/>\n\t<meta property=\"og:image:height\" content=\"709\" \/>\n\t<meta property=\"og:image:type\" content=\"image\/jpeg\" \/>\n<meta name=\"twitter:card\" content=\"summary_large_image\" \/>\n<meta name=\"twitter:label1\" content=\"Est. reading time\" \/>\n\t<meta name=\"twitter:data1\" content=\"1 minute\" \/>\n<script type=\"application\/ld+json\" class=\"yoast-schema-graph\">{\"@context\":\"https:\/\/schema.org\",\"@graph\":[{\"@type\":\"WebPage\",\"@id\":\"https:\/\/printandstick.eu\/en\/product\/105x210mm-direct-thermal-labels-250-pcs-roll-o40-120mmpastel-yellow\/\",\"url\":\"https:\/\/printandstick.eu\/en\/product\/105x210mm-direct-thermal-labels-250-pcs-roll-o40-120mmpastel-yellow\/\",\"name\":\"PrintAndStick 105x210mm Thermal label 250 labels\/roll (\u00f840\/120mm) (light yellow)\",\"isPartOf\":{\"@id\":\"https:\/\/printandstick.eu\/#website\"},\"primaryImageOfPage\":{\"@id\":\"https:\/\/printandstick.eu\/en\/product\/105x210mm-direct-thermal-labels-250-pcs-roll-o40-120mmpastel-yellow\/#primaryimage\"},\"image\":{\"@id\":\"https:\/\/printandstick.eu\/en\/product\/105x210mm-direct-thermal-labels-250-pcs-roll-o40-120mmpastel-yellow\/#primaryimage\"},\"thumbnailUrl\":\"https:\/\/printandstick.eu\/wp-content\/uploads\/2019\/07\/13a-1.jpg\",\"datePublished\":\"2019-07-17T09:22:23+00:00\",\"dateModified\":\"2024-07-10T06:48:31+00:00\",\"description\":\"Thermal labels without Bisphenol A (BPA FREE) for ZEBRA, SATO, DATAMAX, CITIZEN printers. 1 roll = 250 labels Self-adhesive labels, unprinted, made of pastel yellow \\\"Eco\\\" thermosensitive paper. The material does not contain harmful Bispphenol A (BPA Free).Labels in pastel yellow (Pantone 608)The price is for 1 roll of labels\",\"breadcrumb\":{\"@id\":\"https:\/\/printandstick.eu\/en\/product\/105x210mm-direct-thermal-labels-250-pcs-roll-o40-120mmpastel-yellow\/#breadcrumb\"},\"inLanguage\":\"en-US\",\"potentialAction\":[{\"@type\":\"ReadAction\",\"target\":[\"https:\/\/printandstick.eu\/en\/product\/105x210mm-direct-thermal-labels-250-pcs-roll-o40-120mmpastel-yellow\/\"]}]},{\"@type\":\"ImageObject\",\"inLanguage\":\"en-US\",\"@id\":\"https:\/\/printandstick.eu\/en\/product\/105x210mm-direct-thermal-labels-250-pcs-roll-o40-120mmpastel-yellow\/#primaryimage\",\"url\":\"https:\/\/printandstick.eu\/wp-content\/uploads\/2019\/07\/13a-1.jpg\",\"contentUrl\":\"https:\/\/printandstick.eu\/wp-content\/uploads\/2019\/07\/13a-1.jpg\",\"width\":709,\"height\":709,\"caption\":\"Etykiety samoprzylepne do drukarek, \u017c\u00f3\u0142te - papier termiczny\"},{\"@type\":\"BreadcrumbList\",\"@id\":\"https:\/\/printandstick.eu\/en\/product\/105x210mm-direct-thermal-labels-250-pcs-roll-o40-120mmpastel-yellow\/#breadcrumb\",\"itemListElement\":[{\"@type\":\"ListItem\",\"position\":1,\"name\":\"Strona g\u0142\u00f3wna\",\"item\":\"https:\/\/printandstick.eu\/en\/\"},{\"@type\":\"ListItem\",\"position\":2,\"name\":\"Shop\",\"item\":\"https:\/\/printandstick.eu\/sklep\/\"},{\"@type\":\"ListItem\",\"position\":3,\"name\":\"105x210mm Thermal label 250 labels\/roll (\u00f840\/120mm) (light yellow)\"}]},{\"@type\":\"WebSite\",\"@id\":\"https:\/\/printandstick.eu\/#website\",\"url\":\"https:\/\/printandstick.eu\/\",\"name\":\"Printandstick.eu\",\"description\":\"Sklep internetowy z etykietami samoprzylepnymi do druku.\",\"publisher\":{\"@id\":\"https:\/\/printandstick.eu\/#organization\"},\"potentialAction\":[{\"@type\":\"SearchAction\",\"target\":{\"@type\":\"EntryPoint\",\"urlTemplate\":\"https:\/\/printandstick.eu\/?s={search_term_string}\"},\"query-input\":{\"@type\":\"PropertyValueSpecification\",\"valueRequired\":true,\"valueName\":\"search_term_string\"}}],\"inLanguage\":\"en-US\"},{\"@type\":\"Organization\",\"@id\":\"https:\/\/printandstick.eu\/#organization\",\"name\":\"Flexolabels Sp. z o.o.\",\"url\":\"https:\/\/printandstick.eu\/\",\"logo\":{\"@type\":\"ImageObject\",\"inLanguage\":\"en-US\",\"@id\":\"https:\/\/printandstick.eu\/#\/schema\/logo\/image\/\",\"url\":\"https:\/\/printandstick.eu\/wp-content\/uploads\/2019\/02\/logo.svg\",\"contentUrl\":\"https:\/\/printandstick.eu\/wp-content\/uploads\/2019\/02\/logo.svg\",\"width\":1,\"height\":1,\"caption\":\"Flexolabels Sp. z o.o.\"},\"image\":{\"@id\":\"https:\/\/printandstick.eu\/#\/schema\/logo\/image\/\"}}]}<\/script>\n<!-- \/ Yoast SEO Premium plugin. -->","yoast_head_json":{"title":"PrintAndStick 105x210mm Thermal label 250 labels\/roll (\u00f840\/120mm) (light yellow)","description":"Thermal labels without Bisphenol A (BPA FREE) for ZEBRA, SATO, DATAMAX, CITIZEN printers. 1 roll = 250 labels Self-adhesive labels, unprinted, made of pastel yellow \"Eco\" thermosensitive paper. The material does not contain harmful Bispphenol A (BPA Free).Labels in pastel yellow (Pantone 608)The price is for 1 roll of labels","robots":{"index":"index","follow":"follow","max-snippet":"max-snippet:-1","max-image-preview":"max-image-preview:large","max-video-preview":"max-video-preview:-1"},"canonical":"https:\/\/printandstick.eu\/en\/product\/105x210mm-direct-thermal-labels-250-pcs-roll-o40-120mmpastel-yellow\/","og_locale":"en_US","og_type":"article","og_title":"105x210mm Thermal label 250 labels\/roll (\u00f840\/120mm) (light yellow)","og_description":"Self-adhesive labels, unprinted, made of pastel yellow \"Eco\" thermosensitive paper. The material does not contain harmful Bispphenol A (BPA Free).Labels in pastel yellow (Pantone 608)The price is for 1 roll of labels","og_url":"https:\/\/printandstick.eu\/en\/product\/105x210mm-direct-thermal-labels-250-pcs-roll-o40-120mmpastel-yellow\/","og_site_name":"Print &amp; Stick","article_modified_time":"2024-07-10T06:48:31+00:00","og_image":[{"width":709,"height":709,"url":"https:\/\/printandstick.eu\/wp-content\/uploads\/2019\/07\/13a-1.jpg","type":"image\/jpeg"}],"twitter_card":"summary_large_image","twitter_misc":{"Est. reading time":"1 minute"},"schema":{"@context":"https:\/\/schema.org","@graph":[{"@type":"WebPage","@id":"https:\/\/printandstick.eu\/en\/product\/105x210mm-direct-thermal-labels-250-pcs-roll-o40-120mmpastel-yellow\/","url":"https:\/\/printandstick.eu\/en\/product\/105x210mm-direct-thermal-labels-250-pcs-roll-o40-120mmpastel-yellow\/","name":"PrintAndStick 105x210mm Thermal label 250 labels\/roll (\u00f840\/120mm) (light yellow)","isPartOf":{"@id":"https:\/\/printandstick.eu\/#website"},"primaryImageOfPage":{"@id":"https:\/\/printandstick.eu\/en\/product\/105x210mm-direct-thermal-labels-250-pcs-roll-o40-120mmpastel-yellow\/#primaryimage"},"image":{"@id":"https:\/\/printandstick.eu\/en\/product\/105x210mm-direct-thermal-labels-250-pcs-roll-o40-120mmpastel-yellow\/#primaryimage"},"thumbnailUrl":"https:\/\/printandstick.eu\/wp-content\/uploads\/2019\/07\/13a-1.jpg","datePublished":"2019-07-17T09:22:23+00:00","dateModified":"2024-07-10T06:48:31+00:00","description":"Thermal labels without Bisphenol A (BPA FREE) for ZEBRA, SATO, DATAMAX, CITIZEN printers. 1 roll = 250 labels Self-adhesive labels, unprinted, made of pastel yellow \"Eco\" thermosensitive paper. The material does not contain harmful Bispphenol A (BPA Free).Labels in pastel yellow (Pantone 608)The price is for 1 roll of labels","breadcrumb":{"@id":"https:\/\/printandstick.eu\/en\/product\/105x210mm-direct-thermal-labels-250-pcs-roll-o40-120mmpastel-yellow\/#breadcrumb"},"inLanguage":"en-US","potentialAction":[{"@type":"ReadAction","target":["https:\/\/printandstick.eu\/en\/product\/105x210mm-direct-thermal-labels-250-pcs-roll-o40-120mmpastel-yellow\/"]}]},{"@type":"ImageObject","inLanguage":"en-US","@id":"https:\/\/printandstick.eu\/en\/product\/105x210mm-direct-thermal-labels-250-pcs-roll-o40-120mmpastel-yellow\/#primaryimage","url":"https:\/\/printandstick.eu\/wp-content\/uploads\/2019\/07\/13a-1.jpg","contentUrl":"https:\/\/printandstick.eu\/wp-content\/uploads\/2019\/07\/13a-1.jpg","width":709,"height":709,"caption":"Etykiety samoprzylepne do drukarek, \u017c\u00f3\u0142te - papier termiczny"},{"@type":"BreadcrumbList","@id":"https:\/\/printandstick.eu\/en\/product\/105x210mm-direct-thermal-labels-250-pcs-roll-o40-120mmpastel-yellow\/#breadcrumb","itemListElement":[{"@type":"ListItem","position":1,"name":"Strona g\u0142\u00f3wna","item":"https:\/\/printandstick.eu\/en\/"},{"@type":"ListItem","position":2,"name":"Shop","item":"https:\/\/printandstick.eu\/sklep\/"},{"@type":"ListItem","position":3,"name":"105x210mm Thermal label 250 labels\/roll (\u00f840\/120mm) (light yellow)"}]},{"@type":"WebSite","@id":"https:\/\/printandstick.eu\/#website","url":"https:\/\/printandstick.eu\/","name":"Printandstick.eu","description":"Sklep internetowy z etykietami samoprzylepnymi do druku.","publisher":{"@id":"https:\/\/printandstick.eu\/#organization"},"potentialAction":[{"@type":"SearchAction","target":{"@type":"EntryPoint","urlTemplate":"https:\/\/printandstick.eu\/?s={search_term_string}"},"query-input":{"@type":"PropertyValueSpecification","valueRequired":true,"valueName":"search_term_string"}}],"inLanguage":"en-US"},{"@type":"Organization","@id":"https:\/\/printandstick.eu\/#organization","name":"Flexolabels Sp. z o.o.","url":"https:\/\/printandstick.eu\/","logo":{"@type":"ImageObject","inLanguage":"en-US","@id":"https:\/\/printandstick.eu\/#\/schema\/logo\/image\/","url":"https:\/\/printandstick.eu\/wp-content\/uploads\/2019\/02\/logo.svg","contentUrl":"https:\/\/printandstick.eu\/wp-content\/uploads\/2019\/02\/logo.svg","width":1,"height":1,"caption":"Flexolabels Sp. z o.o."},"image":{"@id":"https:\/\/printandstick.eu\/#\/schema\/logo\/image\/"}}]}},"_links":{"self":[{"href":"https:\/\/printandstick.eu\/en\/wp-json\/wp\/v2\/product\/10930","targetHints":{"allow":["GET"]}}],"collection":[{"href":"https:\/\/printandstick.eu\/en\/wp-json\/wp\/v2\/product"}],"about":[{"href":"https:\/\/printandstick.eu\/en\/wp-json\/wp\/v2\/types\/product"}],"wp:featuredmedia":[{"embeddable":true,"href":"https:\/\/printandstick.eu\/en\/wp-json\/wp\/v2\/media\/10938"}],"wp:attachment":[{"href":"https:\/\/printandstick.eu\/en\/wp-json\/wp\/v2\/media?parent=10930"}],"wp:term":[{"taxonomy":"product_brand","embeddable":true,"href":"https:\/\/printandstick.eu\/en\/wp-json\/wp\/v2\/product_brand?post=10930"},{"taxonomy":"product_cat","embeddable":true,"href":"https:\/\/printandstick.eu\/en\/wp-json\/wp\/v2\/product_cat?post=10930"},{"taxonomy":"product_tag","embeddable":true,"href":"https:\/\/printandstick.eu\/en\/wp-json\/wp\/v2\/product_tag?post=10930"}],"curies":[{"name":"wp","href":"https:\/\/api.w.org\/{rel}","templated":true}]}}