{"id":89832,"date":"2024-11-22T08:54:15","date_gmt":"2024-11-22T07:54:15","guid":{"rendered":"https:\/\/printandstick.eu\/?post_type=product&#038;p=89832"},"modified":"2025-05-13T09:56:16","modified_gmt":"2025-05-13T07:56:16","slug":"personalisierung-von-adr-etiketten","status":"publish","type":"product","link":"https:\/\/printandstick.eu\/de\/produkte\/personalisierung-von-adr-etiketten\/","title":{"rendered":"Personalisierung von ADR-Etiketten"},"content":{"rendered":"<h2 data-start=\"60\" data-end=\"306\"><strong>F\u00fcgen Sie Ihren ADR-Etiketten eine UN-Gefahrnummer oder eine Telefonnummer hinzu.<\/strong><br data-start=\"145\" data-end=\"148\" \/><strong>Der Aufdruck erfolgt im Thermotransferverfahren mit einem speziellen Farbband \u2013 dadurch ist er best\u00e4ndig gegen Feuchtigkeit und widrige Witterungsbedingungen.<\/strong><\/h2>\n<p class=\"\" data-start=\"308\" data-end=\"433\">Bitte geben Sie im Bestellhinweis beim Abschluss Ihrer Bestellung an, welche Informationen auf dem Etikett erscheinen sollen.<\/p>\n<p class=\"\" data-start=\"435\" data-end=\"533\">Sie k\u00f6nnen uns Ihre Druckanweisungen auch jederzeit per E-Mail mitteilen oder uns einfach anrufen!<\/p>\n","protected":false},"excerpt":{"rendered":"<p class=\"\" data-start=\"54\" data-end=\"139\"><strong data-start=\"54\" data-end=\"139\">F\u00fcgen Sie Ihren ADR-Etiketten eine UN-Gefahrnummer oder eine Telefonnummer hinzu.<\/strong><\/p>\n<p class=\"\" data-start=\"141\" data-end=\"328\">Der Preis bezieht sich auf den Aufdruck auf einer Etikettenrolle.<br data-start=\"206\" data-end=\"209\" \/>Bitte w\u00e4hlen Sie die St\u00fcckzahl entsprechend der Anzahl der Etikettenrollen aus, die wir f\u00fcr Sie personalisieren sollen.<\/p>\n","protected":false},"featured_media":52635,"template":"","meta":{"_acf_changed":false,"inline_featured_image":false},"product_brand":[],"product_cat":[578],"product_tag":[],"class_list":{"0":"post-89832","1":"product","2":"type-product","3":"status-publish","4":"has-post-thumbnail","6":"product_cat-adr-etiketten","8":"first","9":"instock","10":"taxable","11":"shipping-taxable","12":"purchasable","13":"product-type-simple"},"acf":[],"yoast_head":"<!-- This site is optimized with the Yoast SEO Premium plugin v24.6 (Yoast SEO v26.5) - https:\/\/yoast.com\/wordpress\/plugins\/seo\/ -->\n<title>PrintAndStick Personalisierung von ADR-Etiketten<\/title>\n<meta name=\"robots\" content=\"index, follow, max-snippet:-1, max-image-preview:large, max-video-preview:-1\" \/>\n<link rel=\"canonical\" href=\"https:\/\/printandstick.eu\/de\/produkte\/personalisierung-von-adr-etiketten\/\" \/>\n<meta property=\"og:locale\" content=\"de_DE\" \/>\n<meta property=\"og:type\" content=\"article\" \/>\n<meta property=\"og:title\" content=\"Personalisierung von ADR-Etiketten\" \/>\n<meta property=\"og:description\" content=\"F\u00fcgen Sie Ihren ADR-Etiketten eine UN-Gefahrnummer oder eine Telefonnummer hinzu. Der Preis bezieht sich auf den Aufdruck auf einer Etikettenrolle.Bitte w\u00e4hlen Sie die St\u00fcckzahl entsprechend der Anzahl der Etikettenrollen aus, die wir f\u00fcr Sie personalisieren sollen.\" \/>\n<meta property=\"og:url\" content=\"https:\/\/printandstick.eu\/de\/produkte\/personalisierung-von-adr-etiketten\/\" \/>\n<meta property=\"og:site_name\" content=\"Print &amp; Stick\" \/>\n<meta property=\"article:modified_time\" content=\"2025-05-13T07:56:16+00:00\" \/>\n<meta property=\"og:image\" content=\"https:\/\/printandstick.eu\/wp-content\/uploads\/2022\/11\/ADR_mix.jpg\" \/>\n\t<meta property=\"og:image:width\" content=\"500\" \/>\n\t<meta property=\"og:image:height\" content=\"500\" \/>\n\t<meta property=\"og:image:type\" content=\"image\/jpeg\" \/>\n<meta name=\"twitter:card\" content=\"summary_large_image\" \/>\n<meta name=\"twitter:label1\" content=\"Gesch\u00e4tzte Lesezeit\" \/>\n\t<meta name=\"twitter:data1\" content=\"1\u00a0Minute\" \/>\n<script type=\"application\/ld+json\" class=\"yoast-schema-graph\">{\"@context\":\"https:\/\/schema.org\",\"@graph\":[{\"@type\":\"WebPage\",\"@id\":\"https:\/\/printandstick.eu\/de\/produkte\/personalisierung-von-adr-etiketten\/\",\"url\":\"https:\/\/printandstick.eu\/de\/produkte\/personalisierung-von-adr-etiketten\/\",\"name\":\"PrintAndStick Personalisierung von ADR-Etiketten\",\"isPartOf\":{\"@id\":\"https:\/\/printandstick.eu\/#website\"},\"primaryImageOfPage\":{\"@id\":\"https:\/\/printandstick.eu\/de\/produkte\/personalisierung-von-adr-etiketten\/#primaryimage\"},\"image\":{\"@id\":\"https:\/\/printandstick.eu\/de\/produkte\/personalisierung-von-adr-etiketten\/#primaryimage\"},\"thumbnailUrl\":\"https:\/\/printandstick.eu\/wp-content\/uploads\/2022\/11\/ADR_mix.jpg\",\"datePublished\":\"2024-11-22T07:54:15+00:00\",\"dateModified\":\"2025-05-13T07:56:16+00:00\",\"breadcrumb\":{\"@id\":\"https:\/\/printandstick.eu\/de\/produkte\/personalisierung-von-adr-etiketten\/#breadcrumb\"},\"inLanguage\":\"de\",\"potentialAction\":[{\"@type\":\"ReadAction\",\"target\":[\"https:\/\/printandstick.eu\/de\/produkte\/personalisierung-von-adr-etiketten\/\"]}]},{\"@type\":\"ImageObject\",\"inLanguage\":\"de\",\"@id\":\"https:\/\/printandstick.eu\/de\/produkte\/personalisierung-von-adr-etiketten\/#primaryimage\",\"url\":\"https:\/\/printandstick.eu\/wp-content\/uploads\/2022\/11\/ADR_mix.jpg\",\"contentUrl\":\"https:\/\/printandstick.eu\/wp-content\/uploads\/2022\/11\/ADR_mix.jpg\",\"width\":500,\"height\":500,\"caption\":\"CREATOR: gd-jpeg v1.0 (using IJG JPEG v62), quality = 100\"},{\"@type\":\"BreadcrumbList\",\"@id\":\"https:\/\/printandstick.eu\/de\/produkte\/personalisierung-von-adr-etiketten\/#breadcrumb\",\"itemListElement\":[{\"@type\":\"ListItem\",\"position\":1,\"name\":\"Strona g\u0142\u00f3wna\",\"item\":\"https:\/\/printandstick.eu\/de\/\"},{\"@type\":\"ListItem\",\"position\":2,\"name\":\"Onlineshop\",\"item\":\"https:\/\/printandstick.eu\/de\/onlineshop\/\"},{\"@type\":\"ListItem\",\"position\":3,\"name\":\"Personalisierung von ADR-Etiketten\"}]},{\"@type\":\"WebSite\",\"@id\":\"https:\/\/printandstick.eu\/#website\",\"url\":\"https:\/\/printandstick.eu\/\",\"name\":\"Printandstick.eu\",\"description\":\"Sklep internetowy z etykietami samoprzylepnymi do druku.\",\"publisher\":{\"@id\":\"https:\/\/printandstick.eu\/#organization\"},\"potentialAction\":[{\"@type\":\"SearchAction\",\"target\":{\"@type\":\"EntryPoint\",\"urlTemplate\":\"https:\/\/printandstick.eu\/?s={search_term_string}\"},\"query-input\":{\"@type\":\"PropertyValueSpecification\",\"valueRequired\":true,\"valueName\":\"search_term_string\"}}],\"inLanguage\":\"de\"},{\"@type\":\"Organization\",\"@id\":\"https:\/\/printandstick.eu\/#organization\",\"name\":\"Flexolabels Sp. z o.o.\",\"url\":\"https:\/\/printandstick.eu\/\",\"logo\":{\"@type\":\"ImageObject\",\"inLanguage\":\"de\",\"@id\":\"https:\/\/printandstick.eu\/#\/schema\/logo\/image\/\",\"url\":\"https:\/\/printandstick.eu\/wp-content\/uploads\/2019\/02\/logo.svg\",\"contentUrl\":\"https:\/\/printandstick.eu\/wp-content\/uploads\/2019\/02\/logo.svg\",\"width\":1,\"height\":1,\"caption\":\"Flexolabels Sp. z o.o.\"},\"image\":{\"@id\":\"https:\/\/printandstick.eu\/#\/schema\/logo\/image\/\"}}]}<\/script>\n<!-- \/ Yoast SEO Premium plugin. -->","yoast_head_json":{"title":"PrintAndStick Personalisierung von ADR-Etiketten","robots":{"index":"index","follow":"follow","max-snippet":"max-snippet:-1","max-image-preview":"max-image-preview:large","max-video-preview":"max-video-preview:-1"},"canonical":"https:\/\/printandstick.eu\/de\/produkte\/personalisierung-von-adr-etiketten\/","og_locale":"de_DE","og_type":"article","og_title":"Personalisierung von ADR-Etiketten","og_description":"F\u00fcgen Sie Ihren ADR-Etiketten eine UN-Gefahrnummer oder eine Telefonnummer hinzu. Der Preis bezieht sich auf den Aufdruck auf einer Etikettenrolle.Bitte w\u00e4hlen Sie die St\u00fcckzahl entsprechend der Anzahl der Etikettenrollen aus, die wir f\u00fcr Sie personalisieren sollen.","og_url":"https:\/\/printandstick.eu\/de\/produkte\/personalisierung-von-adr-etiketten\/","og_site_name":"Print &amp; Stick","article_modified_time":"2025-05-13T07:56:16+00:00","og_image":[{"width":500,"height":500,"url":"https:\/\/printandstick.eu\/wp-content\/uploads\/2022\/11\/ADR_mix.jpg","type":"image\/jpeg"}],"twitter_card":"summary_large_image","twitter_misc":{"Gesch\u00e4tzte Lesezeit":"1\u00a0Minute"},"schema":{"@context":"https:\/\/schema.org","@graph":[{"@type":"WebPage","@id":"https:\/\/printandstick.eu\/de\/produkte\/personalisierung-von-adr-etiketten\/","url":"https:\/\/printandstick.eu\/de\/produkte\/personalisierung-von-adr-etiketten\/","name":"PrintAndStick Personalisierung von ADR-Etiketten","isPartOf":{"@id":"https:\/\/printandstick.eu\/#website"},"primaryImageOfPage":{"@id":"https:\/\/printandstick.eu\/de\/produkte\/personalisierung-von-adr-etiketten\/#primaryimage"},"image":{"@id":"https:\/\/printandstick.eu\/de\/produkte\/personalisierung-von-adr-etiketten\/#primaryimage"},"thumbnailUrl":"https:\/\/printandstick.eu\/wp-content\/uploads\/2022\/11\/ADR_mix.jpg","datePublished":"2024-11-22T07:54:15+00:00","dateModified":"2025-05-13T07:56:16+00:00","breadcrumb":{"@id":"https:\/\/printandstick.eu\/de\/produkte\/personalisierung-von-adr-etiketten\/#breadcrumb"},"inLanguage":"de","potentialAction":[{"@type":"ReadAction","target":["https:\/\/printandstick.eu\/de\/produkte\/personalisierung-von-adr-etiketten\/"]}]},{"@type":"ImageObject","inLanguage":"de","@id":"https:\/\/printandstick.eu\/de\/produkte\/personalisierung-von-adr-etiketten\/#primaryimage","url":"https:\/\/printandstick.eu\/wp-content\/uploads\/2022\/11\/ADR_mix.jpg","contentUrl":"https:\/\/printandstick.eu\/wp-content\/uploads\/2022\/11\/ADR_mix.jpg","width":500,"height":500,"caption":"CREATOR: gd-jpeg v1.0 (using IJG JPEG v62), quality = 100"},{"@type":"BreadcrumbList","@id":"https:\/\/printandstick.eu\/de\/produkte\/personalisierung-von-adr-etiketten\/#breadcrumb","itemListElement":[{"@type":"ListItem","position":1,"name":"Strona g\u0142\u00f3wna","item":"https:\/\/printandstick.eu\/de\/"},{"@type":"ListItem","position":2,"name":"Onlineshop","item":"https:\/\/printandstick.eu\/de\/onlineshop\/"},{"@type":"ListItem","position":3,"name":"Personalisierung von ADR-Etiketten"}]},{"@type":"WebSite","@id":"https:\/\/printandstick.eu\/#website","url":"https:\/\/printandstick.eu\/","name":"Printandstick.eu","description":"Sklep internetowy z etykietami samoprzylepnymi do druku.","publisher":{"@id":"https:\/\/printandstick.eu\/#organization"},"potentialAction":[{"@type":"SearchAction","target":{"@type":"EntryPoint","urlTemplate":"https:\/\/printandstick.eu\/?s={search_term_string}"},"query-input":{"@type":"PropertyValueSpecification","valueRequired":true,"valueName":"search_term_string"}}],"inLanguage":"de"},{"@type":"Organization","@id":"https:\/\/printandstick.eu\/#organization","name":"Flexolabels Sp. z o.o.","url":"https:\/\/printandstick.eu\/","logo":{"@type":"ImageObject","inLanguage":"de","@id":"https:\/\/printandstick.eu\/#\/schema\/logo\/image\/","url":"https:\/\/printandstick.eu\/wp-content\/uploads\/2019\/02\/logo.svg","contentUrl":"https:\/\/printandstick.eu\/wp-content\/uploads\/2019\/02\/logo.svg","width":1,"height":1,"caption":"Flexolabels Sp. z o.o."},"image":{"@id":"https:\/\/printandstick.eu\/#\/schema\/logo\/image\/"}}]}},"_links":{"self":[{"href":"https:\/\/printandstick.eu\/de\/wp-json\/wp\/v2\/product\/89832","targetHints":{"allow":["GET"]}}],"collection":[{"href":"https:\/\/printandstick.eu\/de\/wp-json\/wp\/v2\/product"}],"about":[{"href":"https:\/\/printandstick.eu\/de\/wp-json\/wp\/v2\/types\/product"}],"wp:featuredmedia":[{"embeddable":true,"href":"https:\/\/printandstick.eu\/de\/wp-json\/wp\/v2\/media\/52635"}],"wp:attachment":[{"href":"https:\/\/printandstick.eu\/de\/wp-json\/wp\/v2\/media?parent=89832"}],"wp:term":[{"taxonomy":"product_brand","embeddable":true,"href":"https:\/\/printandstick.eu\/de\/wp-json\/wp\/v2\/product_brand?post=89832"},{"taxonomy":"product_cat","embeddable":true,"href":"https:\/\/printandstick.eu\/de\/wp-json\/wp\/v2\/product_cat?post=89832"},{"taxonomy":"product_tag","embeddable":true,"href":"https:\/\/printandstick.eu\/de\/wp-json\/wp\/v2\/product_tag?post=89832"}],"curies":[{"name":"wp","href":"https:\/\/api.w.org\/{rel}","templated":true}]}}