{"id":711,"date":"2019-03-14T08:48:37","date_gmt":"2019-03-14T07:48:37","guid":{"rendered":"http:\/\/print-and-stick.jankobialka.com\/produkt\/bogen-a4-24-70x37mm\/"},"modified":"2023-12-07T15:27:53","modified_gmt":"2023-12-07T14:27:53","slug":"bogen-a4-24-70x37mm","status":"publish","type":"product","link":"https:\/\/printandstick.eu\/de\/produkte\/bogen-a4-24-70x37mm\/","title":{"rendered":"Selbstklebende Etiketten auf DIN A4 Bogen, 24x 70x37mm"},"content":{"rendered":"<p><strong>Selbstklebende Etiketten auf DIN A4 Bogen f\u00fcr Laser-, Tintendrucker, Inkjet- und Kopierger\u00e4te.<\/strong><\/p>\n<p>Die Etiketten werden aus unbeschichtetem holzfreiem Papier hergestellt, um h\u00f6chste Druckqualit\u00e4t zu gew\u00e4hrleisten. Das Rohmaterial mit einem Gewicht von 70 g \/ m2 und einer Dicke von 90 \u03bcm sorgt f\u00fcr ausreichende Steifigkeit. Deswegen ist das schnelle Drucken in Industrieanlagen m\u00f6glich. Sie erm\u00f6glichen die Markierung der\u00a0 Ordnern, Paketen und Dokumenten. Hoher Papierkontrast erm\u00f6glicht das Lesen der bedruckter Barcodes problemlos auch nach l\u00e4ngerer Zeit. Der aufgebrachte Acrylkleber gew\u00e4hrleistet eine einwandfreie Haftung auf glatten oder gekr\u00fcmmten Oberfl\u00e4che.<\/p>\n<p><strong>Perfekt sowohl f\u00fcr ein kleines B\u00fcro als auch f\u00fcr den industriellen Einsatz.<\/strong><\/p>\n<p>Das Rohmaterial hat eine zweij\u00e4hrige Garantie, sofern es bei einer Temperatur von etwa 20\u00b0C und einer Luftfeuchtigkeit von 50% gelagert wird. Es verf\u00fcgt \u00fcber ein Zertifikat f\u00fcr den direkten und indirekten Kontakt mit trockenen und nicht fettenden Lebensmitteln. Es erf\u00fcllt die Anforderungen der RoHS- und REACH-Sicherheitsstandards.<\/p>\n","protected":false},"excerpt":{"rendered":"<p>Auf einem Blatt befinden sich 24 Etiketten im Format 70x37mm.<\/p>\n","protected":false},"featured_media":5269,"template":"","meta":{"_acf_changed":false,"inline_featured_image":false},"product_brand":[],"product_cat":[76],"product_tag":[],"class_list":{"0":"post-711","1":"product","2":"type-product","3":"status-publish","4":"has-post-thumbnail","6":"product_cat-21-etiketten-pro-bogen","8":"first","9":"instock","10":"taxable","11":"shipping-taxable","12":"purchasable","13":"product-type-variable","14":"has-default-attributes"},"acf":[],"yoast_head":"<!-- This site is optimized with the Yoast SEO Premium plugin v24.6 (Yoast SEO v26.5) - https:\/\/yoast.com\/wordpress\/plugins\/seo\/ -->\n<title>Selbstklebende Etiketten auf DIN A4 Bogen, 24x 70x37mm von Printandstick.eu<\/title>\n<meta name=\"description\" content=\"A4 Selbstklebeetiketten \u2013 kompatibel mit allen g\u00e4ngigen Laserdruckern und Kopierern.\" \/>\n<meta name=\"robots\" content=\"index, follow, max-snippet:-1, max-image-preview:large, max-video-preview:-1\" \/>\n<link rel=\"canonical\" href=\"https:\/\/printandstick.eu\/de\/produkte\/bogen-a4-24-70x37mm\/\" \/>\n<meta property=\"og:locale\" content=\"de_DE\" \/>\n<meta property=\"og:type\" content=\"article\" \/>\n<meta property=\"og:title\" content=\"Selbstklebende Etiketten auf DIN A4 Bogen, 24x 70x37mm\" \/>\n<meta property=\"og:description\" content=\"Auf einem Blatt befinden sich 24 Etiketten im Format 70x37mm.\" \/>\n<meta property=\"og:url\" content=\"https:\/\/printandstick.eu\/de\/produkte\/bogen-a4-24-70x37mm\/\" \/>\n<meta property=\"og:site_name\" content=\"Print &amp; Stick\" \/>\n<meta property=\"article:modified_time\" content=\"2023-12-07T14:27:53+00:00\" \/>\n<meta property=\"og:image\" content=\"https:\/\/printandstick.eu\/wp-content\/uploads\/2019\/03\/21243-web.jpg\" \/>\n\t<meta property=\"og:image:width\" content=\"1063\" \/>\n\t<meta property=\"og:image:height\" content=\"1063\" \/>\n\t<meta property=\"og:image:type\" content=\"image\/jpeg\" \/>\n<meta name=\"twitter:card\" content=\"summary_large_image\" \/>\n<meta name=\"twitter:label1\" content=\"Gesch\u00e4tzte Lesezeit\" \/>\n\t<meta name=\"twitter:data1\" content=\"1\u00a0Minute\" \/>\n<script type=\"application\/ld+json\" class=\"yoast-schema-graph\">{\"@context\":\"https:\/\/schema.org\",\"@graph\":[{\"@type\":\"WebPage\",\"@id\":\"https:\/\/printandstick.eu\/de\/produkte\/bogen-a4-24-70x37mm\/\",\"url\":\"https:\/\/printandstick.eu\/de\/produkte\/bogen-a4-24-70x37mm\/\",\"name\":\"Selbstklebende Etiketten auf DIN A4 Bogen, 24x 70x37mm von Printandstick.eu\",\"isPartOf\":{\"@id\":\"https:\/\/printandstick.eu\/#website\"},\"primaryImageOfPage\":{\"@id\":\"https:\/\/printandstick.eu\/de\/produkte\/bogen-a4-24-70x37mm\/#primaryimage\"},\"image\":{\"@id\":\"https:\/\/printandstick.eu\/de\/produkte\/bogen-a4-24-70x37mm\/#primaryimage\"},\"thumbnailUrl\":\"https:\/\/printandstick.eu\/wp-content\/uploads\/2019\/03\/21243-web.jpg\",\"datePublished\":\"2019-03-14T07:48:37+00:00\",\"dateModified\":\"2023-12-07T14:27:53+00:00\",\"description\":\"A4 Selbstklebeetiketten \u2013 kompatibel mit allen g\u00e4ngigen Laserdruckern und Kopierern.\",\"breadcrumb\":{\"@id\":\"https:\/\/printandstick.eu\/de\/produkte\/bogen-a4-24-70x37mm\/#breadcrumb\"},\"inLanguage\":\"de\",\"potentialAction\":[{\"@type\":\"ReadAction\",\"target\":[\"https:\/\/printandstick.eu\/de\/produkte\/bogen-a4-24-70x37mm\/\"]}]},{\"@type\":\"ImageObject\",\"inLanguage\":\"de\",\"@id\":\"https:\/\/printandstick.eu\/de\/produkte\/bogen-a4-24-70x37mm\/#primaryimage\",\"url\":\"https:\/\/printandstick.eu\/wp-content\/uploads\/2019\/03\/21243-web.jpg\",\"contentUrl\":\"https:\/\/printandstick.eu\/wp-content\/uploads\/2019\/03\/21243-web.jpg\",\"width\":1063,\"height\":1063,\"caption\":\"Etykiety samoprzylepne arkusze A4 24x 70x37mm\"},{\"@type\":\"BreadcrumbList\",\"@id\":\"https:\/\/printandstick.eu\/de\/produkte\/bogen-a4-24-70x37mm\/#breadcrumb\",\"itemListElement\":[{\"@type\":\"ListItem\",\"position\":1,\"name\":\"Strona g\u0142\u00f3wna\",\"item\":\"https:\/\/printandstick.eu\/de\/\"},{\"@type\":\"ListItem\",\"position\":2,\"name\":\"Onlineshop\",\"item\":\"https:\/\/printandstick.eu\/de\/onlineshop\/\"},{\"@type\":\"ListItem\",\"position\":3,\"name\":\"Selbstklebende Etiketten auf DIN A4 Bogen, 24x 70x37mm\"}]},{\"@type\":\"WebSite\",\"@id\":\"https:\/\/printandstick.eu\/#website\",\"url\":\"https:\/\/printandstick.eu\/\",\"name\":\"Printandstick.eu\",\"description\":\"Sklep internetowy z etykietami samoprzylepnymi do druku.\",\"publisher\":{\"@id\":\"https:\/\/printandstick.eu\/#organization\"},\"potentialAction\":[{\"@type\":\"SearchAction\",\"target\":{\"@type\":\"EntryPoint\",\"urlTemplate\":\"https:\/\/printandstick.eu\/?s={search_term_string}\"},\"query-input\":{\"@type\":\"PropertyValueSpecification\",\"valueRequired\":true,\"valueName\":\"search_term_string\"}}],\"inLanguage\":\"de\"},{\"@type\":\"Organization\",\"@id\":\"https:\/\/printandstick.eu\/#organization\",\"name\":\"Flexolabels Sp. z o.o.\",\"url\":\"https:\/\/printandstick.eu\/\",\"logo\":{\"@type\":\"ImageObject\",\"inLanguage\":\"de\",\"@id\":\"https:\/\/printandstick.eu\/#\/schema\/logo\/image\/\",\"url\":\"https:\/\/printandstick.eu\/wp-content\/uploads\/2019\/02\/logo.svg\",\"contentUrl\":\"https:\/\/printandstick.eu\/wp-content\/uploads\/2019\/02\/logo.svg\",\"width\":1,\"height\":1,\"caption\":\"Flexolabels Sp. z o.o.\"},\"image\":{\"@id\":\"https:\/\/printandstick.eu\/#\/schema\/logo\/image\/\"}}]}<\/script>\n<!-- \/ Yoast SEO Premium plugin. -->","yoast_head_json":{"title":"Selbstklebende Etiketten auf DIN A4 Bogen, 24x 70x37mm von Printandstick.eu","description":"A4 Selbstklebeetiketten \u2013 kompatibel mit allen g\u00e4ngigen Laserdruckern und Kopierern.","robots":{"index":"index","follow":"follow","max-snippet":"max-snippet:-1","max-image-preview":"max-image-preview:large","max-video-preview":"max-video-preview:-1"},"canonical":"https:\/\/printandstick.eu\/de\/produkte\/bogen-a4-24-70x37mm\/","og_locale":"de_DE","og_type":"article","og_title":"Selbstklebende Etiketten auf DIN A4 Bogen, 24x 70x37mm","og_description":"Auf einem Blatt befinden sich 24 Etiketten im Format 70x37mm.","og_url":"https:\/\/printandstick.eu\/de\/produkte\/bogen-a4-24-70x37mm\/","og_site_name":"Print &amp; Stick","article_modified_time":"2023-12-07T14:27:53+00:00","og_image":[{"width":1063,"height":1063,"url":"https:\/\/printandstick.eu\/wp-content\/uploads\/2019\/03\/21243-web.jpg","type":"image\/jpeg"}],"twitter_card":"summary_large_image","twitter_misc":{"Gesch\u00e4tzte Lesezeit":"1\u00a0Minute"},"schema":{"@context":"https:\/\/schema.org","@graph":[{"@type":"WebPage","@id":"https:\/\/printandstick.eu\/de\/produkte\/bogen-a4-24-70x37mm\/","url":"https:\/\/printandstick.eu\/de\/produkte\/bogen-a4-24-70x37mm\/","name":"Selbstklebende Etiketten auf DIN A4 Bogen, 24x 70x37mm von Printandstick.eu","isPartOf":{"@id":"https:\/\/printandstick.eu\/#website"},"primaryImageOfPage":{"@id":"https:\/\/printandstick.eu\/de\/produkte\/bogen-a4-24-70x37mm\/#primaryimage"},"image":{"@id":"https:\/\/printandstick.eu\/de\/produkte\/bogen-a4-24-70x37mm\/#primaryimage"},"thumbnailUrl":"https:\/\/printandstick.eu\/wp-content\/uploads\/2019\/03\/21243-web.jpg","datePublished":"2019-03-14T07:48:37+00:00","dateModified":"2023-12-07T14:27:53+00:00","description":"A4 Selbstklebeetiketten \u2013 kompatibel mit allen g\u00e4ngigen Laserdruckern und Kopierern.","breadcrumb":{"@id":"https:\/\/printandstick.eu\/de\/produkte\/bogen-a4-24-70x37mm\/#breadcrumb"},"inLanguage":"de","potentialAction":[{"@type":"ReadAction","target":["https:\/\/printandstick.eu\/de\/produkte\/bogen-a4-24-70x37mm\/"]}]},{"@type":"ImageObject","inLanguage":"de","@id":"https:\/\/printandstick.eu\/de\/produkte\/bogen-a4-24-70x37mm\/#primaryimage","url":"https:\/\/printandstick.eu\/wp-content\/uploads\/2019\/03\/21243-web.jpg","contentUrl":"https:\/\/printandstick.eu\/wp-content\/uploads\/2019\/03\/21243-web.jpg","width":1063,"height":1063,"caption":"Etykiety samoprzylepne arkusze A4 24x 70x37mm"},{"@type":"BreadcrumbList","@id":"https:\/\/printandstick.eu\/de\/produkte\/bogen-a4-24-70x37mm\/#breadcrumb","itemListElement":[{"@type":"ListItem","position":1,"name":"Strona g\u0142\u00f3wna","item":"https:\/\/printandstick.eu\/de\/"},{"@type":"ListItem","position":2,"name":"Onlineshop","item":"https:\/\/printandstick.eu\/de\/onlineshop\/"},{"@type":"ListItem","position":3,"name":"Selbstklebende Etiketten auf DIN A4 Bogen, 24x 70x37mm"}]},{"@type":"WebSite","@id":"https:\/\/printandstick.eu\/#website","url":"https:\/\/printandstick.eu\/","name":"Printandstick.eu","description":"Sklep internetowy z etykietami samoprzylepnymi do druku.","publisher":{"@id":"https:\/\/printandstick.eu\/#organization"},"potentialAction":[{"@type":"SearchAction","target":{"@type":"EntryPoint","urlTemplate":"https:\/\/printandstick.eu\/?s={search_term_string}"},"query-input":{"@type":"PropertyValueSpecification","valueRequired":true,"valueName":"search_term_string"}}],"inLanguage":"de"},{"@type":"Organization","@id":"https:\/\/printandstick.eu\/#organization","name":"Flexolabels Sp. z o.o.","url":"https:\/\/printandstick.eu\/","logo":{"@type":"ImageObject","inLanguage":"de","@id":"https:\/\/printandstick.eu\/#\/schema\/logo\/image\/","url":"https:\/\/printandstick.eu\/wp-content\/uploads\/2019\/02\/logo.svg","contentUrl":"https:\/\/printandstick.eu\/wp-content\/uploads\/2019\/02\/logo.svg","width":1,"height":1,"caption":"Flexolabels Sp. z o.o."},"image":{"@id":"https:\/\/printandstick.eu\/#\/schema\/logo\/image\/"}}]}},"_links":{"self":[{"href":"https:\/\/printandstick.eu\/de\/wp-json\/wp\/v2\/product\/711","targetHints":{"allow":["GET"]}}],"collection":[{"href":"https:\/\/printandstick.eu\/de\/wp-json\/wp\/v2\/product"}],"about":[{"href":"https:\/\/printandstick.eu\/de\/wp-json\/wp\/v2\/types\/product"}],"wp:featuredmedia":[{"embeddable":true,"href":"https:\/\/printandstick.eu\/de\/wp-json\/wp\/v2\/media\/5269"}],"wp:attachment":[{"href":"https:\/\/printandstick.eu\/de\/wp-json\/wp\/v2\/media?parent=711"}],"wp:term":[{"taxonomy":"product_brand","embeddable":true,"href":"https:\/\/printandstick.eu\/de\/wp-json\/wp\/v2\/product_brand?post=711"},{"taxonomy":"product_cat","embeddable":true,"href":"https:\/\/printandstick.eu\/de\/wp-json\/wp\/v2\/product_cat?post=711"},{"taxonomy":"product_tag","embeddable":true,"href":"https:\/\/printandstick.eu\/de\/wp-json\/wp\/v2\/product_tag?post=711"}],"curies":[{"name":"wp","href":"https:\/\/api.w.org\/{rel}","templated":true}]}}