{"id":69531,"date":"2024-01-04T20:47:37","date_gmt":"2024-01-04T19:47:37","guid":{"rendered":"https:\/\/printandstick.eu\/?post_type=product&#038;p=69531"},"modified":"2024-04-24T12:12:32","modified_gmt":"2024-04-24T10:12:32","slug":"bogenenetikett-a4-4x-105x148mm-mit-umlaufendem-rand-economy-serien","status":"publish","type":"product","link":"https:\/\/printandstick.eu\/de\/produkte\/bogenenetikett-a4-4x-105x148mm-mit-umlaufendem-rand-economy-serien\/","title":{"rendered":"Bogenenetikett A4 4x 105x148mm mit umlaufendem Rand ECONOMY-Serie"},"content":{"rendered":"<p><strong>Entdecken Sie unsere ECONOMY-Serien-Etikettenb\u00f6gen!<\/strong><\/p>\n<p><strong>A4-Etiketten f\u00fcr Laserdrucker und Kopierer:<\/strong> Wir liefern sie ohne unn\u00f6tige Kartonschachteln, verpackt in einer Kunststoffh\u00fclle, sodass wir sie zu einem noch g\u00fcnstigeren Preis anbieten k\u00f6nnen, ohne die hohe Produktqualit\u00e4t zu verlieren.\u00a0<\/p>\n<p>Die Etiketten sind aus unbeschichtetem, holzfreiem Papier gefertigt, um die h\u00f6chste Druckqualit\u00e4t zu gew\u00e4hrleisten. Das Material mit einem Fl\u00e4chengewicht von 70g\/m\u00b2 und einer Dicke von 90\u00b5m bietet die n\u00f6tige Steifigkeit, selbst bei schnellem Druck in Industrieanlagen. Sie eignen sich zum Markieren von Ordnern, Mappen, Paketen und Dokumenten: Der hohe Papierkontrast erm\u00f6glicht eine problemlose Lesbarkeit der gedruckten Barcodes auch nach l\u00e4ngerer Zeit. Der verwendete Acrylkleber sorgt f\u00fcr eine korrekte Haftung auf glatten oder gekr\u00fcmmten Oberfl\u00e4chen.<\/p>\n<p><strong>Ideal f\u00fcr kleine B\u00fcros sowie f\u00fcr den industriellen Gebrauch.<\/strong><\/p>\n<p>Das Material hat eine Garantie von zwei Jahren unter der Bedingung, dass es bei einer Temperatur von etwa 20\u00b0C und einer Luftfeuchtigkeit von 50% gelagert wird. Es verf\u00fcgt \u00fcber ein Zertifikat f\u00fcr indirekten und direkten Kontakt mit trockener und nicht fettiger Lebensmittel. Erf\u00fcllt die Sicherheitsstandards der RoHS- und REACH-Verordnungen.<\/p>\n","protected":false},"excerpt":{"rendered":"<p>Auf einem Blatt mit umlaufendem Rand befinden sich 4 Etiketten im Format 105x148mm.<\/p>\n","protected":false},"featured_media":69581,"template":"","meta":{"_acf_changed":false,"inline_featured_image":false},"product_brand":[],"product_cat":[],"product_tag":[],"class_list":{"0":"post-69531","1":"product","2":"type-product","3":"status-publish","4":"has-post-thumbnail","7":"first","8":"instock","9":"taxable","10":"shipping-taxable","11":"purchasable","12":"product-type-simple"},"acf":[],"yoast_head":"<!-- This site is optimized with the Yoast SEO Premium plugin v24.6 (Yoast SEO v26.5) - https:\/\/yoast.com\/wordpress\/plugins\/seo\/ -->\n<title>Bogenenetikett A4 4x 105x148mm mit umlaufendem Rand ECONOMY-Serie von Printandstick.eu<\/title>\n<meta name=\"description\" content=\"A4 Selbstklebeetiketten \u2013 kompatibel mit allen g\u00e4ngigen Laserdruckern und Kopierern.\" \/>\n<meta name=\"robots\" content=\"index, follow, max-snippet:-1, max-image-preview:large, max-video-preview:-1\" \/>\n<link rel=\"canonical\" href=\"https:\/\/printandstick.eu\/de\/produkte\/bogenenetikett-a4-4x-105x148mm-mit-umlaufendem-rand-economy-serien\/\" \/>\n<meta property=\"og:locale\" content=\"de_DE\" \/>\n<meta property=\"og:type\" content=\"article\" \/>\n<meta property=\"og:title\" content=\"Bogenenetikett A4 4x 105x148mm mit umlaufendem Rand ECONOMY-Serie\" \/>\n<meta property=\"og:description\" content=\"Auf einem Blatt mit umlaufendem Rand befinden sich 4 Etiketten im Format 105x148mm.\" \/>\n<meta property=\"og:url\" content=\"https:\/\/printandstick.eu\/de\/produkte\/bogenenetikett-a4-4x-105x148mm-mit-umlaufendem-rand-economy-serien\/\" \/>\n<meta property=\"og:site_name\" content=\"Print &amp; Stick\" \/>\n<meta property=\"article:modified_time\" content=\"2024-04-24T10:12:32+00:00\" \/>\n<meta property=\"og:image\" content=\"https:\/\/printandstick.eu\/wp-content\/uploads\/2024\/01\/21743DE1.jpg\" \/>\n\t<meta property=\"og:image:width\" content=\"500\" \/>\n\t<meta property=\"og:image:height\" content=\"500\" \/>\n\t<meta property=\"og:image:type\" content=\"image\/jpeg\" \/>\n<meta name=\"twitter:card\" content=\"summary_large_image\" \/>\n<meta name=\"twitter:label1\" content=\"Gesch\u00e4tzte Lesezeit\" \/>\n\t<meta name=\"twitter:data1\" content=\"2\u00a0Minuten\" \/>\n<script type=\"application\/ld+json\" class=\"yoast-schema-graph\">{\"@context\":\"https:\/\/schema.org\",\"@graph\":[{\"@type\":\"WebPage\",\"@id\":\"https:\/\/printandstick.eu\/de\/produkte\/bogenenetikett-a4-4x-105x148mm-mit-umlaufendem-rand-economy-serien\/\",\"url\":\"https:\/\/printandstick.eu\/de\/produkte\/bogenenetikett-a4-4x-105x148mm-mit-umlaufendem-rand-economy-serien\/\",\"name\":\"Bogenenetikett A4 4x 105x148mm mit umlaufendem Rand ECONOMY-Serie von Printandstick.eu\",\"isPartOf\":{\"@id\":\"https:\/\/printandstick.eu\/#website\"},\"primaryImageOfPage\":{\"@id\":\"https:\/\/printandstick.eu\/de\/produkte\/bogenenetikett-a4-4x-105x148mm-mit-umlaufendem-rand-economy-serien\/#primaryimage\"},\"image\":{\"@id\":\"https:\/\/printandstick.eu\/de\/produkte\/bogenenetikett-a4-4x-105x148mm-mit-umlaufendem-rand-economy-serien\/#primaryimage\"},\"thumbnailUrl\":\"https:\/\/printandstick.eu\/wp-content\/uploads\/2024\/01\/21743DE1.jpg\",\"datePublished\":\"2024-01-04T19:47:37+00:00\",\"dateModified\":\"2024-04-24T10:12:32+00:00\",\"description\":\"A4 Selbstklebeetiketten \u2013 kompatibel mit allen g\u00e4ngigen Laserdruckern und Kopierern.\",\"breadcrumb\":{\"@id\":\"https:\/\/printandstick.eu\/de\/produkte\/bogenenetikett-a4-4x-105x148mm-mit-umlaufendem-rand-economy-serien\/#breadcrumb\"},\"inLanguage\":\"de\",\"potentialAction\":[{\"@type\":\"ReadAction\",\"target\":[\"https:\/\/printandstick.eu\/de\/produkte\/bogenenetikett-a4-4x-105x148mm-mit-umlaufendem-rand-economy-serien\/\"]}]},{\"@type\":\"ImageObject\",\"inLanguage\":\"de\",\"@id\":\"https:\/\/printandstick.eu\/de\/produkte\/bogenenetikett-a4-4x-105x148mm-mit-umlaufendem-rand-economy-serien\/#primaryimage\",\"url\":\"https:\/\/printandstick.eu\/wp-content\/uploads\/2024\/01\/21743DE1.jpg\",\"contentUrl\":\"https:\/\/printandstick.eu\/wp-content\/uploads\/2024\/01\/21743DE1.jpg\",\"width\":500,\"height\":500},{\"@type\":\"BreadcrumbList\",\"@id\":\"https:\/\/printandstick.eu\/de\/produkte\/bogenenetikett-a4-4x-105x148mm-mit-umlaufendem-rand-economy-serien\/#breadcrumb\",\"itemListElement\":[{\"@type\":\"ListItem\",\"position\":1,\"name\":\"Strona g\u0142\u00f3wna\",\"item\":\"https:\/\/printandstick.eu\/de\/\"},{\"@type\":\"ListItem\",\"position\":2,\"name\":\"Onlineshop\",\"item\":\"https:\/\/printandstick.eu\/de\/onlineshop\/\"},{\"@type\":\"ListItem\",\"position\":3,\"name\":\"Bogenenetikett A4 4x 105x148mm mit umlaufendem Rand ECONOMY-Serie\"}]},{\"@type\":\"WebSite\",\"@id\":\"https:\/\/printandstick.eu\/#website\",\"url\":\"https:\/\/printandstick.eu\/\",\"name\":\"Printandstick.eu\",\"description\":\"Sklep internetowy z etykietami samoprzylepnymi do druku.\",\"publisher\":{\"@id\":\"https:\/\/printandstick.eu\/#organization\"},\"potentialAction\":[{\"@type\":\"SearchAction\",\"target\":{\"@type\":\"EntryPoint\",\"urlTemplate\":\"https:\/\/printandstick.eu\/?s={search_term_string}\"},\"query-input\":{\"@type\":\"PropertyValueSpecification\",\"valueRequired\":true,\"valueName\":\"search_term_string\"}}],\"inLanguage\":\"de\"},{\"@type\":\"Organization\",\"@id\":\"https:\/\/printandstick.eu\/#organization\",\"name\":\"Flexolabels Sp. z o.o.\",\"url\":\"https:\/\/printandstick.eu\/\",\"logo\":{\"@type\":\"ImageObject\",\"inLanguage\":\"de\",\"@id\":\"https:\/\/printandstick.eu\/#\/schema\/logo\/image\/\",\"url\":\"https:\/\/printandstick.eu\/wp-content\/uploads\/2019\/02\/logo.svg\",\"contentUrl\":\"https:\/\/printandstick.eu\/wp-content\/uploads\/2019\/02\/logo.svg\",\"width\":1,\"height\":1,\"caption\":\"Flexolabels Sp. z o.o.\"},\"image\":{\"@id\":\"https:\/\/printandstick.eu\/#\/schema\/logo\/image\/\"}}]}<\/script>\n<!-- \/ Yoast SEO Premium plugin. -->","yoast_head_json":{"title":"Bogenenetikett A4 4x 105x148mm mit umlaufendem Rand ECONOMY-Serie von Printandstick.eu","description":"A4 Selbstklebeetiketten \u2013 kompatibel mit allen g\u00e4ngigen Laserdruckern und Kopierern.","robots":{"index":"index","follow":"follow","max-snippet":"max-snippet:-1","max-image-preview":"max-image-preview:large","max-video-preview":"max-video-preview:-1"},"canonical":"https:\/\/printandstick.eu\/de\/produkte\/bogenenetikett-a4-4x-105x148mm-mit-umlaufendem-rand-economy-serien\/","og_locale":"de_DE","og_type":"article","og_title":"Bogenenetikett A4 4x 105x148mm mit umlaufendem Rand ECONOMY-Serie","og_description":"Auf einem Blatt mit umlaufendem Rand befinden sich 4 Etiketten im Format 105x148mm.","og_url":"https:\/\/printandstick.eu\/de\/produkte\/bogenenetikett-a4-4x-105x148mm-mit-umlaufendem-rand-economy-serien\/","og_site_name":"Print &amp; Stick","article_modified_time":"2024-04-24T10:12:32+00:00","og_image":[{"width":500,"height":500,"url":"https:\/\/printandstick.eu\/wp-content\/uploads\/2024\/01\/21743DE1.jpg","type":"image\/jpeg"}],"twitter_card":"summary_large_image","twitter_misc":{"Gesch\u00e4tzte Lesezeit":"2\u00a0Minuten"},"schema":{"@context":"https:\/\/schema.org","@graph":[{"@type":"WebPage","@id":"https:\/\/printandstick.eu\/de\/produkte\/bogenenetikett-a4-4x-105x148mm-mit-umlaufendem-rand-economy-serien\/","url":"https:\/\/printandstick.eu\/de\/produkte\/bogenenetikett-a4-4x-105x148mm-mit-umlaufendem-rand-economy-serien\/","name":"Bogenenetikett A4 4x 105x148mm mit umlaufendem Rand ECONOMY-Serie von Printandstick.eu","isPartOf":{"@id":"https:\/\/printandstick.eu\/#website"},"primaryImageOfPage":{"@id":"https:\/\/printandstick.eu\/de\/produkte\/bogenenetikett-a4-4x-105x148mm-mit-umlaufendem-rand-economy-serien\/#primaryimage"},"image":{"@id":"https:\/\/printandstick.eu\/de\/produkte\/bogenenetikett-a4-4x-105x148mm-mit-umlaufendem-rand-economy-serien\/#primaryimage"},"thumbnailUrl":"https:\/\/printandstick.eu\/wp-content\/uploads\/2024\/01\/21743DE1.jpg","datePublished":"2024-01-04T19:47:37+00:00","dateModified":"2024-04-24T10:12:32+00:00","description":"A4 Selbstklebeetiketten \u2013 kompatibel mit allen g\u00e4ngigen Laserdruckern und Kopierern.","breadcrumb":{"@id":"https:\/\/printandstick.eu\/de\/produkte\/bogenenetikett-a4-4x-105x148mm-mit-umlaufendem-rand-economy-serien\/#breadcrumb"},"inLanguage":"de","potentialAction":[{"@type":"ReadAction","target":["https:\/\/printandstick.eu\/de\/produkte\/bogenenetikett-a4-4x-105x148mm-mit-umlaufendem-rand-economy-serien\/"]}]},{"@type":"ImageObject","inLanguage":"de","@id":"https:\/\/printandstick.eu\/de\/produkte\/bogenenetikett-a4-4x-105x148mm-mit-umlaufendem-rand-economy-serien\/#primaryimage","url":"https:\/\/printandstick.eu\/wp-content\/uploads\/2024\/01\/21743DE1.jpg","contentUrl":"https:\/\/printandstick.eu\/wp-content\/uploads\/2024\/01\/21743DE1.jpg","width":500,"height":500},{"@type":"BreadcrumbList","@id":"https:\/\/printandstick.eu\/de\/produkte\/bogenenetikett-a4-4x-105x148mm-mit-umlaufendem-rand-economy-serien\/#breadcrumb","itemListElement":[{"@type":"ListItem","position":1,"name":"Strona g\u0142\u00f3wna","item":"https:\/\/printandstick.eu\/de\/"},{"@type":"ListItem","position":2,"name":"Onlineshop","item":"https:\/\/printandstick.eu\/de\/onlineshop\/"},{"@type":"ListItem","position":3,"name":"Bogenenetikett A4 4x 105x148mm mit umlaufendem Rand ECONOMY-Serie"}]},{"@type":"WebSite","@id":"https:\/\/printandstick.eu\/#website","url":"https:\/\/printandstick.eu\/","name":"Printandstick.eu","description":"Sklep internetowy z etykietami samoprzylepnymi do druku.","publisher":{"@id":"https:\/\/printandstick.eu\/#organization"},"potentialAction":[{"@type":"SearchAction","target":{"@type":"EntryPoint","urlTemplate":"https:\/\/printandstick.eu\/?s={search_term_string}"},"query-input":{"@type":"PropertyValueSpecification","valueRequired":true,"valueName":"search_term_string"}}],"inLanguage":"de"},{"@type":"Organization","@id":"https:\/\/printandstick.eu\/#organization","name":"Flexolabels Sp. z o.o.","url":"https:\/\/printandstick.eu\/","logo":{"@type":"ImageObject","inLanguage":"de","@id":"https:\/\/printandstick.eu\/#\/schema\/logo\/image\/","url":"https:\/\/printandstick.eu\/wp-content\/uploads\/2019\/02\/logo.svg","contentUrl":"https:\/\/printandstick.eu\/wp-content\/uploads\/2019\/02\/logo.svg","width":1,"height":1,"caption":"Flexolabels Sp. z o.o."},"image":{"@id":"https:\/\/printandstick.eu\/#\/schema\/logo\/image\/"}}]}},"_links":{"self":[{"href":"https:\/\/printandstick.eu\/de\/wp-json\/wp\/v2\/product\/69531","targetHints":{"allow":["GET"]}}],"collection":[{"href":"https:\/\/printandstick.eu\/de\/wp-json\/wp\/v2\/product"}],"about":[{"href":"https:\/\/printandstick.eu\/de\/wp-json\/wp\/v2\/types\/product"}],"wp:featuredmedia":[{"embeddable":true,"href":"https:\/\/printandstick.eu\/de\/wp-json\/wp\/v2\/media\/69581"}],"wp:attachment":[{"href":"https:\/\/printandstick.eu\/de\/wp-json\/wp\/v2\/media?parent=69531"}],"wp:term":[{"taxonomy":"product_brand","embeddable":true,"href":"https:\/\/printandstick.eu\/de\/wp-json\/wp\/v2\/product_brand?post=69531"},{"taxonomy":"product_cat","embeddable":true,"href":"https:\/\/printandstick.eu\/de\/wp-json\/wp\/v2\/product_cat?post=69531"},{"taxonomy":"product_tag","embeddable":true,"href":"https:\/\/printandstick.eu\/de\/wp-json\/wp\/v2\/product_tag?post=69531"}],"curies":[{"name":"wp","href":"https:\/\/api.w.org\/{rel}","templated":true}]}}