{"id":47799,"date":"2022-07-06T12:39:21","date_gmt":"2022-07-06T10:39:26","guid":{"rendered":"https:\/\/printandstick.eu\/?post_type=product&#038;p=47799"},"modified":"2025-12-15T11:57:54","modified_gmt":"2025-12-15T10:57:54","slug":"blatter-dekorativ-papier-kraft-braun","status":"publish","type":"product","link":"https:\/\/printandstick.eu\/de\/produkte\/blatter-dekorativ-papier-kraft-braun\/","title":{"rendered":"Dekorb\u00f6gen &#8211; KRAFT Papier braun"},"content":{"rendered":"<p><strong>Speziell ausgew\u00e4hlte strukturierte Papiere werden f\u00fcr die Kennzeichnung von Glas- und Kunststoffverpackungen empfohlen mit: Alkoholen, Lebensmittelzubereitungen oder Premium-Produkten.<\/strong><br \/>\nRichtig entwickelte und gepr\u00fcfte Materialien helfen, die Marke im besten Licht zu pr\u00e4sentieren. Unsere Etiketten sind die perfekte L\u00f6sung, wenn Sie hausgemachte Konserven markieren m\u00fcssen, die Sie sicherlich auf Handwerksprodukten auf dem lokalen Markt verwenden k\u00f6nnen, Weinflaschen als Geschenk an einen Gesch\u00e4ftsunternehmer, \u00e4hnlich f\u00fcr Alkohol f\u00fcr eine Hochzeitsfeier. Wenn Sie ein Hersteller von &#8222;EKO&#8220; -Produkten sind, k\u00f6nnen Sie dem Kunden dank unserer Etiketten zus\u00e4tzlich die nat\u00fcrliche Herkunft Ihres Produkts und seine hohe Qualit\u00e4t vorschlagen.<\/p>\n<p>&nbsp;<\/p>\n<p><strong>Ein spezieller Acrylatkleber f\u00fcr Glasverpackungen vertr\u00e4gt Temperatur- und Feuchtigkeitsschwankungen w\u00e4hrend der Kennzeichnung und Lagerung perfekt.<\/strong><br \/>\nEine hohe Anfangshaftung sorgt f\u00fcr eine hervorragende Haftung auch auf feuchten und kalten Oberfl\u00e4chen und verhindert ein Bewegen des Etiketts. Der Klebstoff hat zudem eine hohe Wasserbest\u00e4ndigkeit, wodurch er sich beispielsweise f\u00fcr die Etikettierung von Flaschen in Eisk\u00fcbel eignet. Die minimale Etikettiertemperatur betr\u00e4gt 5 Grad. C, nach der Etikettierung kann der Beh\u00e4lter bei einer Temperatur von bis zu -20 Grad gelagert werden. C.<\/p>\n<p><strong>Der Preis gilt f\u00fcr eine Einzelpackung mit 25 St\u00fcck. A4 Dekorplatten mit ausgew\u00e4hltem Etikettenmuster.<\/strong><\/p>\n<p><strong>Aufgrund der nicht saugf\u00e4higen Struktur des Papiers empfehlen wir, auf Laserdruckern zu drucken (bei &#8222;\u00e4lteren&#8220; Tintenstrahldruckern: der Druck kann verschmieren, wenn keine ausreichende Trocknung vorgesehen ist). Auf Kundenwunsch machen wir auch Drucke auf Etiketten.<\/strong><\/p>\n","protected":false},"excerpt":{"rendered":"<p>Dekorb\u00f6gen &#8211; Spezialetiketten auf hochwertigen Papieren<\/p>\n","protected":false},"featured_media":47807,"template":"","meta":{"_acf_changed":false,"inline_featured_image":false},"product_brand":[],"product_cat":[592],"product_tag":[],"class_list":{"0":"post-47799","1":"product","2":"type-product","3":"status-publish","4":"has-post-thumbnail","6":"product_cat-etiketten-auf-din-a4-dekorativ","8":"first","9":"instock","10":"taxable","11":"shipping-taxable","12":"purchasable","13":"product-type-variable","14":"has-default-attributes"},"acf":[],"yoast_head":"<!-- This site is optimized with the Yoast SEO Premium plugin v24.6 (Yoast SEO v26.5) - https:\/\/yoast.com\/wordpress\/plugins\/seo\/ -->\n<title>Dekorb\u00f6gen - KRAFT Papier braun von Printandstick.eu<\/title>\n<meta name=\"description\" content=\"Dekorb\u00f6gen f\u00fcr Laser- und Tintenstrahldrucker. F\u00fcr Etiketten f\u00fcr Flaschen, Wein, Konserven, f\u00fcr Gl\u00e4ser, f\u00fcr regionale Konserven, f\u00fcr Wodka.\" \/>\n<meta name=\"robots\" content=\"index, follow, max-snippet:-1, max-image-preview:large, max-video-preview:-1\" \/>\n<link rel=\"canonical\" href=\"https:\/\/printandstick.eu\/de\/produkte\/blatter-dekorativ-papier-kraft-braun\/\" \/>\n<meta property=\"og:locale\" content=\"de_DE\" \/>\n<meta property=\"og:type\" content=\"article\" \/>\n<meta property=\"og:title\" content=\"Dekorb\u00f6gen - KRAFT Papier braun\" \/>\n<meta property=\"og:description\" content=\"Dekorb\u00f6gen - Spezialetiketten auf hochwertigen Papieren\" \/>\n<meta property=\"og:url\" content=\"https:\/\/printandstick.eu\/de\/produkte\/blatter-dekorativ-papier-kraft-braun\/\" \/>\n<meta property=\"og:site_name\" content=\"Print &amp; Stick\" \/>\n<meta property=\"article:modified_time\" content=\"2025-12-15T10:57:54+00:00\" \/>\n<meta property=\"og:image\" content=\"https:\/\/printandstick.eu\/wp-content\/uploads\/2022\/07\/kraft4_500x500.jpg\" \/>\n\t<meta property=\"og:image:width\" content=\"500\" \/>\n\t<meta property=\"og:image:height\" content=\"500\" \/>\n\t<meta property=\"og:image:type\" content=\"image\/jpeg\" \/>\n<meta name=\"twitter:card\" content=\"summary_large_image\" \/>\n<meta name=\"twitter:label1\" content=\"Gesch\u00e4tzte Lesezeit\" \/>\n\t<meta name=\"twitter:data1\" content=\"2\u00a0Minuten\" \/>\n<script type=\"application\/ld+json\" class=\"yoast-schema-graph\">{\"@context\":\"https:\/\/schema.org\",\"@graph\":[{\"@type\":\"WebPage\",\"@id\":\"https:\/\/printandstick.eu\/de\/produkte\/blatter-dekorativ-papier-kraft-braun\/\",\"url\":\"https:\/\/printandstick.eu\/de\/produkte\/blatter-dekorativ-papier-kraft-braun\/\",\"name\":\"Dekorb\u00f6gen - KRAFT Papier braun von Printandstick.eu\",\"isPartOf\":{\"@id\":\"https:\/\/printandstick.eu\/#website\"},\"primaryImageOfPage\":{\"@id\":\"https:\/\/printandstick.eu\/de\/produkte\/blatter-dekorativ-papier-kraft-braun\/#primaryimage\"},\"image\":{\"@id\":\"https:\/\/printandstick.eu\/de\/produkte\/blatter-dekorativ-papier-kraft-braun\/#primaryimage\"},\"thumbnailUrl\":\"https:\/\/printandstick.eu\/wp-content\/uploads\/2022\/07\/kraft4_500x500.jpg\",\"datePublished\":\"2022-07-06T10:39:26+00:00\",\"dateModified\":\"2025-12-15T10:57:54+00:00\",\"description\":\"Dekorb\u00f6gen f\u00fcr Laser- und Tintenstrahldrucker. F\u00fcr Etiketten f\u00fcr Flaschen, Wein, Konserven, f\u00fcr Gl\u00e4ser, f\u00fcr regionale Konserven, f\u00fcr Wodka.\",\"breadcrumb\":{\"@id\":\"https:\/\/printandstick.eu\/de\/produkte\/blatter-dekorativ-papier-kraft-braun\/#breadcrumb\"},\"inLanguage\":\"de\",\"potentialAction\":[{\"@type\":\"ReadAction\",\"target\":[\"https:\/\/printandstick.eu\/de\/produkte\/blatter-dekorativ-papier-kraft-braun\/\"]}]},{\"@type\":\"ImageObject\",\"inLanguage\":\"de\",\"@id\":\"https:\/\/printandstick.eu\/de\/produkte\/blatter-dekorativ-papier-kraft-braun\/#primaryimage\",\"url\":\"https:\/\/printandstick.eu\/wp-content\/uploads\/2022\/07\/kraft4_500x500.jpg\",\"contentUrl\":\"https:\/\/printandstick.eu\/wp-content\/uploads\/2022\/07\/kraft4_500x500.jpg\",\"width\":500,\"height\":500},{\"@type\":\"BreadcrumbList\",\"@id\":\"https:\/\/printandstick.eu\/de\/produkte\/blatter-dekorativ-papier-kraft-braun\/#breadcrumb\",\"itemListElement\":[{\"@type\":\"ListItem\",\"position\":1,\"name\":\"Strona g\u0142\u00f3wna\",\"item\":\"https:\/\/printandstick.eu\/de\/\"},{\"@type\":\"ListItem\",\"position\":2,\"name\":\"Onlineshop\",\"item\":\"https:\/\/printandstick.eu\/de\/onlineshop\/\"},{\"@type\":\"ListItem\",\"position\":3,\"name\":\"Dekorb\u00f6gen &#8211; KRAFT Papier braun\"}]},{\"@type\":\"WebSite\",\"@id\":\"https:\/\/printandstick.eu\/#website\",\"url\":\"https:\/\/printandstick.eu\/\",\"name\":\"Printandstick.eu\",\"description\":\"Sklep internetowy z etykietami samoprzylepnymi do druku.\",\"publisher\":{\"@id\":\"https:\/\/printandstick.eu\/#organization\"},\"potentialAction\":[{\"@type\":\"SearchAction\",\"target\":{\"@type\":\"EntryPoint\",\"urlTemplate\":\"https:\/\/printandstick.eu\/?s={search_term_string}\"},\"query-input\":{\"@type\":\"PropertyValueSpecification\",\"valueRequired\":true,\"valueName\":\"search_term_string\"}}],\"inLanguage\":\"de\"},{\"@type\":\"Organization\",\"@id\":\"https:\/\/printandstick.eu\/#organization\",\"name\":\"Flexolabels Sp. z o.o.\",\"url\":\"https:\/\/printandstick.eu\/\",\"logo\":{\"@type\":\"ImageObject\",\"inLanguage\":\"de\",\"@id\":\"https:\/\/printandstick.eu\/#\/schema\/logo\/image\/\",\"url\":\"https:\/\/printandstick.eu\/wp-content\/uploads\/2019\/02\/logo.svg\",\"contentUrl\":\"https:\/\/printandstick.eu\/wp-content\/uploads\/2019\/02\/logo.svg\",\"width\":1,\"height\":1,\"caption\":\"Flexolabels Sp. z o.o.\"},\"image\":{\"@id\":\"https:\/\/printandstick.eu\/#\/schema\/logo\/image\/\"}}]}<\/script>\n<!-- \/ Yoast SEO Premium plugin. -->","yoast_head_json":{"title":"Dekorb\u00f6gen - KRAFT Papier braun von Printandstick.eu","description":"Dekorb\u00f6gen f\u00fcr Laser- und Tintenstrahldrucker. F\u00fcr Etiketten f\u00fcr Flaschen, Wein, Konserven, f\u00fcr Gl\u00e4ser, f\u00fcr regionale Konserven, f\u00fcr Wodka.","robots":{"index":"index","follow":"follow","max-snippet":"max-snippet:-1","max-image-preview":"max-image-preview:large","max-video-preview":"max-video-preview:-1"},"canonical":"https:\/\/printandstick.eu\/de\/produkte\/blatter-dekorativ-papier-kraft-braun\/","og_locale":"de_DE","og_type":"article","og_title":"Dekorb\u00f6gen - KRAFT Papier braun","og_description":"Dekorb\u00f6gen - Spezialetiketten auf hochwertigen Papieren","og_url":"https:\/\/printandstick.eu\/de\/produkte\/blatter-dekorativ-papier-kraft-braun\/","og_site_name":"Print &amp; Stick","article_modified_time":"2025-12-15T10:57:54+00:00","og_image":[{"width":500,"height":500,"url":"https:\/\/printandstick.eu\/wp-content\/uploads\/2022\/07\/kraft4_500x500.jpg","type":"image\/jpeg"}],"twitter_card":"summary_large_image","twitter_misc":{"Gesch\u00e4tzte Lesezeit":"2\u00a0Minuten"},"schema":{"@context":"https:\/\/schema.org","@graph":[{"@type":"WebPage","@id":"https:\/\/printandstick.eu\/de\/produkte\/blatter-dekorativ-papier-kraft-braun\/","url":"https:\/\/printandstick.eu\/de\/produkte\/blatter-dekorativ-papier-kraft-braun\/","name":"Dekorb\u00f6gen - KRAFT Papier braun von Printandstick.eu","isPartOf":{"@id":"https:\/\/printandstick.eu\/#website"},"primaryImageOfPage":{"@id":"https:\/\/printandstick.eu\/de\/produkte\/blatter-dekorativ-papier-kraft-braun\/#primaryimage"},"image":{"@id":"https:\/\/printandstick.eu\/de\/produkte\/blatter-dekorativ-papier-kraft-braun\/#primaryimage"},"thumbnailUrl":"https:\/\/printandstick.eu\/wp-content\/uploads\/2022\/07\/kraft4_500x500.jpg","datePublished":"2022-07-06T10:39:26+00:00","dateModified":"2025-12-15T10:57:54+00:00","description":"Dekorb\u00f6gen f\u00fcr Laser- und Tintenstrahldrucker. F\u00fcr Etiketten f\u00fcr Flaschen, Wein, Konserven, f\u00fcr Gl\u00e4ser, f\u00fcr regionale Konserven, f\u00fcr Wodka.","breadcrumb":{"@id":"https:\/\/printandstick.eu\/de\/produkte\/blatter-dekorativ-papier-kraft-braun\/#breadcrumb"},"inLanguage":"de","potentialAction":[{"@type":"ReadAction","target":["https:\/\/printandstick.eu\/de\/produkte\/blatter-dekorativ-papier-kraft-braun\/"]}]},{"@type":"ImageObject","inLanguage":"de","@id":"https:\/\/printandstick.eu\/de\/produkte\/blatter-dekorativ-papier-kraft-braun\/#primaryimage","url":"https:\/\/printandstick.eu\/wp-content\/uploads\/2022\/07\/kraft4_500x500.jpg","contentUrl":"https:\/\/printandstick.eu\/wp-content\/uploads\/2022\/07\/kraft4_500x500.jpg","width":500,"height":500},{"@type":"BreadcrumbList","@id":"https:\/\/printandstick.eu\/de\/produkte\/blatter-dekorativ-papier-kraft-braun\/#breadcrumb","itemListElement":[{"@type":"ListItem","position":1,"name":"Strona g\u0142\u00f3wna","item":"https:\/\/printandstick.eu\/de\/"},{"@type":"ListItem","position":2,"name":"Onlineshop","item":"https:\/\/printandstick.eu\/de\/onlineshop\/"},{"@type":"ListItem","position":3,"name":"Dekorb\u00f6gen &#8211; KRAFT Papier braun"}]},{"@type":"WebSite","@id":"https:\/\/printandstick.eu\/#website","url":"https:\/\/printandstick.eu\/","name":"Printandstick.eu","description":"Sklep internetowy z etykietami samoprzylepnymi do druku.","publisher":{"@id":"https:\/\/printandstick.eu\/#organization"},"potentialAction":[{"@type":"SearchAction","target":{"@type":"EntryPoint","urlTemplate":"https:\/\/printandstick.eu\/?s={search_term_string}"},"query-input":{"@type":"PropertyValueSpecification","valueRequired":true,"valueName":"search_term_string"}}],"inLanguage":"de"},{"@type":"Organization","@id":"https:\/\/printandstick.eu\/#organization","name":"Flexolabels Sp. z o.o.","url":"https:\/\/printandstick.eu\/","logo":{"@type":"ImageObject","inLanguage":"de","@id":"https:\/\/printandstick.eu\/#\/schema\/logo\/image\/","url":"https:\/\/printandstick.eu\/wp-content\/uploads\/2019\/02\/logo.svg","contentUrl":"https:\/\/printandstick.eu\/wp-content\/uploads\/2019\/02\/logo.svg","width":1,"height":1,"caption":"Flexolabels Sp. z o.o."},"image":{"@id":"https:\/\/printandstick.eu\/#\/schema\/logo\/image\/"}}]}},"_links":{"self":[{"href":"https:\/\/printandstick.eu\/de\/wp-json\/wp\/v2\/product\/47799","targetHints":{"allow":["GET"]}}],"collection":[{"href":"https:\/\/printandstick.eu\/de\/wp-json\/wp\/v2\/product"}],"about":[{"href":"https:\/\/printandstick.eu\/de\/wp-json\/wp\/v2\/types\/product"}],"wp:featuredmedia":[{"embeddable":true,"href":"https:\/\/printandstick.eu\/de\/wp-json\/wp\/v2\/media\/47807"}],"wp:attachment":[{"href":"https:\/\/printandstick.eu\/de\/wp-json\/wp\/v2\/media?parent=47799"}],"wp:term":[{"taxonomy":"product_brand","embeddable":true,"href":"https:\/\/printandstick.eu\/de\/wp-json\/wp\/v2\/product_brand?post=47799"},{"taxonomy":"product_cat","embeddable":true,"href":"https:\/\/printandstick.eu\/de\/wp-json\/wp\/v2\/product_cat?post=47799"},{"taxonomy":"product_tag","embeddable":true,"href":"https:\/\/printandstick.eu\/de\/wp-json\/wp\/v2\/product_tag?post=47799"}],"curies":[{"name":"wp","href":"https:\/\/api.w.org\/{rel}","templated":true}]}}