{"id":32288,"date":"2021-01-26T13:00:39","date_gmt":"2021-02-15T09:18:06","guid":{"rendered":"https:\/\/printandstick.eu\/?post_type=product&#038;p=32288"},"modified":"2023-06-16T13:49:08","modified_gmt":"2023-06-16T11:49:08","slug":"selbstklebende-etiketten-auf-din-a4-bogen-opaque-8x-105x74mm","status":"publish","type":"product","link":"https:\/\/printandstick.eu\/de\/produkte\/selbstklebende-etiketten-auf-din-a4-bogen-opaque-8x-105x74mm\/","title":{"rendered":"Selbstklebende Etiketten auf DIN A4 Bogen, Opaque, 8x 105x74mm"},"content":{"rendered":"<p><strong>Etiketten auf undurchsichtigem OPAQUE-Papier eignen sich perfekt f\u00fcr den industriellen Einsatz, z. B. um fr\u00fchere Preise abzudecken oder \u00dcbersetzungen auf Produkte zu setzen.<\/strong>Opaque-Etiketten, die in unserem Onlineshop Print &amp; Stick erh\u00e4ltlich sind, sind undurchsichtige Etiketten, die die Oberfl\u00e4che effektiv bedecken. Sie bestehen aus hochwertigem Rohmaterial und haben auf der Klebeseite einen schwarzen Aufdruck, der den vorhandenen Text effektiv verdeckt.<\/p>\n<p><strong>Etiketten dieses Typs werden am h\u00e4ufigsten verwendet, um verschiedene Informationen zu korrigieren, um die Inschrift, die Zeichnung und auch die Farbe abzudecken.<\/strong>Der verwendete Kleber ist zu 100% nicht transparent und schwarz, was es unm\u00f6glich macht, den Druck auf der Unterseite zu lesen. Undurchsichtiges Opaque-Papier, das im Onlineshop Print &amp; Stick erh\u00e4ltlich ist, ist eine Garantie f\u00fcr Deckkraft . Das Angebot des Shops umfasst Bl\u00e4tter mit 1 bis 4 Etiketten.<\/p>\n<p><strong>Bogenetiketten DIN A4 eignen sich sowohl f\u00fcr Laser-, Tinten- als auch Tintenstrahldrucker, sowie f\u00fcr Fotokopierer.<\/strong><\/p>\n<p>Etiketten f\u00fcr den Drucker bestehen aus unbeschichtetem holzfreiem Papier, das eine hohe Druckqualit\u00e4t garantiert. Der Rohstoff mit einem Gewicht von 70 g\/m2 und einer Dicke von 90 um bietet auch beim schnellen Drucken in Industrieanlagen eine ausreichende Steifigkeit .Diese Art von Rohmaterial mit einem Gewicht von 70 g\/m\u00b2 und einer Papierdicke von 90 \u00b5m bedeutet, dass das Aufkleberpapier unabh\u00e4ngig von der Druckgeschwindigkeit eine angemessene Steifigkeit beh\u00e4lt. Selbstklebende Etiketten in B\u00f6gen eignen sich perfekt zum Beschriften von B\u00fcrodokumenten, Ordnern, Mappen oder Paketen. Ein gro\u00dfer Vorteil selbstklebender Etiketten ist der Kontrast, der gedruckte Barcodes auch nach langer Nutzungsdauer problemlos zu lesen erlaubt. Selbstklebendes Papier f\u00fcr den Drucker hat einen speziellen Acrylkleber, der eine perfekte Haftung auf glatten und gekr\u00fcmmten Oberfl\u00e4chen gew\u00e4hrleistet. Der verwendete Kleber ist zu 100% nicht transparent und schwarz, was es unm\u00f6glich macht, den Druck auf der Unterseite zu lesen.<\/p>\n<p><strong>Perfekt sowohl f\u00fcr ein kleines B\u00fcro als auch f\u00fcr den industriellen Einsatz.<\/strong><\/p>\n<p>Das Material hat eine zweij\u00e4hrige Garantie, wenn er bei einer Temperatur von etwa 20\u00b0C und 50% Luftfeuchtigkeit gelagert wird. Es verf\u00fcgt \u00fcber ein Zertifikat f\u00fcr den direkten und indirekten Kontakt mit trockenen und nicht fettenden Lebensmitteln. Erf\u00fcllt die Anforderungen der RoHS- und REACH-Sicherheitsstandards.<\/p>\n","protected":false},"excerpt":{"rendered":"<p>Etiketten auf undurchsichtigem OPAQUE-Papier eignen sich perfekt f\u00fcr den industriellen Einsatz, z. B. um fr\u00fchere Preise abzudecken oder \u00dcbersetzungen auf Produkte zu setzen.Opaque-Etiketten, die in unserem Onlineshop Print &amp; Stick erh\u00e4ltlich sind, sind undurchsichtige Etiketten, die die Oberfl\u00e4che effektiv bedecken. Sie bestehen aus hochwertigem Rohmaterial und haben auf der Klebeseite einen schwarzen Aufdruck, der den [&hellip;]<\/p>\n","protected":false},"featured_media":31216,"template":"","meta":{"_acf_changed":false,"inline_featured_image":false},"product_brand":[],"product_cat":[79],"product_tag":[],"class_list":{"0":"post-32288","1":"product","2":"type-product","3":"status-publish","4":"has-post-thumbnail","6":"product_cat-etiketten-auf-din-a4-opaque","8":"first","9":"instock","10":"taxable","11":"shipping-taxable","12":"purchasable","13":"product-type-simple"},"acf":[],"yoast_head":"<!-- This site is optimized with the Yoast SEO Premium plugin v24.6 (Yoast SEO v26.5) - https:\/\/yoast.com\/wordpress\/plugins\/seo\/ -->\n<title>Selbstklebende Etiketten auf DIN A4 Bogen, Opaque, 8x 105x74mm von Printandstick.eu<\/title>\n<meta name=\"description\" content=\"Vielseitige A4 Deckblatt-Etiketten f\u00fcr Laserdrucker, ideal zum Abdecken alter Beschriftungen und Druckfehler.\" \/>\n<meta name=\"robots\" content=\"index, follow, max-snippet:-1, max-image-preview:large, max-video-preview:-1\" \/>\n<link rel=\"canonical\" href=\"https:\/\/printandstick.eu\/de\/produkte\/selbstklebende-etiketten-auf-din-a4-bogen-opaque-8x-105x74mm\/\" \/>\n<meta property=\"og:locale\" content=\"de_DE\" \/>\n<meta property=\"og:type\" content=\"article\" \/>\n<meta property=\"og:title\" content=\"Selbstklebende Etiketten auf DIN A4 Bogen, Opaque, 8x 105x74mm\" \/>\n<meta property=\"og:description\" content=\"Etiketten auf undurchsichtigem OPAQUE-Papier eignen sich perfekt f\u00fcr den industriellen Einsatz, z. B. um fr\u00fchere Preise abzudecken oder \u00dcbersetzungen auf\" \/>\n<meta property=\"og:url\" content=\"https:\/\/printandstick.eu\/de\/produkte\/selbstklebende-etiketten-auf-din-a4-bogen-opaque-8x-105x74mm\/\" \/>\n<meta property=\"og:site_name\" content=\"Print &amp; Stick\" \/>\n<meta property=\"article:modified_time\" content=\"2023-06-16T11:49:08+00:00\" \/>\n<meta property=\"og:image\" content=\"https:\/\/printandstick.eu\/wp-content\/uploads\/2021\/01\/29082.jpg\" \/>\n\t<meta property=\"og:image:width\" content=\"1063\" \/>\n\t<meta property=\"og:image:height\" content=\"1063\" \/>\n\t<meta property=\"og:image:type\" content=\"image\/jpeg\" \/>\n<meta name=\"twitter:card\" content=\"summary_large_image\" \/>\n<meta name=\"twitter:label1\" content=\"Gesch\u00e4tzte Lesezeit\" \/>\n\t<meta name=\"twitter:data1\" content=\"2\u00a0Minuten\" \/>\n<script type=\"application\/ld+json\" class=\"yoast-schema-graph\">{\"@context\":\"https:\/\/schema.org\",\"@graph\":[{\"@type\":\"WebPage\",\"@id\":\"https:\/\/printandstick.eu\/de\/produkte\/selbstklebende-etiketten-auf-din-a4-bogen-opaque-8x-105x74mm\/\",\"url\":\"https:\/\/printandstick.eu\/de\/produkte\/selbstklebende-etiketten-auf-din-a4-bogen-opaque-8x-105x74mm\/\",\"name\":\"Selbstklebende Etiketten auf DIN A4 Bogen, Opaque, 8x 105x74mm von Printandstick.eu\",\"isPartOf\":{\"@id\":\"https:\/\/printandstick.eu\/#website\"},\"primaryImageOfPage\":{\"@id\":\"https:\/\/printandstick.eu\/de\/produkte\/selbstklebende-etiketten-auf-din-a4-bogen-opaque-8x-105x74mm\/#primaryimage\"},\"image\":{\"@id\":\"https:\/\/printandstick.eu\/de\/produkte\/selbstklebende-etiketten-auf-din-a4-bogen-opaque-8x-105x74mm\/#primaryimage\"},\"thumbnailUrl\":\"https:\/\/printandstick.eu\/wp-content\/uploads\/2021\/01\/29082.jpg\",\"datePublished\":\"2021-02-15T09:18:06+00:00\",\"dateModified\":\"2023-06-16T11:49:08+00:00\",\"description\":\"Vielseitige A4 Deckblatt-Etiketten f\u00fcr Laserdrucker, ideal zum Abdecken alter Beschriftungen und Druckfehler.\",\"breadcrumb\":{\"@id\":\"https:\/\/printandstick.eu\/de\/produkte\/selbstklebende-etiketten-auf-din-a4-bogen-opaque-8x-105x74mm\/#breadcrumb\"},\"inLanguage\":\"de\",\"potentialAction\":[{\"@type\":\"ReadAction\",\"target\":[\"https:\/\/printandstick.eu\/de\/produkte\/selbstklebende-etiketten-auf-din-a4-bogen-opaque-8x-105x74mm\/\"]}]},{\"@type\":\"ImageObject\",\"inLanguage\":\"de\",\"@id\":\"https:\/\/printandstick.eu\/de\/produkte\/selbstklebende-etiketten-auf-din-a4-bogen-opaque-8x-105x74mm\/#primaryimage\",\"url\":\"https:\/\/printandstick.eu\/wp-content\/uploads\/2021\/01\/29082.jpg\",\"contentUrl\":\"https:\/\/printandstick.eu\/wp-content\/uploads\/2021\/01\/29082.jpg\",\"width\":1063,\"height\":1063},{\"@type\":\"BreadcrumbList\",\"@id\":\"https:\/\/printandstick.eu\/de\/produkte\/selbstklebende-etiketten-auf-din-a4-bogen-opaque-8x-105x74mm\/#breadcrumb\",\"itemListElement\":[{\"@type\":\"ListItem\",\"position\":1,\"name\":\"Strona g\u0142\u00f3wna\",\"item\":\"https:\/\/printandstick.eu\/de\/\"},{\"@type\":\"ListItem\",\"position\":2,\"name\":\"Onlineshop\",\"item\":\"https:\/\/printandstick.eu\/de\/onlineshop\/\"},{\"@type\":\"ListItem\",\"position\":3,\"name\":\"Selbstklebende Etiketten auf DIN A4 Bogen, Opaque, 8x 105x74mm\"}]},{\"@type\":\"WebSite\",\"@id\":\"https:\/\/printandstick.eu\/#website\",\"url\":\"https:\/\/printandstick.eu\/\",\"name\":\"Printandstick.eu\",\"description\":\"Sklep internetowy z etykietami samoprzylepnymi do druku.\",\"publisher\":{\"@id\":\"https:\/\/printandstick.eu\/#organization\"},\"potentialAction\":[{\"@type\":\"SearchAction\",\"target\":{\"@type\":\"EntryPoint\",\"urlTemplate\":\"https:\/\/printandstick.eu\/?s={search_term_string}\"},\"query-input\":{\"@type\":\"PropertyValueSpecification\",\"valueRequired\":true,\"valueName\":\"search_term_string\"}}],\"inLanguage\":\"de\"},{\"@type\":\"Organization\",\"@id\":\"https:\/\/printandstick.eu\/#organization\",\"name\":\"Flexolabels Sp. z o.o.\",\"url\":\"https:\/\/printandstick.eu\/\",\"logo\":{\"@type\":\"ImageObject\",\"inLanguage\":\"de\",\"@id\":\"https:\/\/printandstick.eu\/#\/schema\/logo\/image\/\",\"url\":\"https:\/\/printandstick.eu\/wp-content\/uploads\/2019\/02\/logo.svg\",\"contentUrl\":\"https:\/\/printandstick.eu\/wp-content\/uploads\/2019\/02\/logo.svg\",\"width\":1,\"height\":1,\"caption\":\"Flexolabels Sp. z o.o.\"},\"image\":{\"@id\":\"https:\/\/printandstick.eu\/#\/schema\/logo\/image\/\"}}]}<\/script>\n<!-- \/ Yoast SEO Premium plugin. -->","yoast_head_json":{"title":"Selbstklebende Etiketten auf DIN A4 Bogen, Opaque, 8x 105x74mm von Printandstick.eu","description":"Vielseitige A4 Deckblatt-Etiketten f\u00fcr Laserdrucker, ideal zum Abdecken alter Beschriftungen und Druckfehler.","robots":{"index":"index","follow":"follow","max-snippet":"max-snippet:-1","max-image-preview":"max-image-preview:large","max-video-preview":"max-video-preview:-1"},"canonical":"https:\/\/printandstick.eu\/de\/produkte\/selbstklebende-etiketten-auf-din-a4-bogen-opaque-8x-105x74mm\/","og_locale":"de_DE","og_type":"article","og_title":"Selbstklebende Etiketten auf DIN A4 Bogen, Opaque, 8x 105x74mm","og_description":"Etiketten auf undurchsichtigem OPAQUE-Papier eignen sich perfekt f\u00fcr den industriellen Einsatz, z. B. um fr\u00fchere Preise abzudecken oder \u00dcbersetzungen auf","og_url":"https:\/\/printandstick.eu\/de\/produkte\/selbstklebende-etiketten-auf-din-a4-bogen-opaque-8x-105x74mm\/","og_site_name":"Print &amp; Stick","article_modified_time":"2023-06-16T11:49:08+00:00","og_image":[{"width":1063,"height":1063,"url":"https:\/\/printandstick.eu\/wp-content\/uploads\/2021\/01\/29082.jpg","type":"image\/jpeg"}],"twitter_card":"summary_large_image","twitter_misc":{"Gesch\u00e4tzte Lesezeit":"2\u00a0Minuten"},"schema":{"@context":"https:\/\/schema.org","@graph":[{"@type":"WebPage","@id":"https:\/\/printandstick.eu\/de\/produkte\/selbstklebende-etiketten-auf-din-a4-bogen-opaque-8x-105x74mm\/","url":"https:\/\/printandstick.eu\/de\/produkte\/selbstklebende-etiketten-auf-din-a4-bogen-opaque-8x-105x74mm\/","name":"Selbstklebende Etiketten auf DIN A4 Bogen, Opaque, 8x 105x74mm von Printandstick.eu","isPartOf":{"@id":"https:\/\/printandstick.eu\/#website"},"primaryImageOfPage":{"@id":"https:\/\/printandstick.eu\/de\/produkte\/selbstklebende-etiketten-auf-din-a4-bogen-opaque-8x-105x74mm\/#primaryimage"},"image":{"@id":"https:\/\/printandstick.eu\/de\/produkte\/selbstklebende-etiketten-auf-din-a4-bogen-opaque-8x-105x74mm\/#primaryimage"},"thumbnailUrl":"https:\/\/printandstick.eu\/wp-content\/uploads\/2021\/01\/29082.jpg","datePublished":"2021-02-15T09:18:06+00:00","dateModified":"2023-06-16T11:49:08+00:00","description":"Vielseitige A4 Deckblatt-Etiketten f\u00fcr Laserdrucker, ideal zum Abdecken alter Beschriftungen und Druckfehler.","breadcrumb":{"@id":"https:\/\/printandstick.eu\/de\/produkte\/selbstklebende-etiketten-auf-din-a4-bogen-opaque-8x-105x74mm\/#breadcrumb"},"inLanguage":"de","potentialAction":[{"@type":"ReadAction","target":["https:\/\/printandstick.eu\/de\/produkte\/selbstklebende-etiketten-auf-din-a4-bogen-opaque-8x-105x74mm\/"]}]},{"@type":"ImageObject","inLanguage":"de","@id":"https:\/\/printandstick.eu\/de\/produkte\/selbstklebende-etiketten-auf-din-a4-bogen-opaque-8x-105x74mm\/#primaryimage","url":"https:\/\/printandstick.eu\/wp-content\/uploads\/2021\/01\/29082.jpg","contentUrl":"https:\/\/printandstick.eu\/wp-content\/uploads\/2021\/01\/29082.jpg","width":1063,"height":1063},{"@type":"BreadcrumbList","@id":"https:\/\/printandstick.eu\/de\/produkte\/selbstklebende-etiketten-auf-din-a4-bogen-opaque-8x-105x74mm\/#breadcrumb","itemListElement":[{"@type":"ListItem","position":1,"name":"Strona g\u0142\u00f3wna","item":"https:\/\/printandstick.eu\/de\/"},{"@type":"ListItem","position":2,"name":"Onlineshop","item":"https:\/\/printandstick.eu\/de\/onlineshop\/"},{"@type":"ListItem","position":3,"name":"Selbstklebende Etiketten auf DIN A4 Bogen, Opaque, 8x 105x74mm"}]},{"@type":"WebSite","@id":"https:\/\/printandstick.eu\/#website","url":"https:\/\/printandstick.eu\/","name":"Printandstick.eu","description":"Sklep internetowy z etykietami samoprzylepnymi do druku.","publisher":{"@id":"https:\/\/printandstick.eu\/#organization"},"potentialAction":[{"@type":"SearchAction","target":{"@type":"EntryPoint","urlTemplate":"https:\/\/printandstick.eu\/?s={search_term_string}"},"query-input":{"@type":"PropertyValueSpecification","valueRequired":true,"valueName":"search_term_string"}}],"inLanguage":"de"},{"@type":"Organization","@id":"https:\/\/printandstick.eu\/#organization","name":"Flexolabels Sp. z o.o.","url":"https:\/\/printandstick.eu\/","logo":{"@type":"ImageObject","inLanguage":"de","@id":"https:\/\/printandstick.eu\/#\/schema\/logo\/image\/","url":"https:\/\/printandstick.eu\/wp-content\/uploads\/2019\/02\/logo.svg","contentUrl":"https:\/\/printandstick.eu\/wp-content\/uploads\/2019\/02\/logo.svg","width":1,"height":1,"caption":"Flexolabels Sp. z o.o."},"image":{"@id":"https:\/\/printandstick.eu\/#\/schema\/logo\/image\/"}}]}},"_links":{"self":[{"href":"https:\/\/printandstick.eu\/de\/wp-json\/wp\/v2\/product\/32288","targetHints":{"allow":["GET"]}}],"collection":[{"href":"https:\/\/printandstick.eu\/de\/wp-json\/wp\/v2\/product"}],"about":[{"href":"https:\/\/printandstick.eu\/de\/wp-json\/wp\/v2\/types\/product"}],"wp:featuredmedia":[{"embeddable":true,"href":"https:\/\/printandstick.eu\/de\/wp-json\/wp\/v2\/media\/31216"}],"wp:attachment":[{"href":"https:\/\/printandstick.eu\/de\/wp-json\/wp\/v2\/media?parent=32288"}],"wp:term":[{"taxonomy":"product_brand","embeddable":true,"href":"https:\/\/printandstick.eu\/de\/wp-json\/wp\/v2\/product_brand?post=32288"},{"taxonomy":"product_cat","embeddable":true,"href":"https:\/\/printandstick.eu\/de\/wp-json\/wp\/v2\/product_cat?post=32288"},{"taxonomy":"product_tag","embeddable":true,"href":"https:\/\/printandstick.eu\/de\/wp-json\/wp\/v2\/product_tag?post=32288"}],"curies":[{"name":"wp","href":"https:\/\/api.w.org\/{rel}","templated":true}]}}