{"id":28129,"date":"2020-11-17T11:31:25","date_gmt":"2020-11-17T10:31:26","guid":{"rendered":"https:\/\/printandstick.eu\/?post_type=product&#038;p=28129"},"modified":"2021-08-19T09:47:39","modified_gmt":"2021-08-19T07:47:39","slug":"selbsklebende-bogen-din-a4-heavy-duty-pet-folie-24x-635x339mm","status":"publish","type":"product","link":"https:\/\/printandstick.eu\/de\/produkte\/selbsklebende-bogen-din-a4-heavy-duty-pet-folie-24x-635x339mm\/","title":{"rendered":"Selbsklebende Bogen DIN A4 Heavy-Duty PET- Folie, 24x 63,5&#215;33,9mm"},"content":{"rendered":"<div class=\"item item-6\">\n<section class=\"text-item\">\n<div class=\"item item-6\">\n<section class=\"text-item\"><strong>Selbstklebende Etiketten auf DIN A4 Bogen f\u00fcr Laserdrucker und Kopierger\u00e4te<\/strong><\/section>\n<section class=\"text-item\">\n<div id=\"tw-plp\" class=\"pcCUmf vCOSGb\" data-fpen=\"1\">\n<div class=\"hhB0V\">\n<div id=\"tw-tl\" class=\"j1iyq hide-focus-ring\" role=\"button\" data-lang=\"de\" data-ved=\"2ahUKEwibtZSN9vzsAhVPlosKHbCnDyoQ8jQwAHoECAEQBQ\" data-mce-tabindex=\"0\">Wei\u00dfe, matte Polyesterfolie, best\u00e4ndig gegen wechselnde Wetterbedingungen und Temperaturen. Empfohlen f\u00fcr Anwendungen im Freien oder f\u00fcr dauerhafte Anwendungen: Kennzeichnung von Bauteilen oder Beh\u00e4ltern im Freien oder bei Kontakt mit Wasser. Das verwendete Polyestermaterial ist lichtbest\u00e4ndig, br\u00f6ckelt nicht und oxidiert nicht. Es kann als Typenschild verwendet werden (dauerhafte Kennzeichnung von Ger\u00e4ten zusammen mit Seriennummern oder variablen Informationen).<\/div>\n<\/div>\n<\/div>\n<\/section>\n<section class=\"text-item\"><strong>Perfekt sowohl f\u00fcr kleine B\u00fcros als auch f\u00fcr den industriellen Einsatz.<\/strong><br \/>Das Rohmaterial verf\u00fcgt \u00fcber eine Garantie von zwei Jahren, sofern es bei einer Temperatur von etwa 20\u00b0C und einer Luftfeuchtigkeit von 50% gelagert wird. Es ist zertifiziert f\u00fcr den direkten und indirekten Kontakt mit trockenen und nicht fetten Lebensmitteln. Es erf\u00fcllt die Anforderungen der Sicherheitsstandards von RoHS und REACH.<\/section>\n<\/div>\n<p><\/p>\n<section><\/section>\n<section><strong>Bitte beachten! Etiketten werden nicht f\u00fcr den Tintenstrahldruck empfohlen auf Grund begrenzten aufsaugen des Untergrunds. Der Druck kann verschmieren wenn er nicht richtig getrocknet wird.<\/strong><\/section>\n<\/section>\n<\/div>\n","protected":false},"excerpt":{"rendered":"<p>Gem\u00e4\u00df Avery Zweckform L4773<\/p>\n<p>Auf einem Blatt befinden sich 24 Etiketten im Format 63,5\u00d733,9 mm<br \/>\nMaterial: PET-Folie wei\u00df, matt<\/p>\n<p>&nbsp;<\/p>\n","protected":false},"featured_media":28133,"template":"","meta":{"_acf_changed":false,"inline_featured_image":false},"product_brand":[],"product_cat":[361],"product_tag":[],"class_list":{"0":"post-28129","1":"product","2":"type-product","3":"status-publish","4":"has-post-thumbnail","6":"product_cat-etiketten-auf-din-a4-matt-folie-heavy-duty-pet","8":"first","9":"outofstock","10":"taxable","11":"shipping-taxable","12":"purchasable","13":"product-type-simple"},"acf":[],"yoast_head":"<!-- This site is optimized with the Yoast SEO Premium plugin v24.6 (Yoast SEO v26.5) - https:\/\/yoast.com\/wordpress\/plugins\/seo\/ -->\n<title>Selbsklebende Bogen DIN A4 Heavy-Duty PET- Folie, 24x 63,5x33,9mm von Printandstick.eu<\/title>\n<meta name=\"description\" content=\"Wetterfeste A4 Etiketten aus Folie, ideal f\u00fcr harte Umgebungsbedingungen, nutzbar in allen Standard-Laserdruckern.\" \/>\n<meta name=\"robots\" content=\"index, follow, max-snippet:-1, max-image-preview:large, max-video-preview:-1\" \/>\n<link rel=\"canonical\" href=\"https:\/\/printandstick.eu\/de\/produkte\/selbsklebende-bogen-din-a4-heavy-duty-pet-folie-24x-635x339mm\/\" \/>\n<meta property=\"og:locale\" content=\"de_DE\" \/>\n<meta property=\"og:type\" content=\"article\" \/>\n<meta property=\"og:title\" content=\"Selbsklebende Bogen DIN A4 Heavy-Duty PET- Folie, 24x 63,5x33,9mm\" \/>\n<meta property=\"og:description\" content=\"Gem\u00e4\u00df Avery Zweckform L4773  Auf einem Blatt befinden sich 24 Etiketten im Format 63,5\u00d733,9 mm Material: PET-Folie wei\u00df, matt  &nbsp;\" \/>\n<meta property=\"og:url\" content=\"https:\/\/printandstick.eu\/de\/produkte\/selbsklebende-bogen-din-a4-heavy-duty-pet-folie-24x-635x339mm\/\" \/>\n<meta property=\"og:site_name\" content=\"Print &amp; Stick\" \/>\n<meta property=\"article:modified_time\" content=\"2021-08-19T07:47:39+00:00\" \/>\n<meta property=\"og:image\" content=\"https:\/\/printandstick.eu\/wp-content\/uploads\/2020\/11\/24245_etykieta.jpg\" \/>\n\t<meta property=\"og:image:width\" content=\"1063\" \/>\n\t<meta property=\"og:image:height\" content=\"1063\" \/>\n\t<meta property=\"og:image:type\" content=\"image\/jpeg\" \/>\n<meta name=\"twitter:card\" content=\"summary_large_image\" \/>\n<meta name=\"twitter:label1\" content=\"Gesch\u00e4tzte Lesezeit\" \/>\n\t<meta name=\"twitter:data1\" content=\"1\u00a0Minute\" \/>\n<script type=\"application\/ld+json\" class=\"yoast-schema-graph\">{\"@context\":\"https:\/\/schema.org\",\"@graph\":[{\"@type\":\"WebPage\",\"@id\":\"https:\/\/printandstick.eu\/de\/produkte\/selbsklebende-bogen-din-a4-heavy-duty-pet-folie-24x-635x339mm\/\",\"url\":\"https:\/\/printandstick.eu\/de\/produkte\/selbsklebende-bogen-din-a4-heavy-duty-pet-folie-24x-635x339mm\/\",\"name\":\"Selbsklebende Bogen DIN A4 Heavy-Duty PET- Folie, 24x 63,5x33,9mm von Printandstick.eu\",\"isPartOf\":{\"@id\":\"https:\/\/printandstick.eu\/#website\"},\"primaryImageOfPage\":{\"@id\":\"https:\/\/printandstick.eu\/de\/produkte\/selbsklebende-bogen-din-a4-heavy-duty-pet-folie-24x-635x339mm\/#primaryimage\"},\"image\":{\"@id\":\"https:\/\/printandstick.eu\/de\/produkte\/selbsklebende-bogen-din-a4-heavy-duty-pet-folie-24x-635x339mm\/#primaryimage\"},\"thumbnailUrl\":\"https:\/\/printandstick.eu\/wp-content\/uploads\/2020\/11\/24245_etykieta.jpg\",\"datePublished\":\"2020-11-17T10:31:26+00:00\",\"dateModified\":\"2021-08-19T07:47:39+00:00\",\"description\":\"Wetterfeste A4 Etiketten aus Folie, ideal f\u00fcr harte Umgebungsbedingungen, nutzbar in allen Standard-Laserdruckern.\",\"breadcrumb\":{\"@id\":\"https:\/\/printandstick.eu\/de\/produkte\/selbsklebende-bogen-din-a4-heavy-duty-pet-folie-24x-635x339mm\/#breadcrumb\"},\"inLanguage\":\"de\",\"potentialAction\":[{\"@type\":\"ReadAction\",\"target\":[\"https:\/\/printandstick.eu\/de\/produkte\/selbsklebende-bogen-din-a4-heavy-duty-pet-folie-24x-635x339mm\/\"]}]},{\"@type\":\"ImageObject\",\"inLanguage\":\"de\",\"@id\":\"https:\/\/printandstick.eu\/de\/produkte\/selbsklebende-bogen-din-a4-heavy-duty-pet-folie-24x-635x339mm\/#primaryimage\",\"url\":\"https:\/\/printandstick.eu\/wp-content\/uploads\/2020\/11\/24245_etykieta.jpg\",\"contentUrl\":\"https:\/\/printandstick.eu\/wp-content\/uploads\/2020\/11\/24245_etykieta.jpg\",\"width\":1063,\"height\":1063},{\"@type\":\"BreadcrumbList\",\"@id\":\"https:\/\/printandstick.eu\/de\/produkte\/selbsklebende-bogen-din-a4-heavy-duty-pet-folie-24x-635x339mm\/#breadcrumb\",\"itemListElement\":[{\"@type\":\"ListItem\",\"position\":1,\"name\":\"Strona g\u0142\u00f3wna\",\"item\":\"https:\/\/printandstick.eu\/de\/\"},{\"@type\":\"ListItem\",\"position\":2,\"name\":\"Onlineshop\",\"item\":\"https:\/\/printandstick.eu\/de\/onlineshop\/\"},{\"@type\":\"ListItem\",\"position\":3,\"name\":\"Selbsklebende Bogen DIN A4 Heavy-Duty PET- Folie, 24x 63,5&#215;33,9mm\"}]},{\"@type\":\"WebSite\",\"@id\":\"https:\/\/printandstick.eu\/#website\",\"url\":\"https:\/\/printandstick.eu\/\",\"name\":\"Printandstick.eu\",\"description\":\"Sklep internetowy z etykietami samoprzylepnymi do druku.\",\"publisher\":{\"@id\":\"https:\/\/printandstick.eu\/#organization\"},\"potentialAction\":[{\"@type\":\"SearchAction\",\"target\":{\"@type\":\"EntryPoint\",\"urlTemplate\":\"https:\/\/printandstick.eu\/?s={search_term_string}\"},\"query-input\":{\"@type\":\"PropertyValueSpecification\",\"valueRequired\":true,\"valueName\":\"search_term_string\"}}],\"inLanguage\":\"de\"},{\"@type\":\"Organization\",\"@id\":\"https:\/\/printandstick.eu\/#organization\",\"name\":\"Flexolabels Sp. z o.o.\",\"url\":\"https:\/\/printandstick.eu\/\",\"logo\":{\"@type\":\"ImageObject\",\"inLanguage\":\"de\",\"@id\":\"https:\/\/printandstick.eu\/#\/schema\/logo\/image\/\",\"url\":\"https:\/\/printandstick.eu\/wp-content\/uploads\/2019\/02\/logo.svg\",\"contentUrl\":\"https:\/\/printandstick.eu\/wp-content\/uploads\/2019\/02\/logo.svg\",\"width\":1,\"height\":1,\"caption\":\"Flexolabels Sp. z o.o.\"},\"image\":{\"@id\":\"https:\/\/printandstick.eu\/#\/schema\/logo\/image\/\"}}]}<\/script>\n<!-- \/ Yoast SEO Premium plugin. -->","yoast_head_json":{"title":"Selbsklebende Bogen DIN A4 Heavy-Duty PET- Folie, 24x 63,5x33,9mm von Printandstick.eu","description":"Wetterfeste A4 Etiketten aus Folie, ideal f\u00fcr harte Umgebungsbedingungen, nutzbar in allen Standard-Laserdruckern.","robots":{"index":"index","follow":"follow","max-snippet":"max-snippet:-1","max-image-preview":"max-image-preview:large","max-video-preview":"max-video-preview:-1"},"canonical":"https:\/\/printandstick.eu\/de\/produkte\/selbsklebende-bogen-din-a4-heavy-duty-pet-folie-24x-635x339mm\/","og_locale":"de_DE","og_type":"article","og_title":"Selbsklebende Bogen DIN A4 Heavy-Duty PET- Folie, 24x 63,5x33,9mm","og_description":"Gem\u00e4\u00df Avery Zweckform L4773  Auf einem Blatt befinden sich 24 Etiketten im Format 63,5\u00d733,9 mm Material: PET-Folie wei\u00df, matt  &nbsp;","og_url":"https:\/\/printandstick.eu\/de\/produkte\/selbsklebende-bogen-din-a4-heavy-duty-pet-folie-24x-635x339mm\/","og_site_name":"Print &amp; Stick","article_modified_time":"2021-08-19T07:47:39+00:00","og_image":[{"width":1063,"height":1063,"url":"https:\/\/printandstick.eu\/wp-content\/uploads\/2020\/11\/24245_etykieta.jpg","type":"image\/jpeg"}],"twitter_card":"summary_large_image","twitter_misc":{"Gesch\u00e4tzte Lesezeit":"1\u00a0Minute"},"schema":{"@context":"https:\/\/schema.org","@graph":[{"@type":"WebPage","@id":"https:\/\/printandstick.eu\/de\/produkte\/selbsklebende-bogen-din-a4-heavy-duty-pet-folie-24x-635x339mm\/","url":"https:\/\/printandstick.eu\/de\/produkte\/selbsklebende-bogen-din-a4-heavy-duty-pet-folie-24x-635x339mm\/","name":"Selbsklebende Bogen DIN A4 Heavy-Duty PET- Folie, 24x 63,5x33,9mm von Printandstick.eu","isPartOf":{"@id":"https:\/\/printandstick.eu\/#website"},"primaryImageOfPage":{"@id":"https:\/\/printandstick.eu\/de\/produkte\/selbsklebende-bogen-din-a4-heavy-duty-pet-folie-24x-635x339mm\/#primaryimage"},"image":{"@id":"https:\/\/printandstick.eu\/de\/produkte\/selbsklebende-bogen-din-a4-heavy-duty-pet-folie-24x-635x339mm\/#primaryimage"},"thumbnailUrl":"https:\/\/printandstick.eu\/wp-content\/uploads\/2020\/11\/24245_etykieta.jpg","datePublished":"2020-11-17T10:31:26+00:00","dateModified":"2021-08-19T07:47:39+00:00","description":"Wetterfeste A4 Etiketten aus Folie, ideal f\u00fcr harte Umgebungsbedingungen, nutzbar in allen Standard-Laserdruckern.","breadcrumb":{"@id":"https:\/\/printandstick.eu\/de\/produkte\/selbsklebende-bogen-din-a4-heavy-duty-pet-folie-24x-635x339mm\/#breadcrumb"},"inLanguage":"de","potentialAction":[{"@type":"ReadAction","target":["https:\/\/printandstick.eu\/de\/produkte\/selbsklebende-bogen-din-a4-heavy-duty-pet-folie-24x-635x339mm\/"]}]},{"@type":"ImageObject","inLanguage":"de","@id":"https:\/\/printandstick.eu\/de\/produkte\/selbsklebende-bogen-din-a4-heavy-duty-pet-folie-24x-635x339mm\/#primaryimage","url":"https:\/\/printandstick.eu\/wp-content\/uploads\/2020\/11\/24245_etykieta.jpg","contentUrl":"https:\/\/printandstick.eu\/wp-content\/uploads\/2020\/11\/24245_etykieta.jpg","width":1063,"height":1063},{"@type":"BreadcrumbList","@id":"https:\/\/printandstick.eu\/de\/produkte\/selbsklebende-bogen-din-a4-heavy-duty-pet-folie-24x-635x339mm\/#breadcrumb","itemListElement":[{"@type":"ListItem","position":1,"name":"Strona g\u0142\u00f3wna","item":"https:\/\/printandstick.eu\/de\/"},{"@type":"ListItem","position":2,"name":"Onlineshop","item":"https:\/\/printandstick.eu\/de\/onlineshop\/"},{"@type":"ListItem","position":3,"name":"Selbsklebende Bogen DIN A4 Heavy-Duty PET- Folie, 24x 63,5&#215;33,9mm"}]},{"@type":"WebSite","@id":"https:\/\/printandstick.eu\/#website","url":"https:\/\/printandstick.eu\/","name":"Printandstick.eu","description":"Sklep internetowy z etykietami samoprzylepnymi do druku.","publisher":{"@id":"https:\/\/printandstick.eu\/#organization"},"potentialAction":[{"@type":"SearchAction","target":{"@type":"EntryPoint","urlTemplate":"https:\/\/printandstick.eu\/?s={search_term_string}"},"query-input":{"@type":"PropertyValueSpecification","valueRequired":true,"valueName":"search_term_string"}}],"inLanguage":"de"},{"@type":"Organization","@id":"https:\/\/printandstick.eu\/#organization","name":"Flexolabels Sp. z o.o.","url":"https:\/\/printandstick.eu\/","logo":{"@type":"ImageObject","inLanguage":"de","@id":"https:\/\/printandstick.eu\/#\/schema\/logo\/image\/","url":"https:\/\/printandstick.eu\/wp-content\/uploads\/2019\/02\/logo.svg","contentUrl":"https:\/\/printandstick.eu\/wp-content\/uploads\/2019\/02\/logo.svg","width":1,"height":1,"caption":"Flexolabels Sp. z o.o."},"image":{"@id":"https:\/\/printandstick.eu\/#\/schema\/logo\/image\/"}}]}},"_links":{"self":[{"href":"https:\/\/printandstick.eu\/de\/wp-json\/wp\/v2\/product\/28129","targetHints":{"allow":["GET"]}}],"collection":[{"href":"https:\/\/printandstick.eu\/de\/wp-json\/wp\/v2\/product"}],"about":[{"href":"https:\/\/printandstick.eu\/de\/wp-json\/wp\/v2\/types\/product"}],"wp:featuredmedia":[{"embeddable":true,"href":"https:\/\/printandstick.eu\/de\/wp-json\/wp\/v2\/media\/28133"}],"wp:attachment":[{"href":"https:\/\/printandstick.eu\/de\/wp-json\/wp\/v2\/media?parent=28129"}],"wp:term":[{"taxonomy":"product_brand","embeddable":true,"href":"https:\/\/printandstick.eu\/de\/wp-json\/wp\/v2\/product_brand?post=28129"},{"taxonomy":"product_cat","embeddable":true,"href":"https:\/\/printandstick.eu\/de\/wp-json\/wp\/v2\/product_cat?post=28129"},{"taxonomy":"product_tag","embeddable":true,"href":"https:\/\/printandstick.eu\/de\/wp-json\/wp\/v2\/product_tag?post=28129"}],"curies":[{"name":"wp","href":"https:\/\/api.w.org\/{rel}","templated":true}]}}