{"id":2532,"date":"2019-03-14T14:36:24","date_gmt":"2019-03-14T13:36:24","guid":{"rendered":"http:\/\/print-and-stick.jankobialka.com\/produkt\/etykieta-zakazu-p040-iso-7010\/"},"modified":"2020-10-20T15:08:42","modified_gmt":"2020-10-20T13:08:42","slug":"verbotszeichen-p040-iso-7010","status":"publish","type":"product","link":"https:\/\/printandstick.eu\/de\/produkte\/verbotszeichen-p040-iso-7010\/","title":{"rendered":"Verbotszeichen P040 \/ ISO 7010"},"content":{"rendered":"<p><strong>Zeichen gem\u00e4\u00df der aktuellen Norm ISO 7010 sind f\u00fcr die ordnungsgem\u00e4\u00dfe Kennzeichnung von Bereichen \/ Orten \/ Elementen erforderlich, um Arbeitsunf\u00e4lle, Brandschutz-, Gesundheits- und Lebensrisiken zu vermeiden sowie Evakuierungsverfahren zu sichern.<\/strong><b><br \/>\n<\/b>Die Verbotszeichen gem\u00e4\u00df ISO 7010 gelten f\u00fcr die Anweisung der Mitarbeiter und externen Personen \u00fcber Verhalten, Handlungen oder Elemente, die eine Gefahr verursachen k\u00f6nnen.<br \/>\nJedes Zeichen besteht aus unver\u00e4nderlichen Elementen wie einem roten, durchgestrichenen Kreis, der auf einem wei\u00dfen Hintergrund platziert ist, und einer standardisierten schwarzen Grafik.<br \/>\n<strong>Es wird empfohlen, die derzeit verwendeten Sicherheitsschilder durch solche zu ersetzen, die der neuesten Norm ISO 7010 entsprechen, insbesondere bei der ersten Kennzeichnung des Arbeitsplatzes.<\/strong><\/p>\n<p>Etiketten werden auf einer Polyesterfolie mit einem zus\u00e4tzlichen Polyesterlaminat (\u00d850 mm) oder einer Polypropylenfolie mit einem zus\u00e4tzlichen Polypropylenlaminat (\u00d8100 mm und \u00d8200 mm) hergestellt.<\/p>\n<p>Vor dem Aufbringen des Etiketts sollten die Oberfl\u00e4chen des Untergrunds entstaubt und entfettet werden, um den besten Kontakt f\u00fcr den Klebstoff zu gew\u00e4hrleisten.<\/p>\n","protected":false},"excerpt":{"rendered":"<p>Die Etiketten nach der neuesten Norm ISO 7010 Sicherheitskennzeichnung.<br \/>\nErh\u00e4ltlich in 3 verschiedenen Gr\u00f6\u00dfen: \u00d850 \/ \u00d8100 \/ \u00d8200mm<\/p>\n","protected":false},"featured_media":11408,"template":"","meta":{"_acf_changed":false,"inline_featured_image":false},"product_brand":[],"product_cat":[91],"product_tag":[],"class_list":{"0":"post-2532","1":"product","2":"type-product","3":"status-publish","4":"has-post-thumbnail","6":"product_cat-verbotskennzeichnung","8":"first","9":"onbackorder","10":"taxable","11":"shipping-taxable","12":"purchasable","13":"product-type-variable","14":"has-default-attributes"},"acf":[],"yoast_head":"<!-- This site is optimized with the Yoast SEO Premium plugin v24.6 (Yoast SEO v26.5) - https:\/\/yoast.com\/wordpress\/plugins\/seo\/ -->\n<title>PrintAndStick Verbotszeichen P040 \/ ISO 7010<\/title>\n<meta name=\"description\" content=\"Aufkleber mit Verbotszeichen P040 \/ ISO 7010, Arbeitsschutz und Arbeitshygiene -Etiketten, W\u00e4hlen Sie aus vielen Mustern. Kaufen Sie online. Schneller Versand.\" \/>\n<meta name=\"robots\" content=\"index, follow, max-snippet:-1, max-image-preview:large, max-video-preview:-1\" \/>\n<link rel=\"canonical\" href=\"https:\/\/printandstick.eu\/de\/produkt\/verbotszeichen-p040-iso-7010\/\" \/>\n<meta property=\"og:locale\" content=\"de_DE\" \/>\n<meta property=\"og:type\" content=\"article\" \/>\n<meta property=\"og:title\" content=\"Verbotszeichen P040 \/ ISO 7010\" \/>\n<meta property=\"og:description\" content=\"Die Etiketten nach der neuesten Norm ISO 7010 Sicherheitskennzeichnung. Erh\u00e4ltlich in 3 verschiedenen Gr\u00f6\u00dfen: \u00d850 \/ \u00d8100 \/ \u00d8200mm\" \/>\n<meta property=\"og:url\" content=\"https:\/\/printandstick.eu\/de\/produkt\/verbotszeichen-p040-iso-7010\/\" \/>\n<meta property=\"og:site_name\" content=\"Print &amp; Stick\" \/>\n<meta property=\"article:modified_time\" content=\"2020-10-20T13:08:42+00:00\" \/>\n<meta property=\"og:image\" content=\"https:\/\/printandstick.eu\/wp-content\/uploads\/2019\/08\/31400V1-01.jpg\" \/>\n\t<meta property=\"og:image:width\" content=\"500\" \/>\n\t<meta property=\"og:image:height\" content=\"500\" \/>\n\t<meta property=\"og:image:type\" content=\"image\/jpeg\" \/>\n<meta name=\"twitter:card\" content=\"summary_large_image\" \/>\n<meta name=\"twitter:label1\" content=\"Gesch\u00e4tzte Lesezeit\" \/>\n\t<meta name=\"twitter:data1\" content=\"1\u00a0Minute\" \/>\n<script type=\"application\/ld+json\" class=\"yoast-schema-graph\">{\"@context\":\"https:\/\/schema.org\",\"@graph\":[{\"@type\":\"WebPage\",\"@id\":\"https:\/\/printandstick.eu\/de\/produkt\/verbotszeichen-p040-iso-7010\/\",\"url\":\"https:\/\/printandstick.eu\/de\/produkt\/verbotszeichen-p040-iso-7010\/\",\"name\":\"PrintAndStick Verbotszeichen P040 \/ ISO 7010\",\"isPartOf\":{\"@id\":\"https:\/\/printandstick.eu\/#website\"},\"primaryImageOfPage\":{\"@id\":\"https:\/\/printandstick.eu\/de\/produkt\/verbotszeichen-p040-iso-7010\/#primaryimage\"},\"image\":{\"@id\":\"https:\/\/printandstick.eu\/de\/produkt\/verbotszeichen-p040-iso-7010\/#primaryimage\"},\"thumbnailUrl\":\"https:\/\/printandstick.eu\/wp-content\/uploads\/2019\/08\/31400V1-01.jpg\",\"datePublished\":\"2019-03-14T13:36:24+00:00\",\"dateModified\":\"2020-10-20T13:08:42+00:00\",\"description\":\"Aufkleber mit Verbotszeichen P040 \/ ISO 7010, Arbeitsschutz und Arbeitshygiene -Etiketten, W\u00e4hlen Sie aus vielen Mustern. Kaufen Sie online. Schneller Versand.\",\"breadcrumb\":{\"@id\":\"https:\/\/printandstick.eu\/de\/produkt\/verbotszeichen-p040-iso-7010\/#breadcrumb\"},\"inLanguage\":\"de\",\"potentialAction\":[{\"@type\":\"ReadAction\",\"target\":[\"https:\/\/printandstick.eu\/de\/produkt\/verbotszeichen-p040-iso-7010\/\"]}]},{\"@type\":\"ImageObject\",\"inLanguage\":\"de\",\"@id\":\"https:\/\/printandstick.eu\/de\/produkt\/verbotszeichen-p040-iso-7010\/#primaryimage\",\"url\":\"https:\/\/printandstick.eu\/wp-content\/uploads\/2019\/08\/31400V1-01.jpg\",\"contentUrl\":\"https:\/\/printandstick.eu\/wp-content\/uploads\/2019\/08\/31400V1-01.jpg\",\"width\":500,\"height\":500,\"caption\":\"Etykieta zakazu P040 \/ ISO 7010 - piktogramy BHP\"},{\"@type\":\"BreadcrumbList\",\"@id\":\"https:\/\/printandstick.eu\/de\/produkt\/verbotszeichen-p040-iso-7010\/#breadcrumb\",\"itemListElement\":[{\"@type\":\"ListItem\",\"position\":1,\"name\":\"Strona g\u0142\u00f3wna\",\"item\":\"https:\/\/printandstick.eu\/de\/\"},{\"@type\":\"ListItem\",\"position\":2,\"name\":\"Onlineshop\",\"item\":\"https:\/\/printandstick.eu\/de\/onlineshop\/\"},{\"@type\":\"ListItem\",\"position\":3,\"name\":\"Verbotszeichen P040 \/ ISO 7010\"}]},{\"@type\":\"WebSite\",\"@id\":\"https:\/\/printandstick.eu\/#website\",\"url\":\"https:\/\/printandstick.eu\/\",\"name\":\"Printandstick.eu\",\"description\":\"Sklep internetowy z etykietami samoprzylepnymi do druku.\",\"publisher\":{\"@id\":\"https:\/\/printandstick.eu\/#organization\"},\"potentialAction\":[{\"@type\":\"SearchAction\",\"target\":{\"@type\":\"EntryPoint\",\"urlTemplate\":\"https:\/\/printandstick.eu\/?s={search_term_string}\"},\"query-input\":{\"@type\":\"PropertyValueSpecification\",\"valueRequired\":true,\"valueName\":\"search_term_string\"}}],\"inLanguage\":\"de\"},{\"@type\":\"Organization\",\"@id\":\"https:\/\/printandstick.eu\/#organization\",\"name\":\"Flexolabels Sp. z o.o.\",\"url\":\"https:\/\/printandstick.eu\/\",\"logo\":{\"@type\":\"ImageObject\",\"inLanguage\":\"de\",\"@id\":\"https:\/\/printandstick.eu\/#\/schema\/logo\/image\/\",\"url\":\"https:\/\/printandstick.eu\/wp-content\/uploads\/2019\/02\/logo.svg\",\"contentUrl\":\"https:\/\/printandstick.eu\/wp-content\/uploads\/2019\/02\/logo.svg\",\"width\":1,\"height\":1,\"caption\":\"Flexolabels Sp. z o.o.\"},\"image\":{\"@id\":\"https:\/\/printandstick.eu\/#\/schema\/logo\/image\/\"}}]}<\/script>\n<!-- \/ Yoast SEO Premium plugin. -->","yoast_head_json":{"title":"PrintAndStick Verbotszeichen P040 \/ ISO 7010","description":"Aufkleber mit Verbotszeichen P040 \/ ISO 7010, Arbeitsschutz und Arbeitshygiene -Etiketten, W\u00e4hlen Sie aus vielen Mustern. Kaufen Sie online. Schneller Versand.","robots":{"index":"index","follow":"follow","max-snippet":"max-snippet:-1","max-image-preview":"max-image-preview:large","max-video-preview":"max-video-preview:-1"},"canonical":"https:\/\/printandstick.eu\/de\/produkt\/verbotszeichen-p040-iso-7010\/","og_locale":"de_DE","og_type":"article","og_title":"Verbotszeichen P040 \/ ISO 7010","og_description":"Die Etiketten nach der neuesten Norm ISO 7010 Sicherheitskennzeichnung. Erh\u00e4ltlich in 3 verschiedenen Gr\u00f6\u00dfen: \u00d850 \/ \u00d8100 \/ \u00d8200mm","og_url":"https:\/\/printandstick.eu\/de\/produkt\/verbotszeichen-p040-iso-7010\/","og_site_name":"Print &amp; Stick","article_modified_time":"2020-10-20T13:08:42+00:00","og_image":[{"width":500,"height":500,"url":"https:\/\/printandstick.eu\/wp-content\/uploads\/2019\/08\/31400V1-01.jpg","type":"image\/jpeg"}],"twitter_card":"summary_large_image","twitter_misc":{"Gesch\u00e4tzte Lesezeit":"1\u00a0Minute"},"schema":{"@context":"https:\/\/schema.org","@graph":[{"@type":"WebPage","@id":"https:\/\/printandstick.eu\/de\/produkt\/verbotszeichen-p040-iso-7010\/","url":"https:\/\/printandstick.eu\/de\/produkt\/verbotszeichen-p040-iso-7010\/","name":"PrintAndStick Verbotszeichen P040 \/ ISO 7010","isPartOf":{"@id":"https:\/\/printandstick.eu\/#website"},"primaryImageOfPage":{"@id":"https:\/\/printandstick.eu\/de\/produkt\/verbotszeichen-p040-iso-7010\/#primaryimage"},"image":{"@id":"https:\/\/printandstick.eu\/de\/produkt\/verbotszeichen-p040-iso-7010\/#primaryimage"},"thumbnailUrl":"https:\/\/printandstick.eu\/wp-content\/uploads\/2019\/08\/31400V1-01.jpg","datePublished":"2019-03-14T13:36:24+00:00","dateModified":"2020-10-20T13:08:42+00:00","description":"Aufkleber mit Verbotszeichen P040 \/ ISO 7010, Arbeitsschutz und Arbeitshygiene -Etiketten, W\u00e4hlen Sie aus vielen Mustern. Kaufen Sie online. Schneller Versand.","breadcrumb":{"@id":"https:\/\/printandstick.eu\/de\/produkt\/verbotszeichen-p040-iso-7010\/#breadcrumb"},"inLanguage":"de","potentialAction":[{"@type":"ReadAction","target":["https:\/\/printandstick.eu\/de\/produkt\/verbotszeichen-p040-iso-7010\/"]}]},{"@type":"ImageObject","inLanguage":"de","@id":"https:\/\/printandstick.eu\/de\/produkt\/verbotszeichen-p040-iso-7010\/#primaryimage","url":"https:\/\/printandstick.eu\/wp-content\/uploads\/2019\/08\/31400V1-01.jpg","contentUrl":"https:\/\/printandstick.eu\/wp-content\/uploads\/2019\/08\/31400V1-01.jpg","width":500,"height":500,"caption":"Etykieta zakazu P040 \/ ISO 7010 - piktogramy BHP"},{"@type":"BreadcrumbList","@id":"https:\/\/printandstick.eu\/de\/produkt\/verbotszeichen-p040-iso-7010\/#breadcrumb","itemListElement":[{"@type":"ListItem","position":1,"name":"Strona g\u0142\u00f3wna","item":"https:\/\/printandstick.eu\/de\/"},{"@type":"ListItem","position":2,"name":"Onlineshop","item":"https:\/\/printandstick.eu\/de\/onlineshop\/"},{"@type":"ListItem","position":3,"name":"Verbotszeichen P040 \/ ISO 7010"}]},{"@type":"WebSite","@id":"https:\/\/printandstick.eu\/#website","url":"https:\/\/printandstick.eu\/","name":"Printandstick.eu","description":"Sklep internetowy z etykietami samoprzylepnymi do druku.","publisher":{"@id":"https:\/\/printandstick.eu\/#organization"},"potentialAction":[{"@type":"SearchAction","target":{"@type":"EntryPoint","urlTemplate":"https:\/\/printandstick.eu\/?s={search_term_string}"},"query-input":{"@type":"PropertyValueSpecification","valueRequired":true,"valueName":"search_term_string"}}],"inLanguage":"de"},{"@type":"Organization","@id":"https:\/\/printandstick.eu\/#organization","name":"Flexolabels Sp. z o.o.","url":"https:\/\/printandstick.eu\/","logo":{"@type":"ImageObject","inLanguage":"de","@id":"https:\/\/printandstick.eu\/#\/schema\/logo\/image\/","url":"https:\/\/printandstick.eu\/wp-content\/uploads\/2019\/02\/logo.svg","contentUrl":"https:\/\/printandstick.eu\/wp-content\/uploads\/2019\/02\/logo.svg","width":1,"height":1,"caption":"Flexolabels Sp. z o.o."},"image":{"@id":"https:\/\/printandstick.eu\/#\/schema\/logo\/image\/"}}]}},"_links":{"self":[{"href":"https:\/\/printandstick.eu\/de\/wp-json\/wp\/v2\/product\/2532","targetHints":{"allow":["GET"]}}],"collection":[{"href":"https:\/\/printandstick.eu\/de\/wp-json\/wp\/v2\/product"}],"about":[{"href":"https:\/\/printandstick.eu\/de\/wp-json\/wp\/v2\/types\/product"}],"wp:featuredmedia":[{"embeddable":true,"href":"https:\/\/printandstick.eu\/de\/wp-json\/wp\/v2\/media\/11408"}],"wp:attachment":[{"href":"https:\/\/printandstick.eu\/de\/wp-json\/wp\/v2\/media?parent=2532"}],"wp:term":[{"taxonomy":"product_brand","embeddable":true,"href":"https:\/\/printandstick.eu\/de\/wp-json\/wp\/v2\/product_brand?post=2532"},{"taxonomy":"product_cat","embeddable":true,"href":"https:\/\/printandstick.eu\/de\/wp-json\/wp\/v2\/product_cat?post=2532"},{"taxonomy":"product_tag","embeddable":true,"href":"https:\/\/printandstick.eu\/de\/wp-json\/wp\/v2\/product_tag?post=2532"}],"curies":[{"name":"wp","href":"https:\/\/api.w.org\/{rel}","templated":true}]}}