{"id":25165,"date":"2020-08-11T10:26:11","date_gmt":"2020-08-11T08:26:12","guid":{"rendered":"https:\/\/printandstick.eu\/?post_type=product&#038;p=25165"},"modified":"2025-05-20T14:43:53","modified_gmt":"2025-05-20T12:43:53","slug":"bogen-a4-4x-105x148mm-economy","status":"publish","type":"product","link":"https:\/\/printandstick.eu\/de\/produkte\/bogen-a4-4x-105x148mm-economy\/","title":{"rendered":"Bogen A4 4x 105x148mm ECONOMY"},"content":{"rendered":"<p><strong>Lernen Sie unsere Bogenetiketten der ECONOMY-Serie kennen:<\/strong><br \/>\nWir liefern sie ohne unn\u00f6tige Kartons, verpackt in eine Folienh\u00fclle, dank dessen wir einen noch g\u00fcnstigeren Preis anbieten k\u00f6nnen, ohne auf die hohe Qualit\u00e4t des Produkt zu verzichten.<\/p>\n<p><strong>A4-Etiketten f\u00fcr Laserdrucker, Tintenstrahldrucker und Fotokopierer.<\/strong><br \/>\nDie Etiketten werden aus unbeschichtetem holzfreiem Papier hergestellt, um h\u00f6chste Druckqualit\u00e4t zu gew\u00e4hrleisten. Rohmaterial mit einem Gewicht von 70 g\/m\u00b2 und einer Dicke von 90um bietet entsprechende Steifheit. Deswegen ist das schnelle Drucken in Industrieanlagen m\u00f6glich. Sie erm\u00f6glichen das Markieren von Ordnern, Akten, Paketen und Dokumenten. Ein hoher Papierkontrast erm\u00f6glicht das einfache Lesen gedruckter Barcodes auch nach l\u00e4ngerer Zeit. Der aufgetragene Acrylatkleber sorgt f\u00fcr eine gute Haftung auf glatten oder gew\u00f6lbten Oberfl\u00e4chen.<\/p>\n<p><strong>Perfekt sowohl f\u00fcr kleine B\u00fcros als auch f\u00fcr den industriellen Einsatz.<\/strong><br \/>\nDas Rohmaterial verf\u00fcgt \u00fcber eine Garantie von zwei Jahren, sofern es bei einer Temperatur von etwa 20\u00b0C und einer Luftfeuchtigkeit von 50% gelagert wird. Es ist zertifiziert f\u00fcr den direkten und indirekten Kontakt mit trockenen und nicht fetten Lebensmitteln. Es erf\u00fcllt die Anforderungen der Sicherheitsstandards von RoHS und REACH.<\/p>\n","protected":false},"excerpt":{"rendered":"<p>Auf einem Blatt mit umlaufendem Rand befinden sich 4 Etiketten im Format 105x148mm.<\/p>\n","protected":false},"featured_media":73744,"template":"","meta":{"_acf_changed":false,"inline_featured_image":false},"product_brand":[],"product_cat":[813],"product_tag":[],"class_list":{"0":"post-25165","1":"product","2":"type-product","3":"status-publish","4":"has-post-thumbnail","6":"product_cat-economy-serie","8":"first","9":"instock","10":"taxable","11":"shipping-taxable","12":"purchasable","13":"product-type-variable","14":"has-default-attributes"},"acf":[],"yoast_head":"<!-- This site is optimized with the Yoast SEO Premium plugin v24.6 (Yoast SEO v26.5) - https:\/\/yoast.com\/wordpress\/plugins\/seo\/ -->\n<title>Bogen A4 4x 105x148mm ECONOMY von Printandstick.eu<\/title>\n<meta name=\"description\" content=\"Profitieren Sie von der Flexibilit\u00e4t unserer universellen A4 Etiketten bei jedem Druck.\" \/>\n<meta name=\"robots\" content=\"index, follow, max-snippet:-1, max-image-preview:large, max-video-preview:-1\" \/>\n<link rel=\"canonical\" href=\"https:\/\/printandstick.eu\/de\/produkte\/bogen-a4-4x-105x148mm-economy\/\" \/>\n<meta property=\"og:locale\" content=\"de_DE\" \/>\n<meta property=\"og:type\" content=\"article\" \/>\n<meta property=\"og:title\" content=\"Bogen A4 4x 105x148mm ECONOMY\" \/>\n<meta property=\"og:description\" content=\"Auf einem Blatt mit umlaufendem Rand befinden sich 4 Etiketten im Format 105x148mm.\" \/>\n<meta property=\"og:url\" content=\"https:\/\/printandstick.eu\/de\/produkte\/bogen-a4-4x-105x148mm-economy\/\" \/>\n<meta property=\"og:site_name\" content=\"Print &amp; Stick\" \/>\n<meta property=\"article:modified_time\" content=\"2025-05-20T12:43:53+00:00\" \/>\n<meta property=\"og:image\" content=\"https:\/\/printandstick.eu\/wp-content\/uploads\/2024\/03\/21042-m.jpg\" \/>\n\t<meta property=\"og:image:width\" content=\"500\" \/>\n\t<meta property=\"og:image:height\" content=\"500\" \/>\n\t<meta property=\"og:image:type\" content=\"image\/jpeg\" \/>\n<meta name=\"twitter:card\" content=\"summary_large_image\" \/>\n<meta name=\"twitter:label1\" content=\"Gesch\u00e4tzte Lesezeit\" \/>\n\t<meta name=\"twitter:data1\" content=\"2\u00a0Minuten\" \/>\n<script type=\"application\/ld+json\" class=\"yoast-schema-graph\">{\"@context\":\"https:\/\/schema.org\",\"@graph\":[{\"@type\":\"WebPage\",\"@id\":\"https:\/\/printandstick.eu\/de\/produkte\/bogen-a4-4x-105x148mm-economy\/\",\"url\":\"https:\/\/printandstick.eu\/de\/produkte\/bogen-a4-4x-105x148mm-economy\/\",\"name\":\"Bogen A4 4x 105x148mm ECONOMY von Printandstick.eu\",\"isPartOf\":{\"@id\":\"https:\/\/printandstick.eu\/#website\"},\"primaryImageOfPage\":{\"@id\":\"https:\/\/printandstick.eu\/de\/produkte\/bogen-a4-4x-105x148mm-economy\/#primaryimage\"},\"image\":{\"@id\":\"https:\/\/printandstick.eu\/de\/produkte\/bogen-a4-4x-105x148mm-economy\/#primaryimage\"},\"thumbnailUrl\":\"https:\/\/printandstick.eu\/wp-content\/uploads\/2024\/03\/21042-m.jpg\",\"datePublished\":\"2020-08-11T08:26:12+00:00\",\"dateModified\":\"2025-05-20T12:43:53+00:00\",\"description\":\"Profitieren Sie von der Flexibilit\u00e4t unserer universellen A4 Etiketten bei jedem Druck.\",\"breadcrumb\":{\"@id\":\"https:\/\/printandstick.eu\/de\/produkte\/bogen-a4-4x-105x148mm-economy\/#breadcrumb\"},\"inLanguage\":\"de\",\"potentialAction\":[{\"@type\":\"ReadAction\",\"target\":[\"https:\/\/printandstick.eu\/de\/produkte\/bogen-a4-4x-105x148mm-economy\/\"]}]},{\"@type\":\"ImageObject\",\"inLanguage\":\"de\",\"@id\":\"https:\/\/printandstick.eu\/de\/produkte\/bogen-a4-4x-105x148mm-economy\/#primaryimage\",\"url\":\"https:\/\/printandstick.eu\/wp-content\/uploads\/2024\/03\/21042-m.jpg\",\"contentUrl\":\"https:\/\/printandstick.eu\/wp-content\/uploads\/2024\/03\/21042-m.jpg\",\"width\":500,\"height\":500},{\"@type\":\"BreadcrumbList\",\"@id\":\"https:\/\/printandstick.eu\/de\/produkte\/bogen-a4-4x-105x148mm-economy\/#breadcrumb\",\"itemListElement\":[{\"@type\":\"ListItem\",\"position\":1,\"name\":\"Strona g\u0142\u00f3wna\",\"item\":\"https:\/\/printandstick.eu\/de\/\"},{\"@type\":\"ListItem\",\"position\":2,\"name\":\"Onlineshop\",\"item\":\"https:\/\/printandstick.eu\/de\/onlineshop\/\"},{\"@type\":\"ListItem\",\"position\":3,\"name\":\"Bogen A4 4x 105x148mm ECONOMY\"}]},{\"@type\":\"WebSite\",\"@id\":\"https:\/\/printandstick.eu\/#website\",\"url\":\"https:\/\/printandstick.eu\/\",\"name\":\"Printandstick.eu\",\"description\":\"Sklep internetowy z etykietami samoprzylepnymi do druku.\",\"publisher\":{\"@id\":\"https:\/\/printandstick.eu\/#organization\"},\"potentialAction\":[{\"@type\":\"SearchAction\",\"target\":{\"@type\":\"EntryPoint\",\"urlTemplate\":\"https:\/\/printandstick.eu\/?s={search_term_string}\"},\"query-input\":{\"@type\":\"PropertyValueSpecification\",\"valueRequired\":true,\"valueName\":\"search_term_string\"}}],\"inLanguage\":\"de\"},{\"@type\":\"Organization\",\"@id\":\"https:\/\/printandstick.eu\/#organization\",\"name\":\"Flexolabels Sp. z o.o.\",\"url\":\"https:\/\/printandstick.eu\/\",\"logo\":{\"@type\":\"ImageObject\",\"inLanguage\":\"de\",\"@id\":\"https:\/\/printandstick.eu\/#\/schema\/logo\/image\/\",\"url\":\"https:\/\/printandstick.eu\/wp-content\/uploads\/2019\/02\/logo.svg\",\"contentUrl\":\"https:\/\/printandstick.eu\/wp-content\/uploads\/2019\/02\/logo.svg\",\"width\":1,\"height\":1,\"caption\":\"Flexolabels Sp. z o.o.\"},\"image\":{\"@id\":\"https:\/\/printandstick.eu\/#\/schema\/logo\/image\/\"}}]}<\/script>\n<!-- \/ Yoast SEO Premium plugin. -->","yoast_head_json":{"title":"Bogen A4 4x 105x148mm ECONOMY von Printandstick.eu","description":"Profitieren Sie von der Flexibilit\u00e4t unserer universellen A4 Etiketten bei jedem Druck.","robots":{"index":"index","follow":"follow","max-snippet":"max-snippet:-1","max-image-preview":"max-image-preview:large","max-video-preview":"max-video-preview:-1"},"canonical":"https:\/\/printandstick.eu\/de\/produkte\/bogen-a4-4x-105x148mm-economy\/","og_locale":"de_DE","og_type":"article","og_title":"Bogen A4 4x 105x148mm ECONOMY","og_description":"Auf einem Blatt mit umlaufendem Rand befinden sich 4 Etiketten im Format 105x148mm.","og_url":"https:\/\/printandstick.eu\/de\/produkte\/bogen-a4-4x-105x148mm-economy\/","og_site_name":"Print &amp; Stick","article_modified_time":"2025-05-20T12:43:53+00:00","og_image":[{"width":500,"height":500,"url":"https:\/\/printandstick.eu\/wp-content\/uploads\/2024\/03\/21042-m.jpg","type":"image\/jpeg"}],"twitter_card":"summary_large_image","twitter_misc":{"Gesch\u00e4tzte Lesezeit":"2\u00a0Minuten"},"schema":{"@context":"https:\/\/schema.org","@graph":[{"@type":"WebPage","@id":"https:\/\/printandstick.eu\/de\/produkte\/bogen-a4-4x-105x148mm-economy\/","url":"https:\/\/printandstick.eu\/de\/produkte\/bogen-a4-4x-105x148mm-economy\/","name":"Bogen A4 4x 105x148mm ECONOMY von Printandstick.eu","isPartOf":{"@id":"https:\/\/printandstick.eu\/#website"},"primaryImageOfPage":{"@id":"https:\/\/printandstick.eu\/de\/produkte\/bogen-a4-4x-105x148mm-economy\/#primaryimage"},"image":{"@id":"https:\/\/printandstick.eu\/de\/produkte\/bogen-a4-4x-105x148mm-economy\/#primaryimage"},"thumbnailUrl":"https:\/\/printandstick.eu\/wp-content\/uploads\/2024\/03\/21042-m.jpg","datePublished":"2020-08-11T08:26:12+00:00","dateModified":"2025-05-20T12:43:53+00:00","description":"Profitieren Sie von der Flexibilit\u00e4t unserer universellen A4 Etiketten bei jedem Druck.","breadcrumb":{"@id":"https:\/\/printandstick.eu\/de\/produkte\/bogen-a4-4x-105x148mm-economy\/#breadcrumb"},"inLanguage":"de","potentialAction":[{"@type":"ReadAction","target":["https:\/\/printandstick.eu\/de\/produkte\/bogen-a4-4x-105x148mm-economy\/"]}]},{"@type":"ImageObject","inLanguage":"de","@id":"https:\/\/printandstick.eu\/de\/produkte\/bogen-a4-4x-105x148mm-economy\/#primaryimage","url":"https:\/\/printandstick.eu\/wp-content\/uploads\/2024\/03\/21042-m.jpg","contentUrl":"https:\/\/printandstick.eu\/wp-content\/uploads\/2024\/03\/21042-m.jpg","width":500,"height":500},{"@type":"BreadcrumbList","@id":"https:\/\/printandstick.eu\/de\/produkte\/bogen-a4-4x-105x148mm-economy\/#breadcrumb","itemListElement":[{"@type":"ListItem","position":1,"name":"Strona g\u0142\u00f3wna","item":"https:\/\/printandstick.eu\/de\/"},{"@type":"ListItem","position":2,"name":"Onlineshop","item":"https:\/\/printandstick.eu\/de\/onlineshop\/"},{"@type":"ListItem","position":3,"name":"Bogen A4 4x 105x148mm ECONOMY"}]},{"@type":"WebSite","@id":"https:\/\/printandstick.eu\/#website","url":"https:\/\/printandstick.eu\/","name":"Printandstick.eu","description":"Sklep internetowy z etykietami samoprzylepnymi do druku.","publisher":{"@id":"https:\/\/printandstick.eu\/#organization"},"potentialAction":[{"@type":"SearchAction","target":{"@type":"EntryPoint","urlTemplate":"https:\/\/printandstick.eu\/?s={search_term_string}"},"query-input":{"@type":"PropertyValueSpecification","valueRequired":true,"valueName":"search_term_string"}}],"inLanguage":"de"},{"@type":"Organization","@id":"https:\/\/printandstick.eu\/#organization","name":"Flexolabels Sp. z o.o.","url":"https:\/\/printandstick.eu\/","logo":{"@type":"ImageObject","inLanguage":"de","@id":"https:\/\/printandstick.eu\/#\/schema\/logo\/image\/","url":"https:\/\/printandstick.eu\/wp-content\/uploads\/2019\/02\/logo.svg","contentUrl":"https:\/\/printandstick.eu\/wp-content\/uploads\/2019\/02\/logo.svg","width":1,"height":1,"caption":"Flexolabels Sp. z o.o."},"image":{"@id":"https:\/\/printandstick.eu\/#\/schema\/logo\/image\/"}}]}},"_links":{"self":[{"href":"https:\/\/printandstick.eu\/de\/wp-json\/wp\/v2\/product\/25165","targetHints":{"allow":["GET"]}}],"collection":[{"href":"https:\/\/printandstick.eu\/de\/wp-json\/wp\/v2\/product"}],"about":[{"href":"https:\/\/printandstick.eu\/de\/wp-json\/wp\/v2\/types\/product"}],"wp:featuredmedia":[{"embeddable":true,"href":"https:\/\/printandstick.eu\/de\/wp-json\/wp\/v2\/media\/73744"}],"wp:attachment":[{"href":"https:\/\/printandstick.eu\/de\/wp-json\/wp\/v2\/media?parent=25165"}],"wp:term":[{"taxonomy":"product_brand","embeddable":true,"href":"https:\/\/printandstick.eu\/de\/wp-json\/wp\/v2\/product_brand?post=25165"},{"taxonomy":"product_cat","embeddable":true,"href":"https:\/\/printandstick.eu\/de\/wp-json\/wp\/v2\/product_cat?post=25165"},{"taxonomy":"product_tag","embeddable":true,"href":"https:\/\/printandstick.eu\/de\/wp-json\/wp\/v2\/product_tag?post=25165"}],"curies":[{"name":"wp","href":"https:\/\/api.w.org\/{rel}","templated":true}]}}