{"id":24965,"date":"2020-08-06T11:13:42","date_gmt":"2020-08-06T09:13:44","guid":{"rendered":"https:\/\/printandstick.eu\/?post_type=product&#038;p=24965"},"modified":"2023-06-18T22:20:48","modified_gmt":"2023-06-18T20:20:48","slug":"100x150mm-papieretikett-500-stueck-rolle-perforation-oe40-120mm","status":"publish","type":"product","link":"https:\/\/printandstick.eu\/de\/produkte\/100x150mm-papieretikett-500-stueck-rolle-perforation-oe40-120mm\/","title":{"rendered":"100x150mm Papieretikett 500 St\u00fcck\/Rolle + Perforation (\u00f840\/120mm)"},"content":{"rendered":"<p><span style=\"vertical-align: inherit;\"><span style=\"vertical-align: inherit;\">Selbstklebende Etiketten auf Rolle, ohne Aufdruck, aus wei\u00dfem, gestrichenem Papier. <\/span><span style=\"vertical-align: inherit;\">Perfekt f\u00fcr den Einsatz als Logistik-, Transport-, Verkaufs- und Verpackungsetiketten. <\/span><span style=\"vertical-align: inherit;\">Sehr gute Haftung auf den meisten Oberfl\u00e4chen (einschlie\u00dflich non-polaren Oberfl\u00e4chen und Kartons).<\/span><\/span><\/p>\n<p><span style=\"vertical-align: inherit;\"><span style=\"vertical-align: inherit;\">Etiketten eignen sich f\u00fcr Thermotransferdruckern: ZEBRA, SATO, DATAMAX, CITIZEN usw.<\/span><\/span><\/p>\n<p><span style=\"vertical-align: inherit;\"><span style=\"vertical-align: inherit;\">St\u00fcckzahl pro Rolle:\u00a0 <\/span><\/span><strong><span style=\"vertical-align: inherit;\"><span style=\"vertical-align: inherit;\">500 St\u00fcck<\/span><\/span><\/strong><strong><br \/>\n<\/strong><span style=\"vertical-align: inherit;\"><span style=\"vertical-align: inherit;\"> Etikettengr\u00f6\u00dfe:\u00a0 <\/span><\/span><strong><span style=\"vertical-align: inherit;\"><span style=\"vertical-align: inherit;\">100 x 150 mm <\/span><\/span><\/strong><strong><br \/>\n<span style=\"vertical-align: inherit;\"><span style=\"vertical-align: inherit;\">Perforacja zum einfachen Abrei\u00dfen, nach jedem Etikett<\/span><\/span><br \/>\n<\/strong><span style=\"vertical-align: inherit;\"><span style=\"vertical-align: inherit;\"> Bahnbreite:\u00a0 <\/span><\/span><strong><span style=\"vertical-align: inherit;\"><span style=\"vertical-align: inherit;\">103 mm<\/span><\/span><\/strong><strong><br \/>\n<\/strong><span style=\"vertical-align: inherit;\"><span style=\"vertical-align: inherit;\"> Kleberart:\u00a0 <\/span><\/span><strong><span style=\"vertical-align: inherit;\"><span style=\"vertical-align: inherit;\">sta\u0142e Acrylkleber<\/span><\/span><\/strong><strong><br \/>\n<\/strong><span style=\"vertical-align: inherit;\"><span style=\"vertical-align: inherit;\"> Kleberkraft:\u00a0 <\/span><\/span><strong><span style=\"vertical-align: inherit;\"><span style=\"vertical-align: inherit;\">&gt; 18 N<\/span><\/span><\/strong><strong><br \/>\n<\/strong><span style=\"vertical-align: inherit;\"><span style=\"vertical-align: inherit;\"> Das Gewicht des Rohmaterials:\u00a0 <\/span><\/span><strong><span style=\"vertical-align: inherit;\"><span style=\"vertical-align: inherit;\">70 g\/m2<\/span><\/span><\/strong><strong><br \/>\n<\/strong><span style=\"vertical-align: inherit;\"><span style=\"vertical-align: inherit;\"> Materialst\u00e4rke:\u00a0 <\/span><\/span><strong><span style=\"vertical-align: inherit;\"><span style=\"vertical-align: inherit;\">77 urn<\/span><\/span><\/strong><strong><br \/>\n<\/strong><span style=\"vertical-align: inherit;\"><span style=\"vertical-align: inherit;\"> Das materia\u0142u verf\u00fcgt \u00fcber folgende Zertifikate:\u00a0 <\/span><\/span><strong><span style=\"vertical-align: inherit;\"><span style=\"vertical-align: inherit;\">FSC, FDA, ISEGA<\/span><\/span><\/strong><strong><br \/>\n<\/strong><span style=\"vertical-align: inherit;\"><span style=\"vertical-align: inherit;\"> Empfohlene Lagerung:\u00a0 <\/span><\/span><strong><span style=\"vertical-align: inherit;\"><span style=\"vertical-align: inherit;\">+20 \u00b0 C \/ <\/span><\/span><\/strong>\u00a0<strong><span style=\"vertical-align: inherit;\"><span style=\"vertical-align: inherit;\">Leuftfeuchtigkeit 50%<\/span><\/span><\/strong><strong><br \/>\n<\/strong><span style=\"vertical-align: inherit;\"><span style=\"vertical-align: inherit;\"> Minimale Etikettiertemperatur:\u00a0 <\/span><\/span><strong><span style=\"vertical-align: inherit;\"><span style=\"vertical-align: inherit;\">0 \u00b0 C<\/span><\/span><\/strong><strong><br \/>\n<\/strong><span style=\"vertical-align: inherit;\"><span style=\"vertical-align: inherit;\"> Betriebstemperatur nach dem Aufkleben:\u00a0 <\/span><\/span><strong><span style=\"vertical-align: inherit;\"><span style=\"vertical-align: inherit;\">-20 \u00b0 C do 80 \u00b0 C<\/span><\/span><\/strong><\/p>\n<p><span style=\"vertical-align: inherit;\"><span style=\"vertical-align: inherit;\">Innendurchmesser der H\u00fclse:\u00a0 <\/span><\/span><strong><span style=\"vertical-align: inherit;\"><span style=\"vertical-align: inherit;\">40 mm<\/span><\/span><\/strong><strong><br \/>\n<\/strong><span style=\"vertical-align: inherit;\"><span style=\"vertical-align: inherit;\"> Au\u00dfendurchmesser der Rolle:\u00a0 <\/span><\/span><strong><span style=\"vertical-align: inherit;\"><span style=\"vertical-align: inherit;\">&lt;120 mm<\/span><\/span><\/strong><strong><br \/>\n<\/strong><span style=\"vertical-align: inherit;\"><span style=\"vertical-align: inherit;\"> Konfektion: f\u00fcr kleine Tischdrucker und gro\u00dfe Industriedrucker<\/span><\/span><\/p>\n","protected":false},"excerpt":{"rendered":"<p>Selbstklebende Etiketten, ohne Aufdruck, aus wei\u00dfem, gestrichenem Papier, mit Perforation, die das Abrei\u00dfen einzelner Etiketten erleichtert.<\/p>\n<p>Es gibt Etiketten ohne TTR-Farbband oder 4-Pack + 1 Wachs-Harz-TTR-Farbband, die zum Drucken des gesamten Etikettensatzes ausreichen. W\u00e4hlen Sie eine Option.<\/p>\n","protected":false},"featured_media":24738,"template":"","meta":{"_acf_changed":false,"inline_featured_image":false},"product_brand":[],"product_cat":[700],"product_tag":[],"class_list":{"0":"post-24965","1":"product","2":"type-product","3":"status-publish","4":"has-post-thumbnail","6":"product_cat-papier-etiketten-100-110mm-breite","8":"first","9":"instock","10":"taxable","11":"shipping-taxable","12":"purchasable","13":"product-type-variable","14":"has-default-attributes"},"acf":[],"yoast_head":"<!-- This site is optimized with the Yoast SEO Premium plugin v24.6 (Yoast SEO v26.5) - https:\/\/yoast.com\/wordpress\/plugins\/seo\/ -->\n<title>100x150mm Papieretikett 500 St\u00fcck\/Rolle + Perforation (\u00f840\/120mm) von Printandstick.eu<\/title>\n<meta name=\"description\" content=\"Zum Drucken in Thermotransferdruckern geeignet sind. Sie k\u00f6nnen im B\u00fcro, Lager und Gesch\u00e4ft verwendet werden. Kaufen Sie online.\" \/>\n<meta name=\"robots\" content=\"index, follow, max-snippet:-1, max-image-preview:large, max-video-preview:-1\" \/>\n<link rel=\"canonical\" href=\"https:\/\/printandstick.eu\/de\/produkte\/100x150mm-papieretikett-500-stueck-rolle-perforation-oe40-120mm\/\" \/>\n<meta property=\"og:locale\" content=\"de_DE\" \/>\n<meta property=\"og:type\" content=\"article\" \/>\n<meta property=\"og:title\" content=\"100x150mm Papieretikett 500 St\u00fcck\/Rolle + Perforation (\u00f840\/120mm)\" \/>\n<meta property=\"og:description\" content=\"Selbstklebende Etiketten, ohne Aufdruck, aus wei\u00dfem, gestrichenem Papier, mit Perforation, die das Abrei\u00dfen einzelner Etiketten erleichtert.  Es gibt Etiketten ohne TTR-Farbband oder 4-Pack + 1 Wachs-Harz-TTR-Farbband, die zum Drucken des gesamten Etikettensatzes ausreichen. W\u00e4hlen Sie eine Option.\" \/>\n<meta property=\"og:url\" content=\"https:\/\/printandstick.eu\/de\/produkte\/100x150mm-papieretikett-500-stueck-rolle-perforation-oe40-120mm\/\" \/>\n<meta property=\"og:site_name\" content=\"Print &amp; Stick\" \/>\n<meta property=\"article:modified_time\" content=\"2023-06-18T20:20:48+00:00\" \/>\n<meta property=\"og:image\" content=\"https:\/\/printandstick.eu\/wp-content\/uploads\/2020\/08\/1.-100x150-Paper.jpg\" \/>\n\t<meta property=\"og:image:width\" content=\"500\" \/>\n\t<meta property=\"og:image:height\" content=\"500\" \/>\n\t<meta property=\"og:image:type\" content=\"image\/jpeg\" \/>\n<meta name=\"twitter:card\" content=\"summary_large_image\" \/>\n<meta name=\"twitter:label1\" content=\"Gesch\u00e4tzte Lesezeit\" \/>\n\t<meta name=\"twitter:data1\" content=\"1\u00a0Minute\" \/>\n<script type=\"application\/ld+json\" class=\"yoast-schema-graph\">{\"@context\":\"https:\/\/schema.org\",\"@graph\":[{\"@type\":\"WebPage\",\"@id\":\"https:\/\/printandstick.eu\/de\/produkte\/100x150mm-papieretikett-500-stueck-rolle-perforation-oe40-120mm\/\",\"url\":\"https:\/\/printandstick.eu\/de\/produkte\/100x150mm-papieretikett-500-stueck-rolle-perforation-oe40-120mm\/\",\"name\":\"100x150mm Papieretikett 500 St\u00fcck\/Rolle + Perforation (\u00f840\/120mm) von Printandstick.eu\",\"isPartOf\":{\"@id\":\"https:\/\/printandstick.eu\/#website\"},\"primaryImageOfPage\":{\"@id\":\"https:\/\/printandstick.eu\/de\/produkte\/100x150mm-papieretikett-500-stueck-rolle-perforation-oe40-120mm\/#primaryimage\"},\"image\":{\"@id\":\"https:\/\/printandstick.eu\/de\/produkte\/100x150mm-papieretikett-500-stueck-rolle-perforation-oe40-120mm\/#primaryimage\"},\"thumbnailUrl\":\"https:\/\/printandstick.eu\/wp-content\/uploads\/2020\/08\/1.-100x150-Paper.jpg\",\"datePublished\":\"2020-08-06T09:13:44+00:00\",\"dateModified\":\"2023-06-18T20:20:48+00:00\",\"description\":\"Zum Drucken in Thermotransferdruckern geeignet sind. Sie k\u00f6nnen im B\u00fcro, Lager und Gesch\u00e4ft verwendet werden. Kaufen Sie online.\",\"breadcrumb\":{\"@id\":\"https:\/\/printandstick.eu\/de\/produkte\/100x150mm-papieretikett-500-stueck-rolle-perforation-oe40-120mm\/#breadcrumb\"},\"inLanguage\":\"de\",\"potentialAction\":[{\"@type\":\"ReadAction\",\"target\":[\"https:\/\/printandstick.eu\/de\/produkte\/100x150mm-papieretikett-500-stueck-rolle-perforation-oe40-120mm\/\"]}]},{\"@type\":\"ImageObject\",\"inLanguage\":\"de\",\"@id\":\"https:\/\/printandstick.eu\/de\/produkte\/100x150mm-papieretikett-500-stueck-rolle-perforation-oe40-120mm\/#primaryimage\",\"url\":\"https:\/\/printandstick.eu\/wp-content\/uploads\/2020\/08\/1.-100x150-Paper.jpg\",\"contentUrl\":\"https:\/\/printandstick.eu\/wp-content\/uploads\/2020\/08\/1.-100x150-Paper.jpg\",\"width\":500,\"height\":500,\"caption\":\"etykiety samoprzylepne na rolce do drukarek\"},{\"@type\":\"BreadcrumbList\",\"@id\":\"https:\/\/printandstick.eu\/de\/produkte\/100x150mm-papieretikett-500-stueck-rolle-perforation-oe40-120mm\/#breadcrumb\",\"itemListElement\":[{\"@type\":\"ListItem\",\"position\":1,\"name\":\"Strona g\u0142\u00f3wna\",\"item\":\"https:\/\/printandstick.eu\/de\/\"},{\"@type\":\"ListItem\",\"position\":2,\"name\":\"Onlineshop\",\"item\":\"https:\/\/printandstick.eu\/de\/onlineshop\/\"},{\"@type\":\"ListItem\",\"position\":3,\"name\":\"100x150mm Papieretikett 500 St\u00fcck\/Rolle + Perforation (\u00f840\/120mm)\"}]},{\"@type\":\"WebSite\",\"@id\":\"https:\/\/printandstick.eu\/#website\",\"url\":\"https:\/\/printandstick.eu\/\",\"name\":\"Printandstick.eu\",\"description\":\"Sklep internetowy z etykietami samoprzylepnymi do druku.\",\"publisher\":{\"@id\":\"https:\/\/printandstick.eu\/#organization\"},\"potentialAction\":[{\"@type\":\"SearchAction\",\"target\":{\"@type\":\"EntryPoint\",\"urlTemplate\":\"https:\/\/printandstick.eu\/?s={search_term_string}\"},\"query-input\":{\"@type\":\"PropertyValueSpecification\",\"valueRequired\":true,\"valueName\":\"search_term_string\"}}],\"inLanguage\":\"de\"},{\"@type\":\"Organization\",\"@id\":\"https:\/\/printandstick.eu\/#organization\",\"name\":\"Flexolabels Sp. z o.o.\",\"url\":\"https:\/\/printandstick.eu\/\",\"logo\":{\"@type\":\"ImageObject\",\"inLanguage\":\"de\",\"@id\":\"https:\/\/printandstick.eu\/#\/schema\/logo\/image\/\",\"url\":\"https:\/\/printandstick.eu\/wp-content\/uploads\/2019\/02\/logo.svg\",\"contentUrl\":\"https:\/\/printandstick.eu\/wp-content\/uploads\/2019\/02\/logo.svg\",\"width\":1,\"height\":1,\"caption\":\"Flexolabels Sp. z o.o.\"},\"image\":{\"@id\":\"https:\/\/printandstick.eu\/#\/schema\/logo\/image\/\"}}]}<\/script>\n<!-- \/ Yoast SEO Premium plugin. -->","yoast_head_json":{"title":"100x150mm Papieretikett 500 St\u00fcck\/Rolle + Perforation (\u00f840\/120mm) von Printandstick.eu","description":"Zum Drucken in Thermotransferdruckern geeignet sind. Sie k\u00f6nnen im B\u00fcro, Lager und Gesch\u00e4ft verwendet werden. Kaufen Sie online.","robots":{"index":"index","follow":"follow","max-snippet":"max-snippet:-1","max-image-preview":"max-image-preview:large","max-video-preview":"max-video-preview:-1"},"canonical":"https:\/\/printandstick.eu\/de\/produkte\/100x150mm-papieretikett-500-stueck-rolle-perforation-oe40-120mm\/","og_locale":"de_DE","og_type":"article","og_title":"100x150mm Papieretikett 500 St\u00fcck\/Rolle + Perforation (\u00f840\/120mm)","og_description":"Selbstklebende Etiketten, ohne Aufdruck, aus wei\u00dfem, gestrichenem Papier, mit Perforation, die das Abrei\u00dfen einzelner Etiketten erleichtert.  Es gibt Etiketten ohne TTR-Farbband oder 4-Pack + 1 Wachs-Harz-TTR-Farbband, die zum Drucken des gesamten Etikettensatzes ausreichen. W\u00e4hlen Sie eine Option.","og_url":"https:\/\/printandstick.eu\/de\/produkte\/100x150mm-papieretikett-500-stueck-rolle-perforation-oe40-120mm\/","og_site_name":"Print &amp; Stick","article_modified_time":"2023-06-18T20:20:48+00:00","og_image":[{"width":500,"height":500,"url":"https:\/\/printandstick.eu\/wp-content\/uploads\/2020\/08\/1.-100x150-Paper.jpg","type":"image\/jpeg"}],"twitter_card":"summary_large_image","twitter_misc":{"Gesch\u00e4tzte Lesezeit":"1\u00a0Minute"},"schema":{"@context":"https:\/\/schema.org","@graph":[{"@type":"WebPage","@id":"https:\/\/printandstick.eu\/de\/produkte\/100x150mm-papieretikett-500-stueck-rolle-perforation-oe40-120mm\/","url":"https:\/\/printandstick.eu\/de\/produkte\/100x150mm-papieretikett-500-stueck-rolle-perforation-oe40-120mm\/","name":"100x150mm Papieretikett 500 St\u00fcck\/Rolle + Perforation (\u00f840\/120mm) von Printandstick.eu","isPartOf":{"@id":"https:\/\/printandstick.eu\/#website"},"primaryImageOfPage":{"@id":"https:\/\/printandstick.eu\/de\/produkte\/100x150mm-papieretikett-500-stueck-rolle-perforation-oe40-120mm\/#primaryimage"},"image":{"@id":"https:\/\/printandstick.eu\/de\/produkte\/100x150mm-papieretikett-500-stueck-rolle-perforation-oe40-120mm\/#primaryimage"},"thumbnailUrl":"https:\/\/printandstick.eu\/wp-content\/uploads\/2020\/08\/1.-100x150-Paper.jpg","datePublished":"2020-08-06T09:13:44+00:00","dateModified":"2023-06-18T20:20:48+00:00","description":"Zum Drucken in Thermotransferdruckern geeignet sind. Sie k\u00f6nnen im B\u00fcro, Lager und Gesch\u00e4ft verwendet werden. Kaufen Sie online.","breadcrumb":{"@id":"https:\/\/printandstick.eu\/de\/produkte\/100x150mm-papieretikett-500-stueck-rolle-perforation-oe40-120mm\/#breadcrumb"},"inLanguage":"de","potentialAction":[{"@type":"ReadAction","target":["https:\/\/printandstick.eu\/de\/produkte\/100x150mm-papieretikett-500-stueck-rolle-perforation-oe40-120mm\/"]}]},{"@type":"ImageObject","inLanguage":"de","@id":"https:\/\/printandstick.eu\/de\/produkte\/100x150mm-papieretikett-500-stueck-rolle-perforation-oe40-120mm\/#primaryimage","url":"https:\/\/printandstick.eu\/wp-content\/uploads\/2020\/08\/1.-100x150-Paper.jpg","contentUrl":"https:\/\/printandstick.eu\/wp-content\/uploads\/2020\/08\/1.-100x150-Paper.jpg","width":500,"height":500,"caption":"etykiety samoprzylepne na rolce do drukarek"},{"@type":"BreadcrumbList","@id":"https:\/\/printandstick.eu\/de\/produkte\/100x150mm-papieretikett-500-stueck-rolle-perforation-oe40-120mm\/#breadcrumb","itemListElement":[{"@type":"ListItem","position":1,"name":"Strona g\u0142\u00f3wna","item":"https:\/\/printandstick.eu\/de\/"},{"@type":"ListItem","position":2,"name":"Onlineshop","item":"https:\/\/printandstick.eu\/de\/onlineshop\/"},{"@type":"ListItem","position":3,"name":"100x150mm Papieretikett 500 St\u00fcck\/Rolle + Perforation (\u00f840\/120mm)"}]},{"@type":"WebSite","@id":"https:\/\/printandstick.eu\/#website","url":"https:\/\/printandstick.eu\/","name":"Printandstick.eu","description":"Sklep internetowy z etykietami samoprzylepnymi do druku.","publisher":{"@id":"https:\/\/printandstick.eu\/#organization"},"potentialAction":[{"@type":"SearchAction","target":{"@type":"EntryPoint","urlTemplate":"https:\/\/printandstick.eu\/?s={search_term_string}"},"query-input":{"@type":"PropertyValueSpecification","valueRequired":true,"valueName":"search_term_string"}}],"inLanguage":"de"},{"@type":"Organization","@id":"https:\/\/printandstick.eu\/#organization","name":"Flexolabels Sp. z o.o.","url":"https:\/\/printandstick.eu\/","logo":{"@type":"ImageObject","inLanguage":"de","@id":"https:\/\/printandstick.eu\/#\/schema\/logo\/image\/","url":"https:\/\/printandstick.eu\/wp-content\/uploads\/2019\/02\/logo.svg","contentUrl":"https:\/\/printandstick.eu\/wp-content\/uploads\/2019\/02\/logo.svg","width":1,"height":1,"caption":"Flexolabels Sp. z o.o."},"image":{"@id":"https:\/\/printandstick.eu\/#\/schema\/logo\/image\/"}}]}},"_links":{"self":[{"href":"https:\/\/printandstick.eu\/de\/wp-json\/wp\/v2\/product\/24965","targetHints":{"allow":["GET"]}}],"collection":[{"href":"https:\/\/printandstick.eu\/de\/wp-json\/wp\/v2\/product"}],"about":[{"href":"https:\/\/printandstick.eu\/de\/wp-json\/wp\/v2\/types\/product"}],"wp:featuredmedia":[{"embeddable":true,"href":"https:\/\/printandstick.eu\/de\/wp-json\/wp\/v2\/media\/24738"}],"wp:attachment":[{"href":"https:\/\/printandstick.eu\/de\/wp-json\/wp\/v2\/media?parent=24965"}],"wp:term":[{"taxonomy":"product_brand","embeddable":true,"href":"https:\/\/printandstick.eu\/de\/wp-json\/wp\/v2\/product_brand?post=24965"},{"taxonomy":"product_cat","embeddable":true,"href":"https:\/\/printandstick.eu\/de\/wp-json\/wp\/v2\/product_cat?post=24965"},{"taxonomy":"product_tag","embeddable":true,"href":"https:\/\/printandstick.eu\/de\/wp-json\/wp\/v2\/product_tag?post=24965"}],"curies":[{"name":"wp","href":"https:\/\/api.w.org\/{rel}","templated":true}]}}