{"id":24616,"date":"2020-03-13T10:18:32","date_gmt":"2020-03-13T09:18:32","guid":{"rendered":"https:\/\/printandstick.eu\/?post_type=product&#038;p=24616"},"modified":"2026-02-06T14:21:53","modified_gmt":"2026-02-06T13:21:53","slug":"selbstklebende-werbeetiketten-rabatt-10-20-30","status":"publish","type":"product","link":"https:\/\/printandstick.eu\/de\/produkte\/selbstklebende-werbeetiketten-rabatt-10-20-30\/","title":{"rendered":"Selbstklebende Werbeetiketten \u201eRabatt &#8211; 10%\u201d, \u201e-20%\u201d, \u201e-30%\u201d\u2026"},"content":{"rendered":"<p>Farbige Rabattkreise sind eine effektive und visuell ansprechende Methode, um die Aufmerksamkeit der Kunden auf Promotions in Ihrem Gesch\u00e4ft oder Dienstleistungspunkt zu lenken. Diese selbstklebenden Etiketten eignen sich hervorragend f\u00fcr das schnelle und einfache Kennzeichnen von Produkten, die von einem bestimmten Rabatt betroffen sind. Verf\u00fcgbar auf <a href=\"https:\/\/printandstick.eu\/de\/produkte\/selbstklebende-werbeetiketten-rabatt-10-20-30\/\" target=\"_new\" rel=\"noopener\">Print and Stick<\/a>, diese Etiketten werden mit verschiedenen Rabattniveaus wie 10%, 20% oder 30% angeboten, was ein flexibles Management von Promotions erm\u00f6glicht.<\/p>\n<p><strong>Hauptmerkmale des Produkts:<\/strong><\/p>\n<ol>\n<li><strong>Hohe Sichtbarkeit<\/strong> \u2013 Die intensiven Farben der Etiketten (Rot, Blau, Gr\u00fcn usw.) sind aus der Ferne gut sichtbar, was die Aufmerksamkeit der Kunden anzieht und sie ermutigt, sich mit dem Angebot vertraut zu machen.<\/li>\n<li><strong>Vielseitigkeit der Anwendung<\/strong> \u2013 Die Etiketten k\u00f6nnen auf einer Vielzahl von Produkten angebracht werden, von Lebensmitteln \u00fcber Kosmetika bis hin zu Elektronik und Kleidung. Sie sind widerstandsf\u00e4hig gegen \u00e4u\u00dfere Einfl\u00fcsse und eignen sich daher sowohl f\u00fcr den Innen- als auch f\u00fcr den Au\u00dfenbereich.<\/li>\n<li><strong>Einfache Anwendung<\/strong> \u2013 Dank der selbstklebenden Basis sind die Etiketten einfach zu verwenden und k\u00f6nnen schnell auf jede glatte Oberfl\u00e4che aufgebracht werden. Eine ideale L\u00f6sung f\u00fcr Gesch\u00e4fte und Servicepunkte, die ihre Promotions h\u00e4ufig aktualisieren.<\/li>\n<li><strong>Anpassung an Kundenbed\u00fcrfnisse<\/strong> \u2013 Die M\u00f6glichkeit, zwischen verschiedenen Rabattprozenten zu w\u00e4hlen, erm\u00f6glicht eine pr\u00e4zise Anpassung der Promotions an die Verkaufsstrategie und die Marktnachfrage.<\/li>\n<li><strong>Haltbarkeit und Qualit\u00e4t der Ausf\u00fchrung<\/strong> \u2013 Die Etiketten sind aus hochwertigen Materialien gefertigt, was ihre Langlebigkeit und Best\u00e4ndigkeit gegen Verblassen, Abrieb oder Rei\u00dfen gew\u00e4hrleistet.<\/li>\n<\/ol>\n<p>Diese Etiketten sind ein hervorragendes Marketinginstrument, das nicht nur die Verwaltung von Promotions erleichtert, sondern auch dazu beitr\u00e4gt, das Image des Unternehmens als Ort zu st\u00e4rken, an dem Kunden attraktive Preise und vorteilhafte Angebote erwarten k\u00f6nnen. Durch ihre Funktionalit\u00e4t und \u00c4sthetik erh\u00f6hen die farbigen Rabattkreise definitiv die Effektivit\u00e4t von Werbeaktionen, was zu einem erh\u00f6hten Interesse am Angebot und zu einem Umsatzwachstum f\u00fchrt.<\/p>\n","protected":false},"excerpt":{"rendered":"<p>Werbeetiketten in Form von farbigen, fluoreszierenden Bl\u00e4ttern mit runden Etiketten.<\/p>\n","protected":false},"featured_media":16991,"template":"","meta":{"_acf_changed":false,"inline_featured_image":false},"product_brand":[],"product_cat":[814],"product_tag":[],"class_list":{"0":"post-24616","1":"product","2":"type-product","3":"status-publish","4":"has-post-thumbnail","6":"product_cat-aktions-werbe-und-rabattetiketten","8":"first","9":"instock","10":"taxable","11":"shipping-taxable","12":"purchasable","13":"product-type-variable","14":"has-default-attributes"},"acf":[],"yoast_head":"<!-- This site is optimized with the Yoast SEO Premium plugin v24.6 (Yoast SEO v26.5) - https:\/\/yoast.com\/wordpress\/plugins\/seo\/ -->\n<title>Selbstklebende Werbeetiketten \u201eRabatt - 10%\u201d, \u201e-20%\u201d, \u201e-30%\u201d\u2026 von Printandstick.eu<\/title>\n<meta name=\"description\" content=\"Steigern Sie Ihre Verkaufszahlen mit unseren bunten Promotion-Kreisen, beschriftet mit &quot;Rabatt&quot; und &quot;Promotion&quot;, perfekt f\u00fcr Ladenaktionen.\" \/>\n<meta name=\"robots\" content=\"index, follow, max-snippet:-1, max-image-preview:large, max-video-preview:-1\" \/>\n<link rel=\"canonical\" href=\"https:\/\/printandstick.eu\/de\/produkte\/selbstklebende-werbeetiketten-rabatt-10-20-30\/\" \/>\n<meta property=\"og:locale\" content=\"de_DE\" \/>\n<meta property=\"og:type\" content=\"article\" \/>\n<meta property=\"og:title\" content=\"Selbstklebende Werbeetiketten \u201eRabatt - 10%\u201d, \u201e-20%\u201d, \u201e-30%\u201d\u2026\" \/>\n<meta property=\"og:description\" content=\"Werbeetiketten in Form von farbigen, fluoreszierenden Bl\u00e4ttern mit runden Etiketten.\" \/>\n<meta property=\"og:url\" content=\"https:\/\/printandstick.eu\/de\/produkte\/selbstklebende-werbeetiketten-rabatt-10-20-30\/\" \/>\n<meta property=\"og:site_name\" content=\"Print &amp; Stick\" \/>\n<meta property=\"article:modified_time\" content=\"2026-02-06T13:21:53+00:00\" \/>\n<meta property=\"og:image\" content=\"https:\/\/printandstick.eu\/wp-content\/uploads\/2020\/03\/wachlarz-2-2.jpg\" \/>\n\t<meta property=\"og:image:width\" content=\"1000\" \/>\n\t<meta property=\"og:image:height\" content=\"1000\" \/>\n\t<meta property=\"og:image:type\" content=\"image\/jpeg\" \/>\n<meta name=\"twitter:card\" content=\"summary_large_image\" \/>\n<meta name=\"twitter:label1\" content=\"Gesch\u00e4tzte Lesezeit\" \/>\n\t<meta name=\"twitter:data1\" content=\"3\u00a0Minuten\" \/>\n<script type=\"application\/ld+json\" class=\"yoast-schema-graph\">{\"@context\":\"https:\/\/schema.org\",\"@graph\":[{\"@type\":\"WebPage\",\"@id\":\"https:\/\/printandstick.eu\/de\/produkte\/selbstklebende-werbeetiketten-rabatt-10-20-30\/\",\"url\":\"https:\/\/printandstick.eu\/de\/produkte\/selbstklebende-werbeetiketten-rabatt-10-20-30\/\",\"name\":\"Selbstklebende Werbeetiketten \u201eRabatt - 10%\u201d, \u201e-20%\u201d, \u201e-30%\u201d\u2026 von Printandstick.eu\",\"isPartOf\":{\"@id\":\"https:\/\/printandstick.eu\/#website\"},\"primaryImageOfPage\":{\"@id\":\"https:\/\/printandstick.eu\/de\/produkte\/selbstklebende-werbeetiketten-rabatt-10-20-30\/#primaryimage\"},\"image\":{\"@id\":\"https:\/\/printandstick.eu\/de\/produkte\/selbstklebende-werbeetiketten-rabatt-10-20-30\/#primaryimage\"},\"thumbnailUrl\":\"https:\/\/printandstick.eu\/wp-content\/uploads\/2020\/03\/wachlarz-2-2.jpg\",\"datePublished\":\"2020-03-13T09:18:32+00:00\",\"dateModified\":\"2026-02-06T13:21:53+00:00\",\"description\":\"Steigern Sie Ihre Verkaufszahlen mit unseren bunten Promotion-Kreisen, beschriftet mit \\\"Rabatt\\\" und \\\"Promotion\\\", perfekt f\u00fcr Ladenaktionen.\",\"breadcrumb\":{\"@id\":\"https:\/\/printandstick.eu\/de\/produkte\/selbstklebende-werbeetiketten-rabatt-10-20-30\/#breadcrumb\"},\"inLanguage\":\"de\",\"potentialAction\":[{\"@type\":\"ReadAction\",\"target\":[\"https:\/\/printandstick.eu\/de\/produkte\/selbstklebende-werbeetiketten-rabatt-10-20-30\/\"]}]},{\"@type\":\"ImageObject\",\"inLanguage\":\"de\",\"@id\":\"https:\/\/printandstick.eu\/de\/produkte\/selbstklebende-werbeetiketten-rabatt-10-20-30\/#primaryimage\",\"url\":\"https:\/\/printandstick.eu\/wp-content\/uploads\/2020\/03\/wachlarz-2-2.jpg\",\"contentUrl\":\"https:\/\/printandstick.eu\/wp-content\/uploads\/2020\/03\/wachlarz-2-2.jpg\",\"width\":1000,\"height\":1000,\"caption\":\"naklejki promocyjne kolorowe\"},{\"@type\":\"BreadcrumbList\",\"@id\":\"https:\/\/printandstick.eu\/de\/produkte\/selbstklebende-werbeetiketten-rabatt-10-20-30\/#breadcrumb\",\"itemListElement\":[{\"@type\":\"ListItem\",\"position\":1,\"name\":\"Strona g\u0142\u00f3wna\",\"item\":\"https:\/\/printandstick.eu\/de\/\"},{\"@type\":\"ListItem\",\"position\":2,\"name\":\"Onlineshop\",\"item\":\"https:\/\/printandstick.eu\/de\/onlineshop\/\"},{\"@type\":\"ListItem\",\"position\":3,\"name\":\"Selbstklebende Werbeetiketten \u201eRabatt &#8211; 10%\u201d, \u201e-20%\u201d, \u201e-30%\u201d\u2026\"}]},{\"@type\":\"WebSite\",\"@id\":\"https:\/\/printandstick.eu\/#website\",\"url\":\"https:\/\/printandstick.eu\/\",\"name\":\"Printandstick.eu\",\"description\":\"Sklep internetowy z etykietami samoprzylepnymi do druku.\",\"publisher\":{\"@id\":\"https:\/\/printandstick.eu\/#organization\"},\"potentialAction\":[{\"@type\":\"SearchAction\",\"target\":{\"@type\":\"EntryPoint\",\"urlTemplate\":\"https:\/\/printandstick.eu\/?s={search_term_string}\"},\"query-input\":{\"@type\":\"PropertyValueSpecification\",\"valueRequired\":true,\"valueName\":\"search_term_string\"}}],\"inLanguage\":\"de\"},{\"@type\":\"Organization\",\"@id\":\"https:\/\/printandstick.eu\/#organization\",\"name\":\"Flexolabels Sp. z o.o.\",\"url\":\"https:\/\/printandstick.eu\/\",\"logo\":{\"@type\":\"ImageObject\",\"inLanguage\":\"de\",\"@id\":\"https:\/\/printandstick.eu\/#\/schema\/logo\/image\/\",\"url\":\"https:\/\/printandstick.eu\/wp-content\/uploads\/2019\/02\/logo.svg\",\"contentUrl\":\"https:\/\/printandstick.eu\/wp-content\/uploads\/2019\/02\/logo.svg\",\"width\":1,\"height\":1,\"caption\":\"Flexolabels Sp. z o.o.\"},\"image\":{\"@id\":\"https:\/\/printandstick.eu\/#\/schema\/logo\/image\/\"}}]}<\/script>\n<!-- \/ Yoast SEO Premium plugin. -->","yoast_head_json":{"title":"Selbstklebende Werbeetiketten \u201eRabatt - 10%\u201d, \u201e-20%\u201d, \u201e-30%\u201d\u2026 von Printandstick.eu","description":"Steigern Sie Ihre Verkaufszahlen mit unseren bunten Promotion-Kreisen, beschriftet mit \"Rabatt\" und \"Promotion\", perfekt f\u00fcr Ladenaktionen.","robots":{"index":"index","follow":"follow","max-snippet":"max-snippet:-1","max-image-preview":"max-image-preview:large","max-video-preview":"max-video-preview:-1"},"canonical":"https:\/\/printandstick.eu\/de\/produkte\/selbstklebende-werbeetiketten-rabatt-10-20-30\/","og_locale":"de_DE","og_type":"article","og_title":"Selbstklebende Werbeetiketten \u201eRabatt - 10%\u201d, \u201e-20%\u201d, \u201e-30%\u201d\u2026","og_description":"Werbeetiketten in Form von farbigen, fluoreszierenden Bl\u00e4ttern mit runden Etiketten.","og_url":"https:\/\/printandstick.eu\/de\/produkte\/selbstklebende-werbeetiketten-rabatt-10-20-30\/","og_site_name":"Print &amp; Stick","article_modified_time":"2026-02-06T13:21:53+00:00","og_image":[{"width":1000,"height":1000,"url":"https:\/\/printandstick.eu\/wp-content\/uploads\/2020\/03\/wachlarz-2-2.jpg","type":"image\/jpeg"}],"twitter_card":"summary_large_image","twitter_misc":{"Gesch\u00e4tzte Lesezeit":"3\u00a0Minuten"},"schema":{"@context":"https:\/\/schema.org","@graph":[{"@type":"WebPage","@id":"https:\/\/printandstick.eu\/de\/produkte\/selbstklebende-werbeetiketten-rabatt-10-20-30\/","url":"https:\/\/printandstick.eu\/de\/produkte\/selbstklebende-werbeetiketten-rabatt-10-20-30\/","name":"Selbstklebende Werbeetiketten \u201eRabatt - 10%\u201d, \u201e-20%\u201d, \u201e-30%\u201d\u2026 von Printandstick.eu","isPartOf":{"@id":"https:\/\/printandstick.eu\/#website"},"primaryImageOfPage":{"@id":"https:\/\/printandstick.eu\/de\/produkte\/selbstklebende-werbeetiketten-rabatt-10-20-30\/#primaryimage"},"image":{"@id":"https:\/\/printandstick.eu\/de\/produkte\/selbstklebende-werbeetiketten-rabatt-10-20-30\/#primaryimage"},"thumbnailUrl":"https:\/\/printandstick.eu\/wp-content\/uploads\/2020\/03\/wachlarz-2-2.jpg","datePublished":"2020-03-13T09:18:32+00:00","dateModified":"2026-02-06T13:21:53+00:00","description":"Steigern Sie Ihre Verkaufszahlen mit unseren bunten Promotion-Kreisen, beschriftet mit \"Rabatt\" und \"Promotion\", perfekt f\u00fcr Ladenaktionen.","breadcrumb":{"@id":"https:\/\/printandstick.eu\/de\/produkte\/selbstklebende-werbeetiketten-rabatt-10-20-30\/#breadcrumb"},"inLanguage":"de","potentialAction":[{"@type":"ReadAction","target":["https:\/\/printandstick.eu\/de\/produkte\/selbstklebende-werbeetiketten-rabatt-10-20-30\/"]}]},{"@type":"ImageObject","inLanguage":"de","@id":"https:\/\/printandstick.eu\/de\/produkte\/selbstklebende-werbeetiketten-rabatt-10-20-30\/#primaryimage","url":"https:\/\/printandstick.eu\/wp-content\/uploads\/2020\/03\/wachlarz-2-2.jpg","contentUrl":"https:\/\/printandstick.eu\/wp-content\/uploads\/2020\/03\/wachlarz-2-2.jpg","width":1000,"height":1000,"caption":"naklejki promocyjne kolorowe"},{"@type":"BreadcrumbList","@id":"https:\/\/printandstick.eu\/de\/produkte\/selbstklebende-werbeetiketten-rabatt-10-20-30\/#breadcrumb","itemListElement":[{"@type":"ListItem","position":1,"name":"Strona g\u0142\u00f3wna","item":"https:\/\/printandstick.eu\/de\/"},{"@type":"ListItem","position":2,"name":"Onlineshop","item":"https:\/\/printandstick.eu\/de\/onlineshop\/"},{"@type":"ListItem","position":3,"name":"Selbstklebende Werbeetiketten \u201eRabatt &#8211; 10%\u201d, \u201e-20%\u201d, \u201e-30%\u201d\u2026"}]},{"@type":"WebSite","@id":"https:\/\/printandstick.eu\/#website","url":"https:\/\/printandstick.eu\/","name":"Printandstick.eu","description":"Sklep internetowy z etykietami samoprzylepnymi do druku.","publisher":{"@id":"https:\/\/printandstick.eu\/#organization"},"potentialAction":[{"@type":"SearchAction","target":{"@type":"EntryPoint","urlTemplate":"https:\/\/printandstick.eu\/?s={search_term_string}"},"query-input":{"@type":"PropertyValueSpecification","valueRequired":true,"valueName":"search_term_string"}}],"inLanguage":"de"},{"@type":"Organization","@id":"https:\/\/printandstick.eu\/#organization","name":"Flexolabels Sp. z o.o.","url":"https:\/\/printandstick.eu\/","logo":{"@type":"ImageObject","inLanguage":"de","@id":"https:\/\/printandstick.eu\/#\/schema\/logo\/image\/","url":"https:\/\/printandstick.eu\/wp-content\/uploads\/2019\/02\/logo.svg","contentUrl":"https:\/\/printandstick.eu\/wp-content\/uploads\/2019\/02\/logo.svg","width":1,"height":1,"caption":"Flexolabels Sp. z o.o."},"image":{"@id":"https:\/\/printandstick.eu\/#\/schema\/logo\/image\/"}}]}},"_links":{"self":[{"href":"https:\/\/printandstick.eu\/de\/wp-json\/wp\/v2\/product\/24616","targetHints":{"allow":["GET"]}}],"collection":[{"href":"https:\/\/printandstick.eu\/de\/wp-json\/wp\/v2\/product"}],"about":[{"href":"https:\/\/printandstick.eu\/de\/wp-json\/wp\/v2\/types\/product"}],"wp:featuredmedia":[{"embeddable":true,"href":"https:\/\/printandstick.eu\/de\/wp-json\/wp\/v2\/media\/16991"}],"wp:attachment":[{"href":"https:\/\/printandstick.eu\/de\/wp-json\/wp\/v2\/media?parent=24616"}],"wp:term":[{"taxonomy":"product_brand","embeddable":true,"href":"https:\/\/printandstick.eu\/de\/wp-json\/wp\/v2\/product_brand?post=24616"},{"taxonomy":"product_cat","embeddable":true,"href":"https:\/\/printandstick.eu\/de\/wp-json\/wp\/v2\/product_cat?post=24616"},{"taxonomy":"product_tag","embeddable":true,"href":"https:\/\/printandstick.eu\/de\/wp-json\/wp\/v2\/product_tag?post=24616"}],"curies":[{"name":"wp","href":"https:\/\/api.w.org\/{rel}","templated":true}]}}