{"id":24275,"date":"2020-07-23T13:05:04","date_gmt":"2020-07-23T11:05:05","guid":{"rendered":"https:\/\/printandstick.eu\/?post_type=product&#038;p=24275"},"modified":"2024-04-03T19:41:17","modified_gmt":"2024-04-03T17:41:17","slug":"100x30mm-thermo-eco-etikett-2000-stueck-rolle-perforation-oe40-120mm","status":"publish","type":"product","link":"https:\/\/printandstick.eu\/de\/produkte\/100x30mm-thermo-eco-etikett-2000-stueck-rolle-perforation-oe40-120mm\/","title":{"rendered":"100x30mm Thermoetikett 2000 St\u00fcck\/Rolle + Perforation (\u00f840\/120mm)"},"content":{"rendered":"<p><span style=\"vertical-align: inherit;\"><span style=\"vertical-align: inherit;\">Selbstklebende Etiketten, unbedruckt, aus wei\u00dfem &#8222;Eco&#8220;-Thermosensitivpapier. <\/span><span style=\"vertical-align: inherit;\">Ideal f\u00fcr den Einsatz als Logistik-, Transport-, Verkaufs- und Verpackungsetiketten. <\/span><span style=\"vertical-align: inherit;\">Sehr gute Haftung auf dem Plateau (auch auf Vliesfreien Oberfl\u00e4chen und Kartons). <\/span><span style=\"vertical-align: inherit;\">Vermeiden Sie direkte Sonneneinstrahlung und spezielle Zug\u00e4nge. <\/span><span style=\"vertical-align: inherit;\">Geeignet f\u00fcr den indirekten Kontakt mit trockenen und nicht fettenden Lebensmitteln. <\/span><\/span><br \/>\n<span style=\"vertical-align: inherit;\"><span style=\"vertical-align: inherit;\">Bedruckbare Etiketten f\u00fcr gro\u00dfe Thermo- und Thermotransferdrucker: ZEBRA, SATO, DATAMAX, CITIZEN, etc<\/span><\/span><\/p>\n<p><span style=\"vertical-align: inherit;\"><span style=\"vertical-align: inherit;\">St\u00fcckzahl pro Rolle: <\/span><\/span><strong><span style=\"vertical-align: inherit;\"><span style=\"vertical-align: inherit;\">2.000 St\u00fcck<\/span><\/span><\/strong><\/p>\n<p><span style=\"vertical-align: inherit;\"><span style=\"vertical-align: inherit;\">Etikettengr\u00f6\u00dfe: <\/span><\/span><strong><span style=\"vertical-align: inherit;\"><span style=\"vertical-align: inherit;\">100 x 30 mm<\/span><\/span><\/strong><\/p>\n<p><strong><span style=\"vertical-align: inherit;\"><span style=\"vertical-align: inherit;\">Perforation zur Erleichterung der Auswahl des Etiketts<\/span><\/span><\/strong><\/p>\n<p><span style=\"vertical-align: inherit;\"><span style=\"vertical-align: inherit;\">Bahnbreite: <\/span><\/span><strong><span style=\"vertical-align: inherit;\"><span style=\"vertical-align: inherit;\">103 mm<\/span><\/span><\/strong><\/p>\n<p><span style=\"vertical-align: inherit;\"><span style=\"vertical-align: inherit;\">Klebstofftyp: <\/span><\/span><strong><span style=\"vertical-align: inherit;\"><span style=\"vertical-align: inherit;\">Permanentes Acryl<\/span><\/span><\/strong><\/p>\n<p><span style=\"vertical-align: inherit;\"><span style=\"vertical-align: inherit;\">Klebkraft: <\/span><\/span><strong><span style=\"vertical-align: inherit;\"><span style=\"vertical-align: inherit;\">&gt; 18 N<\/span><\/span><\/strong><\/p>\n<p><span style=\"vertical-align: inherit;\"><span style=\"vertical-align: inherit;\">Rohstoffgewicht: <\/span><\/span><strong><span style=\"vertical-align: inherit;\"><span style=\"vertical-align: inherit;\">70g\/m2<\/span><\/span><\/strong><\/p>\n<p><span style=\"vertical-align: inherit;\"><span style=\"vertical-align: inherit;\">Dicke des Rohmaterials: <\/span><\/span><strong><span style=\"vertical-align: inherit;\"><span style=\"vertical-align: inherit;\">77 \u03bcm<\/span><\/span><\/strong><\/p>\n<p><span style=\"vertical-align: inherit;\"><span style=\"vertical-align: inherit;\">Druckgeschwindigkeit: <\/span><\/span><strong><span style=\"vertical-align: inherit;\"><span style=\"vertical-align: inherit;\">bis zu 200 mm\/s<\/span><\/span><\/strong><\/p>\n<p><span style=\"vertical-align: inherit;\"><span style=\"vertical-align: inherit;\">Das Material hat Zertifikate: <\/span><\/span><strong><span style=\"vertical-align: inherit;\"><span style=\"vertical-align: inherit;\">FSC, FDA, ISEGA<\/span><\/span><\/strong><\/p>\n<p><span style=\"vertical-align: inherit;\"><span style=\"vertical-align: inherit;\">Empfohlene Gr\u00f6\u00dfe: <\/span><\/span><strong><span style=\"vertical-align: inherit;\"><span style=\"vertical-align: inherit;\">+20\u00b0C \/ Luftfeuchtigkeit 50%<\/span><\/span><\/strong><\/p>\n<p><span style=\"vertical-align: inherit;\"><span style=\"vertical-align: inherit;\">Minimale Etikettiertemperatur: <\/span><\/span><strong><span style=\"vertical-align: inherit;\"><span style=\"vertical-align: inherit;\">0\u00b0C<\/span><\/span><\/strong><\/p>\n<p><span style=\"vertical-align: inherit;\"><span style=\"vertical-align: inherit;\">Gebrauchstemperatur nach dem Aufkleben: <\/span><\/span><strong><span style=\"vertical-align: inherit;\"><span style=\"vertical-align: inherit;\">-20\u00b0C bis 80\u00b0C<\/span><\/span><\/strong><\/p>\n<p><span style=\"vertical-align: inherit;\"><span style=\"vertical-align: inherit;\">Innendurchmesser der H\u00fclse: <\/span><\/span><strong><span style=\"vertical-align: inherit;\"><span style=\"vertical-align: inherit;\">40mm<\/span><\/span><\/strong><\/p>\n<p><span style=\"vertical-align: inherit;\"><span style=\"vertical-align: inherit;\">Rollenrollen-Durchmesser: <\/span><\/span><strong><span style=\"vertical-align: inherit;\"><span style=\"vertical-align: inherit;\">&lt;120mm<\/span><\/span><\/strong><\/p>\n<p><span style=\"vertical-align: inherit;\"><span style=\"vertical-align: inherit;\">Konfektion: f\u00fcr kleine Desktopdrucker und Industriedrucker<\/span><\/span><\/p>\n","protected":false},"excerpt":{"rendered":"<p><span style=\"vertical-align: inherit;\"><span style=\"vertical-align: inherit;\">Selbstklebende Etiketten, ohne Aufdruck, aus wei\u00dfem thermosensitivem Papier &#8222;Eco&#8220; mit Perforation zum einfachen Aufrei\u00dfen.<\/span><\/span><\/p>\n<p><strong><span style=\"vertical-align: inherit;\"><span style=\"vertical-align: inherit;\">Der Preis gilt f\u00fcr 1 Rolle Etiketten<\/span><\/span><\/strong><\/p>\n","protected":false},"featured_media":24768,"template":"","meta":{"_acf_changed":false,"inline_featured_image":false},"product_brand":[],"product_cat":[364],"product_tag":[],"class_list":{"0":"post-24275","1":"product","2":"type-product","3":"status-publish","4":"has-post-thumbnail","6":"product_cat-thermoetiketten-100-110mm-breite","8":"first","9":"outofstock","10":"taxable","11":"shipping-taxable","12":"purchasable","13":"product-type-simple"},"acf":[],"yoast_head":"<!-- This site is optimized with the Yoast SEO Premium plugin v24.6 (Yoast SEO v26.5) - https:\/\/yoast.com\/wordpress\/plugins\/seo\/ -->\n<title>100x30mm Thermoetikett 2000 St\u00fcck\/Rolle + Perforation (\u00f840\/120mm) von Printandstick.eu<\/title>\n<meta name=\"description\" content=\"Online-Shop mit selbstklebenden Etiketten auf Rolle. Blanco Etiketten f\u00fcr Thermodrucker. Etiketten 100x30mm. F\u00fcr Zebra, Epson und viele andere Drucker.\" \/>\n<meta name=\"robots\" content=\"index, follow, max-snippet:-1, max-image-preview:large, max-video-preview:-1\" \/>\n<link rel=\"canonical\" href=\"https:\/\/printandstick.eu\/de\/produkte\/100x30mm-thermo-eco-etikett-2000-stueck-rolle-perforation-oe40-120mm\/\" \/>\n<meta property=\"og:locale\" content=\"de_DE\" \/>\n<meta property=\"og:type\" content=\"article\" \/>\n<meta property=\"og:title\" content=\"100x30mm Thermoetikett 2000 St\u00fcck\/Rolle + Perforation (\u00f840\/120mm)\" \/>\n<meta property=\"og:description\" content=\"Selbstklebende Etiketten, ohne Aufdruck, aus wei\u00dfem thermosensitivem Papier &quot;Eco&quot; mit Perforation zum einfachen Aufrei\u00dfen. Der Preis gilt f\u00fcr 1 Rolle Etiketten\" \/>\n<meta property=\"og:url\" content=\"https:\/\/printandstick.eu\/de\/produkte\/100x30mm-thermo-eco-etikett-2000-stueck-rolle-perforation-oe40-120mm\/\" \/>\n<meta property=\"og:site_name\" content=\"Print &amp; Stick\" \/>\n<meta property=\"article:modified_time\" content=\"2024-04-03T17:41:17+00:00\" \/>\n<meta property=\"og:image\" content=\"https:\/\/printandstick.eu\/wp-content\/uploads\/2020\/08\/2.-100x30-Thermo-Eco.jpg\" \/>\n\t<meta property=\"og:image:width\" content=\"500\" \/>\n\t<meta property=\"og:image:height\" content=\"500\" \/>\n\t<meta property=\"og:image:type\" content=\"image\/jpeg\" \/>\n<meta name=\"twitter:card\" content=\"summary_large_image\" \/>\n<meta name=\"twitter:label1\" content=\"Gesch\u00e4tzte Lesezeit\" \/>\n\t<meta name=\"twitter:data1\" content=\"1\u00a0Minute\" \/>\n<script type=\"application\/ld+json\" class=\"yoast-schema-graph\">{\"@context\":\"https:\/\/schema.org\",\"@graph\":[{\"@type\":\"WebPage\",\"@id\":\"https:\/\/printandstick.eu\/de\/produkte\/100x30mm-thermo-eco-etikett-2000-stueck-rolle-perforation-oe40-120mm\/\",\"url\":\"https:\/\/printandstick.eu\/de\/produkte\/100x30mm-thermo-eco-etikett-2000-stueck-rolle-perforation-oe40-120mm\/\",\"name\":\"100x30mm Thermoetikett 2000 St\u00fcck\/Rolle + Perforation (\u00f840\/120mm) von Printandstick.eu\",\"isPartOf\":{\"@id\":\"https:\/\/printandstick.eu\/#website\"},\"primaryImageOfPage\":{\"@id\":\"https:\/\/printandstick.eu\/de\/produkte\/100x30mm-thermo-eco-etikett-2000-stueck-rolle-perforation-oe40-120mm\/#primaryimage\"},\"image\":{\"@id\":\"https:\/\/printandstick.eu\/de\/produkte\/100x30mm-thermo-eco-etikett-2000-stueck-rolle-perforation-oe40-120mm\/#primaryimage\"},\"thumbnailUrl\":\"https:\/\/printandstick.eu\/wp-content\/uploads\/2020\/08\/2.-100x30-Thermo-Eco.jpg\",\"datePublished\":\"2020-07-23T11:05:05+00:00\",\"dateModified\":\"2024-04-03T17:41:17+00:00\",\"description\":\"Online-Shop mit selbstklebenden Etiketten auf Rolle. Blanco Etiketten f\u00fcr Thermodrucker. Etiketten 100x30mm. F\u00fcr Zebra, Epson und viele andere Drucker.\",\"breadcrumb\":{\"@id\":\"https:\/\/printandstick.eu\/de\/produkte\/100x30mm-thermo-eco-etikett-2000-stueck-rolle-perforation-oe40-120mm\/#breadcrumb\"},\"inLanguage\":\"de\",\"potentialAction\":[{\"@type\":\"ReadAction\",\"target\":[\"https:\/\/printandstick.eu\/de\/produkte\/100x30mm-thermo-eco-etikett-2000-stueck-rolle-perforation-oe40-120mm\/\"]}]},{\"@type\":\"ImageObject\",\"inLanguage\":\"de\",\"@id\":\"https:\/\/printandstick.eu\/de\/produkte\/100x30mm-thermo-eco-etikett-2000-stueck-rolle-perforation-oe40-120mm\/#primaryimage\",\"url\":\"https:\/\/printandstick.eu\/wp-content\/uploads\/2020\/08\/2.-100x30-Thermo-Eco.jpg\",\"contentUrl\":\"https:\/\/printandstick.eu\/wp-content\/uploads\/2020\/08\/2.-100x30-Thermo-Eco.jpg\",\"width\":500,\"height\":500,\"caption\":\"Selbstklebende Etiketten auf Rolle f\u00fcr Drucker\"},{\"@type\":\"BreadcrumbList\",\"@id\":\"https:\/\/printandstick.eu\/de\/produkte\/100x30mm-thermo-eco-etikett-2000-stueck-rolle-perforation-oe40-120mm\/#breadcrumb\",\"itemListElement\":[{\"@type\":\"ListItem\",\"position\":1,\"name\":\"Strona g\u0142\u00f3wna\",\"item\":\"https:\/\/printandstick.eu\/de\/\"},{\"@type\":\"ListItem\",\"position\":2,\"name\":\"Onlineshop\",\"item\":\"https:\/\/printandstick.eu\/de\/onlineshop\/\"},{\"@type\":\"ListItem\",\"position\":3,\"name\":\"100x30mm Thermoetikett 2000 St\u00fcck\/Rolle + Perforation (\u00f840\/120mm)\"}]},{\"@type\":\"WebSite\",\"@id\":\"https:\/\/printandstick.eu\/#website\",\"url\":\"https:\/\/printandstick.eu\/\",\"name\":\"Printandstick.eu\",\"description\":\"Sklep internetowy z etykietami samoprzylepnymi do druku.\",\"publisher\":{\"@id\":\"https:\/\/printandstick.eu\/#organization\"},\"potentialAction\":[{\"@type\":\"SearchAction\",\"target\":{\"@type\":\"EntryPoint\",\"urlTemplate\":\"https:\/\/printandstick.eu\/?s={search_term_string}\"},\"query-input\":{\"@type\":\"PropertyValueSpecification\",\"valueRequired\":true,\"valueName\":\"search_term_string\"}}],\"inLanguage\":\"de\"},{\"@type\":\"Organization\",\"@id\":\"https:\/\/printandstick.eu\/#organization\",\"name\":\"Flexolabels Sp. z o.o.\",\"url\":\"https:\/\/printandstick.eu\/\",\"logo\":{\"@type\":\"ImageObject\",\"inLanguage\":\"de\",\"@id\":\"https:\/\/printandstick.eu\/#\/schema\/logo\/image\/\",\"url\":\"https:\/\/printandstick.eu\/wp-content\/uploads\/2019\/02\/logo.svg\",\"contentUrl\":\"https:\/\/printandstick.eu\/wp-content\/uploads\/2019\/02\/logo.svg\",\"width\":1,\"height\":1,\"caption\":\"Flexolabels Sp. z o.o.\"},\"image\":{\"@id\":\"https:\/\/printandstick.eu\/#\/schema\/logo\/image\/\"}}]}<\/script>\n<!-- \/ Yoast SEO Premium plugin. -->","yoast_head_json":{"title":"100x30mm Thermoetikett 2000 St\u00fcck\/Rolle + Perforation (\u00f840\/120mm) von Printandstick.eu","description":"Online-Shop mit selbstklebenden Etiketten auf Rolle. Blanco Etiketten f\u00fcr Thermodrucker. Etiketten 100x30mm. F\u00fcr Zebra, Epson und viele andere Drucker.","robots":{"index":"index","follow":"follow","max-snippet":"max-snippet:-1","max-image-preview":"max-image-preview:large","max-video-preview":"max-video-preview:-1"},"canonical":"https:\/\/printandstick.eu\/de\/produkte\/100x30mm-thermo-eco-etikett-2000-stueck-rolle-perforation-oe40-120mm\/","og_locale":"de_DE","og_type":"article","og_title":"100x30mm Thermoetikett 2000 St\u00fcck\/Rolle + Perforation (\u00f840\/120mm)","og_description":"Selbstklebende Etiketten, ohne Aufdruck, aus wei\u00dfem thermosensitivem Papier \"Eco\" mit Perforation zum einfachen Aufrei\u00dfen. Der Preis gilt f\u00fcr 1 Rolle Etiketten","og_url":"https:\/\/printandstick.eu\/de\/produkte\/100x30mm-thermo-eco-etikett-2000-stueck-rolle-perforation-oe40-120mm\/","og_site_name":"Print &amp; Stick","article_modified_time":"2024-04-03T17:41:17+00:00","og_image":[{"width":500,"height":500,"url":"https:\/\/printandstick.eu\/wp-content\/uploads\/2020\/08\/2.-100x30-Thermo-Eco.jpg","type":"image\/jpeg"}],"twitter_card":"summary_large_image","twitter_misc":{"Gesch\u00e4tzte Lesezeit":"1\u00a0Minute"},"schema":{"@context":"https:\/\/schema.org","@graph":[{"@type":"WebPage","@id":"https:\/\/printandstick.eu\/de\/produkte\/100x30mm-thermo-eco-etikett-2000-stueck-rolle-perforation-oe40-120mm\/","url":"https:\/\/printandstick.eu\/de\/produkte\/100x30mm-thermo-eco-etikett-2000-stueck-rolle-perforation-oe40-120mm\/","name":"100x30mm Thermoetikett 2000 St\u00fcck\/Rolle + Perforation (\u00f840\/120mm) von Printandstick.eu","isPartOf":{"@id":"https:\/\/printandstick.eu\/#website"},"primaryImageOfPage":{"@id":"https:\/\/printandstick.eu\/de\/produkte\/100x30mm-thermo-eco-etikett-2000-stueck-rolle-perforation-oe40-120mm\/#primaryimage"},"image":{"@id":"https:\/\/printandstick.eu\/de\/produkte\/100x30mm-thermo-eco-etikett-2000-stueck-rolle-perforation-oe40-120mm\/#primaryimage"},"thumbnailUrl":"https:\/\/printandstick.eu\/wp-content\/uploads\/2020\/08\/2.-100x30-Thermo-Eco.jpg","datePublished":"2020-07-23T11:05:05+00:00","dateModified":"2024-04-03T17:41:17+00:00","description":"Online-Shop mit selbstklebenden Etiketten auf Rolle. Blanco Etiketten f\u00fcr Thermodrucker. Etiketten 100x30mm. F\u00fcr Zebra, Epson und viele andere Drucker.","breadcrumb":{"@id":"https:\/\/printandstick.eu\/de\/produkte\/100x30mm-thermo-eco-etikett-2000-stueck-rolle-perforation-oe40-120mm\/#breadcrumb"},"inLanguage":"de","potentialAction":[{"@type":"ReadAction","target":["https:\/\/printandstick.eu\/de\/produkte\/100x30mm-thermo-eco-etikett-2000-stueck-rolle-perforation-oe40-120mm\/"]}]},{"@type":"ImageObject","inLanguage":"de","@id":"https:\/\/printandstick.eu\/de\/produkte\/100x30mm-thermo-eco-etikett-2000-stueck-rolle-perforation-oe40-120mm\/#primaryimage","url":"https:\/\/printandstick.eu\/wp-content\/uploads\/2020\/08\/2.-100x30-Thermo-Eco.jpg","contentUrl":"https:\/\/printandstick.eu\/wp-content\/uploads\/2020\/08\/2.-100x30-Thermo-Eco.jpg","width":500,"height":500,"caption":"Selbstklebende Etiketten auf Rolle f\u00fcr Drucker"},{"@type":"BreadcrumbList","@id":"https:\/\/printandstick.eu\/de\/produkte\/100x30mm-thermo-eco-etikett-2000-stueck-rolle-perforation-oe40-120mm\/#breadcrumb","itemListElement":[{"@type":"ListItem","position":1,"name":"Strona g\u0142\u00f3wna","item":"https:\/\/printandstick.eu\/de\/"},{"@type":"ListItem","position":2,"name":"Onlineshop","item":"https:\/\/printandstick.eu\/de\/onlineshop\/"},{"@type":"ListItem","position":3,"name":"100x30mm Thermoetikett 2000 St\u00fcck\/Rolle + Perforation (\u00f840\/120mm)"}]},{"@type":"WebSite","@id":"https:\/\/printandstick.eu\/#website","url":"https:\/\/printandstick.eu\/","name":"Printandstick.eu","description":"Sklep internetowy z etykietami samoprzylepnymi do druku.","publisher":{"@id":"https:\/\/printandstick.eu\/#organization"},"potentialAction":[{"@type":"SearchAction","target":{"@type":"EntryPoint","urlTemplate":"https:\/\/printandstick.eu\/?s={search_term_string}"},"query-input":{"@type":"PropertyValueSpecification","valueRequired":true,"valueName":"search_term_string"}}],"inLanguage":"de"},{"@type":"Organization","@id":"https:\/\/printandstick.eu\/#organization","name":"Flexolabels Sp. z o.o.","url":"https:\/\/printandstick.eu\/","logo":{"@type":"ImageObject","inLanguage":"de","@id":"https:\/\/printandstick.eu\/#\/schema\/logo\/image\/","url":"https:\/\/printandstick.eu\/wp-content\/uploads\/2019\/02\/logo.svg","contentUrl":"https:\/\/printandstick.eu\/wp-content\/uploads\/2019\/02\/logo.svg","width":1,"height":1,"caption":"Flexolabels Sp. z o.o."},"image":{"@id":"https:\/\/printandstick.eu\/#\/schema\/logo\/image\/"}}]}},"_links":{"self":[{"href":"https:\/\/printandstick.eu\/de\/wp-json\/wp\/v2\/product\/24275","targetHints":{"allow":["GET"]}}],"collection":[{"href":"https:\/\/printandstick.eu\/de\/wp-json\/wp\/v2\/product"}],"about":[{"href":"https:\/\/printandstick.eu\/de\/wp-json\/wp\/v2\/types\/product"}],"wp:featuredmedia":[{"embeddable":true,"href":"https:\/\/printandstick.eu\/de\/wp-json\/wp\/v2\/media\/24768"}],"wp:attachment":[{"href":"https:\/\/printandstick.eu\/de\/wp-json\/wp\/v2\/media?parent=24275"}],"wp:term":[{"taxonomy":"product_brand","embeddable":true,"href":"https:\/\/printandstick.eu\/de\/wp-json\/wp\/v2\/product_brand?post=24275"},{"taxonomy":"product_cat","embeddable":true,"href":"https:\/\/printandstick.eu\/de\/wp-json\/wp\/v2\/product_cat?post=24275"},{"taxonomy":"product_tag","embeddable":true,"href":"https:\/\/printandstick.eu\/de\/wp-json\/wp\/v2\/product_tag?post=24275"}],"curies":[{"name":"wp","href":"https:\/\/api.w.org\/{rel}","templated":true}]}}