{"id":24092,"date":"2019-07-03T14:27:11","date_gmt":"2020-07-16T10:36:55","guid":{"rendered":"https:\/\/printandstick.eu\/?post_type=product&#038;p=24092"},"modified":"2024-12-14T14:17:06","modified_gmt":"2024-12-14T13:17:06","slug":"dekorbogen-ecru-creme-geripptes-papier","status":"publish","type":"product","link":"https:\/\/printandstick.eu\/de\/produkte\/dekorbogen-ecru-creme-geripptes-papier\/","title":{"rendered":"Dekorbogen \u2013 Ecru\/Creme, geripptes Papier"},"content":{"rendered":"<p><strong>Besonders gew\u00e4hltes Strukturpapier empfehlen wir zum Etikettieren von Verpackungen aus Glas und Kunststoff mit: Alkohol, Lebensmitteln oder Premium-Produkten.<\/strong><br \/>\nSorgf\u00e4ltig entwickelte und getestete Stoffe helfen, die Marke in bestem Licht zu pr\u00e4sentieren. Unsere Etiketten sind die ideale L\u00f6sung, wenn Sie hausgemachte Konfit\u00fcren, handwerkliche Produkte auf Ihrem lokalen Marktplatz, Weinflaschen als Geschenk f\u00fcr einen Gesch\u00e4ftspartner oder sogar Alkohol f\u00fcr einen Hochzeitsempfang kennzeichnen m\u00fcssen. Wenn Sie ein Hersteller von Produkten mit dem Bio-Siegel sind, k\u00f6nnen Sie dem Kunden dank unserer Etiketten auch die nat\u00fcrliche Herkunft Ihres Produkts und seine hohe Qualit\u00e4t andeuten.<\/p>\n<p><strong>Ein spezieller Acrylkleber f\u00fcr Glasverpackungen vertr\u00e4gt sehr gut die Temperatur- und Feuchtigkeits\u00e4nderungen bei der Etikettierung und Lagerung.<br \/>\n<\/strong>Die hohe Anfangshaftung sorgt f\u00fcr ein hervorragendes Anliegen auch auf nassen und kalten Oberfl\u00e4chen und verhindert das Verrutschen des Etiketts. Der Kleber weist auch eine hohe Wasserbest\u00e4ndigkeit auf, was ihn zum Beispiel zum Etikettieren von Flaschen, die in Eiseimer gelegt werden, geeignet macht. Die minimale Etikettierungstemperatur ist 5\u00b0 C, nach dem Etikettieren kann der Beh\u00e4lter bei einer Temperatur von bis zu -20 \u00b0 C gelagert werden.<\/p>\n<p><strong>Der Preis gilt f\u00fcr eine einzelne Verpackung, die 25 St\u00fcck von Dekorbogen DIN 4 mit dem ausgew\u00e4hlten Muster enth\u00e4lt. <\/strong><\/p>\n","protected":false},"excerpt":{"rendered":"<p>Dekorbogen \u2013 spezielle, selbstklebende Etiketten auf hochwertigem Papier<\/p>\n","protected":false},"featured_media":16624,"template":"","meta":{"_acf_changed":false,"inline_featured_image":false},"product_brand":[],"product_cat":[592],"product_tag":[],"class_list":{"0":"post-24092","1":"product","2":"type-product","3":"status-publish","4":"has-post-thumbnail","6":"product_cat-etiketten-auf-din-a4-dekorativ","8":"first","9":"instock","10":"taxable","11":"shipping-taxable","12":"purchasable","13":"product-type-variable","14":"has-default-attributes"},"acf":[],"yoast_head":"<!-- This site is optimized with the Yoast SEO Premium plugin v24.6 (Yoast SEO v26.5) - https:\/\/yoast.com\/wordpress\/plugins\/seo\/ -->\n<title>Dekorbogen \u2013 Ecru\/Creme, geripptes Papier von Printandstick.eu<\/title>\n<meta name=\"description\" content=\"Flaschenetiketten selbst gestalten! Besonders gew\u00e4hltes Strukturpapier empfehlen wir zum Etikettieren von Verpackungen aus Glas und Kunststoff mit: Alkohol, Lebensmitteln oder Premium-Produkten.\" \/>\n<meta name=\"robots\" content=\"index, follow, max-snippet:-1, max-image-preview:large, max-video-preview:-1\" \/>\n<link rel=\"canonical\" href=\"https:\/\/printandstick.eu\/de\/produkte\/dekorbogen-ecru-creme-geripptes-papier\/\" \/>\n<meta property=\"og:locale\" content=\"de_DE\" \/>\n<meta property=\"og:type\" content=\"article\" \/>\n<meta property=\"og:title\" content=\"Dekorbogen \u2013 Ecru\/Creme, geripptes Papier\" \/>\n<meta property=\"og:description\" content=\"Dekorbogen \u2013 spezielle, selbstklebende Etiketten auf hochwertigem Papier\" \/>\n<meta property=\"og:url\" content=\"https:\/\/printandstick.eu\/de\/produkte\/dekorbogen-ecru-creme-geripptes-papier\/\" \/>\n<meta property=\"og:site_name\" content=\"Print &amp; Stick\" \/>\n<meta property=\"article:modified_time\" content=\"2024-12-14T13:17:06+00:00\" \/>\n<meta property=\"og:image\" content=\"https:\/\/printandstick.eu\/wp-content\/uploads\/2020\/03\/Papier-dekoracyjny.jpg\" \/>\n\t<meta property=\"og:image:width\" content=\"500\" \/>\n\t<meta property=\"og:image:height\" content=\"500\" \/>\n\t<meta property=\"og:image:type\" content=\"image\/jpeg\" \/>\n<meta name=\"twitter:card\" content=\"summary_large_image\" \/>\n<meta name=\"twitter:label1\" content=\"Gesch\u00e4tzte Lesezeit\" \/>\n\t<meta name=\"twitter:data1\" content=\"1\u00a0Minute\" \/>\n<script type=\"application\/ld+json\" class=\"yoast-schema-graph\">{\"@context\":\"https:\/\/schema.org\",\"@graph\":[{\"@type\":\"WebPage\",\"@id\":\"https:\/\/printandstick.eu\/de\/produkte\/dekorbogen-ecru-creme-geripptes-papier\/\",\"url\":\"https:\/\/printandstick.eu\/de\/produkte\/dekorbogen-ecru-creme-geripptes-papier\/\",\"name\":\"Dekorbogen \u2013 Ecru\/Creme, geripptes Papier von Printandstick.eu\",\"isPartOf\":{\"@id\":\"https:\/\/printandstick.eu\/#website\"},\"primaryImageOfPage\":{\"@id\":\"https:\/\/printandstick.eu\/de\/produkte\/dekorbogen-ecru-creme-geripptes-papier\/#primaryimage\"},\"image\":{\"@id\":\"https:\/\/printandstick.eu\/de\/produkte\/dekorbogen-ecru-creme-geripptes-papier\/#primaryimage\"},\"thumbnailUrl\":\"https:\/\/printandstick.eu\/wp-content\/uploads\/2020\/03\/Papier-dekoracyjny.jpg\",\"datePublished\":\"2020-07-16T10:36:55+00:00\",\"dateModified\":\"2024-12-14T13:17:06+00:00\",\"description\":\"Flaschenetiketten selbst gestalten! Besonders gew\u00e4hltes Strukturpapier empfehlen wir zum Etikettieren von Verpackungen aus Glas und Kunststoff mit: Alkohol, Lebensmitteln oder Premium-Produkten.\",\"breadcrumb\":{\"@id\":\"https:\/\/printandstick.eu\/de\/produkte\/dekorbogen-ecru-creme-geripptes-papier\/#breadcrumb\"},\"inLanguage\":\"de\",\"potentialAction\":[{\"@type\":\"ReadAction\",\"target\":[\"https:\/\/printandstick.eu\/de\/produkte\/dekorbogen-ecru-creme-geripptes-papier\/\"]}]},{\"@type\":\"ImageObject\",\"inLanguage\":\"de\",\"@id\":\"https:\/\/printandstick.eu\/de\/produkte\/dekorbogen-ecru-creme-geripptes-papier\/#primaryimage\",\"url\":\"https:\/\/printandstick.eu\/wp-content\/uploads\/2020\/03\/Papier-dekoracyjny.jpg\",\"contentUrl\":\"https:\/\/printandstick.eu\/wp-content\/uploads\/2020\/03\/Papier-dekoracyjny.jpg\",\"width\":500,\"height\":500,\"caption\":\"papier samoprzylepny w pr\u0105\u017cki\"},{\"@type\":\"BreadcrumbList\",\"@id\":\"https:\/\/printandstick.eu\/de\/produkte\/dekorbogen-ecru-creme-geripptes-papier\/#breadcrumb\",\"itemListElement\":[{\"@type\":\"ListItem\",\"position\":1,\"name\":\"Strona g\u0142\u00f3wna\",\"item\":\"https:\/\/printandstick.eu\/de\/\"},{\"@type\":\"ListItem\",\"position\":2,\"name\":\"Onlineshop\",\"item\":\"https:\/\/printandstick.eu\/de\/onlineshop\/\"},{\"@type\":\"ListItem\",\"position\":3,\"name\":\"Dekorbogen \u2013 Ecru\/Creme, geripptes Papier\"}]},{\"@type\":\"WebSite\",\"@id\":\"https:\/\/printandstick.eu\/#website\",\"url\":\"https:\/\/printandstick.eu\/\",\"name\":\"Printandstick.eu\",\"description\":\"Sklep internetowy z etykietami samoprzylepnymi do druku.\",\"publisher\":{\"@id\":\"https:\/\/printandstick.eu\/#organization\"},\"potentialAction\":[{\"@type\":\"SearchAction\",\"target\":{\"@type\":\"EntryPoint\",\"urlTemplate\":\"https:\/\/printandstick.eu\/?s={search_term_string}\"},\"query-input\":{\"@type\":\"PropertyValueSpecification\",\"valueRequired\":true,\"valueName\":\"search_term_string\"}}],\"inLanguage\":\"de\"},{\"@type\":\"Organization\",\"@id\":\"https:\/\/printandstick.eu\/#organization\",\"name\":\"Flexolabels Sp. z o.o.\",\"url\":\"https:\/\/printandstick.eu\/\",\"logo\":{\"@type\":\"ImageObject\",\"inLanguage\":\"de\",\"@id\":\"https:\/\/printandstick.eu\/#\/schema\/logo\/image\/\",\"url\":\"https:\/\/printandstick.eu\/wp-content\/uploads\/2019\/02\/logo.svg\",\"contentUrl\":\"https:\/\/printandstick.eu\/wp-content\/uploads\/2019\/02\/logo.svg\",\"width\":1,\"height\":1,\"caption\":\"Flexolabels Sp. z o.o.\"},\"image\":{\"@id\":\"https:\/\/printandstick.eu\/#\/schema\/logo\/image\/\"}}]}<\/script>\n<!-- \/ Yoast SEO Premium plugin. -->","yoast_head_json":{"title":"Dekorbogen \u2013 Ecru\/Creme, geripptes Papier von Printandstick.eu","description":"Flaschenetiketten selbst gestalten! Besonders gew\u00e4hltes Strukturpapier empfehlen wir zum Etikettieren von Verpackungen aus Glas und Kunststoff mit: Alkohol, Lebensmitteln oder Premium-Produkten.","robots":{"index":"index","follow":"follow","max-snippet":"max-snippet:-1","max-image-preview":"max-image-preview:large","max-video-preview":"max-video-preview:-1"},"canonical":"https:\/\/printandstick.eu\/de\/produkte\/dekorbogen-ecru-creme-geripptes-papier\/","og_locale":"de_DE","og_type":"article","og_title":"Dekorbogen \u2013 Ecru\/Creme, geripptes Papier","og_description":"Dekorbogen \u2013 spezielle, selbstklebende Etiketten auf hochwertigem Papier","og_url":"https:\/\/printandstick.eu\/de\/produkte\/dekorbogen-ecru-creme-geripptes-papier\/","og_site_name":"Print &amp; Stick","article_modified_time":"2024-12-14T13:17:06+00:00","og_image":[{"width":500,"height":500,"url":"https:\/\/printandstick.eu\/wp-content\/uploads\/2020\/03\/Papier-dekoracyjny.jpg","type":"image\/jpeg"}],"twitter_card":"summary_large_image","twitter_misc":{"Gesch\u00e4tzte Lesezeit":"1\u00a0Minute"},"schema":{"@context":"https:\/\/schema.org","@graph":[{"@type":"WebPage","@id":"https:\/\/printandstick.eu\/de\/produkte\/dekorbogen-ecru-creme-geripptes-papier\/","url":"https:\/\/printandstick.eu\/de\/produkte\/dekorbogen-ecru-creme-geripptes-papier\/","name":"Dekorbogen \u2013 Ecru\/Creme, geripptes Papier von Printandstick.eu","isPartOf":{"@id":"https:\/\/printandstick.eu\/#website"},"primaryImageOfPage":{"@id":"https:\/\/printandstick.eu\/de\/produkte\/dekorbogen-ecru-creme-geripptes-papier\/#primaryimage"},"image":{"@id":"https:\/\/printandstick.eu\/de\/produkte\/dekorbogen-ecru-creme-geripptes-papier\/#primaryimage"},"thumbnailUrl":"https:\/\/printandstick.eu\/wp-content\/uploads\/2020\/03\/Papier-dekoracyjny.jpg","datePublished":"2020-07-16T10:36:55+00:00","dateModified":"2024-12-14T13:17:06+00:00","description":"Flaschenetiketten selbst gestalten! Besonders gew\u00e4hltes Strukturpapier empfehlen wir zum Etikettieren von Verpackungen aus Glas und Kunststoff mit: Alkohol, Lebensmitteln oder Premium-Produkten.","breadcrumb":{"@id":"https:\/\/printandstick.eu\/de\/produkte\/dekorbogen-ecru-creme-geripptes-papier\/#breadcrumb"},"inLanguage":"de","potentialAction":[{"@type":"ReadAction","target":["https:\/\/printandstick.eu\/de\/produkte\/dekorbogen-ecru-creme-geripptes-papier\/"]}]},{"@type":"ImageObject","inLanguage":"de","@id":"https:\/\/printandstick.eu\/de\/produkte\/dekorbogen-ecru-creme-geripptes-papier\/#primaryimage","url":"https:\/\/printandstick.eu\/wp-content\/uploads\/2020\/03\/Papier-dekoracyjny.jpg","contentUrl":"https:\/\/printandstick.eu\/wp-content\/uploads\/2020\/03\/Papier-dekoracyjny.jpg","width":500,"height":500,"caption":"papier samoprzylepny w pr\u0105\u017cki"},{"@type":"BreadcrumbList","@id":"https:\/\/printandstick.eu\/de\/produkte\/dekorbogen-ecru-creme-geripptes-papier\/#breadcrumb","itemListElement":[{"@type":"ListItem","position":1,"name":"Strona g\u0142\u00f3wna","item":"https:\/\/printandstick.eu\/de\/"},{"@type":"ListItem","position":2,"name":"Onlineshop","item":"https:\/\/printandstick.eu\/de\/onlineshop\/"},{"@type":"ListItem","position":3,"name":"Dekorbogen \u2013 Ecru\/Creme, geripptes Papier"}]},{"@type":"WebSite","@id":"https:\/\/printandstick.eu\/#website","url":"https:\/\/printandstick.eu\/","name":"Printandstick.eu","description":"Sklep internetowy z etykietami samoprzylepnymi do druku.","publisher":{"@id":"https:\/\/printandstick.eu\/#organization"},"potentialAction":[{"@type":"SearchAction","target":{"@type":"EntryPoint","urlTemplate":"https:\/\/printandstick.eu\/?s={search_term_string}"},"query-input":{"@type":"PropertyValueSpecification","valueRequired":true,"valueName":"search_term_string"}}],"inLanguage":"de"},{"@type":"Organization","@id":"https:\/\/printandstick.eu\/#organization","name":"Flexolabels Sp. z o.o.","url":"https:\/\/printandstick.eu\/","logo":{"@type":"ImageObject","inLanguage":"de","@id":"https:\/\/printandstick.eu\/#\/schema\/logo\/image\/","url":"https:\/\/printandstick.eu\/wp-content\/uploads\/2019\/02\/logo.svg","contentUrl":"https:\/\/printandstick.eu\/wp-content\/uploads\/2019\/02\/logo.svg","width":1,"height":1,"caption":"Flexolabels Sp. z o.o."},"image":{"@id":"https:\/\/printandstick.eu\/#\/schema\/logo\/image\/"}}]}},"_links":{"self":[{"href":"https:\/\/printandstick.eu\/de\/wp-json\/wp\/v2\/product\/24092","targetHints":{"allow":["GET"]}}],"collection":[{"href":"https:\/\/printandstick.eu\/de\/wp-json\/wp\/v2\/product"}],"about":[{"href":"https:\/\/printandstick.eu\/de\/wp-json\/wp\/v2\/types\/product"}],"wp:featuredmedia":[{"embeddable":true,"href":"https:\/\/printandstick.eu\/de\/wp-json\/wp\/v2\/media\/16624"}],"wp:attachment":[{"href":"https:\/\/printandstick.eu\/de\/wp-json\/wp\/v2\/media?parent=24092"}],"wp:term":[{"taxonomy":"product_brand","embeddable":true,"href":"https:\/\/printandstick.eu\/de\/wp-json\/wp\/v2\/product_brand?post=24092"},{"taxonomy":"product_cat","embeddable":true,"href":"https:\/\/printandstick.eu\/de\/wp-json\/wp\/v2\/product_cat?post=24092"},{"taxonomy":"product_tag","embeddable":true,"href":"https:\/\/printandstick.eu\/de\/wp-json\/wp\/v2\/product_tag?post=24092"}],"curies":[{"name":"wp","href":"https:\/\/api.w.org\/{rel}","templated":true}]}}