{"id":23524,"date":"2020-06-28T14:22:46","date_gmt":"2020-06-28T12:22:46","guid":{"rendered":"https:\/\/printandstick.eu\/?post_type=product&#038;p=23524"},"modified":"2025-01-21T14:24:04","modified_gmt":"2025-01-21T13:24:04","slug":"logistiketiketten-vor-naesse-schuetzen","status":"publish","type":"product","link":"https:\/\/printandstick.eu\/de\/produkte\/logistiketiketten-vor-naesse-schuetzen\/","title":{"rendered":"Logistiketiketten \u201eVOR N\u00c4SSE SCH\u00dcTZEN\u201c"},"content":{"rendered":"<p><span style=\"vertical-align: inherit;\"><span style=\"vertical-align: inherit;\">Logistiketiketten sind ein wesentliches Element f\u00fcr die ordnungsgem\u00e4\u00dfe Kennzeichnung einer Sendung. <\/span><span style=\"vertical-align: inherit;\">Sie sind die beste Kommunikationsmethode mit Personen, die f\u00fcr den Warentransport verantwortlich sind. <\/span><\/span><br \/>\n<strong><span style=\"vertical-align: inherit;\"><span style=\"vertical-align: inherit;\">Intensive Farben fallen ins Auge und leicht zu lesende Piktogramme und Slogans sind leicht zu verstehen.<\/span><\/span><\/strong><\/p>\n<p><span style=\"vertical-align: inherit;\"><span style=\"vertical-align: inherit;\">Wenn Sie Ihre Sendungen auf diese Weise markieren, k\u00f6nnen Sie sicher sein, dass die Waren, die ihre Reise beginnen, jederzeit ordnungsgem\u00e4\u00df gesichert werden und den Kunden intakt treffen. <\/span><\/span><br \/>\n<span style=\"vertical-align: inherit;\"><span style=\"vertical-align: inherit;\">Erh\u00e4ltlich in mehreren, bekannten Mustern, die am h\u00e4ufigsten zum Markieren von Sendungen verwendet werden.<\/span><\/span><\/p>\n<p><strong><span style=\"vertical-align: inherit;\"><span style=\"vertical-align: inherit;\">Papieretiketten (100x100mm) mit Dauerkleber, zus\u00e4tzlich durch UV-Lack gesch\u00fctzt &#8211; die Kombination dieser Eigenschaften bietet Sicherheit in Bezug auf Haltbarkeit und Best\u00e4ndigkeit gegen sich \u00e4ndernde \u00e4u\u00dfere Bedingungen.<\/span><\/span><\/strong><\/p>\n","protected":false},"excerpt":{"rendered":"<p>Logistiketiketten 100x100mm auf Rolle.<\/p>\n","protected":false},"featured_media":23495,"template":"","meta":{"_acf_changed":false,"inline_featured_image":false},"product_brand":[],"product_cat":[436],"product_tag":[],"class_list":{"0":"post-23524","1":"product","2":"type-product","3":"status-publish","4":"has-post-thumbnail","6":"product_cat-logistik-und-warnhinweise","8":"first","9":"instock","10":"taxable","11":"shipping-taxable","12":"purchasable","13":"product-type-simple"},"acf":[],"yoast_head":"<!-- This site is optimized with the Yoast SEO Premium plugin v24.6 (Yoast SEO v26.5) - https:\/\/yoast.com\/wordpress\/plugins\/seo\/ -->\n<title>Logistiketiketten \u201eVOR N\u00c4SSE SCH\u00dcTZEN\u201c von Printandstick.eu<\/title>\n<meta name=\"description\" content=\"Onlineshop mit Aufklebern f\u00fcr Transport, Logistik, B\u00fcro und Lager. Aufkleber \u201e Vor N\u00e4sse sch\u00fctzen\u201c mit stark haftendem Kleber. Gro\u00dfe Auswahl an Mustern.\" \/>\n<meta name=\"robots\" content=\"index, follow, max-snippet:-1, max-image-preview:large, max-video-preview:-1\" \/>\n<link rel=\"canonical\" href=\"https:\/\/printandstick.eu\/de\/produkte\/logistiketiketten-vor-naesse-schuetzen\/\" \/>\n<meta property=\"og:locale\" content=\"de_DE\" \/>\n<meta property=\"og:type\" content=\"article\" \/>\n<meta property=\"og:title\" content=\"Logistiketiketten \u201eVOR N\u00c4SSE SCH\u00dcTZEN\u201c\" \/>\n<meta property=\"og:description\" content=\"Logistiketiketten 100x100mm auf Rolle.\" \/>\n<meta property=\"og:url\" content=\"https:\/\/printandstick.eu\/de\/produkte\/logistiketiketten-vor-naesse-schuetzen\/\" \/>\n<meta property=\"og:site_name\" content=\"Print &amp; Stick\" \/>\n<meta property=\"article:modified_time\" content=\"2025-01-21T13:24:04+00:00\" \/>\n<meta property=\"og:image\" content=\"https:\/\/printandstick.eu\/wp-content\/uploads\/2020\/03\/Chronic-przed-wilgocia-DE.jpg\" \/>\n\t<meta property=\"og:image:width\" content=\"1219\" \/>\n\t<meta property=\"og:image:height\" content=\"1219\" \/>\n\t<meta property=\"og:image:type\" content=\"image\/jpeg\" \/>\n<meta name=\"twitter:card\" content=\"summary_large_image\" \/>\n<meta name=\"twitter:label1\" content=\"Gesch\u00e4tzte Lesezeit\" \/>\n\t<meta name=\"twitter:data1\" content=\"1\u00a0Minute\" \/>\n<script type=\"application\/ld+json\" class=\"yoast-schema-graph\">{\"@context\":\"https:\/\/schema.org\",\"@graph\":[{\"@type\":\"WebPage\",\"@id\":\"https:\/\/printandstick.eu\/de\/produkte\/logistiketiketten-vor-naesse-schuetzen\/\",\"url\":\"https:\/\/printandstick.eu\/de\/produkte\/logistiketiketten-vor-naesse-schuetzen\/\",\"name\":\"Logistiketiketten \u201eVOR N\u00c4SSE SCH\u00dcTZEN\u201c von Printandstick.eu\",\"isPartOf\":{\"@id\":\"https:\/\/printandstick.eu\/#website\"},\"primaryImageOfPage\":{\"@id\":\"https:\/\/printandstick.eu\/de\/produkte\/logistiketiketten-vor-naesse-schuetzen\/#primaryimage\"},\"image\":{\"@id\":\"https:\/\/printandstick.eu\/de\/produkte\/logistiketiketten-vor-naesse-schuetzen\/#primaryimage\"},\"thumbnailUrl\":\"https:\/\/printandstick.eu\/wp-content\/uploads\/2020\/03\/Chronic-przed-wilgocia-DE.jpg\",\"datePublished\":\"2020-06-28T12:22:46+00:00\",\"dateModified\":\"2025-01-21T13:24:04+00:00\",\"description\":\"Onlineshop mit Aufklebern f\u00fcr Transport, Logistik, B\u00fcro und Lager. Aufkleber \u201e Vor N\u00e4sse sch\u00fctzen\u201c mit stark haftendem Kleber. Gro\u00dfe Auswahl an Mustern.\",\"breadcrumb\":{\"@id\":\"https:\/\/printandstick.eu\/de\/produkte\/logistiketiketten-vor-naesse-schuetzen\/#breadcrumb\"},\"inLanguage\":\"de\",\"potentialAction\":[{\"@type\":\"ReadAction\",\"target\":[\"https:\/\/printandstick.eu\/de\/produkte\/logistiketiketten-vor-naesse-schuetzen\/\"]}]},{\"@type\":\"ImageObject\",\"inLanguage\":\"de\",\"@id\":\"https:\/\/printandstick.eu\/de\/produkte\/logistiketiketten-vor-naesse-schuetzen\/#primaryimage\",\"url\":\"https:\/\/printandstick.eu\/wp-content\/uploads\/2020\/03\/Chronic-przed-wilgocia-DE.jpg\",\"contentUrl\":\"https:\/\/printandstick.eu\/wp-content\/uploads\/2020\/03\/Chronic-przed-wilgocia-DE.jpg\",\"width\":1219,\"height\":1219},{\"@type\":\"BreadcrumbList\",\"@id\":\"https:\/\/printandstick.eu\/de\/produkte\/logistiketiketten-vor-naesse-schuetzen\/#breadcrumb\",\"itemListElement\":[{\"@type\":\"ListItem\",\"position\":1,\"name\":\"Strona g\u0142\u00f3wna\",\"item\":\"https:\/\/printandstick.eu\/de\/\"},{\"@type\":\"ListItem\",\"position\":2,\"name\":\"Onlineshop\",\"item\":\"https:\/\/printandstick.eu\/de\/onlineshop\/\"},{\"@type\":\"ListItem\",\"position\":3,\"name\":\"Logistiketiketten \u201eVOR N\u00c4SSE SCH\u00dcTZEN\u201c\"}]},{\"@type\":\"WebSite\",\"@id\":\"https:\/\/printandstick.eu\/#website\",\"url\":\"https:\/\/printandstick.eu\/\",\"name\":\"Printandstick.eu\",\"description\":\"Sklep internetowy z etykietami samoprzylepnymi do druku.\",\"publisher\":{\"@id\":\"https:\/\/printandstick.eu\/#organization\"},\"potentialAction\":[{\"@type\":\"SearchAction\",\"target\":{\"@type\":\"EntryPoint\",\"urlTemplate\":\"https:\/\/printandstick.eu\/?s={search_term_string}\"},\"query-input\":{\"@type\":\"PropertyValueSpecification\",\"valueRequired\":true,\"valueName\":\"search_term_string\"}}],\"inLanguage\":\"de\"},{\"@type\":\"Organization\",\"@id\":\"https:\/\/printandstick.eu\/#organization\",\"name\":\"Flexolabels Sp. z o.o.\",\"url\":\"https:\/\/printandstick.eu\/\",\"logo\":{\"@type\":\"ImageObject\",\"inLanguage\":\"de\",\"@id\":\"https:\/\/printandstick.eu\/#\/schema\/logo\/image\/\",\"url\":\"https:\/\/printandstick.eu\/wp-content\/uploads\/2019\/02\/logo.svg\",\"contentUrl\":\"https:\/\/printandstick.eu\/wp-content\/uploads\/2019\/02\/logo.svg\",\"width\":1,\"height\":1,\"caption\":\"Flexolabels Sp. z o.o.\"},\"image\":{\"@id\":\"https:\/\/printandstick.eu\/#\/schema\/logo\/image\/\"}}]}<\/script>\n<!-- \/ Yoast SEO Premium plugin. -->","yoast_head_json":{"title":"Logistiketiketten \u201eVOR N\u00c4SSE SCH\u00dcTZEN\u201c von Printandstick.eu","description":"Onlineshop mit Aufklebern f\u00fcr Transport, Logistik, B\u00fcro und Lager. Aufkleber \u201e Vor N\u00e4sse sch\u00fctzen\u201c mit stark haftendem Kleber. Gro\u00dfe Auswahl an Mustern.","robots":{"index":"index","follow":"follow","max-snippet":"max-snippet:-1","max-image-preview":"max-image-preview:large","max-video-preview":"max-video-preview:-1"},"canonical":"https:\/\/printandstick.eu\/de\/produkte\/logistiketiketten-vor-naesse-schuetzen\/","og_locale":"de_DE","og_type":"article","og_title":"Logistiketiketten \u201eVOR N\u00c4SSE SCH\u00dcTZEN\u201c","og_description":"Logistiketiketten 100x100mm auf Rolle.","og_url":"https:\/\/printandstick.eu\/de\/produkte\/logistiketiketten-vor-naesse-schuetzen\/","og_site_name":"Print &amp; Stick","article_modified_time":"2025-01-21T13:24:04+00:00","og_image":[{"width":1219,"height":1219,"url":"https:\/\/printandstick.eu\/wp-content\/uploads\/2020\/03\/Chronic-przed-wilgocia-DE.jpg","type":"image\/jpeg"}],"twitter_card":"summary_large_image","twitter_misc":{"Gesch\u00e4tzte Lesezeit":"1\u00a0Minute"},"schema":{"@context":"https:\/\/schema.org","@graph":[{"@type":"WebPage","@id":"https:\/\/printandstick.eu\/de\/produkte\/logistiketiketten-vor-naesse-schuetzen\/","url":"https:\/\/printandstick.eu\/de\/produkte\/logistiketiketten-vor-naesse-schuetzen\/","name":"Logistiketiketten \u201eVOR N\u00c4SSE SCH\u00dcTZEN\u201c von Printandstick.eu","isPartOf":{"@id":"https:\/\/printandstick.eu\/#website"},"primaryImageOfPage":{"@id":"https:\/\/printandstick.eu\/de\/produkte\/logistiketiketten-vor-naesse-schuetzen\/#primaryimage"},"image":{"@id":"https:\/\/printandstick.eu\/de\/produkte\/logistiketiketten-vor-naesse-schuetzen\/#primaryimage"},"thumbnailUrl":"https:\/\/printandstick.eu\/wp-content\/uploads\/2020\/03\/Chronic-przed-wilgocia-DE.jpg","datePublished":"2020-06-28T12:22:46+00:00","dateModified":"2025-01-21T13:24:04+00:00","description":"Onlineshop mit Aufklebern f\u00fcr Transport, Logistik, B\u00fcro und Lager. Aufkleber \u201e Vor N\u00e4sse sch\u00fctzen\u201c mit stark haftendem Kleber. Gro\u00dfe Auswahl an Mustern.","breadcrumb":{"@id":"https:\/\/printandstick.eu\/de\/produkte\/logistiketiketten-vor-naesse-schuetzen\/#breadcrumb"},"inLanguage":"de","potentialAction":[{"@type":"ReadAction","target":["https:\/\/printandstick.eu\/de\/produkte\/logistiketiketten-vor-naesse-schuetzen\/"]}]},{"@type":"ImageObject","inLanguage":"de","@id":"https:\/\/printandstick.eu\/de\/produkte\/logistiketiketten-vor-naesse-schuetzen\/#primaryimage","url":"https:\/\/printandstick.eu\/wp-content\/uploads\/2020\/03\/Chronic-przed-wilgocia-DE.jpg","contentUrl":"https:\/\/printandstick.eu\/wp-content\/uploads\/2020\/03\/Chronic-przed-wilgocia-DE.jpg","width":1219,"height":1219},{"@type":"BreadcrumbList","@id":"https:\/\/printandstick.eu\/de\/produkte\/logistiketiketten-vor-naesse-schuetzen\/#breadcrumb","itemListElement":[{"@type":"ListItem","position":1,"name":"Strona g\u0142\u00f3wna","item":"https:\/\/printandstick.eu\/de\/"},{"@type":"ListItem","position":2,"name":"Onlineshop","item":"https:\/\/printandstick.eu\/de\/onlineshop\/"},{"@type":"ListItem","position":3,"name":"Logistiketiketten \u201eVOR N\u00c4SSE SCH\u00dcTZEN\u201c"}]},{"@type":"WebSite","@id":"https:\/\/printandstick.eu\/#website","url":"https:\/\/printandstick.eu\/","name":"Printandstick.eu","description":"Sklep internetowy z etykietami samoprzylepnymi do druku.","publisher":{"@id":"https:\/\/printandstick.eu\/#organization"},"potentialAction":[{"@type":"SearchAction","target":{"@type":"EntryPoint","urlTemplate":"https:\/\/printandstick.eu\/?s={search_term_string}"},"query-input":{"@type":"PropertyValueSpecification","valueRequired":true,"valueName":"search_term_string"}}],"inLanguage":"de"},{"@type":"Organization","@id":"https:\/\/printandstick.eu\/#organization","name":"Flexolabels Sp. z o.o.","url":"https:\/\/printandstick.eu\/","logo":{"@type":"ImageObject","inLanguage":"de","@id":"https:\/\/printandstick.eu\/#\/schema\/logo\/image\/","url":"https:\/\/printandstick.eu\/wp-content\/uploads\/2019\/02\/logo.svg","contentUrl":"https:\/\/printandstick.eu\/wp-content\/uploads\/2019\/02\/logo.svg","width":1,"height":1,"caption":"Flexolabels Sp. z o.o."},"image":{"@id":"https:\/\/printandstick.eu\/#\/schema\/logo\/image\/"}}]}},"_links":{"self":[{"href":"https:\/\/printandstick.eu\/de\/wp-json\/wp\/v2\/product\/23524","targetHints":{"allow":["GET"]}}],"collection":[{"href":"https:\/\/printandstick.eu\/de\/wp-json\/wp\/v2\/product"}],"about":[{"href":"https:\/\/printandstick.eu\/de\/wp-json\/wp\/v2\/types\/product"}],"wp:featuredmedia":[{"embeddable":true,"href":"https:\/\/printandstick.eu\/de\/wp-json\/wp\/v2\/media\/23495"}],"wp:attachment":[{"href":"https:\/\/printandstick.eu\/de\/wp-json\/wp\/v2\/media?parent=23524"}],"wp:term":[{"taxonomy":"product_brand","embeddable":true,"href":"https:\/\/printandstick.eu\/de\/wp-json\/wp\/v2\/product_brand?post=23524"},{"taxonomy":"product_cat","embeddable":true,"href":"https:\/\/printandstick.eu\/de\/wp-json\/wp\/v2\/product_cat?post=23524"},{"taxonomy":"product_tag","embeddable":true,"href":"https:\/\/printandstick.eu\/de\/wp-json\/wp\/v2\/product_tag?post=23524"}],"curies":[{"name":"wp","href":"https:\/\/api.w.org\/{rel}","templated":true}]}}