{"id":23292,"date":"2020-06-22T10:07:14","date_gmt":"2020-06-22T08:07:15","guid":{"rendered":"https:\/\/printandstick.eu\/?post_type=product&#038;p=23292"},"modified":"2024-03-25T21:51:32","modified_gmt":"2024-03-25T20:51:32","slug":"selbstklebendes-etikett-100-x-100-mm-adr-7-a-radioaktive-stoffe-der-kategorie-i","status":"publish","type":"product","link":"https:\/\/printandstick.eu\/de\/produkte\/selbstklebendes-etikett-100-x-100-mm-adr-7-a-radioaktive-stoffe-der-kategorie-i\/","title":{"rendered":"Selbstklebendes Etikett 100&#215;100 mm \u2013 ADR 7 A Radioaktive Stoffe der Kategorie I"},"content":{"rendered":"<p><strong><span style=\"vertical-align: inherit;\"><span style=\"vertical-align: inherit;\">Gefahrgutklasse 7.A: radioaktive Stoffe der Kategorie I<\/span><\/span><\/strong><\/p>\n<p><span style=\"vertical-align: inherit;\">Das Etikett im Format 100 x 100 mm aus selbstklebendem Papier mit permanentem Acrylkleber, das zus\u00e4tzlich durch UV-Lack gegen Witterungsbedingungen gesch\u00fctzt ist.<\/span><\/p>\n<p>Selbstklebende ADR-Etiketten im Format 100&#215;100 mm sind ein entscheidender Bestandteil des Sicherheitssystems, das im Transport gef\u00e4hrlicher G\u00fcter angewendet wird. Ihr Einsatz tr\u00e4gt nicht nur zur Erh\u00f6hung der Sicherheit bei, sondern ist auch eine rechtliche Anforderung, die durch internationale und nationale Vorschriften geregelt wird. Diese Etiketten enthalten eine Reihe von Informationen und Symbolen, die eine schnelle und eindeutige Identifizierung der Art der Bedrohung, die der transportierte Produkt mit sich bringt, erm\u00f6glichen.<\/p>\n<p>ADR-Etiketten werden verwendet, um Verpackungen, Fahrzeuge und gro\u00dfe Transportmittel zu kennzeichnen, die gef\u00e4hrliche Substanzen gem\u00e4\u00df dem Europ\u00e4ischen \u00dcbereinkommen \u00fcber die internationale Bef\u00f6rderung gef\u00e4hrlicher G\u00fcter auf der Stra\u00dfe (ADR) transportieren. Dieses Abkommen definiert einheitliche Vorschriften f\u00fcr die Klassifizierung gef\u00e4hrlicher Stoffe, Anforderungen an Verpackungen und Fahrzeuge sowie Verfahren im Zusammenhang mit dem Transport, einschlie\u00dflich der Anforderung, Informationsetiketten zu verwenden.<\/p>\n<p>ADR-Etiketten enthalten Kennzeichnungen, die \u00fcber die Art der Gefahr informieren, die eine bestimmte Substanz darstellen kann. Dazu geh\u00f6ren unter anderem: Symbole, die die Art der Gefahr (z.B. Entflammbarkeit, Toxizit\u00e4t, Korrosivit\u00e4t) angeben, eine Identifikationsnummer der Substanz (UN-Nummer), die eine schnelle Identifizierung der Substanz aus der Liste gef\u00e4hrlicher Stoffe erm\u00f6glicht, sowie zus\u00e4tzliche Codes und Informationen, wie Anweisungen f\u00fcr das Verhalten im Falle eines Unfalls. Die Anforderungen an spezifische Kennzeichnungen und deren Platzierung auf dem Etikett sind durch das ADR streng festgelegt, was ihre Einheitlichkeit und Lesbarkeit in ganz Europa gew\u00e4hrleistet.<\/p>\n<p>Die Verwendung von ADR-Etiketten ist nicht nur aus Sicherheitsgr\u00fcnden, sondern auch aufgrund rechtlicher Vorschriften obligatorisch. Unternehmen und Personen, die mit dem Transport gef\u00e4hrlicher G\u00fcter befasst sind, m\u00fcssen die ADR-Vorschriften einhalten, um rechtliche Sanktionen zu vermeiden, die finanzielle Strafen oder sogar Einschr\u00e4nkungen der Gesch\u00e4ftst\u00e4tigkeit umfassen k\u00f6nnen. Daher ist die Auswahl von hochwertigen selbstklebenden ADR-Etiketten, wie denen im Format 100&#215;100 mm, entscheidend f\u00fcr die Einhaltung der Vorschriften und die Sicherheit des Transports.<\/p>\n<p>Diese Etiketten sind f\u00fcr Langlebigkeit und Widerstandsf\u00e4higkeit gegen \u00e4u\u00dfere Bedingungen wie Temperaturschwankungen, Feuchtigkeit oder UV-Strahlung konzipiert, was besonders wichtig im Kontext des Stra\u00dfentransports ist. Hergestellt aus hochwertigen Materialien, garantieren sie die Lesbarkeit und Haltbarkeit der Kennzeichnungen f\u00fcr die gesamte Transportdauer. Dar\u00fcber hinaus erm\u00f6glicht die selbstklebende Schicht eine einfache und schnelle Anwendung auf verschiedenen Verpackungstypen, was den Vorbereitungsprozess der Waren f\u00fcr den Transport erheblich erleichtert.<\/p>\n<p>Zusammenfassend sind selbstklebende ADR-Etiketten im Format 100&#215;100 mm ein unverzichtbares Element des Sicherheitssystems im Transport gef\u00e4hrlicher G\u00fcter. Ihr Einsatz erm\u00f6glicht nicht nur eine Erh\u00f6hung der Sicherheit aller Beteiligten des Transportprozesses, sondern auch die Erf\u00fcllung rechtlicher Anforderungen, was f\u00fcr die Fl\u00fcssigkeit und Effizienz des Transports entscheidend ist.<\/p>\n","protected":false},"excerpt":{"rendered":"<p>Preis pro Rolle = 500 Etiketten<\/p>\n","protected":false},"featured_media":23075,"template":"","meta":{"_acf_changed":false,"inline_featured_image":false},"product_brand":[],"product_cat":[578],"product_tag":[],"class_list":{"0":"post-23292","1":"product","2":"type-product","3":"status-publish","4":"has-post-thumbnail","6":"product_cat-adr-etiketten","8":"first","9":"instock","10":"taxable","11":"shipping-taxable","12":"purchasable","13":"product-type-simple"},"acf":[],"yoast_head":"<!-- This site is optimized with the Yoast SEO Premium plugin v24.6 (Yoast SEO v26.5) - https:\/\/yoast.com\/wordpress\/plugins\/seo\/ -->\n<title>Selbstklebendes Etikett 100x100 mm \u2013 ADR 7 A Radioaktive Stoffe der Kategorie I von Printandstick.eu<\/title>\n<meta name=\"description\" content=\"Onlineshop mit Warnzeichen . ADR-, GHS- und Arbeitsschutz und Arbeitshygiene- Aufkleber. Hersteller von selbstklebenden Etiketten. Die besten Preise.\" \/>\n<meta name=\"robots\" content=\"index, follow, max-snippet:-1, max-image-preview:large, max-video-preview:-1\" \/>\n<link rel=\"canonical\" href=\"https:\/\/printandstick.eu\/de\/produkte\/selbstklebendes-etikett-100-x-100-mm-adr-7-a-radioaktive-stoffe-der-kategorie-i\/\" \/>\n<meta property=\"og:locale\" content=\"de_DE\" \/>\n<meta property=\"og:type\" content=\"article\" \/>\n<meta property=\"og:title\" content=\"Selbstklebendes Etikett 100x100 mm \u2013 ADR 7 A Radioaktive Stoffe der Kategorie I\" \/>\n<meta property=\"og:description\" content=\"Preis pro Rolle = 500 Etiketten\" \/>\n<meta property=\"og:url\" content=\"https:\/\/printandstick.eu\/de\/produkte\/selbstklebendes-etikett-100-x-100-mm-adr-7-a-radioaktive-stoffe-der-kategorie-i\/\" \/>\n<meta property=\"og:site_name\" content=\"Print &amp; Stick\" \/>\n<meta property=\"article:modified_time\" content=\"2024-03-25T20:51:32+00:00\" \/>\n<meta property=\"og:image\" content=\"https:\/\/printandstick.eu\/wp-content\/uploads\/2020\/06\/Label-ADR-7A.jpg\" \/>\n\t<meta property=\"og:image:width\" content=\"500\" \/>\n\t<meta property=\"og:image:height\" content=\"500\" \/>\n\t<meta property=\"og:image:type\" content=\"image\/jpeg\" \/>\n<meta name=\"twitter:card\" content=\"summary_large_image\" \/>\n<meta name=\"twitter:label1\" content=\"Gesch\u00e4tzte Lesezeit\" \/>\n\t<meta name=\"twitter:data1\" content=\"3\u00a0Minuten\" \/>\n<script type=\"application\/ld+json\" class=\"yoast-schema-graph\">{\"@context\":\"https:\/\/schema.org\",\"@graph\":[{\"@type\":\"WebPage\",\"@id\":\"https:\/\/printandstick.eu\/de\/produkte\/selbstklebendes-etikett-100-x-100-mm-adr-7-a-radioaktive-stoffe-der-kategorie-i\/\",\"url\":\"https:\/\/printandstick.eu\/de\/produkte\/selbstklebendes-etikett-100-x-100-mm-adr-7-a-radioaktive-stoffe-der-kategorie-i\/\",\"name\":\"Selbstklebendes Etikett 100x100 mm \u2013 ADR 7 A Radioaktive Stoffe der Kategorie I von Printandstick.eu\",\"isPartOf\":{\"@id\":\"https:\/\/printandstick.eu\/#website\"},\"primaryImageOfPage\":{\"@id\":\"https:\/\/printandstick.eu\/de\/produkte\/selbstklebendes-etikett-100-x-100-mm-adr-7-a-radioaktive-stoffe-der-kategorie-i\/#primaryimage\"},\"image\":{\"@id\":\"https:\/\/printandstick.eu\/de\/produkte\/selbstklebendes-etikett-100-x-100-mm-adr-7-a-radioaktive-stoffe-der-kategorie-i\/#primaryimage\"},\"thumbnailUrl\":\"https:\/\/printandstick.eu\/wp-content\/uploads\/2020\/06\/Label-ADR-7A.jpg\",\"datePublished\":\"2020-06-22T08:07:15+00:00\",\"dateModified\":\"2024-03-25T20:51:32+00:00\",\"description\":\"Onlineshop mit Warnzeichen . ADR-, GHS- und Arbeitsschutz und Arbeitshygiene- Aufkleber. Hersteller von selbstklebenden Etiketten. Die besten Preise.\",\"breadcrumb\":{\"@id\":\"https:\/\/printandstick.eu\/de\/produkte\/selbstklebendes-etikett-100-x-100-mm-adr-7-a-radioaktive-stoffe-der-kategorie-i\/#breadcrumb\"},\"inLanguage\":\"de\",\"potentialAction\":[{\"@type\":\"ReadAction\",\"target\":[\"https:\/\/printandstick.eu\/de\/produkte\/selbstklebendes-etikett-100-x-100-mm-adr-7-a-radioaktive-stoffe-der-kategorie-i\/\"]}]},{\"@type\":\"ImageObject\",\"inLanguage\":\"de\",\"@id\":\"https:\/\/printandstick.eu\/de\/produkte\/selbstklebendes-etikett-100-x-100-mm-adr-7-a-radioaktive-stoffe-der-kategorie-i\/#primaryimage\",\"url\":\"https:\/\/printandstick.eu\/wp-content\/uploads\/2020\/06\/Label-ADR-7A.jpg\",\"contentUrl\":\"https:\/\/printandstick.eu\/wp-content\/uploads\/2020\/06\/Label-ADR-7A.jpg\",\"width\":500,\"height\":500,\"caption\":\"naklejka ADR 7A Materia\u0142y promieniotw\u00f3rcze kat I\"},{\"@type\":\"BreadcrumbList\",\"@id\":\"https:\/\/printandstick.eu\/de\/produkte\/selbstklebendes-etikett-100-x-100-mm-adr-7-a-radioaktive-stoffe-der-kategorie-i\/#breadcrumb\",\"itemListElement\":[{\"@type\":\"ListItem\",\"position\":1,\"name\":\"Strona g\u0142\u00f3wna\",\"item\":\"https:\/\/printandstick.eu\/de\/\"},{\"@type\":\"ListItem\",\"position\":2,\"name\":\"Onlineshop\",\"item\":\"https:\/\/printandstick.eu\/de\/onlineshop\/\"},{\"@type\":\"ListItem\",\"position\":3,\"name\":\"Selbstklebendes Etikett 100&#215;100 mm \u2013 ADR 7 A Radioaktive Stoffe der Kategorie I\"}]},{\"@type\":\"WebSite\",\"@id\":\"https:\/\/printandstick.eu\/#website\",\"url\":\"https:\/\/printandstick.eu\/\",\"name\":\"Printandstick.eu\",\"description\":\"Sklep internetowy z etykietami samoprzylepnymi do druku.\",\"publisher\":{\"@id\":\"https:\/\/printandstick.eu\/#organization\"},\"potentialAction\":[{\"@type\":\"SearchAction\",\"target\":{\"@type\":\"EntryPoint\",\"urlTemplate\":\"https:\/\/printandstick.eu\/?s={search_term_string}\"},\"query-input\":{\"@type\":\"PropertyValueSpecification\",\"valueRequired\":true,\"valueName\":\"search_term_string\"}}],\"inLanguage\":\"de\"},{\"@type\":\"Organization\",\"@id\":\"https:\/\/printandstick.eu\/#organization\",\"name\":\"Flexolabels Sp. z o.o.\",\"url\":\"https:\/\/printandstick.eu\/\",\"logo\":{\"@type\":\"ImageObject\",\"inLanguage\":\"de\",\"@id\":\"https:\/\/printandstick.eu\/#\/schema\/logo\/image\/\",\"url\":\"https:\/\/printandstick.eu\/wp-content\/uploads\/2019\/02\/logo.svg\",\"contentUrl\":\"https:\/\/printandstick.eu\/wp-content\/uploads\/2019\/02\/logo.svg\",\"width\":1,\"height\":1,\"caption\":\"Flexolabels Sp. z o.o.\"},\"image\":{\"@id\":\"https:\/\/printandstick.eu\/#\/schema\/logo\/image\/\"}}]}<\/script>\n<!-- \/ Yoast SEO Premium plugin. -->","yoast_head_json":{"title":"Selbstklebendes Etikett 100x100 mm \u2013 ADR 7 A Radioaktive Stoffe der Kategorie I von Printandstick.eu","description":"Onlineshop mit Warnzeichen . ADR-, GHS- und Arbeitsschutz und Arbeitshygiene- Aufkleber. Hersteller von selbstklebenden Etiketten. Die besten Preise.","robots":{"index":"index","follow":"follow","max-snippet":"max-snippet:-1","max-image-preview":"max-image-preview:large","max-video-preview":"max-video-preview:-1"},"canonical":"https:\/\/printandstick.eu\/de\/produkte\/selbstklebendes-etikett-100-x-100-mm-adr-7-a-radioaktive-stoffe-der-kategorie-i\/","og_locale":"de_DE","og_type":"article","og_title":"Selbstklebendes Etikett 100x100 mm \u2013 ADR 7 A Radioaktive Stoffe der Kategorie I","og_description":"Preis pro Rolle = 500 Etiketten","og_url":"https:\/\/printandstick.eu\/de\/produkte\/selbstklebendes-etikett-100-x-100-mm-adr-7-a-radioaktive-stoffe-der-kategorie-i\/","og_site_name":"Print &amp; Stick","article_modified_time":"2024-03-25T20:51:32+00:00","og_image":[{"width":500,"height":500,"url":"https:\/\/printandstick.eu\/wp-content\/uploads\/2020\/06\/Label-ADR-7A.jpg","type":"image\/jpeg"}],"twitter_card":"summary_large_image","twitter_misc":{"Gesch\u00e4tzte Lesezeit":"3\u00a0Minuten"},"schema":{"@context":"https:\/\/schema.org","@graph":[{"@type":"WebPage","@id":"https:\/\/printandstick.eu\/de\/produkte\/selbstklebendes-etikett-100-x-100-mm-adr-7-a-radioaktive-stoffe-der-kategorie-i\/","url":"https:\/\/printandstick.eu\/de\/produkte\/selbstklebendes-etikett-100-x-100-mm-adr-7-a-radioaktive-stoffe-der-kategorie-i\/","name":"Selbstklebendes Etikett 100x100 mm \u2013 ADR 7 A Radioaktive Stoffe der Kategorie I von Printandstick.eu","isPartOf":{"@id":"https:\/\/printandstick.eu\/#website"},"primaryImageOfPage":{"@id":"https:\/\/printandstick.eu\/de\/produkte\/selbstklebendes-etikett-100-x-100-mm-adr-7-a-radioaktive-stoffe-der-kategorie-i\/#primaryimage"},"image":{"@id":"https:\/\/printandstick.eu\/de\/produkte\/selbstklebendes-etikett-100-x-100-mm-adr-7-a-radioaktive-stoffe-der-kategorie-i\/#primaryimage"},"thumbnailUrl":"https:\/\/printandstick.eu\/wp-content\/uploads\/2020\/06\/Label-ADR-7A.jpg","datePublished":"2020-06-22T08:07:15+00:00","dateModified":"2024-03-25T20:51:32+00:00","description":"Onlineshop mit Warnzeichen . ADR-, GHS- und Arbeitsschutz und Arbeitshygiene- Aufkleber. Hersteller von selbstklebenden Etiketten. Die besten Preise.","breadcrumb":{"@id":"https:\/\/printandstick.eu\/de\/produkte\/selbstklebendes-etikett-100-x-100-mm-adr-7-a-radioaktive-stoffe-der-kategorie-i\/#breadcrumb"},"inLanguage":"de","potentialAction":[{"@type":"ReadAction","target":["https:\/\/printandstick.eu\/de\/produkte\/selbstklebendes-etikett-100-x-100-mm-adr-7-a-radioaktive-stoffe-der-kategorie-i\/"]}]},{"@type":"ImageObject","inLanguage":"de","@id":"https:\/\/printandstick.eu\/de\/produkte\/selbstklebendes-etikett-100-x-100-mm-adr-7-a-radioaktive-stoffe-der-kategorie-i\/#primaryimage","url":"https:\/\/printandstick.eu\/wp-content\/uploads\/2020\/06\/Label-ADR-7A.jpg","contentUrl":"https:\/\/printandstick.eu\/wp-content\/uploads\/2020\/06\/Label-ADR-7A.jpg","width":500,"height":500,"caption":"naklejka ADR 7A Materia\u0142y promieniotw\u00f3rcze kat I"},{"@type":"BreadcrumbList","@id":"https:\/\/printandstick.eu\/de\/produkte\/selbstklebendes-etikett-100-x-100-mm-adr-7-a-radioaktive-stoffe-der-kategorie-i\/#breadcrumb","itemListElement":[{"@type":"ListItem","position":1,"name":"Strona g\u0142\u00f3wna","item":"https:\/\/printandstick.eu\/de\/"},{"@type":"ListItem","position":2,"name":"Onlineshop","item":"https:\/\/printandstick.eu\/de\/onlineshop\/"},{"@type":"ListItem","position":3,"name":"Selbstklebendes Etikett 100&#215;100 mm \u2013 ADR 7 A Radioaktive Stoffe der Kategorie I"}]},{"@type":"WebSite","@id":"https:\/\/printandstick.eu\/#website","url":"https:\/\/printandstick.eu\/","name":"Printandstick.eu","description":"Sklep internetowy z etykietami samoprzylepnymi do druku.","publisher":{"@id":"https:\/\/printandstick.eu\/#organization"},"potentialAction":[{"@type":"SearchAction","target":{"@type":"EntryPoint","urlTemplate":"https:\/\/printandstick.eu\/?s={search_term_string}"},"query-input":{"@type":"PropertyValueSpecification","valueRequired":true,"valueName":"search_term_string"}}],"inLanguage":"de"},{"@type":"Organization","@id":"https:\/\/printandstick.eu\/#organization","name":"Flexolabels Sp. z o.o.","url":"https:\/\/printandstick.eu\/","logo":{"@type":"ImageObject","inLanguage":"de","@id":"https:\/\/printandstick.eu\/#\/schema\/logo\/image\/","url":"https:\/\/printandstick.eu\/wp-content\/uploads\/2019\/02\/logo.svg","contentUrl":"https:\/\/printandstick.eu\/wp-content\/uploads\/2019\/02\/logo.svg","width":1,"height":1,"caption":"Flexolabels Sp. z o.o."},"image":{"@id":"https:\/\/printandstick.eu\/#\/schema\/logo\/image\/"}}]}},"_links":{"self":[{"href":"https:\/\/printandstick.eu\/de\/wp-json\/wp\/v2\/product\/23292","targetHints":{"allow":["GET"]}}],"collection":[{"href":"https:\/\/printandstick.eu\/de\/wp-json\/wp\/v2\/product"}],"about":[{"href":"https:\/\/printandstick.eu\/de\/wp-json\/wp\/v2\/types\/product"}],"wp:featuredmedia":[{"embeddable":true,"href":"https:\/\/printandstick.eu\/de\/wp-json\/wp\/v2\/media\/23075"}],"wp:attachment":[{"href":"https:\/\/printandstick.eu\/de\/wp-json\/wp\/v2\/media?parent=23292"}],"wp:term":[{"taxonomy":"product_brand","embeddable":true,"href":"https:\/\/printandstick.eu\/de\/wp-json\/wp\/v2\/product_brand?post=23292"},{"taxonomy":"product_cat","embeddable":true,"href":"https:\/\/printandstick.eu\/de\/wp-json\/wp\/v2\/product_cat?post=23292"},{"taxonomy":"product_tag","embeddable":true,"href":"https:\/\/printandstick.eu\/de\/wp-json\/wp\/v2\/product_tag?post=23292"}],"curies":[{"name":"wp","href":"https:\/\/api.w.org\/{rel}","templated":true}]}}