{"id":1751,"date":"2019-03-14T12:16:28","date_gmt":"2019-03-14T11:16:28","guid":{"rendered":"http:\/\/print-and-stick.jankobialka.com\/produkt\/etykieta-ghs04-100x100mm\/"},"modified":"2021-02-25T09:07:45","modified_gmt":"2021-02-25T08:07:45","slug":"etikett-ghs04-100x100mm","status":"publish","type":"product","link":"https:\/\/printandstick.eu\/de\/produkte\/etikett-ghs04-100x100mm\/","title":{"rendered":"Etikett GHS04 100x100mm"},"content":{"rendered":"<p><strong>GHS-Zeichen sind ein grundlegendes Element zum Schutz vor Bedrohungen. Ihre Aufgabe besteht darin, auf die genaue Art der Bedrohung zu hinweisen, die in einem bestimmten Gebiet, Ort oder Element auftritt.<\/strong><b><br \/><\/b>Etiketten mit Piktogrammen k\u00f6nnen verwendet werden, um Verpackungen mit gef\u00e4hrlichen Stoffen w\u00e4hrend des Transports und der Lagerung zu kennzeichnen. Sie k\u00f6nnen auch als Kennzeichnung der Gefahren am Arbeitsplatz dienen.<br \/><strong>Alle Hersteller von chemischen Stoffen und Gemischen sowie deren Vertragspartner sind verpflichtet, die neuen GHS-Kennzeichnungsstandards einzuhalten.<\/strong><b><br \/><\/b>Etiketten werden auf einer Polyesterfolie mit einem zus\u00e4tzlichen Polyesterlaminat oder einer Polypropylenfolie mit einem zus\u00e4tzlichen Polypropylenlaminat hergestellt. Der Laminatschutz verhindert das Verschmieren des Aufdrucks, z.B. beim Waschen mit starken Reinigungsmitteln oder L\u00f6sungsmitteln. Aufdruck ausgef\u00fchrt mit lichtstabilen Pigmenten verursacht, dass die Etiketten auch nach langj\u00e4hriger Verwendung nicht verblassen.<\/p>\n<p>Vor dem Aufbringen des Etiketts sollten die Oberfl\u00e4chen des Untergrunds entstaubt und entfettet werden, um den besten Kontakt f\u00fcr den Klebstoff zu gew\u00e4hrleisten.<\/p>\n","protected":false},"excerpt":{"rendered":"<p>GHS \u2013 Etikett zur Gefahrstoffkennzeichnung\u00a0<br \/>\nGr\u00f6\u00dfe 100x100mm<\/p>\n","protected":false},"featured_media":11298,"template":"","meta":{"_acf_changed":false,"inline_featured_image":false},"product_brand":[],"product_cat":[80],"product_tag":[],"class_list":{"0":"post-1751","1":"product","2":"type-product","3":"status-publish","4":"has-post-thumbnail","6":"product_cat-ghs-etiketten","8":"first","9":"instock","10":"taxable","11":"shipping-taxable","12":"purchasable","13":"product-type-variable","14":"has-default-attributes"},"acf":[],"yoast_head":"<!-- This site is optimized with the Yoast SEO Premium plugin v24.6 (Yoast SEO v26.5) - https:\/\/yoast.com\/wordpress\/plugins\/seo\/ -->\n<title>Etikett GHS04 100x100mm von Printandstick.eu<\/title>\n<meta name=\"description\" content=\"Zuverl\u00e4ssige Sicherheitsetiketten 100x100mm nach GHS, ISO 7010 zertifiziert, f\u00fcr eine eindeutige Gefahrenkennzeichnung.\" \/>\n<meta name=\"robots\" content=\"index, follow, max-snippet:-1, max-image-preview:large, max-video-preview:-1\" \/>\n<link rel=\"canonical\" href=\"https:\/\/printandstick.eu\/de\/produkte\/etikett-ghs04-100x100mm\/\" \/>\n<meta property=\"og:locale\" content=\"de_DE\" \/>\n<meta property=\"og:type\" content=\"article\" \/>\n<meta property=\"og:title\" content=\"Etikett GHS04 100x100mm\" \/>\n<meta property=\"og:description\" content=\"GHS \u2013 Etikett zur Gefahrstoffkennzeichnung\u00a0 Gr\u00f6\u00dfe 100x100mm\" \/>\n<meta property=\"og:url\" content=\"https:\/\/printandstick.eu\/de\/produkte\/etikett-ghs04-100x100mm\/\" \/>\n<meta property=\"og:site_name\" content=\"Print &amp; Stick\" \/>\n<meta property=\"article:modified_time\" content=\"2021-02-25T08:07:45+00:00\" \/>\n<meta property=\"og:image\" content=\"https:\/\/printandstick.eu\/wp-content\/uploads\/2019\/08\/14060v5-01.jpg\" \/>\n\t<meta property=\"og:image:width\" content=\"500\" \/>\n\t<meta property=\"og:image:height\" content=\"500\" \/>\n\t<meta property=\"og:image:type\" content=\"image\/jpeg\" \/>\n<meta name=\"twitter:card\" content=\"summary_large_image\" \/>\n<meta name=\"twitter:label1\" content=\"Gesch\u00e4tzte Lesezeit\" \/>\n\t<meta name=\"twitter:data1\" content=\"1\u00a0Minute\" \/>\n<script type=\"application\/ld+json\" class=\"yoast-schema-graph\">{\"@context\":\"https:\/\/schema.org\",\"@graph\":[{\"@type\":\"WebPage\",\"@id\":\"https:\/\/printandstick.eu\/de\/produkte\/etikett-ghs04-100x100mm\/\",\"url\":\"https:\/\/printandstick.eu\/de\/produkte\/etikett-ghs04-100x100mm\/\",\"name\":\"Etikett GHS04 100x100mm von Printandstick.eu\",\"isPartOf\":{\"@id\":\"https:\/\/printandstick.eu\/#website\"},\"primaryImageOfPage\":{\"@id\":\"https:\/\/printandstick.eu\/de\/produkte\/etikett-ghs04-100x100mm\/#primaryimage\"},\"image\":{\"@id\":\"https:\/\/printandstick.eu\/de\/produkte\/etikett-ghs04-100x100mm\/#primaryimage\"},\"thumbnailUrl\":\"https:\/\/printandstick.eu\/wp-content\/uploads\/2019\/08\/14060v5-01.jpg\",\"datePublished\":\"2019-03-14T11:16:28+00:00\",\"dateModified\":\"2021-02-25T08:07:45+00:00\",\"description\":\"Zuverl\u00e4ssige Sicherheitsetiketten 100x100mm nach GHS, ISO 7010 zertifiziert, f\u00fcr eine eindeutige Gefahrenkennzeichnung.\",\"breadcrumb\":{\"@id\":\"https:\/\/printandstick.eu\/de\/produkte\/etikett-ghs04-100x100mm\/#breadcrumb\"},\"inLanguage\":\"de\",\"potentialAction\":[{\"@type\":\"ReadAction\",\"target\":[\"https:\/\/printandstick.eu\/de\/produkte\/etikett-ghs04-100x100mm\/\"]}]},{\"@type\":\"ImageObject\",\"inLanguage\":\"de\",\"@id\":\"https:\/\/printandstick.eu\/de\/produkte\/etikett-ghs04-100x100mm\/#primaryimage\",\"url\":\"https:\/\/printandstick.eu\/wp-content\/uploads\/2019\/08\/14060v5-01.jpg\",\"contentUrl\":\"https:\/\/printandstick.eu\/wp-content\/uploads\/2019\/08\/14060v5-01.jpg\",\"width\":500,\"height\":500,\"caption\":\"Etykieta GHS04 100x100mm - piktogramy BHP\"},{\"@type\":\"BreadcrumbList\",\"@id\":\"https:\/\/printandstick.eu\/de\/produkte\/etikett-ghs04-100x100mm\/#breadcrumb\",\"itemListElement\":[{\"@type\":\"ListItem\",\"position\":1,\"name\":\"Strona g\u0142\u00f3wna\",\"item\":\"https:\/\/printandstick.eu\/de\/\"},{\"@type\":\"ListItem\",\"position\":2,\"name\":\"Onlineshop\",\"item\":\"https:\/\/printandstick.eu\/de\/onlineshop\/\"},{\"@type\":\"ListItem\",\"position\":3,\"name\":\"Etikett GHS04 100x100mm\"}]},{\"@type\":\"WebSite\",\"@id\":\"https:\/\/printandstick.eu\/#website\",\"url\":\"https:\/\/printandstick.eu\/\",\"name\":\"Printandstick.eu\",\"description\":\"Sklep internetowy z etykietami samoprzylepnymi do druku.\",\"publisher\":{\"@id\":\"https:\/\/printandstick.eu\/#organization\"},\"potentialAction\":[{\"@type\":\"SearchAction\",\"target\":{\"@type\":\"EntryPoint\",\"urlTemplate\":\"https:\/\/printandstick.eu\/?s={search_term_string}\"},\"query-input\":{\"@type\":\"PropertyValueSpecification\",\"valueRequired\":true,\"valueName\":\"search_term_string\"}}],\"inLanguage\":\"de\"},{\"@type\":\"Organization\",\"@id\":\"https:\/\/printandstick.eu\/#organization\",\"name\":\"Flexolabels Sp. z o.o.\",\"url\":\"https:\/\/printandstick.eu\/\",\"logo\":{\"@type\":\"ImageObject\",\"inLanguage\":\"de\",\"@id\":\"https:\/\/printandstick.eu\/#\/schema\/logo\/image\/\",\"url\":\"https:\/\/printandstick.eu\/wp-content\/uploads\/2019\/02\/logo.svg\",\"contentUrl\":\"https:\/\/printandstick.eu\/wp-content\/uploads\/2019\/02\/logo.svg\",\"width\":1,\"height\":1,\"caption\":\"Flexolabels Sp. z o.o.\"},\"image\":{\"@id\":\"https:\/\/printandstick.eu\/#\/schema\/logo\/image\/\"}}]}<\/script>\n<!-- \/ Yoast SEO Premium plugin. -->","yoast_head_json":{"title":"Etikett GHS04 100x100mm von Printandstick.eu","description":"Zuverl\u00e4ssige Sicherheitsetiketten 100x100mm nach GHS, ISO 7010 zertifiziert, f\u00fcr eine eindeutige Gefahrenkennzeichnung.","robots":{"index":"index","follow":"follow","max-snippet":"max-snippet:-1","max-image-preview":"max-image-preview:large","max-video-preview":"max-video-preview:-1"},"canonical":"https:\/\/printandstick.eu\/de\/produkte\/etikett-ghs04-100x100mm\/","og_locale":"de_DE","og_type":"article","og_title":"Etikett GHS04 100x100mm","og_description":"GHS \u2013 Etikett zur Gefahrstoffkennzeichnung\u00a0 Gr\u00f6\u00dfe 100x100mm","og_url":"https:\/\/printandstick.eu\/de\/produkte\/etikett-ghs04-100x100mm\/","og_site_name":"Print &amp; Stick","article_modified_time":"2021-02-25T08:07:45+00:00","og_image":[{"width":500,"height":500,"url":"https:\/\/printandstick.eu\/wp-content\/uploads\/2019\/08\/14060v5-01.jpg","type":"image\/jpeg"}],"twitter_card":"summary_large_image","twitter_misc":{"Gesch\u00e4tzte Lesezeit":"1\u00a0Minute"},"schema":{"@context":"https:\/\/schema.org","@graph":[{"@type":"WebPage","@id":"https:\/\/printandstick.eu\/de\/produkte\/etikett-ghs04-100x100mm\/","url":"https:\/\/printandstick.eu\/de\/produkte\/etikett-ghs04-100x100mm\/","name":"Etikett GHS04 100x100mm von Printandstick.eu","isPartOf":{"@id":"https:\/\/printandstick.eu\/#website"},"primaryImageOfPage":{"@id":"https:\/\/printandstick.eu\/de\/produkte\/etikett-ghs04-100x100mm\/#primaryimage"},"image":{"@id":"https:\/\/printandstick.eu\/de\/produkte\/etikett-ghs04-100x100mm\/#primaryimage"},"thumbnailUrl":"https:\/\/printandstick.eu\/wp-content\/uploads\/2019\/08\/14060v5-01.jpg","datePublished":"2019-03-14T11:16:28+00:00","dateModified":"2021-02-25T08:07:45+00:00","description":"Zuverl\u00e4ssige Sicherheitsetiketten 100x100mm nach GHS, ISO 7010 zertifiziert, f\u00fcr eine eindeutige Gefahrenkennzeichnung.","breadcrumb":{"@id":"https:\/\/printandstick.eu\/de\/produkte\/etikett-ghs04-100x100mm\/#breadcrumb"},"inLanguage":"de","potentialAction":[{"@type":"ReadAction","target":["https:\/\/printandstick.eu\/de\/produkte\/etikett-ghs04-100x100mm\/"]}]},{"@type":"ImageObject","inLanguage":"de","@id":"https:\/\/printandstick.eu\/de\/produkte\/etikett-ghs04-100x100mm\/#primaryimage","url":"https:\/\/printandstick.eu\/wp-content\/uploads\/2019\/08\/14060v5-01.jpg","contentUrl":"https:\/\/printandstick.eu\/wp-content\/uploads\/2019\/08\/14060v5-01.jpg","width":500,"height":500,"caption":"Etykieta GHS04 100x100mm - piktogramy BHP"},{"@type":"BreadcrumbList","@id":"https:\/\/printandstick.eu\/de\/produkte\/etikett-ghs04-100x100mm\/#breadcrumb","itemListElement":[{"@type":"ListItem","position":1,"name":"Strona g\u0142\u00f3wna","item":"https:\/\/printandstick.eu\/de\/"},{"@type":"ListItem","position":2,"name":"Onlineshop","item":"https:\/\/printandstick.eu\/de\/onlineshop\/"},{"@type":"ListItem","position":3,"name":"Etikett GHS04 100x100mm"}]},{"@type":"WebSite","@id":"https:\/\/printandstick.eu\/#website","url":"https:\/\/printandstick.eu\/","name":"Printandstick.eu","description":"Sklep internetowy z etykietami samoprzylepnymi do druku.","publisher":{"@id":"https:\/\/printandstick.eu\/#organization"},"potentialAction":[{"@type":"SearchAction","target":{"@type":"EntryPoint","urlTemplate":"https:\/\/printandstick.eu\/?s={search_term_string}"},"query-input":{"@type":"PropertyValueSpecification","valueRequired":true,"valueName":"search_term_string"}}],"inLanguage":"de"},{"@type":"Organization","@id":"https:\/\/printandstick.eu\/#organization","name":"Flexolabels Sp. z o.o.","url":"https:\/\/printandstick.eu\/","logo":{"@type":"ImageObject","inLanguage":"de","@id":"https:\/\/printandstick.eu\/#\/schema\/logo\/image\/","url":"https:\/\/printandstick.eu\/wp-content\/uploads\/2019\/02\/logo.svg","contentUrl":"https:\/\/printandstick.eu\/wp-content\/uploads\/2019\/02\/logo.svg","width":1,"height":1,"caption":"Flexolabels Sp. z o.o."},"image":{"@id":"https:\/\/printandstick.eu\/#\/schema\/logo\/image\/"}}]}},"_links":{"self":[{"href":"https:\/\/printandstick.eu\/de\/wp-json\/wp\/v2\/product\/1751","targetHints":{"allow":["GET"]}}],"collection":[{"href":"https:\/\/printandstick.eu\/de\/wp-json\/wp\/v2\/product"}],"about":[{"href":"https:\/\/printandstick.eu\/de\/wp-json\/wp\/v2\/types\/product"}],"wp:featuredmedia":[{"embeddable":true,"href":"https:\/\/printandstick.eu\/de\/wp-json\/wp\/v2\/media\/11298"}],"wp:attachment":[{"href":"https:\/\/printandstick.eu\/de\/wp-json\/wp\/v2\/media?parent=1751"}],"wp:term":[{"taxonomy":"product_brand","embeddable":true,"href":"https:\/\/printandstick.eu\/de\/wp-json\/wp\/v2\/product_brand?post=1751"},{"taxonomy":"product_cat","embeddable":true,"href":"https:\/\/printandstick.eu\/de\/wp-json\/wp\/v2\/product_cat?post=1751"},{"taxonomy":"product_tag","embeddable":true,"href":"https:\/\/printandstick.eu\/de\/wp-json\/wp\/v2\/product_tag?post=1751"}],"curies":[{"name":"wp","href":"https:\/\/api.w.org\/{rel}","templated":true}]}}