{"id":1664,"date":"2019-03-14T09:15:48","date_gmt":"2019-03-14T08:15:48","guid":{"rendered":"http:\/\/print-and-stick.jankobialka.com\/produkt\/arkusze-a5-4x-525x148mm\/"},"modified":"2020-11-18T11:37:26","modified_gmt":"2020-11-18T10:37:26","slug":"bogen-a5-4x-525x148mm","status":"publish","type":"product","link":"https:\/\/printandstick.eu\/de\/produkte\/bogen-a5-4x-525x148mm\/","title":{"rendered":"Selbstklebende Etiketten auf DIN A5 Bogen, 4x 52,5x148mm"},"content":{"rendered":"<div class=\"item item-6\">\n<section class=\"text-item\"><strong>Etiketten auf Bogen DIN A5 f\u00fcr Laserdrucker, Tintendrucker, Tintenstrahldrucker und Fotokopierer.<\/strong><strong><br \/>\n<\/strong>Die Etiketten werden aus unbeschichtetem holzfreiem Papier hergestellt, um h\u00f6chste Druckqualit\u00e4t zu gew\u00e4hrleisten. Rohmaterial mit einem Gewicht von 70 g\/m\u00b2 und einer Dicke von 90um bietet entsprechende Steifheit. Deswegen ist das schnelle Drucken in Industrieanlagen m\u00f6glich. Sie erm\u00f6glichen das Markieren von Ordnern, Akten, Paketen und Dokumenten. Ein hoher Papierkontrast erm\u00f6glicht das einfache Lesen gedruckter Barcodes auch nach l\u00e4ngerer Zeit. Der aufgetragene Acrylatkleber sorgt f\u00fcr eine gute Haftung auf glatten oder gew\u00f6lbten Oberfl\u00e4chen.<br \/>\n<strong>Perfekt sowohl f\u00fcr kleine B\u00fcros als auch f\u00fcr den industriellen Einsatz.<\/strong><strong><br \/>\n<\/strong>Das Rohmaterial verf\u00fcgt \u00fcber eine Garantie von zwei Jahren, sofern es bei einer Temperatur von etwa 20\u00b0C und einer Luftfeuchtigkeit von 50% gelagert wird. Es ist zertifiziert f\u00fcr den direkten und indirekten Kontakt mit trockenen und nicht fetten Lebensmitteln. Es erf\u00fcllt die Anforderungen der Sicherheitsstandards von RoHS und REACH.<\/section>\n<\/div>\n","protected":false},"excerpt":{"rendered":"<p>Auf einem DIN-A5-Blatt befinden sich 4 Etiketten im Format 52,5x148mm.<\/p>\n","protected":false},"featured_media":5352,"template":"","meta":{"_acf_changed":false,"inline_featured_image":false},"product_brand":[],"product_cat":[77],"product_tag":[],"class_list":{"0":"post-1664","1":"product","2":"type-product","3":"status-publish","4":"has-post-thumbnail","6":"product_cat-etiketten-auf-din-a5-a6","8":"first","9":"instock","10":"taxable","11":"shipping-taxable","12":"purchasable","13":"product-type-simple"},"acf":[],"yoast_head":"<!-- This site is optimized with the Yoast SEO Premium plugin v24.6 (Yoast SEO v26.5) - https:\/\/yoast.com\/wordpress\/plugins\/seo\/ -->\n<title>Selbstklebende Etiketten auf DIN A5 Bogen, 4x 52,5x148mm von Printandstick.eu<\/title>\n<meta name=\"description\" content=\"Best\u00e4ndige und klare Druckergebnisse \u2013 unsere A5 Etiketten f\u00fcr Laserdrucker.\" \/>\n<meta name=\"robots\" content=\"index, follow, max-snippet:-1, max-image-preview:large, max-video-preview:-1\" \/>\n<link rel=\"canonical\" href=\"https:\/\/printandstick.eu\/de\/produkte\/bogen-a5-4x-525x148mm\/\" \/>\n<meta property=\"og:locale\" content=\"de_DE\" \/>\n<meta property=\"og:type\" content=\"article\" \/>\n<meta property=\"og:title\" content=\"Selbstklebende Etiketten auf DIN A5 Bogen, 4x 52,5x148mm\" \/>\n<meta property=\"og:description\" content=\"Auf einem DIN-A5-Blatt befinden sich 4 Etiketten im Format 52,5x148mm.\" \/>\n<meta property=\"og:url\" content=\"https:\/\/printandstick.eu\/de\/produkte\/bogen-a5-4x-525x148mm\/\" \/>\n<meta property=\"og:site_name\" content=\"Print &amp; Stick\" \/>\n<meta property=\"article:modified_time\" content=\"2020-11-18T10:37:26+00:00\" \/>\n<meta property=\"og:image\" content=\"https:\/\/printandstick.eu\/wp-content\/uploads\/2019\/03\/22014-web.jpg\" \/>\n\t<meta property=\"og:image:width\" content=\"1063\" \/>\n\t<meta property=\"og:image:height\" content=\"1063\" \/>\n\t<meta property=\"og:image:type\" content=\"image\/jpeg\" \/>\n<meta name=\"twitter:card\" content=\"summary_large_image\" \/>\n<meta name=\"twitter:label1\" content=\"Gesch\u00e4tzte Lesezeit\" \/>\n\t<meta name=\"twitter:data1\" content=\"1\u00a0Minute\" \/>\n<script type=\"application\/ld+json\" class=\"yoast-schema-graph\">{\"@context\":\"https:\/\/schema.org\",\"@graph\":[{\"@type\":\"WebPage\",\"@id\":\"https:\/\/printandstick.eu\/de\/produkte\/bogen-a5-4x-525x148mm\/\",\"url\":\"https:\/\/printandstick.eu\/de\/produkte\/bogen-a5-4x-525x148mm\/\",\"name\":\"Selbstklebende Etiketten auf DIN A5 Bogen, 4x 52,5x148mm von Printandstick.eu\",\"isPartOf\":{\"@id\":\"https:\/\/printandstick.eu\/#website\"},\"primaryImageOfPage\":{\"@id\":\"https:\/\/printandstick.eu\/de\/produkte\/bogen-a5-4x-525x148mm\/#primaryimage\"},\"image\":{\"@id\":\"https:\/\/printandstick.eu\/de\/produkte\/bogen-a5-4x-525x148mm\/#primaryimage\"},\"thumbnailUrl\":\"https:\/\/printandstick.eu\/wp-content\/uploads\/2019\/03\/22014-web.jpg\",\"datePublished\":\"2019-03-14T08:15:48+00:00\",\"dateModified\":\"2020-11-18T10:37:26+00:00\",\"description\":\"Best\u00e4ndige und klare Druckergebnisse \u2013 unsere A5 Etiketten f\u00fcr Laserdrucker.\",\"breadcrumb\":{\"@id\":\"https:\/\/printandstick.eu\/de\/produkte\/bogen-a5-4x-525x148mm\/#breadcrumb\"},\"inLanguage\":\"de\",\"potentialAction\":[{\"@type\":\"ReadAction\",\"target\":[\"https:\/\/printandstick.eu\/de\/produkte\/bogen-a5-4x-525x148mm\/\"]}]},{\"@type\":\"ImageObject\",\"inLanguage\":\"de\",\"@id\":\"https:\/\/printandstick.eu\/de\/produkte\/bogen-a5-4x-525x148mm\/#primaryimage\",\"url\":\"https:\/\/printandstick.eu\/wp-content\/uploads\/2019\/03\/22014-web.jpg\",\"contentUrl\":\"https:\/\/printandstick.eu\/wp-content\/uploads\/2019\/03\/22014-web.jpg\",\"width\":1063,\"height\":1063,\"caption\":\"Etykiety samoprzylepne arkusze A5 4x 52,5x148mm\"},{\"@type\":\"BreadcrumbList\",\"@id\":\"https:\/\/printandstick.eu\/de\/produkte\/bogen-a5-4x-525x148mm\/#breadcrumb\",\"itemListElement\":[{\"@type\":\"ListItem\",\"position\":1,\"name\":\"Strona g\u0142\u00f3wna\",\"item\":\"https:\/\/printandstick.eu\/de\/\"},{\"@type\":\"ListItem\",\"position\":2,\"name\":\"Onlineshop\",\"item\":\"https:\/\/printandstick.eu\/de\/onlineshop\/\"},{\"@type\":\"ListItem\",\"position\":3,\"name\":\"Selbstklebende Etiketten auf DIN A5 Bogen, 4x 52,5x148mm\"}]},{\"@type\":\"WebSite\",\"@id\":\"https:\/\/printandstick.eu\/#website\",\"url\":\"https:\/\/printandstick.eu\/\",\"name\":\"Printandstick.eu\",\"description\":\"Sklep internetowy z etykietami samoprzylepnymi do druku.\",\"publisher\":{\"@id\":\"https:\/\/printandstick.eu\/#organization\"},\"potentialAction\":[{\"@type\":\"SearchAction\",\"target\":{\"@type\":\"EntryPoint\",\"urlTemplate\":\"https:\/\/printandstick.eu\/?s={search_term_string}\"},\"query-input\":{\"@type\":\"PropertyValueSpecification\",\"valueRequired\":true,\"valueName\":\"search_term_string\"}}],\"inLanguage\":\"de\"},{\"@type\":\"Organization\",\"@id\":\"https:\/\/printandstick.eu\/#organization\",\"name\":\"Flexolabels Sp. z o.o.\",\"url\":\"https:\/\/printandstick.eu\/\",\"logo\":{\"@type\":\"ImageObject\",\"inLanguage\":\"de\",\"@id\":\"https:\/\/printandstick.eu\/#\/schema\/logo\/image\/\",\"url\":\"https:\/\/printandstick.eu\/wp-content\/uploads\/2019\/02\/logo.svg\",\"contentUrl\":\"https:\/\/printandstick.eu\/wp-content\/uploads\/2019\/02\/logo.svg\",\"width\":1,\"height\":1,\"caption\":\"Flexolabels Sp. z o.o.\"},\"image\":{\"@id\":\"https:\/\/printandstick.eu\/#\/schema\/logo\/image\/\"}}]}<\/script>\n<!-- \/ Yoast SEO Premium plugin. -->","yoast_head_json":{"title":"Selbstklebende Etiketten auf DIN A5 Bogen, 4x 52,5x148mm von Printandstick.eu","description":"Best\u00e4ndige und klare Druckergebnisse \u2013 unsere A5 Etiketten f\u00fcr Laserdrucker.","robots":{"index":"index","follow":"follow","max-snippet":"max-snippet:-1","max-image-preview":"max-image-preview:large","max-video-preview":"max-video-preview:-1"},"canonical":"https:\/\/printandstick.eu\/de\/produkte\/bogen-a5-4x-525x148mm\/","og_locale":"de_DE","og_type":"article","og_title":"Selbstklebende Etiketten auf DIN A5 Bogen, 4x 52,5x148mm","og_description":"Auf einem DIN-A5-Blatt befinden sich 4 Etiketten im Format 52,5x148mm.","og_url":"https:\/\/printandstick.eu\/de\/produkte\/bogen-a5-4x-525x148mm\/","og_site_name":"Print &amp; Stick","article_modified_time":"2020-11-18T10:37:26+00:00","og_image":[{"width":1063,"height":1063,"url":"https:\/\/printandstick.eu\/wp-content\/uploads\/2019\/03\/22014-web.jpg","type":"image\/jpeg"}],"twitter_card":"summary_large_image","twitter_misc":{"Gesch\u00e4tzte Lesezeit":"1\u00a0Minute"},"schema":{"@context":"https:\/\/schema.org","@graph":[{"@type":"WebPage","@id":"https:\/\/printandstick.eu\/de\/produkte\/bogen-a5-4x-525x148mm\/","url":"https:\/\/printandstick.eu\/de\/produkte\/bogen-a5-4x-525x148mm\/","name":"Selbstklebende Etiketten auf DIN A5 Bogen, 4x 52,5x148mm von Printandstick.eu","isPartOf":{"@id":"https:\/\/printandstick.eu\/#website"},"primaryImageOfPage":{"@id":"https:\/\/printandstick.eu\/de\/produkte\/bogen-a5-4x-525x148mm\/#primaryimage"},"image":{"@id":"https:\/\/printandstick.eu\/de\/produkte\/bogen-a5-4x-525x148mm\/#primaryimage"},"thumbnailUrl":"https:\/\/printandstick.eu\/wp-content\/uploads\/2019\/03\/22014-web.jpg","datePublished":"2019-03-14T08:15:48+00:00","dateModified":"2020-11-18T10:37:26+00:00","description":"Best\u00e4ndige und klare Druckergebnisse \u2013 unsere A5 Etiketten f\u00fcr Laserdrucker.","breadcrumb":{"@id":"https:\/\/printandstick.eu\/de\/produkte\/bogen-a5-4x-525x148mm\/#breadcrumb"},"inLanguage":"de","potentialAction":[{"@type":"ReadAction","target":["https:\/\/printandstick.eu\/de\/produkte\/bogen-a5-4x-525x148mm\/"]}]},{"@type":"ImageObject","inLanguage":"de","@id":"https:\/\/printandstick.eu\/de\/produkte\/bogen-a5-4x-525x148mm\/#primaryimage","url":"https:\/\/printandstick.eu\/wp-content\/uploads\/2019\/03\/22014-web.jpg","contentUrl":"https:\/\/printandstick.eu\/wp-content\/uploads\/2019\/03\/22014-web.jpg","width":1063,"height":1063,"caption":"Etykiety samoprzylepne arkusze A5 4x 52,5x148mm"},{"@type":"BreadcrumbList","@id":"https:\/\/printandstick.eu\/de\/produkte\/bogen-a5-4x-525x148mm\/#breadcrumb","itemListElement":[{"@type":"ListItem","position":1,"name":"Strona g\u0142\u00f3wna","item":"https:\/\/printandstick.eu\/de\/"},{"@type":"ListItem","position":2,"name":"Onlineshop","item":"https:\/\/printandstick.eu\/de\/onlineshop\/"},{"@type":"ListItem","position":3,"name":"Selbstklebende Etiketten auf DIN A5 Bogen, 4x 52,5x148mm"}]},{"@type":"WebSite","@id":"https:\/\/printandstick.eu\/#website","url":"https:\/\/printandstick.eu\/","name":"Printandstick.eu","description":"Sklep internetowy z etykietami samoprzylepnymi do druku.","publisher":{"@id":"https:\/\/printandstick.eu\/#organization"},"potentialAction":[{"@type":"SearchAction","target":{"@type":"EntryPoint","urlTemplate":"https:\/\/printandstick.eu\/?s={search_term_string}"},"query-input":{"@type":"PropertyValueSpecification","valueRequired":true,"valueName":"search_term_string"}}],"inLanguage":"de"},{"@type":"Organization","@id":"https:\/\/printandstick.eu\/#organization","name":"Flexolabels Sp. z o.o.","url":"https:\/\/printandstick.eu\/","logo":{"@type":"ImageObject","inLanguage":"de","@id":"https:\/\/printandstick.eu\/#\/schema\/logo\/image\/","url":"https:\/\/printandstick.eu\/wp-content\/uploads\/2019\/02\/logo.svg","contentUrl":"https:\/\/printandstick.eu\/wp-content\/uploads\/2019\/02\/logo.svg","width":1,"height":1,"caption":"Flexolabels Sp. z o.o."},"image":{"@id":"https:\/\/printandstick.eu\/#\/schema\/logo\/image\/"}}]}},"_links":{"self":[{"href":"https:\/\/printandstick.eu\/de\/wp-json\/wp\/v2\/product\/1664","targetHints":{"allow":["GET"]}}],"collection":[{"href":"https:\/\/printandstick.eu\/de\/wp-json\/wp\/v2\/product"}],"about":[{"href":"https:\/\/printandstick.eu\/de\/wp-json\/wp\/v2\/types\/product"}],"wp:featuredmedia":[{"embeddable":true,"href":"https:\/\/printandstick.eu\/de\/wp-json\/wp\/v2\/media\/5352"}],"wp:attachment":[{"href":"https:\/\/printandstick.eu\/de\/wp-json\/wp\/v2\/media?parent=1664"}],"wp:term":[{"taxonomy":"product_brand","embeddable":true,"href":"https:\/\/printandstick.eu\/de\/wp-json\/wp\/v2\/product_brand?post=1664"},{"taxonomy":"product_cat","embeddable":true,"href":"https:\/\/printandstick.eu\/de\/wp-json\/wp\/v2\/product_cat?post=1664"},{"taxonomy":"product_tag","embeddable":true,"href":"https:\/\/printandstick.eu\/de\/wp-json\/wp\/v2\/product_tag?post=1664"}],"curies":[{"name":"wp","href":"https:\/\/api.w.org\/{rel}","templated":true}]}}