{"id":11247,"date":"2019-08-02T10:38:16","date_gmt":"2019-08-02T08:38:18","guid":{"rendered":"https:\/\/printandstick.eu\/?post_type=product&#038;p=11247"},"modified":"2025-11-27T10:11:15","modified_gmt":"2025-11-27T09:11:15","slug":"58x75mm-thermoetikett-800-stueck-rolle-oe40-120mm","status":"publish","type":"product","link":"https:\/\/printandstick.eu\/de\/produkte\/58x75mm-thermoetikett-800-stueck-rolle-oe40-120mm\/","title":{"rendered":"58x75mm Thermoetikett 800 St\u00fcck\/Rolle (\u00f840\/120mm)"},"content":{"rendered":"<p>Selbstklebende Etiketten, unbedruckt, aus wei\u00dfem &#8222;Eco&#8220;-Thermosensitivpapier. Ideal f\u00fcr den Einsatz als Logistik-, Transport-, Verkaufs- und Verpackungsetiketten. Sehr gute Haftung auf den meisten Oberfl\u00e4chen (auch Vliesfreie Oberfl\u00e4chen und Kartonagen) und der verwendete Klebstoff ist dabei sicherlich hilfreich. Es ist wichtig, direkte Sonneneinstrahlung und aggressive Chemikalien zu vermeiden. Geeignet f\u00fcr den indirekten Kontakt mit trockenen und nicht fettenden Lebensmitteln.<\/p>\n<p>Die Etiketten eignen sich f\u00fcr den Druck in gro\u00dfen Thermodruckern: ZEBRA, SATO, DATAMAX, CITIZEN usw.<\/p>\n<p>&nbsp;<\/p>\n<p>St\u00fcckzahl pro Rolle: <strong>800 St\u00fcck<\/strong><\/p>\n<p>Etikettengr\u00f6\u00dfe: <strong>58 \u00d7 75 mm<\/strong><\/p>\n<p>Bahnbreite: <strong>61 mm<\/strong><\/p>\n<p>Klebstofftyp: <strong>Permanentes Acryl<\/strong><\/p>\n<p>Klebkraft: <strong>&gt;18 N<\/strong><\/p>\n<p>Rohstoffgewicht: <strong>70 g\/m2<\/strong><\/p>\n<p>Dicke des Rohmaterials: <strong>77 \u03bcm<\/strong><\/p>\n<p>Druckgeschwindigkeit: <strong>bis zu 200 mm\/s<\/strong><\/p>\n<p>Das Material hat Zertifikate: <strong>FSC, FDA, ISEGA<\/strong><\/p>\n<p>Empfohlene Lagerung: <strong>+20 \u00b0C \/ Luftfeuchtigkeit 50%<\/strong><\/p>\n<p>Minimale Etikettiertemperatur: <strong>0 \u00b0C<\/strong><\/p>\n<p>Gebrauchstemperatur nach dem Aufkleben: <strong>-20\u00b0C bis 80\u00b0C<\/strong><\/p>\n<p>&nbsp;<\/p>\n<p>Innendurchmesser der H\u00fclse: <strong>40 mm<\/strong><\/p>\n<p>Au\u00dfendurchmesser der Rolle: <strong>&lt;120mm<\/strong><\/p>\n<p>Konfektion: f\u00fcr kleine Desktopdrucker und gro\u00dfe Industriedrucker<\/p>\n","protected":false},"excerpt":{"rendered":"<p>Selbstklebende Etiketten, unbedruckt, aus wei\u00dfem &#8222;Eco&#8220;-Thermosensitivpapier. Der Rohstoff enth\u00e4lt kein sch\u00e4dliches Bispphenol A (BPA-frei).<br \/>Der Preis gilt f\u00fcr 1 Rolle Etiketten.<\/p>\n","protected":false},"featured_media":5395,"template":"","meta":{"_acf_changed":false,"inline_featured_image":false},"product_brand":[],"product_cat":[400],"product_tag":[],"class_list":{"0":"post-11247","1":"product","2":"type-product","3":"status-publish","4":"has-post-thumbnail","6":"product_cat-thermoetiketten-50-99mm-breite","8":"first","9":"instock","10":"taxable","11":"shipping-taxable","12":"purchasable","13":"product-type-simple"},"acf":[],"yoast_head":"<!-- This site is optimized with the Yoast SEO Premium plugin v24.6 (Yoast SEO v26.5) - https:\/\/yoast.com\/wordpress\/plugins\/seo\/ -->\n<title>58x75mm Thermoetikett 800 St\u00fcck\/Rolle (\u00f840\/120mm) von Printandstick.eu<\/title>\n<meta name=\"description\" content=\"Thermoetiketten ohne Bisphenol A (BPA FREE) f\u00fcr ZEBRA-, SATO-, DATAMAX-, CITIZEN-Drucker. 1 Rolle = 800 St\u00fcck Etiketten Selbstklebende Etiketten, unbedruckt, aus wei\u00dfem &quot;Eco&quot;-Thermosensitivpapier. Der Rohstoff enth\u00e4lt kein sch\u00e4dliches Bispphenol A (BPA-frei).Der Preis gilt f\u00fcr 1 Rolle Etiketten.\" \/>\n<meta name=\"robots\" content=\"index, follow, max-snippet:-1, max-image-preview:large, max-video-preview:-1\" \/>\n<link rel=\"canonical\" href=\"https:\/\/printandstick.eu\/de\/produkte\/58x75mm-thermoetikett-800-stueck-rolle-oe40-120mm\/\" \/>\n<meta property=\"og:locale\" content=\"de_DE\" \/>\n<meta property=\"og:type\" content=\"article\" \/>\n<meta property=\"og:title\" content=\"58x75mm Thermoetikett 800 St\u00fcck\/Rolle (\u00f840\/120mm)\" \/>\n<meta property=\"og:description\" content=\"Selbstklebende Etiketten, unbedruckt, aus wei\u00dfem &quot;Eco&quot;-Thermosensitivpapier. Der Rohstoff enth\u00e4lt kein sch\u00e4dliches Bispphenol A (BPA-frei).Der Preis gilt f\u00fcr 1 Rolle Etiketten.\" \/>\n<meta property=\"og:url\" content=\"https:\/\/printandstick.eu\/de\/produkte\/58x75mm-thermoetikett-800-stueck-rolle-oe40-120mm\/\" \/>\n<meta property=\"og:site_name\" content=\"Print &amp; Stick\" \/>\n<meta property=\"article:modified_time\" content=\"2025-11-27T09:11:15+00:00\" \/>\n<meta property=\"og:image\" content=\"https:\/\/printandstick.eu\/wp-content\/uploads\/2019\/03\/13a.jpg\" \/>\n\t<meta property=\"og:image:width\" content=\"709\" \/>\n\t<meta property=\"og:image:height\" content=\"709\" \/>\n\t<meta property=\"og:image:type\" content=\"image\/jpeg\" \/>\n<meta name=\"twitter:card\" content=\"summary_large_image\" \/>\n<meta name=\"twitter:label1\" content=\"Gesch\u00e4tzte Lesezeit\" \/>\n\t<meta name=\"twitter:data1\" content=\"1\u00a0Minute\" \/>\n<script type=\"application\/ld+json\" class=\"yoast-schema-graph\">{\"@context\":\"https:\/\/schema.org\",\"@graph\":[{\"@type\":\"WebPage\",\"@id\":\"https:\/\/printandstick.eu\/de\/produkte\/58x75mm-thermoetikett-800-stueck-rolle-oe40-120mm\/\",\"url\":\"https:\/\/printandstick.eu\/de\/produkte\/58x75mm-thermoetikett-800-stueck-rolle-oe40-120mm\/\",\"name\":\"58x75mm Thermoetikett 800 St\u00fcck\/Rolle (\u00f840\/120mm) von Printandstick.eu\",\"isPartOf\":{\"@id\":\"https:\/\/printandstick.eu\/#website\"},\"primaryImageOfPage\":{\"@id\":\"https:\/\/printandstick.eu\/de\/produkte\/58x75mm-thermoetikett-800-stueck-rolle-oe40-120mm\/#primaryimage\"},\"image\":{\"@id\":\"https:\/\/printandstick.eu\/de\/produkte\/58x75mm-thermoetikett-800-stueck-rolle-oe40-120mm\/#primaryimage\"},\"thumbnailUrl\":\"https:\/\/printandstick.eu\/wp-content\/uploads\/2019\/03\/13a.jpg\",\"datePublished\":\"2019-08-02T08:38:18+00:00\",\"dateModified\":\"2025-11-27T09:11:15+00:00\",\"description\":\"Thermoetiketten ohne Bisphenol A (BPA FREE) f\u00fcr ZEBRA-, SATO-, DATAMAX-, CITIZEN-Drucker. 1 Rolle = 800 St\u00fcck Etiketten Selbstklebende Etiketten, unbedruckt, aus wei\u00dfem \\\"Eco\\\"-Thermosensitivpapier. Der Rohstoff enth\u00e4lt kein sch\u00e4dliches Bispphenol A (BPA-frei).Der Preis gilt f\u00fcr 1 Rolle Etiketten.\",\"breadcrumb\":{\"@id\":\"https:\/\/printandstick.eu\/de\/produkte\/58x75mm-thermoetikett-800-stueck-rolle-oe40-120mm\/#breadcrumb\"},\"inLanguage\":\"de\",\"potentialAction\":[{\"@type\":\"ReadAction\",\"target\":[\"https:\/\/printandstick.eu\/de\/produkte\/58x75mm-thermoetikett-800-stueck-rolle-oe40-120mm\/\"]}]},{\"@type\":\"ImageObject\",\"inLanguage\":\"de\",\"@id\":\"https:\/\/printandstick.eu\/de\/produkte\/58x75mm-thermoetikett-800-stueck-rolle-oe40-120mm\/#primaryimage\",\"url\":\"https:\/\/printandstick.eu\/wp-content\/uploads\/2019\/03\/13a.jpg\",\"contentUrl\":\"https:\/\/printandstick.eu\/wp-content\/uploads\/2019\/03\/13a.jpg\",\"width\":709,\"height\":709,\"caption\":\"Etykieta samoprzylepna, papier termiczny do drukarek\"},{\"@type\":\"BreadcrumbList\",\"@id\":\"https:\/\/printandstick.eu\/de\/produkte\/58x75mm-thermoetikett-800-stueck-rolle-oe40-120mm\/#breadcrumb\",\"itemListElement\":[{\"@type\":\"ListItem\",\"position\":1,\"name\":\"Strona g\u0142\u00f3wna\",\"item\":\"https:\/\/printandstick.eu\/de\/\"},{\"@type\":\"ListItem\",\"position\":2,\"name\":\"Onlineshop\",\"item\":\"https:\/\/printandstick.eu\/de\/onlineshop\/\"},{\"@type\":\"ListItem\",\"position\":3,\"name\":\"58x75mm Thermoetikett 800 St\u00fcck\/Rolle (\u00f840\/120mm)\"}]},{\"@type\":\"WebSite\",\"@id\":\"https:\/\/printandstick.eu\/#website\",\"url\":\"https:\/\/printandstick.eu\/\",\"name\":\"Printandstick.eu\",\"description\":\"Sklep internetowy z etykietami samoprzylepnymi do druku.\",\"publisher\":{\"@id\":\"https:\/\/printandstick.eu\/#organization\"},\"potentialAction\":[{\"@type\":\"SearchAction\",\"target\":{\"@type\":\"EntryPoint\",\"urlTemplate\":\"https:\/\/printandstick.eu\/?s={search_term_string}\"},\"query-input\":{\"@type\":\"PropertyValueSpecification\",\"valueRequired\":true,\"valueName\":\"search_term_string\"}}],\"inLanguage\":\"de\"},{\"@type\":\"Organization\",\"@id\":\"https:\/\/printandstick.eu\/#organization\",\"name\":\"Flexolabels Sp. z o.o.\",\"url\":\"https:\/\/printandstick.eu\/\",\"logo\":{\"@type\":\"ImageObject\",\"inLanguage\":\"de\",\"@id\":\"https:\/\/printandstick.eu\/#\/schema\/logo\/image\/\",\"url\":\"https:\/\/printandstick.eu\/wp-content\/uploads\/2019\/02\/logo.svg\",\"contentUrl\":\"https:\/\/printandstick.eu\/wp-content\/uploads\/2019\/02\/logo.svg\",\"width\":1,\"height\":1,\"caption\":\"Flexolabels Sp. z o.o.\"},\"image\":{\"@id\":\"https:\/\/printandstick.eu\/#\/schema\/logo\/image\/\"}}]}<\/script>\n<!-- \/ Yoast SEO Premium plugin. -->","yoast_head_json":{"title":"58x75mm Thermoetikett 800 St\u00fcck\/Rolle (\u00f840\/120mm) von Printandstick.eu","description":"Thermoetiketten ohne Bisphenol A (BPA FREE) f\u00fcr ZEBRA-, SATO-, DATAMAX-, CITIZEN-Drucker. 1 Rolle = 800 St\u00fcck Etiketten Selbstklebende Etiketten, unbedruckt, aus wei\u00dfem \"Eco\"-Thermosensitivpapier. Der Rohstoff enth\u00e4lt kein sch\u00e4dliches Bispphenol A (BPA-frei).Der Preis gilt f\u00fcr 1 Rolle Etiketten.","robots":{"index":"index","follow":"follow","max-snippet":"max-snippet:-1","max-image-preview":"max-image-preview:large","max-video-preview":"max-video-preview:-1"},"canonical":"https:\/\/printandstick.eu\/de\/produkte\/58x75mm-thermoetikett-800-stueck-rolle-oe40-120mm\/","og_locale":"de_DE","og_type":"article","og_title":"58x75mm Thermoetikett 800 St\u00fcck\/Rolle (\u00f840\/120mm)","og_description":"Selbstklebende Etiketten, unbedruckt, aus wei\u00dfem \"Eco\"-Thermosensitivpapier. Der Rohstoff enth\u00e4lt kein sch\u00e4dliches Bispphenol A (BPA-frei).Der Preis gilt f\u00fcr 1 Rolle Etiketten.","og_url":"https:\/\/printandstick.eu\/de\/produkte\/58x75mm-thermoetikett-800-stueck-rolle-oe40-120mm\/","og_site_name":"Print &amp; Stick","article_modified_time":"2025-11-27T09:11:15+00:00","og_image":[{"width":709,"height":709,"url":"https:\/\/printandstick.eu\/wp-content\/uploads\/2019\/03\/13a.jpg","type":"image\/jpeg"}],"twitter_card":"summary_large_image","twitter_misc":{"Gesch\u00e4tzte Lesezeit":"1\u00a0Minute"},"schema":{"@context":"https:\/\/schema.org","@graph":[{"@type":"WebPage","@id":"https:\/\/printandstick.eu\/de\/produkte\/58x75mm-thermoetikett-800-stueck-rolle-oe40-120mm\/","url":"https:\/\/printandstick.eu\/de\/produkte\/58x75mm-thermoetikett-800-stueck-rolle-oe40-120mm\/","name":"58x75mm Thermoetikett 800 St\u00fcck\/Rolle (\u00f840\/120mm) von Printandstick.eu","isPartOf":{"@id":"https:\/\/printandstick.eu\/#website"},"primaryImageOfPage":{"@id":"https:\/\/printandstick.eu\/de\/produkte\/58x75mm-thermoetikett-800-stueck-rolle-oe40-120mm\/#primaryimage"},"image":{"@id":"https:\/\/printandstick.eu\/de\/produkte\/58x75mm-thermoetikett-800-stueck-rolle-oe40-120mm\/#primaryimage"},"thumbnailUrl":"https:\/\/printandstick.eu\/wp-content\/uploads\/2019\/03\/13a.jpg","datePublished":"2019-08-02T08:38:18+00:00","dateModified":"2025-11-27T09:11:15+00:00","description":"Thermoetiketten ohne Bisphenol A (BPA FREE) f\u00fcr ZEBRA-, SATO-, DATAMAX-, CITIZEN-Drucker. 1 Rolle = 800 St\u00fcck Etiketten Selbstklebende Etiketten, unbedruckt, aus wei\u00dfem \"Eco\"-Thermosensitivpapier. Der Rohstoff enth\u00e4lt kein sch\u00e4dliches Bispphenol A (BPA-frei).Der Preis gilt f\u00fcr 1 Rolle Etiketten.","breadcrumb":{"@id":"https:\/\/printandstick.eu\/de\/produkte\/58x75mm-thermoetikett-800-stueck-rolle-oe40-120mm\/#breadcrumb"},"inLanguage":"de","potentialAction":[{"@type":"ReadAction","target":["https:\/\/printandstick.eu\/de\/produkte\/58x75mm-thermoetikett-800-stueck-rolle-oe40-120mm\/"]}]},{"@type":"ImageObject","inLanguage":"de","@id":"https:\/\/printandstick.eu\/de\/produkte\/58x75mm-thermoetikett-800-stueck-rolle-oe40-120mm\/#primaryimage","url":"https:\/\/printandstick.eu\/wp-content\/uploads\/2019\/03\/13a.jpg","contentUrl":"https:\/\/printandstick.eu\/wp-content\/uploads\/2019\/03\/13a.jpg","width":709,"height":709,"caption":"Etykieta samoprzylepna, papier termiczny do drukarek"},{"@type":"BreadcrumbList","@id":"https:\/\/printandstick.eu\/de\/produkte\/58x75mm-thermoetikett-800-stueck-rolle-oe40-120mm\/#breadcrumb","itemListElement":[{"@type":"ListItem","position":1,"name":"Strona g\u0142\u00f3wna","item":"https:\/\/printandstick.eu\/de\/"},{"@type":"ListItem","position":2,"name":"Onlineshop","item":"https:\/\/printandstick.eu\/de\/onlineshop\/"},{"@type":"ListItem","position":3,"name":"58x75mm Thermoetikett 800 St\u00fcck\/Rolle (\u00f840\/120mm)"}]},{"@type":"WebSite","@id":"https:\/\/printandstick.eu\/#website","url":"https:\/\/printandstick.eu\/","name":"Printandstick.eu","description":"Sklep internetowy z etykietami samoprzylepnymi do druku.","publisher":{"@id":"https:\/\/printandstick.eu\/#organization"},"potentialAction":[{"@type":"SearchAction","target":{"@type":"EntryPoint","urlTemplate":"https:\/\/printandstick.eu\/?s={search_term_string}"},"query-input":{"@type":"PropertyValueSpecification","valueRequired":true,"valueName":"search_term_string"}}],"inLanguage":"de"},{"@type":"Organization","@id":"https:\/\/printandstick.eu\/#organization","name":"Flexolabels Sp. z o.o.","url":"https:\/\/printandstick.eu\/","logo":{"@type":"ImageObject","inLanguage":"de","@id":"https:\/\/printandstick.eu\/#\/schema\/logo\/image\/","url":"https:\/\/printandstick.eu\/wp-content\/uploads\/2019\/02\/logo.svg","contentUrl":"https:\/\/printandstick.eu\/wp-content\/uploads\/2019\/02\/logo.svg","width":1,"height":1,"caption":"Flexolabels Sp. z o.o."},"image":{"@id":"https:\/\/printandstick.eu\/#\/schema\/logo\/image\/"}}]}},"_links":{"self":[{"href":"https:\/\/printandstick.eu\/de\/wp-json\/wp\/v2\/product\/11247","targetHints":{"allow":["GET"]}}],"collection":[{"href":"https:\/\/printandstick.eu\/de\/wp-json\/wp\/v2\/product"}],"about":[{"href":"https:\/\/printandstick.eu\/de\/wp-json\/wp\/v2\/types\/product"}],"wp:featuredmedia":[{"embeddable":true,"href":"https:\/\/printandstick.eu\/de\/wp-json\/wp\/v2\/media\/5395"}],"wp:attachment":[{"href":"https:\/\/printandstick.eu\/de\/wp-json\/wp\/v2\/media?parent=11247"}],"wp:term":[{"taxonomy":"product_brand","embeddable":true,"href":"https:\/\/printandstick.eu\/de\/wp-json\/wp\/v2\/product_brand?post=11247"},{"taxonomy":"product_cat","embeddable":true,"href":"https:\/\/printandstick.eu\/de\/wp-json\/wp\/v2\/product_cat?post=11247"},{"taxonomy":"product_tag","embeddable":true,"href":"https:\/\/printandstick.eu\/de\/wp-json\/wp\/v2\/product_tag?post=11247"}],"curies":[{"name":"wp","href":"https:\/\/api.w.org\/{rel}","templated":true}]}}