{"id":10725,"date":"2019-07-09T11:32:56","date_gmt":"2019-07-09T09:32:57","guid":{"rendered":"https:\/\/printandstick.eu\/?post_type=product&#038;p=10725"},"modified":"2021-08-19T10:13:37","modified_gmt":"2021-08-19T08:13:37","slug":"100x50mm-thermoetikett-9er-pack-1200-stueck-rolle-perforation-oe40-120mm","status":"publish","type":"product","link":"https:\/\/printandstick.eu\/de\/produkte\/100x50mm-thermoetikett-9er-pack-1200-stueck-rolle-perforation-oe40-120mm\/","title":{"rendered":"100x50mm Thermoetikett, 9er Pack, 1200 St\u00fcck\/Rolle+ Perforation (\u00f840\/120mm)"},"content":{"rendered":"<p>Selbstklebende Etiketten, ohne Aufdruck, aus wei\u00dfem, w\u00e4rmeempfindlichem &#8222;Eco&#8220; -Papier. Perfekt f\u00fcr den Einsatz als Logistik-, Transport-, Verkaufs- und Verpackungsetiketten. Sehr gute Haftung auf den meisten Oberfl\u00e4chen (einschlie\u00dflich non-polaren Oberfl\u00e4chen und Kartons). Direkte Sonneneinstrahlung und aggressive Chemikalien sind zu vermeiden. Bestimmt f\u00fcr den indirekten Kontakt mit trockenen und nicht fetten Lebensmitteln.<\/p>\n<p>Etiketten eignen sich zum Drucken in gro\u00dfen Thermodirektdruckern: ZEBRA, SATO, DATAMAX, CITIZEN usw.<\/p>\n<p>St\u00fcckzahl pro Rolle: <strong>1200 St\u00fcck<br \/><\/strong>Anzahl der Rollen im Paket:<strong> 9 Rollen<br \/><\/strong>Etikettengr\u00f6\u00dfe: <strong>100 x 50 mm<br \/><\/strong><strong>Perforation zum einfachen Abrei\u00dfen&nbsp; nach jedem Etikett<br \/><\/strong>Bahnbreite: <strong>103 mm<br \/><\/strong>Kleberart: <strong>permanent Acrylkleber<br \/><\/strong>Kleberkraft: <strong>&gt;18 N<br \/><\/strong>Das Gewicht des Rohmaterials: <strong>70 g\/m2<br \/><\/strong>Materialst\u00e4rke: <strong>77 \u00b5m<br \/><\/strong>Druckgeschwindigkeit: <strong>bis zu 200 mm\/s<br \/><\/strong>Das Material verf\u00fcgt \u00fcber folgende Zertifikate : <strong>FSC, FDA, ISEGA<br \/><\/strong>Empfohlene Lagerung : <strong>+20 \u00b0C \/<\/strong> <strong>Leuftfeuchtigkeit 50%<br \/><\/strong>Minimale Etikettiertemperatur: <strong>0 \u00b0C<br \/><\/strong>Betriebstemperatur nach dem Aufkleben: <strong>-20 \u00b0C bis 80 \u00b0C<\/strong><\/p>\n<p>Innendurchmesser der H\u00fclse: <strong>40mm<br \/><\/strong>Au\u00dfendurchmesser der Rolle: <strong>&lt;120mm<br \/><\/strong>Konfektion: f\u00fcr kleine Tischdrucker und gro\u00dfe Industriedrucker<\/p>\n","protected":false},"excerpt":{"rendered":"<p>Haftetiketten, blanco<br \/>\nMaterial: Thermo-Eco, wei\u00df, w\u00e4rmeempfindlich, mit Perforation zum einfachen Abrei\u00dfen\u00a0 nach jedem Etikett<\/p>\n<p>Der Preis gilt f\u00fcr 9 Rollen = 10.800 Etiketten<\/p>\n","protected":false},"featured_media":24778,"template":"","meta":{"_acf_changed":false,"inline_featured_image":false},"product_brand":[],"product_cat":[399],"product_tag":[],"class_list":{"0":"post-10725","1":"product","2":"type-product","3":"status-publish","4":"has-post-thumbnail","6":"product_cat-angebot","8":"first","9":"instock","10":"taxable","11":"shipping-taxable","12":"purchasable","13":"product-type-simple"},"acf":[],"yoast_head":"<!-- This site is optimized with the Yoast SEO Premium plugin v24.6 (Yoast SEO v26.5) - https:\/\/yoast.com\/wordpress\/plugins\/seo\/ -->\n<title>100x50mm Thermoetikett, 9er Pack, 1200 St\u00fcck\/Rolle+ Perforation (\u00f840\/120mm) von Printandstick.eu<\/title>\n<meta name=\"description\" content=\"Thermoetikett f\u00fcr ZEBRA, SATO, DATAMAX, CITIZEN... Haftetiketten, blanco Material: Thermo-Eco, wei\u00df, w\u00e4rmeempfindlich, mit Perforation zum einfachen Abrei\u00dfen\u00a0 nach jedem Etikett  Der Preis gilt f\u00fcr 9 Rollen = 10.800 Etiketten\" \/>\n<meta name=\"robots\" content=\"index, follow, max-snippet:-1, max-image-preview:large, max-video-preview:-1\" \/>\n<link rel=\"canonical\" href=\"https:\/\/printandstick.eu\/de\/produkte\/100x50mm-thermoetikett-9er-pack-1200-stueck-rolle-perforation-oe40-120mm\/\" \/>\n<meta property=\"og:locale\" content=\"de_DE\" \/>\n<meta property=\"og:type\" content=\"article\" \/>\n<meta property=\"og:title\" content=\"100x50mm Thermoetikett, 9er Pack, 1200 St\u00fcck\/Rolle+ Perforation (\u00f840\/120mm)\" \/>\n<meta property=\"og:description\" content=\"Haftetiketten, blanco Material: Thermo-Eco, wei\u00df, w\u00e4rmeempfindlich, mit Perforation zum einfachen Abrei\u00dfen\u00a0 nach jedem Etikett  Der Preis gilt f\u00fcr 9 Rollen = 10.800 Etiketten\" \/>\n<meta property=\"og:url\" content=\"https:\/\/printandstick.eu\/de\/produkte\/100x50mm-thermoetikett-9er-pack-1200-stueck-rolle-perforation-oe40-120mm\/\" \/>\n<meta property=\"og:site_name\" content=\"Print &amp; Stick\" \/>\n<meta property=\"article:modified_time\" content=\"2021-08-19T08:13:37+00:00\" \/>\n<meta property=\"og:image\" content=\"https:\/\/printandstick.eu\/wp-content\/uploads\/2020\/08\/3.-9x-100x50mm-Thermo-Eco.jpg\" \/>\n\t<meta property=\"og:image:width\" content=\"500\" \/>\n\t<meta property=\"og:image:height\" content=\"500\" \/>\n\t<meta property=\"og:image:type\" content=\"image\/jpeg\" \/>\n<meta name=\"twitter:card\" content=\"summary_large_image\" \/>\n<meta name=\"twitter:label1\" content=\"Gesch\u00e4tzte Lesezeit\" \/>\n\t<meta name=\"twitter:data1\" content=\"1\u00a0Minute\" \/>\n<script type=\"application\/ld+json\" class=\"yoast-schema-graph\">{\"@context\":\"https:\/\/schema.org\",\"@graph\":[{\"@type\":\"WebPage\",\"@id\":\"https:\/\/printandstick.eu\/de\/produkte\/100x50mm-thermoetikett-9er-pack-1200-stueck-rolle-perforation-oe40-120mm\/\",\"url\":\"https:\/\/printandstick.eu\/de\/produkte\/100x50mm-thermoetikett-9er-pack-1200-stueck-rolle-perforation-oe40-120mm\/\",\"name\":\"100x50mm Thermoetikett, 9er Pack, 1200 St\u00fcck\/Rolle+ Perforation (\u00f840\/120mm) von Printandstick.eu\",\"isPartOf\":{\"@id\":\"https:\/\/printandstick.eu\/#website\"},\"primaryImageOfPage\":{\"@id\":\"https:\/\/printandstick.eu\/de\/produkte\/100x50mm-thermoetikett-9er-pack-1200-stueck-rolle-perforation-oe40-120mm\/#primaryimage\"},\"image\":{\"@id\":\"https:\/\/printandstick.eu\/de\/produkte\/100x50mm-thermoetikett-9er-pack-1200-stueck-rolle-perforation-oe40-120mm\/#primaryimage\"},\"thumbnailUrl\":\"https:\/\/printandstick.eu\/wp-content\/uploads\/2020\/08\/3.-9x-100x50mm-Thermo-Eco.jpg\",\"datePublished\":\"2019-07-09T09:32:57+00:00\",\"dateModified\":\"2021-08-19T08:13:37+00:00\",\"description\":\"Thermoetikett f\u00fcr ZEBRA, SATO, DATAMAX, CITIZEN... Haftetiketten, blanco Material: Thermo-Eco, wei\u00df, w\u00e4rmeempfindlich, mit Perforation zum einfachen Abrei\u00dfen\u00a0 nach jedem Etikett Der Preis gilt f\u00fcr 9 Rollen = 10.800 Etiketten\",\"breadcrumb\":{\"@id\":\"https:\/\/printandstick.eu\/de\/produkte\/100x50mm-thermoetikett-9er-pack-1200-stueck-rolle-perforation-oe40-120mm\/#breadcrumb\"},\"inLanguage\":\"de\",\"potentialAction\":[{\"@type\":\"ReadAction\",\"target\":[\"https:\/\/printandstick.eu\/de\/produkte\/100x50mm-thermoetikett-9er-pack-1200-stueck-rolle-perforation-oe40-120mm\/\"]}]},{\"@type\":\"ImageObject\",\"inLanguage\":\"de\",\"@id\":\"https:\/\/printandstick.eu\/de\/produkte\/100x50mm-thermoetikett-9er-pack-1200-stueck-rolle-perforation-oe40-120mm\/#primaryimage\",\"url\":\"https:\/\/printandstick.eu\/wp-content\/uploads\/2020\/08\/3.-9x-100x50mm-Thermo-Eco.jpg\",\"contentUrl\":\"https:\/\/printandstick.eu\/wp-content\/uploads\/2020\/08\/3.-9x-100x50mm-Thermo-Eco.jpg\",\"width\":500,\"height\":500,\"caption\":\"etykiety samoprzylepne na rolce do drukarek\"},{\"@type\":\"BreadcrumbList\",\"@id\":\"https:\/\/printandstick.eu\/de\/produkte\/100x50mm-thermoetikett-9er-pack-1200-stueck-rolle-perforation-oe40-120mm\/#breadcrumb\",\"itemListElement\":[{\"@type\":\"ListItem\",\"position\":1,\"name\":\"Strona g\u0142\u00f3wna\",\"item\":\"https:\/\/printandstick.eu\/de\/\"},{\"@type\":\"ListItem\",\"position\":2,\"name\":\"Onlineshop\",\"item\":\"https:\/\/printandstick.eu\/de\/onlineshop\/\"},{\"@type\":\"ListItem\",\"position\":3,\"name\":\"100x50mm Thermoetikett, 9er Pack, 1200 St\u00fcck\/Rolle+ Perforation (\u00f840\/120mm)\"}]},{\"@type\":\"WebSite\",\"@id\":\"https:\/\/printandstick.eu\/#website\",\"url\":\"https:\/\/printandstick.eu\/\",\"name\":\"Printandstick.eu\",\"description\":\"Sklep internetowy z etykietami samoprzylepnymi do druku.\",\"publisher\":{\"@id\":\"https:\/\/printandstick.eu\/#organization\"},\"potentialAction\":[{\"@type\":\"SearchAction\",\"target\":{\"@type\":\"EntryPoint\",\"urlTemplate\":\"https:\/\/printandstick.eu\/?s={search_term_string}\"},\"query-input\":{\"@type\":\"PropertyValueSpecification\",\"valueRequired\":true,\"valueName\":\"search_term_string\"}}],\"inLanguage\":\"de\"},{\"@type\":\"Organization\",\"@id\":\"https:\/\/printandstick.eu\/#organization\",\"name\":\"Flexolabels Sp. z o.o.\",\"url\":\"https:\/\/printandstick.eu\/\",\"logo\":{\"@type\":\"ImageObject\",\"inLanguage\":\"de\",\"@id\":\"https:\/\/printandstick.eu\/#\/schema\/logo\/image\/\",\"url\":\"https:\/\/printandstick.eu\/wp-content\/uploads\/2019\/02\/logo.svg\",\"contentUrl\":\"https:\/\/printandstick.eu\/wp-content\/uploads\/2019\/02\/logo.svg\",\"width\":1,\"height\":1,\"caption\":\"Flexolabels Sp. z o.o.\"},\"image\":{\"@id\":\"https:\/\/printandstick.eu\/#\/schema\/logo\/image\/\"}}]}<\/script>\n<!-- \/ Yoast SEO Premium plugin. -->","yoast_head_json":{"title":"100x50mm Thermoetikett, 9er Pack, 1200 St\u00fcck\/Rolle+ Perforation (\u00f840\/120mm) von Printandstick.eu","description":"Thermoetikett f\u00fcr ZEBRA, SATO, DATAMAX, CITIZEN... Haftetiketten, blanco Material: Thermo-Eco, wei\u00df, w\u00e4rmeempfindlich, mit Perforation zum einfachen Abrei\u00dfen\u00a0 nach jedem Etikett  Der Preis gilt f\u00fcr 9 Rollen = 10.800 Etiketten","robots":{"index":"index","follow":"follow","max-snippet":"max-snippet:-1","max-image-preview":"max-image-preview:large","max-video-preview":"max-video-preview:-1"},"canonical":"https:\/\/printandstick.eu\/de\/produkte\/100x50mm-thermoetikett-9er-pack-1200-stueck-rolle-perforation-oe40-120mm\/","og_locale":"de_DE","og_type":"article","og_title":"100x50mm Thermoetikett, 9er Pack, 1200 St\u00fcck\/Rolle+ Perforation (\u00f840\/120mm)","og_description":"Haftetiketten, blanco Material: Thermo-Eco, wei\u00df, w\u00e4rmeempfindlich, mit Perforation zum einfachen Abrei\u00dfen\u00a0 nach jedem Etikett  Der Preis gilt f\u00fcr 9 Rollen = 10.800 Etiketten","og_url":"https:\/\/printandstick.eu\/de\/produkte\/100x50mm-thermoetikett-9er-pack-1200-stueck-rolle-perforation-oe40-120mm\/","og_site_name":"Print &amp; Stick","article_modified_time":"2021-08-19T08:13:37+00:00","og_image":[{"width":500,"height":500,"url":"https:\/\/printandstick.eu\/wp-content\/uploads\/2020\/08\/3.-9x-100x50mm-Thermo-Eco.jpg","type":"image\/jpeg"}],"twitter_card":"summary_large_image","twitter_misc":{"Gesch\u00e4tzte Lesezeit":"1\u00a0Minute"},"schema":{"@context":"https:\/\/schema.org","@graph":[{"@type":"WebPage","@id":"https:\/\/printandstick.eu\/de\/produkte\/100x50mm-thermoetikett-9er-pack-1200-stueck-rolle-perforation-oe40-120mm\/","url":"https:\/\/printandstick.eu\/de\/produkte\/100x50mm-thermoetikett-9er-pack-1200-stueck-rolle-perforation-oe40-120mm\/","name":"100x50mm Thermoetikett, 9er Pack, 1200 St\u00fcck\/Rolle+ Perforation (\u00f840\/120mm) von Printandstick.eu","isPartOf":{"@id":"https:\/\/printandstick.eu\/#website"},"primaryImageOfPage":{"@id":"https:\/\/printandstick.eu\/de\/produkte\/100x50mm-thermoetikett-9er-pack-1200-stueck-rolle-perforation-oe40-120mm\/#primaryimage"},"image":{"@id":"https:\/\/printandstick.eu\/de\/produkte\/100x50mm-thermoetikett-9er-pack-1200-stueck-rolle-perforation-oe40-120mm\/#primaryimage"},"thumbnailUrl":"https:\/\/printandstick.eu\/wp-content\/uploads\/2020\/08\/3.-9x-100x50mm-Thermo-Eco.jpg","datePublished":"2019-07-09T09:32:57+00:00","dateModified":"2021-08-19T08:13:37+00:00","description":"Thermoetikett f\u00fcr ZEBRA, SATO, DATAMAX, CITIZEN... Haftetiketten, blanco Material: Thermo-Eco, wei\u00df, w\u00e4rmeempfindlich, mit Perforation zum einfachen Abrei\u00dfen\u00a0 nach jedem Etikett Der Preis gilt f\u00fcr 9 Rollen = 10.800 Etiketten","breadcrumb":{"@id":"https:\/\/printandstick.eu\/de\/produkte\/100x50mm-thermoetikett-9er-pack-1200-stueck-rolle-perforation-oe40-120mm\/#breadcrumb"},"inLanguage":"de","potentialAction":[{"@type":"ReadAction","target":["https:\/\/printandstick.eu\/de\/produkte\/100x50mm-thermoetikett-9er-pack-1200-stueck-rolle-perforation-oe40-120mm\/"]}]},{"@type":"ImageObject","inLanguage":"de","@id":"https:\/\/printandstick.eu\/de\/produkte\/100x50mm-thermoetikett-9er-pack-1200-stueck-rolle-perforation-oe40-120mm\/#primaryimage","url":"https:\/\/printandstick.eu\/wp-content\/uploads\/2020\/08\/3.-9x-100x50mm-Thermo-Eco.jpg","contentUrl":"https:\/\/printandstick.eu\/wp-content\/uploads\/2020\/08\/3.-9x-100x50mm-Thermo-Eco.jpg","width":500,"height":500,"caption":"etykiety samoprzylepne na rolce do drukarek"},{"@type":"BreadcrumbList","@id":"https:\/\/printandstick.eu\/de\/produkte\/100x50mm-thermoetikett-9er-pack-1200-stueck-rolle-perforation-oe40-120mm\/#breadcrumb","itemListElement":[{"@type":"ListItem","position":1,"name":"Strona g\u0142\u00f3wna","item":"https:\/\/printandstick.eu\/de\/"},{"@type":"ListItem","position":2,"name":"Onlineshop","item":"https:\/\/printandstick.eu\/de\/onlineshop\/"},{"@type":"ListItem","position":3,"name":"100x50mm Thermoetikett, 9er Pack, 1200 St\u00fcck\/Rolle+ Perforation (\u00f840\/120mm)"}]},{"@type":"WebSite","@id":"https:\/\/printandstick.eu\/#website","url":"https:\/\/printandstick.eu\/","name":"Printandstick.eu","description":"Sklep internetowy z etykietami samoprzylepnymi do druku.","publisher":{"@id":"https:\/\/printandstick.eu\/#organization"},"potentialAction":[{"@type":"SearchAction","target":{"@type":"EntryPoint","urlTemplate":"https:\/\/printandstick.eu\/?s={search_term_string}"},"query-input":{"@type":"PropertyValueSpecification","valueRequired":true,"valueName":"search_term_string"}}],"inLanguage":"de"},{"@type":"Organization","@id":"https:\/\/printandstick.eu\/#organization","name":"Flexolabels Sp. z o.o.","url":"https:\/\/printandstick.eu\/","logo":{"@type":"ImageObject","inLanguage":"de","@id":"https:\/\/printandstick.eu\/#\/schema\/logo\/image\/","url":"https:\/\/printandstick.eu\/wp-content\/uploads\/2019\/02\/logo.svg","contentUrl":"https:\/\/printandstick.eu\/wp-content\/uploads\/2019\/02\/logo.svg","width":1,"height":1,"caption":"Flexolabels Sp. z o.o."},"image":{"@id":"https:\/\/printandstick.eu\/#\/schema\/logo\/image\/"}}]}},"_links":{"self":[{"href":"https:\/\/printandstick.eu\/de\/wp-json\/wp\/v2\/product\/10725","targetHints":{"allow":["GET"]}}],"collection":[{"href":"https:\/\/printandstick.eu\/de\/wp-json\/wp\/v2\/product"}],"about":[{"href":"https:\/\/printandstick.eu\/de\/wp-json\/wp\/v2\/types\/product"}],"wp:featuredmedia":[{"embeddable":true,"href":"https:\/\/printandstick.eu\/de\/wp-json\/wp\/v2\/media\/24778"}],"wp:attachment":[{"href":"https:\/\/printandstick.eu\/de\/wp-json\/wp\/v2\/media?parent=10725"}],"wp:term":[{"taxonomy":"product_brand","embeddable":true,"href":"https:\/\/printandstick.eu\/de\/wp-json\/wp\/v2\/product_brand?post=10725"},{"taxonomy":"product_cat","embeddable":true,"href":"https:\/\/printandstick.eu\/de\/wp-json\/wp\/v2\/product_cat?post=10725"},{"taxonomy":"product_tag","embeddable":true,"href":"https:\/\/printandstick.eu\/de\/wp-json\/wp\/v2\/product_tag?post=10725"}],"curies":[{"name":"wp","href":"https:\/\/api.w.org\/{rel}","templated":true}]}}