{"id":10204,"date":"2019-05-07T21:03:17","date_gmt":"2019-07-03T08:41:46","guid":{"rendered":"https:\/\/printandstick.eu\/?post_type=product&#038;p=10204"},"modified":"2024-04-02T21:33:24","modified_gmt":"2024-04-02T19:33:24","slug":"pruefplakette-muster-2","status":"publish","type":"product","link":"https:\/\/printandstick.eu\/de\/produkte\/pruefplakette-muster-2\/","title":{"rendered":"Pr\u00fcfplakette &#8211; Muster 2"},"content":{"rendered":"<p><strong>Die angebotenen Etiketten sind ein untrennbarer Bestandteil der korrekten Kennzeichnung der <\/strong><strong>technischen Inspektionen vieler Maschinen oder Ger\u00e4te.<\/strong><\/p>\n<p>Das maximale transparente Aussehen unserer Etiketten bietet die einfachste und schnellste M\u00f6glichkeit, das Datum der Pr\u00fcfung\/Kalibrierung ohne Verwechslungsgefahr abzulesen.<\/p>\n<p><strong>Etiketten werden auf einer Polyesterfolie mit einem zus\u00e4tzlichen Polyesterlaminat hergestellt<\/strong>. Der permanente Klebstoff bietet eine sehr starke und langlebige Haftung an die Oberfl\u00e4che und die Sicherung mit Laminat verhindert Verschmieren des Aufdrucks z.B. beim Waschen mit starken Reinigungsmitteln oder L\u00f6sungsmitteln. Aufdruck ausgef\u00fchrt mit lichtstabilen Pigmenten verursacht, dass die Etiketten auch nach langj\u00e4hriger Verwendung nicht verblassen.<br \/>\nVor dem Aufbringen des Etiketts sollten die Oberfl\u00e4chen des Untergrunds entstaubt und entfettet werden, um den besten Kontakt f\u00fcr den Klebstoff zu gew\u00e4hrleisten.<\/p>\n<p>Etiketten in Bogenform mit 10 bis 24 Etiketten je nach gew\u00e4hlter Gr\u00f6\u00dfe:<\/p>\n<ul>\n<li><em>\u00d830 mm &#8211; 24 St\u00fcck Etiketten pro Bogen<\/em><\/li>\n<li><em>\u00d840 mm &#8211; 14 St\u00fcck Etiketten pro Bogen<\/em><\/li>\n<li><em>\u00d850 mm &#8211; 10 St\u00fcck Etiketten pro Bogen<\/em><\/li>\n<\/ul>\n<p><strong>Der Preis gilt f\u00fcr einen Etikettenbogen.<\/strong><\/p>\n","protected":false},"excerpt":{"rendered":"<p>Die Etiketten sind in verschiedenen Farben, Gr\u00f6\u00dfen\u00a0 und Mustern erh\u00e4ltlich.<br \/>\nDer Preis gilt f\u00fcr ein Blatt.<\/p>\n","protected":false},"featured_media":6371,"template":"","meta":{"_acf_changed":false,"inline_featured_image":false},"product_brand":[],"product_cat":[106],"product_tag":[],"class_list":{"0":"post-10204","1":"product","2":"type-product","3":"status-publish","4":"has-post-thumbnail","6":"product_cat-etiketten-auf-bogen","8":"first","9":"instock","10":"taxable","11":"shipping-taxable","12":"purchasable","13":"product-type-variable","14":"has-default-attributes"},"acf":[],"yoast_head":"<!-- This site is optimized with the Yoast SEO Premium plugin v24.6 (Yoast SEO v26.5) - https:\/\/yoast.com\/wordpress\/plugins\/seo\/ -->\n<title>Pr\u00fcfplakette - Muster 2 von Printandstick.eu<\/title>\n<meta name=\"description\" content=\"Onlineshop mit Pr\u00fcfplaketten. Sie werden das Bewertungstermin nicht verpassen. Verschiedene Muster, Farben und Gr\u00f6\u00dfen. Starker Kleber. Schauen Sie nach.\" \/>\n<meta name=\"robots\" content=\"index, follow, max-snippet:-1, max-image-preview:large, max-video-preview:-1\" \/>\n<link rel=\"canonical\" href=\"https:\/\/printandstick.eu\/de\/produkte\/pruefplakette-muster-2\/\" \/>\n<meta property=\"og:locale\" content=\"de_DE\" \/>\n<meta property=\"og:type\" content=\"article\" \/>\n<meta property=\"og:title\" content=\"Pr\u00fcfplakette - Muster 2\" \/>\n<meta property=\"og:description\" content=\"Die Etiketten sind in verschiedenen Farben, Gr\u00f6\u00dfen\u00a0 und Mustern erh\u00e4ltlich. Der Preis gilt f\u00fcr ein Blatt.\" \/>\n<meta property=\"og:url\" content=\"https:\/\/printandstick.eu\/de\/produkte\/pruefplakette-muster-2\/\" \/>\n<meta property=\"og:site_name\" content=\"Print &amp; Stick\" \/>\n<meta property=\"article:modified_time\" content=\"2024-04-02T19:33:24+00:00\" \/>\n<meta property=\"og:image\" content=\"https:\/\/printandstick.eu\/wp-content\/uploads\/2019\/05\/plomby-2-1.jpg\" \/>\n\t<meta property=\"og:image:width\" content=\"500\" \/>\n\t<meta property=\"og:image:height\" content=\"500\" \/>\n\t<meta property=\"og:image:type\" content=\"image\/jpeg\" \/>\n<meta name=\"twitter:card\" content=\"summary_large_image\" \/>\n<meta name=\"twitter:label1\" content=\"Gesch\u00e4tzte Lesezeit\" \/>\n\t<meta name=\"twitter:data1\" content=\"1\u00a0Minute\" \/>\n<script type=\"application\/ld+json\" class=\"yoast-schema-graph\">{\"@context\":\"https:\/\/schema.org\",\"@graph\":[{\"@type\":\"WebPage\",\"@id\":\"https:\/\/printandstick.eu\/de\/produkte\/pruefplakette-muster-2\/\",\"url\":\"https:\/\/printandstick.eu\/de\/produkte\/pruefplakette-muster-2\/\",\"name\":\"Pr\u00fcfplakette - Muster 2 von Printandstick.eu\",\"isPartOf\":{\"@id\":\"https:\/\/printandstick.eu\/#website\"},\"primaryImageOfPage\":{\"@id\":\"https:\/\/printandstick.eu\/de\/produkte\/pruefplakette-muster-2\/#primaryimage\"},\"image\":{\"@id\":\"https:\/\/printandstick.eu\/de\/produkte\/pruefplakette-muster-2\/#primaryimage\"},\"thumbnailUrl\":\"https:\/\/printandstick.eu\/wp-content\/uploads\/2019\/05\/plomby-2-1.jpg\",\"datePublished\":\"2019-07-03T08:41:46+00:00\",\"dateModified\":\"2024-04-02T19:33:24+00:00\",\"description\":\"Onlineshop mit Pr\u00fcfplaketten. Sie werden das Bewertungstermin nicht verpassen. Verschiedene Muster, Farben und Gr\u00f6\u00dfen. Starker Kleber. Schauen Sie nach.\",\"breadcrumb\":{\"@id\":\"https:\/\/printandstick.eu\/de\/produkte\/pruefplakette-muster-2\/#breadcrumb\"},\"inLanguage\":\"de\",\"potentialAction\":[{\"@type\":\"ReadAction\",\"target\":[\"https:\/\/printandstick.eu\/de\/produkte\/pruefplakette-muster-2\/\"]}]},{\"@type\":\"ImageObject\",\"inLanguage\":\"de\",\"@id\":\"https:\/\/printandstick.eu\/de\/produkte\/pruefplakette-muster-2\/#primaryimage\",\"url\":\"https:\/\/printandstick.eu\/wp-content\/uploads\/2019\/05\/plomby-2-1.jpg\",\"contentUrl\":\"https:\/\/printandstick.eu\/wp-content\/uploads\/2019\/05\/plomby-2-1.jpg\",\"width\":500,\"height\":500,\"caption\":\"Etykiety przegl\u0105dowe, kolor bia\u0142y, \u017c\u00f3\u0142ty\"},{\"@type\":\"BreadcrumbList\",\"@id\":\"https:\/\/printandstick.eu\/de\/produkte\/pruefplakette-muster-2\/#breadcrumb\",\"itemListElement\":[{\"@type\":\"ListItem\",\"position\":1,\"name\":\"Strona g\u0142\u00f3wna\",\"item\":\"https:\/\/printandstick.eu\/de\/\"},{\"@type\":\"ListItem\",\"position\":2,\"name\":\"Onlineshop\",\"item\":\"https:\/\/printandstick.eu\/de\/onlineshop\/\"},{\"@type\":\"ListItem\",\"position\":3,\"name\":\"Pr\u00fcfplakette &#8211; Muster 2\"}]},{\"@type\":\"WebSite\",\"@id\":\"https:\/\/printandstick.eu\/#website\",\"url\":\"https:\/\/printandstick.eu\/\",\"name\":\"Printandstick.eu\",\"description\":\"Sklep internetowy z etykietami samoprzylepnymi do druku.\",\"publisher\":{\"@id\":\"https:\/\/printandstick.eu\/#organization\"},\"potentialAction\":[{\"@type\":\"SearchAction\",\"target\":{\"@type\":\"EntryPoint\",\"urlTemplate\":\"https:\/\/printandstick.eu\/?s={search_term_string}\"},\"query-input\":{\"@type\":\"PropertyValueSpecification\",\"valueRequired\":true,\"valueName\":\"search_term_string\"}}],\"inLanguage\":\"de\"},{\"@type\":\"Organization\",\"@id\":\"https:\/\/printandstick.eu\/#organization\",\"name\":\"Flexolabels Sp. z o.o.\",\"url\":\"https:\/\/printandstick.eu\/\",\"logo\":{\"@type\":\"ImageObject\",\"inLanguage\":\"de\",\"@id\":\"https:\/\/printandstick.eu\/#\/schema\/logo\/image\/\",\"url\":\"https:\/\/printandstick.eu\/wp-content\/uploads\/2019\/02\/logo.svg\",\"contentUrl\":\"https:\/\/printandstick.eu\/wp-content\/uploads\/2019\/02\/logo.svg\",\"width\":1,\"height\":1,\"caption\":\"Flexolabels Sp. z o.o.\"},\"image\":{\"@id\":\"https:\/\/printandstick.eu\/#\/schema\/logo\/image\/\"}}]}<\/script>\n<!-- \/ Yoast SEO Premium plugin. -->","yoast_head_json":{"title":"Pr\u00fcfplakette - Muster 2 von Printandstick.eu","description":"Onlineshop mit Pr\u00fcfplaketten. Sie werden das Bewertungstermin nicht verpassen. Verschiedene Muster, Farben und Gr\u00f6\u00dfen. Starker Kleber. Schauen Sie nach.","robots":{"index":"index","follow":"follow","max-snippet":"max-snippet:-1","max-image-preview":"max-image-preview:large","max-video-preview":"max-video-preview:-1"},"canonical":"https:\/\/printandstick.eu\/de\/produkte\/pruefplakette-muster-2\/","og_locale":"de_DE","og_type":"article","og_title":"Pr\u00fcfplakette - Muster 2","og_description":"Die Etiketten sind in verschiedenen Farben, Gr\u00f6\u00dfen\u00a0 und Mustern erh\u00e4ltlich. Der Preis gilt f\u00fcr ein Blatt.","og_url":"https:\/\/printandstick.eu\/de\/produkte\/pruefplakette-muster-2\/","og_site_name":"Print &amp; Stick","article_modified_time":"2024-04-02T19:33:24+00:00","og_image":[{"width":500,"height":500,"url":"https:\/\/printandstick.eu\/wp-content\/uploads\/2019\/05\/plomby-2-1.jpg","type":"image\/jpeg"}],"twitter_card":"summary_large_image","twitter_misc":{"Gesch\u00e4tzte Lesezeit":"1\u00a0Minute"},"schema":{"@context":"https:\/\/schema.org","@graph":[{"@type":"WebPage","@id":"https:\/\/printandstick.eu\/de\/produkte\/pruefplakette-muster-2\/","url":"https:\/\/printandstick.eu\/de\/produkte\/pruefplakette-muster-2\/","name":"Pr\u00fcfplakette - Muster 2 von Printandstick.eu","isPartOf":{"@id":"https:\/\/printandstick.eu\/#website"},"primaryImageOfPage":{"@id":"https:\/\/printandstick.eu\/de\/produkte\/pruefplakette-muster-2\/#primaryimage"},"image":{"@id":"https:\/\/printandstick.eu\/de\/produkte\/pruefplakette-muster-2\/#primaryimage"},"thumbnailUrl":"https:\/\/printandstick.eu\/wp-content\/uploads\/2019\/05\/plomby-2-1.jpg","datePublished":"2019-07-03T08:41:46+00:00","dateModified":"2024-04-02T19:33:24+00:00","description":"Onlineshop mit Pr\u00fcfplaketten. Sie werden das Bewertungstermin nicht verpassen. Verschiedene Muster, Farben und Gr\u00f6\u00dfen. Starker Kleber. Schauen Sie nach.","breadcrumb":{"@id":"https:\/\/printandstick.eu\/de\/produkte\/pruefplakette-muster-2\/#breadcrumb"},"inLanguage":"de","potentialAction":[{"@type":"ReadAction","target":["https:\/\/printandstick.eu\/de\/produkte\/pruefplakette-muster-2\/"]}]},{"@type":"ImageObject","inLanguage":"de","@id":"https:\/\/printandstick.eu\/de\/produkte\/pruefplakette-muster-2\/#primaryimage","url":"https:\/\/printandstick.eu\/wp-content\/uploads\/2019\/05\/plomby-2-1.jpg","contentUrl":"https:\/\/printandstick.eu\/wp-content\/uploads\/2019\/05\/plomby-2-1.jpg","width":500,"height":500,"caption":"Etykiety przegl\u0105dowe, kolor bia\u0142y, \u017c\u00f3\u0142ty"},{"@type":"BreadcrumbList","@id":"https:\/\/printandstick.eu\/de\/produkte\/pruefplakette-muster-2\/#breadcrumb","itemListElement":[{"@type":"ListItem","position":1,"name":"Strona g\u0142\u00f3wna","item":"https:\/\/printandstick.eu\/de\/"},{"@type":"ListItem","position":2,"name":"Onlineshop","item":"https:\/\/printandstick.eu\/de\/onlineshop\/"},{"@type":"ListItem","position":3,"name":"Pr\u00fcfplakette &#8211; Muster 2"}]},{"@type":"WebSite","@id":"https:\/\/printandstick.eu\/#website","url":"https:\/\/printandstick.eu\/","name":"Printandstick.eu","description":"Sklep internetowy z etykietami samoprzylepnymi do druku.","publisher":{"@id":"https:\/\/printandstick.eu\/#organization"},"potentialAction":[{"@type":"SearchAction","target":{"@type":"EntryPoint","urlTemplate":"https:\/\/printandstick.eu\/?s={search_term_string}"},"query-input":{"@type":"PropertyValueSpecification","valueRequired":true,"valueName":"search_term_string"}}],"inLanguage":"de"},{"@type":"Organization","@id":"https:\/\/printandstick.eu\/#organization","name":"Flexolabels Sp. z o.o.","url":"https:\/\/printandstick.eu\/","logo":{"@type":"ImageObject","inLanguage":"de","@id":"https:\/\/printandstick.eu\/#\/schema\/logo\/image\/","url":"https:\/\/printandstick.eu\/wp-content\/uploads\/2019\/02\/logo.svg","contentUrl":"https:\/\/printandstick.eu\/wp-content\/uploads\/2019\/02\/logo.svg","width":1,"height":1,"caption":"Flexolabels Sp. z o.o."},"image":{"@id":"https:\/\/printandstick.eu\/#\/schema\/logo\/image\/"}}]}},"_links":{"self":[{"href":"https:\/\/printandstick.eu\/de\/wp-json\/wp\/v2\/product\/10204","targetHints":{"allow":["GET"]}}],"collection":[{"href":"https:\/\/printandstick.eu\/de\/wp-json\/wp\/v2\/product"}],"about":[{"href":"https:\/\/printandstick.eu\/de\/wp-json\/wp\/v2\/types\/product"}],"wp:featuredmedia":[{"embeddable":true,"href":"https:\/\/printandstick.eu\/de\/wp-json\/wp\/v2\/media\/6371"}],"wp:attachment":[{"href":"https:\/\/printandstick.eu\/de\/wp-json\/wp\/v2\/media?parent=10204"}],"wp:term":[{"taxonomy":"product_brand","embeddable":true,"href":"https:\/\/printandstick.eu\/de\/wp-json\/wp\/v2\/product_brand?post=10204"},{"taxonomy":"product_cat","embeddable":true,"href":"https:\/\/printandstick.eu\/de\/wp-json\/wp\/v2\/product_cat?post=10204"},{"taxonomy":"product_tag","embeddable":true,"href":"https:\/\/printandstick.eu\/de\/wp-json\/wp\/v2\/product_tag?post=10204"}],"curies":[{"name":"wp","href":"https:\/\/api.w.org\/{rel}","templated":true}]}}