{"id":10151,"date":"2019-03-21T11:10:46","date_gmt":"2019-07-03T07:53:45","guid":{"rendered":"https:\/\/printandstick.eu\/?post_type=product&#038;p=10151"},"modified":"2020-10-19T12:52:16","modified_gmt":"2020-10-19T10:52:16","slug":"100x48mm-thermoetikett-3000-stueck-rolle-oe76-180mm","status":"publish","type":"product","link":"https:\/\/printandstick.eu\/de\/produkte\/100x48mm-thermoetikett-3000-stueck-rolle-oe76-180mm\/","title":{"rendered":"100x48mm Thermoetikett 3000 St\u00fcck\/Rolle (\u00f876\/180mm)"},"content":{"rendered":"<p>Selbstklebende Etiketten, ohne Aufdruck, aus wei\u00dfem, w\u00e4rmeempfindlichem &#8222;Eco&#8220; -Papier. Perfekt f\u00fcr den Einsatz als Logistik-, Transport-, Verkaufs- und Verpackungsetiketten. Sehr gute Haftung auf den meisten Oberfl\u00e4chen (einschlie\u00dflich non-polaren Oberfl\u00e4chen und Kartons). Direkte Sonneneinstrahlung und aggressive Chemikalien sind zu vermeiden. Bestimmt f\u00fcr den indirekten Kontakt mit trockenen und nicht fetten Lebensmitteln.<\/p>\n<p>Etiketten eignen sich zum Drucken in gro\u00dfen Thermodirektdruckern: ZEBRA, SATO, DATAMAX, CITIZEN usw.<\/p>\n<p>St\u00fcckzahl pro Rolle: <strong>3000 St\u00fcck<\/strong><b><br \/>\n<\/b>Etikettengr\u00f6\u00dfe: <strong>100 x 48 mm<\/strong><b><br \/>\n<\/b>Bahnbreite: <strong>103 mm<\/strong><b><br \/>\n<\/b>Kleberart: <strong>permanent Acrylkleber<\/strong><b><br \/>\n<\/b>Kleberkraft: <strong>&gt;18 N<\/strong><b><br \/>\n<\/b>Das Gewicht des Rohmaterials: <strong>70 g\/m2<\/strong><b><br \/>\n<\/b>Materialst\u00e4rke: <strong>77 \u00b5m<\/strong><b><br \/>\n<\/b>Druckgeschwindigkeit: <strong>bis zu\u00a0 200 mm\/s<\/strong><b><br \/>\n<\/b>Das Material verf\u00fcgt \u00fcber folgende Zertifikate : <strong>FSC, FDA, ISEGA<\/strong><b><br \/>\n<\/b>Empfohlene Lagerung : <strong>+20 \u00b0C \/<\/strong> <strong>Leuftfeuchtigkeit 50%<\/strong><b><br \/>\n<\/b>Minimale Etikettiertemperatur: <strong>0 \u00b0C<\/strong><b><br \/>\n<\/b>Betriebstemperatur nach dem Aufkleben: <strong>-20 \u00b0C bis 80 \u00b0C<\/strong><\/p>\n<p>Innendurchmesser der H\u00fclse: <strong>76mm<\/strong><b><br \/>\n<\/b>Au\u00dfendurchmesser der Rolle: <strong>&lt;180mm<br \/>\n<\/strong><b><\/b><strong>Die Rollen mit Au\u00dfendurchmesser von 180 mm sind nicht f\u00fcr kleine B\u00fcrodrucker geeignet.<\/strong><\/p>\n","protected":false},"excerpt":{"rendered":"<p>Haftetiketten, blanco<br \/>\nMaterial: Thermo-Eco, wei\u00df, w\u00e4rmeempfindlich<br \/>\nDer Preis gilt f\u00fcr 1 Rolle<\/p>\n","protected":false},"featured_media":5395,"template":"","meta":{"_acf_changed":false,"inline_featured_image":false},"product_brand":[],"product_cat":[399],"product_tag":[],"class_list":{"0":"post-10151","1":"product","2":"type-product","3":"status-publish","4":"has-post-thumbnail","6":"product_cat-angebot","8":"first","9":"instock","10":"taxable","11":"shipping-taxable","12":"purchasable","13":"product-type-simple"},"acf":[],"yoast_head":"<!-- This site is optimized with the Yoast SEO Premium plugin v24.6 (Yoast SEO v26.5) - https:\/\/yoast.com\/wordpress\/plugins\/seo\/ -->\n<title>100x48mm Thermoetikett 3000 St\u00fcck\/Rolle (\u00f876\/180mm) von Printandstick.eu<\/title>\n<meta name=\"description\" content=\"Thermoetikett f\u00fcr ZEBRA, SATO, DATAMAX, CITIZEN... 1 Rolle = 3000 St\u00fcck Etiketten Haftetiketten, blanco Material: Thermo-Eco, wei\u00df, w\u00e4rmeempfindlich Der Preis gilt f\u00fcr 1 Rolle\" \/>\n<meta name=\"robots\" content=\"index, follow, max-snippet:-1, max-image-preview:large, max-video-preview:-1\" \/>\n<link rel=\"canonical\" href=\"https:\/\/printandstick.eu\/de\/produkte\/100x48mm-thermoetikett-3000-stueck-rolle-oe76-180mm\/\" \/>\n<meta property=\"og:locale\" content=\"de_DE\" \/>\n<meta property=\"og:type\" content=\"article\" \/>\n<meta property=\"og:title\" content=\"100x48mm Thermoetikett 3000 St\u00fcck\/Rolle (\u00f876\/180mm)\" \/>\n<meta property=\"og:description\" content=\"Haftetiketten, blanco Material: Thermo-Eco, wei\u00df, w\u00e4rmeempfindlich Der Preis gilt f\u00fcr 1 Rolle\" \/>\n<meta property=\"og:url\" content=\"https:\/\/printandstick.eu\/de\/produkte\/100x48mm-thermoetikett-3000-stueck-rolle-oe76-180mm\/\" \/>\n<meta property=\"og:site_name\" content=\"Print &amp; Stick\" \/>\n<meta property=\"article:modified_time\" content=\"2020-10-19T10:52:16+00:00\" \/>\n<meta property=\"og:image\" content=\"https:\/\/printandstick.eu\/wp-content\/uploads\/2019\/03\/13a.jpg\" \/>\n\t<meta property=\"og:image:width\" content=\"709\" \/>\n\t<meta property=\"og:image:height\" content=\"709\" \/>\n\t<meta property=\"og:image:type\" content=\"image\/jpeg\" \/>\n<meta name=\"twitter:card\" content=\"summary_large_image\" \/>\n<meta name=\"twitter:label1\" content=\"Gesch\u00e4tzte Lesezeit\" \/>\n\t<meta name=\"twitter:data1\" content=\"1\u00a0Minute\" \/>\n<script type=\"application\/ld+json\" class=\"yoast-schema-graph\">{\"@context\":\"https:\/\/schema.org\",\"@graph\":[{\"@type\":\"WebPage\",\"@id\":\"https:\/\/printandstick.eu\/de\/produkte\/100x48mm-thermoetikett-3000-stueck-rolle-oe76-180mm\/\",\"url\":\"https:\/\/printandstick.eu\/de\/produkte\/100x48mm-thermoetikett-3000-stueck-rolle-oe76-180mm\/\",\"name\":\"100x48mm Thermoetikett 3000 St\u00fcck\/Rolle (\u00f876\/180mm) von Printandstick.eu\",\"isPartOf\":{\"@id\":\"https:\/\/printandstick.eu\/#website\"},\"primaryImageOfPage\":{\"@id\":\"https:\/\/printandstick.eu\/de\/produkte\/100x48mm-thermoetikett-3000-stueck-rolle-oe76-180mm\/#primaryimage\"},\"image\":{\"@id\":\"https:\/\/printandstick.eu\/de\/produkte\/100x48mm-thermoetikett-3000-stueck-rolle-oe76-180mm\/#primaryimage\"},\"thumbnailUrl\":\"https:\/\/printandstick.eu\/wp-content\/uploads\/2019\/03\/13a.jpg\",\"datePublished\":\"2019-07-03T07:53:45+00:00\",\"dateModified\":\"2020-10-19T10:52:16+00:00\",\"description\":\"Thermoetikett f\u00fcr ZEBRA, SATO, DATAMAX, CITIZEN... 1 Rolle = 3000 St\u00fcck Etiketten Haftetiketten, blanco Material: Thermo-Eco, wei\u00df, w\u00e4rmeempfindlich Der Preis gilt f\u00fcr 1 Rolle\",\"breadcrumb\":{\"@id\":\"https:\/\/printandstick.eu\/de\/produkte\/100x48mm-thermoetikett-3000-stueck-rolle-oe76-180mm\/#breadcrumb\"},\"inLanguage\":\"de\",\"potentialAction\":[{\"@type\":\"ReadAction\",\"target\":[\"https:\/\/printandstick.eu\/de\/produkte\/100x48mm-thermoetikett-3000-stueck-rolle-oe76-180mm\/\"]}]},{\"@type\":\"ImageObject\",\"inLanguage\":\"de\",\"@id\":\"https:\/\/printandstick.eu\/de\/produkte\/100x48mm-thermoetikett-3000-stueck-rolle-oe76-180mm\/#primaryimage\",\"url\":\"https:\/\/printandstick.eu\/wp-content\/uploads\/2019\/03\/13a.jpg\",\"contentUrl\":\"https:\/\/printandstick.eu\/wp-content\/uploads\/2019\/03\/13a.jpg\",\"width\":709,\"height\":709,\"caption\":\"Etykieta samoprzylepna, papier termiczny do drukarek\"},{\"@type\":\"BreadcrumbList\",\"@id\":\"https:\/\/printandstick.eu\/de\/produkte\/100x48mm-thermoetikett-3000-stueck-rolle-oe76-180mm\/#breadcrumb\",\"itemListElement\":[{\"@type\":\"ListItem\",\"position\":1,\"name\":\"Strona g\u0142\u00f3wna\",\"item\":\"https:\/\/printandstick.eu\/de\/\"},{\"@type\":\"ListItem\",\"position\":2,\"name\":\"Onlineshop\",\"item\":\"https:\/\/printandstick.eu\/de\/onlineshop\/\"},{\"@type\":\"ListItem\",\"position\":3,\"name\":\"100x48mm Thermoetikett 3000 St\u00fcck\/Rolle (\u00f876\/180mm)\"}]},{\"@type\":\"WebSite\",\"@id\":\"https:\/\/printandstick.eu\/#website\",\"url\":\"https:\/\/printandstick.eu\/\",\"name\":\"Printandstick.eu\",\"description\":\"Sklep internetowy z etykietami samoprzylepnymi do druku.\",\"publisher\":{\"@id\":\"https:\/\/printandstick.eu\/#organization\"},\"potentialAction\":[{\"@type\":\"SearchAction\",\"target\":{\"@type\":\"EntryPoint\",\"urlTemplate\":\"https:\/\/printandstick.eu\/?s={search_term_string}\"},\"query-input\":{\"@type\":\"PropertyValueSpecification\",\"valueRequired\":true,\"valueName\":\"search_term_string\"}}],\"inLanguage\":\"de\"},{\"@type\":\"Organization\",\"@id\":\"https:\/\/printandstick.eu\/#organization\",\"name\":\"Flexolabels Sp. z o.o.\",\"url\":\"https:\/\/printandstick.eu\/\",\"logo\":{\"@type\":\"ImageObject\",\"inLanguage\":\"de\",\"@id\":\"https:\/\/printandstick.eu\/#\/schema\/logo\/image\/\",\"url\":\"https:\/\/printandstick.eu\/wp-content\/uploads\/2019\/02\/logo.svg\",\"contentUrl\":\"https:\/\/printandstick.eu\/wp-content\/uploads\/2019\/02\/logo.svg\",\"width\":1,\"height\":1,\"caption\":\"Flexolabels Sp. z o.o.\"},\"image\":{\"@id\":\"https:\/\/printandstick.eu\/#\/schema\/logo\/image\/\"}}]}<\/script>\n<!-- \/ Yoast SEO Premium plugin. -->","yoast_head_json":{"title":"100x48mm Thermoetikett 3000 St\u00fcck\/Rolle (\u00f876\/180mm) von Printandstick.eu","description":"Thermoetikett f\u00fcr ZEBRA, SATO, DATAMAX, CITIZEN... 1 Rolle = 3000 St\u00fcck Etiketten Haftetiketten, blanco Material: Thermo-Eco, wei\u00df, w\u00e4rmeempfindlich Der Preis gilt f\u00fcr 1 Rolle","robots":{"index":"index","follow":"follow","max-snippet":"max-snippet:-1","max-image-preview":"max-image-preview:large","max-video-preview":"max-video-preview:-1"},"canonical":"https:\/\/printandstick.eu\/de\/produkte\/100x48mm-thermoetikett-3000-stueck-rolle-oe76-180mm\/","og_locale":"de_DE","og_type":"article","og_title":"100x48mm Thermoetikett 3000 St\u00fcck\/Rolle (\u00f876\/180mm)","og_description":"Haftetiketten, blanco Material: Thermo-Eco, wei\u00df, w\u00e4rmeempfindlich Der Preis gilt f\u00fcr 1 Rolle","og_url":"https:\/\/printandstick.eu\/de\/produkte\/100x48mm-thermoetikett-3000-stueck-rolle-oe76-180mm\/","og_site_name":"Print &amp; Stick","article_modified_time":"2020-10-19T10:52:16+00:00","og_image":[{"width":709,"height":709,"url":"https:\/\/printandstick.eu\/wp-content\/uploads\/2019\/03\/13a.jpg","type":"image\/jpeg"}],"twitter_card":"summary_large_image","twitter_misc":{"Gesch\u00e4tzte Lesezeit":"1\u00a0Minute"},"schema":{"@context":"https:\/\/schema.org","@graph":[{"@type":"WebPage","@id":"https:\/\/printandstick.eu\/de\/produkte\/100x48mm-thermoetikett-3000-stueck-rolle-oe76-180mm\/","url":"https:\/\/printandstick.eu\/de\/produkte\/100x48mm-thermoetikett-3000-stueck-rolle-oe76-180mm\/","name":"100x48mm Thermoetikett 3000 St\u00fcck\/Rolle (\u00f876\/180mm) von Printandstick.eu","isPartOf":{"@id":"https:\/\/printandstick.eu\/#website"},"primaryImageOfPage":{"@id":"https:\/\/printandstick.eu\/de\/produkte\/100x48mm-thermoetikett-3000-stueck-rolle-oe76-180mm\/#primaryimage"},"image":{"@id":"https:\/\/printandstick.eu\/de\/produkte\/100x48mm-thermoetikett-3000-stueck-rolle-oe76-180mm\/#primaryimage"},"thumbnailUrl":"https:\/\/printandstick.eu\/wp-content\/uploads\/2019\/03\/13a.jpg","datePublished":"2019-07-03T07:53:45+00:00","dateModified":"2020-10-19T10:52:16+00:00","description":"Thermoetikett f\u00fcr ZEBRA, SATO, DATAMAX, CITIZEN... 1 Rolle = 3000 St\u00fcck Etiketten Haftetiketten, blanco Material: Thermo-Eco, wei\u00df, w\u00e4rmeempfindlich Der Preis gilt f\u00fcr 1 Rolle","breadcrumb":{"@id":"https:\/\/printandstick.eu\/de\/produkte\/100x48mm-thermoetikett-3000-stueck-rolle-oe76-180mm\/#breadcrumb"},"inLanguage":"de","potentialAction":[{"@type":"ReadAction","target":["https:\/\/printandstick.eu\/de\/produkte\/100x48mm-thermoetikett-3000-stueck-rolle-oe76-180mm\/"]}]},{"@type":"ImageObject","inLanguage":"de","@id":"https:\/\/printandstick.eu\/de\/produkte\/100x48mm-thermoetikett-3000-stueck-rolle-oe76-180mm\/#primaryimage","url":"https:\/\/printandstick.eu\/wp-content\/uploads\/2019\/03\/13a.jpg","contentUrl":"https:\/\/printandstick.eu\/wp-content\/uploads\/2019\/03\/13a.jpg","width":709,"height":709,"caption":"Etykieta samoprzylepna, papier termiczny do drukarek"},{"@type":"BreadcrumbList","@id":"https:\/\/printandstick.eu\/de\/produkte\/100x48mm-thermoetikett-3000-stueck-rolle-oe76-180mm\/#breadcrumb","itemListElement":[{"@type":"ListItem","position":1,"name":"Strona g\u0142\u00f3wna","item":"https:\/\/printandstick.eu\/de\/"},{"@type":"ListItem","position":2,"name":"Onlineshop","item":"https:\/\/printandstick.eu\/de\/onlineshop\/"},{"@type":"ListItem","position":3,"name":"100x48mm Thermoetikett 3000 St\u00fcck\/Rolle (\u00f876\/180mm)"}]},{"@type":"WebSite","@id":"https:\/\/printandstick.eu\/#website","url":"https:\/\/printandstick.eu\/","name":"Printandstick.eu","description":"Sklep internetowy z etykietami samoprzylepnymi do druku.","publisher":{"@id":"https:\/\/printandstick.eu\/#organization"},"potentialAction":[{"@type":"SearchAction","target":{"@type":"EntryPoint","urlTemplate":"https:\/\/printandstick.eu\/?s={search_term_string}"},"query-input":{"@type":"PropertyValueSpecification","valueRequired":true,"valueName":"search_term_string"}}],"inLanguage":"de"},{"@type":"Organization","@id":"https:\/\/printandstick.eu\/#organization","name":"Flexolabels Sp. z o.o.","url":"https:\/\/printandstick.eu\/","logo":{"@type":"ImageObject","inLanguage":"de","@id":"https:\/\/printandstick.eu\/#\/schema\/logo\/image\/","url":"https:\/\/printandstick.eu\/wp-content\/uploads\/2019\/02\/logo.svg","contentUrl":"https:\/\/printandstick.eu\/wp-content\/uploads\/2019\/02\/logo.svg","width":1,"height":1,"caption":"Flexolabels Sp. z o.o."},"image":{"@id":"https:\/\/printandstick.eu\/#\/schema\/logo\/image\/"}}]}},"_links":{"self":[{"href":"https:\/\/printandstick.eu\/de\/wp-json\/wp\/v2\/product\/10151","targetHints":{"allow":["GET"]}}],"collection":[{"href":"https:\/\/printandstick.eu\/de\/wp-json\/wp\/v2\/product"}],"about":[{"href":"https:\/\/printandstick.eu\/de\/wp-json\/wp\/v2\/types\/product"}],"wp:featuredmedia":[{"embeddable":true,"href":"https:\/\/printandstick.eu\/de\/wp-json\/wp\/v2\/media\/5395"}],"wp:attachment":[{"href":"https:\/\/printandstick.eu\/de\/wp-json\/wp\/v2\/media?parent=10151"}],"wp:term":[{"taxonomy":"product_brand","embeddable":true,"href":"https:\/\/printandstick.eu\/de\/wp-json\/wp\/v2\/product_brand?post=10151"},{"taxonomy":"product_cat","embeddable":true,"href":"https:\/\/printandstick.eu\/de\/wp-json\/wp\/v2\/product_cat?post=10151"},{"taxonomy":"product_tag","embeddable":true,"href":"https:\/\/printandstick.eu\/de\/wp-json\/wp\/v2\/product_tag?post=10151"}],"curies":[{"name":"wp","href":"https:\/\/api.w.org\/{rel}","templated":true}]}}