{"id":6065,"date":"2019-04-25T10:13:29","date_gmt":"2019-04-25T08:13:29","guid":{"rendered":"http:\/\/printandstick.pl\/?page_id=6065"},"modified":"2022-11-14T09:08:34","modified_gmt":"2022-11-14T08:08:34","slug":"agb","status":"publish","type":"page","link":"https:\/\/printandstick.eu\/de\/agb\/","title":{"rendered":"AGB"},"content":{"rendered":"<h2 style=\"text-align: center;\"><strong>Allgemeine Gesch\u00e4ftsbedingungen der Firma ETIKEDO GmbH (AGB)<\/strong><\/h2>\n<h2 style=\"text-align: center;\"><strong>(Stand 11.2022)<\/strong><\/h2>\n<p>&nbsp;<\/p>\n<ol>\n<li><strong>Geltungsumfang der AGB<\/strong><\/li>\n<\/ol>\n<p>Die unten angef\u00fchrten AGB gelten f\u00fcr s\u00e4mtliche \u00fcber Online-Shop unserer Firma umgesetzten Bestellungen der Verbraucher und Unternehmer.<\/p>\n<p>Als Verbraucher gilt jede nat\u00fcrliche Person, die Rechtsgesch\u00e4fte abwickelt, die am meisten weder der gewerblichen noch selbst\u00e4ndigen T\u00e4tigkeit dienen. Der Begriff Unternehmer\u00a0 umfasst nat\u00fcrliche oder juristische Personen oder Personengesellschaften, die zur Abwicklung von Rechtsgesch\u00e4ften f\u00e4hig ist und\u00a0 dabei ihre selbst\u00e4ndige berufliche oder gewerbliche T\u00e4tigkeit aus\u00fcbt.<\/p>\n<p>Diese AGB gelten den Unternehmern gegen\u00fcber auch bei den zuk\u00fcnftigen Gesch\u00e4ftsverh\u00e4ltnissen, wobei wir nicht nochmals ausdr\u00fccklich darauf hinzudeuten brauchen. Wir wiedersprechen hiermit\u00a0 den entgegenstehenden oder erg\u00e4nzenden Gesch\u00e4ftsbedingungen des Unternehmers. Sie k\u00f6nnen ausschlie\u00dflich unter der Bedingung unserer Zustimmung zum Vertragsbestandteil sein.<\/p>\n<p>Wir haben das Recht, diese AGB\u00a0\u00a0 zu \u00e4ndern oder zu erg\u00e4nzen. Den Kunden steht frei, den \u00c4nderungen oder Erg\u00e4nzungen zu wiedersprechen. Geht bei uns kein schriftlicher\u00a0 Widerspruch binnen vier Wochen nach Eingang der Information \u00fcber die \u00c4nderung\u00a0 ein, so gilt solche \u00c4nderung als\u00a0 zugestimmt. An die Kunden ergeht bei Beginn der Frist ein Hinweis, dar\u00fcber, dass die Information \u00fcber die \u00c4nderung als wirksam gilt, falls binnen vier Wochen kein Wiederspruch bei uns eingegangen ist.<\/p>\n<p>&nbsp;<\/p>\n<ol start=\"2\">\n<li><strong> Vertragspartner, Vertragsschluss<\/strong><\/li>\n<\/ol>\n<p>Der Kaufvertrag kommt zustande mit :<\/p>\n<p><strong>ETIKEDO GmbH<\/strong><br \/>\nWilhelmsplatz 12<br \/>\nD-02826 G\u00f6rlitz<br \/>\nDeutschland<\/p>\n<p>Gesch\u00e4ftsf\u00fchrer: Ewa Stelmaszczyk<br \/>\nAmtsgericht: Chemnitz<br \/>\nRegisternummer: HRB 38989<br \/>\nUmsatzsteuer-Identifikationsnummer 207\/108\/00627<\/p>\n<p>Mit Einstellung der Produkte in den Online-Shop geben wir ein verbindliches Angebot zum Vertragsschluss \u00fcber diese Artikel ab. Sie k\u00f6nnen unsere Produkte zun\u00e4chst unverbindlich in den Warenkorb legen und Ihre Eingaben vor Absenden Ihrer verbindlichen Bestellung jederzeit korrigieren, indem Sie die hierf\u00fcr im Bestellablauf vorgesehenen und erl\u00e4uterten Korrekturhilfen nutzen. Der Vertrag kommt zustande, indem Sie durch Anklicken des Bestellbuttons das Angebot \u00fcber die im Warenkorb enthaltenen Waren annehmen. Unmittelbar nach dem Absenden der Bestellung erhalten Sie noch einmal eine Best\u00e4tigung per E-Mail.<\/p>\n<p>&nbsp;<\/p>\n<ol start=\"3\">\n<li><strong> Vertragssprache, Vertragstextspeicherung<\/strong><\/li>\n<\/ol>\n<p>Die Vertragssprache ist Deutsch.<\/p>\n<p>Der Kaufvertrag wird von uns gespeichert. Wir senden Ihnen die Bestelldaten und unsere AGB per E-Mail zu. Sie k\u00f6nnen die AGB aber auch nach Vertragsschluss jederzeit \u00fcber unsere Webseite aufrufen. Als registrierter Kunde k\u00f6nnen Sie auf Ihre vergangenen Bestellungen \u00fcber den Kunden Login-Bereich (Benutzerkonto anlegen) zugreifen.<\/p>\n<p>&nbsp;<\/p>\n<ol start=\"4\">\n<li><strong> Lieferbedingungen\/Preise<\/strong><\/li>\n<\/ol>\n<p>Alle angegebenen Preise auf unserer Webseite sind in Euro und werden sowohl als Nettopreise zuz\u00fcglich Mehrwertsteuer als auch brutto inklusive Umsatzsteuer ausgewiesen. Die anfallenden Versandkosten sind gesondert ausgewiesen. Die Versandkosten sind vom Kunden zu tragen. Wir versenden bestellte Produkte innerhalb von 1-2 Tagen (falls auf Lager erh\u00e4ltlich) oder bis zu 10 Tagen (falls die Ware auf Bestellung hergestellt wird). F\u00fcr Eink\u00e4ufe \u00fcber 99\u20ac bieten wir kostenlosen Versand per UPS Kurier an.<\/p>\n<table style=\"border: 1px solid black;\">\n<tbody>\n<tr style=\"border: 1px solid black;\">\n<td style=\"text-align: center;\"><strong>Region<\/strong><\/td>\n<td style=\"text-align: center;\" width=\"196\"><strong>Versand<\/strong><\/td>\n<td style=\"text-align: center;\" width=\"196\"><strong>Preis<\/strong><\/td>\n<\/tr>\n<tr style=\"border: 1px solid black;\">\n<td style=\"text-align: center;\">Deutschland<\/td>\n<td style=\"text-align: center;\" width=\"196\">DPD Standard 3-4 Tage<\/td>\n<td style=\"text-align: center;\">4,99 \u20ac<\/td>\n<\/tr>\n<tr style=\"border: 1px solid black;\">\n<td style=\"text-align: center;\">Deutschland, \u00d6sterreich<\/td>\n<td style=\"text-align: center;\" width=\"196\">UPS Express Kurier 48h<\/td>\n<td style=\"text-align: center;\">9,99 \u20ac<\/td>\n<\/tr>\n<tr style=\"border: 1px solid black;\">\n<td style=\"text-align: center;\" width=\"228\">Deutschland, \u00d6sterreich<\/td>\n<td style=\"text-align: center;\" width=\"196\">Eink\u00e4ufe \u00fcber 99\u20ac<\/td>\n<td style=\"text-align: center;\">0 \u20ac<\/td>\n<\/tr>\n<\/tbody>\n<\/table>\n<p>&nbsp;<\/p>\n<ol start=\"5\">\n<li><strong> Bezahlung<\/strong><\/li>\n<\/ol>\n<p>Sie k\u00f6nnen in unserem Onlineshop folgenderma\u00dfen bezahlen:<br \/>\n<strong>Zahlung per Kreditkarte<\/strong><br \/>\nDie Verarbeitung erfolgt w\u00e4hrend einer verschl\u00fcsselten Verbindung (\u00fcberpr\u00fcfen Sie, ob das Vorh\u00e4ngeschloss-Symbol in der Adressleiste unserer Website angezeigt wird).<br \/>\nWir akzeptieren beliebte Karten wie VISA, MasterCard, American Express. Wir geben Ihre Daten (z. B. Kartennummer) nicht an Dritte weiter.<\/p>\n<p><strong>SOFORT<\/strong><br \/>\nBezahlen Sie ganz bequem mit Ihren vertrauten E-Banking-Daten \u2013 direkt und schnell.<br \/>\nDie SOFORT \u00dcberweisung funktioniert ohne Registrierung und ist einfach und sicher. Und dank der Echtzeit-Transaktionsbest\u00e4tigung an den Shop kommt Ihre Bestellung schneller zu Ihnen.<\/p>\n<p><strong>GIROPAY<\/strong><br \/>\nEinfach, schnell und sicher: Mit Giropay zahlen Sie im Internet mit Ihrem vertrauten Online-Banking mit PIN und TAN.<br \/>\nGiropay macht das \u00dcberweisen von Rechnungen einfach und absolut fehlerfrei, denn die \u00dcberweisung ist mit allen Zahlungsdaten bereits vorausgef\u00fcllt.<\/p>\n<p><strong>Vorkasse<\/strong><br \/>\nWir nehmen Ihre Bestellung durch Versand einer Annahmeerkl\u00e4rung in separater E-Mail innerhalb von zwei Tagen an, in welcher wir Ihnen unsere Bankverbindung nennen.<br \/>\nDie Bezahlung erfolgt per Vorkasse auf unser Bankkonto. Wenn das Geld auf unserem Bankkonto eingegangen ist, werden wir die bestellten Produkte versenden.<\/p>\n<p><strong>PayPal<\/strong><br \/>\nBei der Bezahlung mit PayPal werden Sie im Bestellprozess auf die Webseite des Online-Anbieters PayPal weitergeleitet. Um den Rechnungsbetrag \u00fcber PayPal bezahlen zu k\u00f6nnen, m\u00fcssen Sie dort registriert sein bzw. sich erst registrieren, mit Ihren Zugangsdaten legitimieren und die Zahlungsanweisung an uns best\u00e4tigen. Nach Abgabe der Bestellung im Shop fordern wir PayPal zur Einleitung der Zahlungstransaktion auf. Weitere Hinweise erhalten Sie beim Bestellvorgang. Die Zahlungstransaktion wird durch PayPal unmittelbar danach automatisch durchgef\u00fchrt. Mit Best\u00e4tigung der Zahlungsanweisung kommt der Kaufvertrag mit uns zustande.<\/p>\n<p>&nbsp;<\/p>\n<ol start=\"6\">\n<li><strong> Vorbehalt des Eigentumsrechts<\/strong><\/li>\n<\/ol>\n<p>Ist der Kunde ein Verbraucher, so behalten wir uns das Eigentum am verkauften Produkt bis zur Zahlung des vollst\u00e4ndigen Kaufpreises vor.<\/p>\n<p>Ist der Kunde ein Unternehmer, so behalten wir uns das Eigentum am verkauften Produkt bis zur Zahlung s\u00e4mtlicher Forderungen aus einer laufenden Transaktion<\/p>\n<p>Der Kunde hat das Produkt mit entsprechender Sorgfalt zu behandeln. Wird Wartung oder Pr\u00fcfung erforderlich, so f\u00fchrt der Kunde diese in entsprechenden Intervallen durch und\u00a0 tr\u00e4gt selbst die Kosten daf\u00fcr.<\/p>\n<p>Der Kunde hat \u00fcber Entstehung der Rechte Dritter auf das Produkt bei der etwaigen Pf\u00e4ndung, \u00fcber Besch\u00e4digung oder Zerst\u00f6rung des Produktes schnellstm\u00f6glich zu informieren.<\/p>\n<p>Dasselbe gilt\u00a0 bei \u00dcbertragung des Besitzes\u00a0 der Ware und \u00c4nderung des Wohnsitzes.<\/p>\n<p>Wir behalten uns das Recht vor, vom Vertrag zur\u00fcckzutreten und die Herausgabe der Ware anzufordern, falls sich der Kunde vertragswidrig verh\u00e4lt, in Zahlungsverzug ger\u00e4t oder irgendeine der oben erw\u00e4hnten Vertragspflichten verletzt.<\/p>\n<p>Falls der Kunde ein Unternehmer ist, so ist er berechtigt das gekaufte Produkt weiterzuverkaufen. Er ist dabei verpflichtet, uns s\u00e4mtliche Forderungen aus der Rechnung, die ihm dabei gegen den Dritten durch diese Transaktion entstehen abzutreten. Wir werden diese annehmen. Danach entsteht dem Unternehmer das Recht auf Einziehung\u00a0 der Forderung. Wir werden berechtigt, falls der Unternehmer nicht vorschriftsm\u00e4\u00dfig zahlt und in Zahlungsverzug ger\u00e4t, die Forderung selbst einzuziehen. Der Unternehmer verarbeitet und bearbeitet das Produkt immer im Namen und in Beauftragung f\u00fcr die Firma ETIKEDO GmbH.<\/p>\n<p>Falls der Kunde ein Unternehmer ist, so verarbeitet und bearbeitet er die Produkte immer im Namen und Beauftragung f\u00fcr uns. Wird die Verarbeitung mit sonstigen, nicht in unserem Eigentum stehenden Ger\u00e4ten vollzogen, so entsteht f\u00fcr uns das proportionale Miteigentum, das das Verh\u00e4ltnis des Wertes der von uns geleiferten Produkte zu den anderen verarbeiteten Sachen verk\u00f6rpert.\u00a0 Dies betrifft auch Situationen, in denen die Produkte eine Mischung\u00a0 mit sonstigen, nicht der Firma ETIKEDO GmbH geh\u00f6renden Produkten.<\/p>\n<p>&nbsp;<\/p>\n<ol start=\"7\">\n<li><strong> Transportsch\u00e4den<\/strong><\/li>\n<\/ol>\n<p>Werden Waren mit offensichtlichen Transportsch\u00e4den angeliefert, so reklamieren Sie solche Fehler bitte m\u00f6glichst sofort beim Zusteller und nehmen Sie bitte unverz\u00fcglich Kontakt zu uns auf. Die Vers\u00e4umung einer Reklamation oder Kontaktaufnahme hat f\u00fcr Ihre gesetzlichen Anspr\u00fcche und deren Durchsetzung, insbesondere Ihre Gew\u00e4hrleistungsrechte, keinerlei Konsequenzen. Sie helfen uns aber, unsere eigenen Anspr\u00fcche gegen\u00fcber dem Frachtf\u00fchrer bzw. der Transportversicherung geltend machen zu k\u00f6nnen.<\/p>\n<p>&nbsp;<\/p>\n<ol start=\"8\">\n<li><strong> Gew\u00e4hrleistung und Garantie<\/strong><\/li>\n<\/ol>\n<p>F\u00fcr diese AGB gilt das Gesetz \u00fcber M\u00e4ngelhaftung, sofern ferner keine ausdr\u00fcckliche andere Vereinbarung getroffen wurde. Die Verj\u00e4hrungsfrist bei M\u00e4ngelanspr\u00fcchen f\u00fcr Verbraucher im Falle von Gebrauchtgegenst\u00e4nden betr\u00e4gt ein Jahr ab Abholung der Produkte.<\/p>\n<p>Betreffs der Verj\u00e4hrungsfrist bei M\u00e4ngelanspr\u00fcchen der Unternehmer gilt ein Jahr ab Gefahr\u00fcbertragung. Dies ber\u00fchrt nicht die gesetzlichen Verj\u00e4hrungsfristen f\u00fcr den R\u00fcckgriffsanspruch nach \u00a7 478 BGB.<\/p>\n<p>Zur Beschaffenheit der Produkte gelten ausschlie\u00dflich unsere eigenen Angaben und die, als Bestandteil des Vertrages einbezogene\u00a0 Beschreibung der Produkte durch den Hersteller als Vereinbarung mit den Unternehmern. Wir tragen keine Haftung f\u00fcr \u00f6ffentliche Aussagen des Herstellers und\u00a0 sonstige Werbung.<\/p>\n<p>Treten in den gelieferten Produkten M\u00e4ngel auf, so steht uns frei, die Gew\u00e4hrleistung durch Beseitigung des Mangels (Nachbesserung) oder durch Lieferung des von M\u00e4ngeln freien Produktes (Ersatzlieferung) zu realisieren.<\/p>\n<p>Die oben erw\u00e4hnten Einschr\u00e4nkungen und\u00a0\u00a0 K\u00fcrzung der Fristen sind nicht f\u00fcr von uns selbst, von unsren gesetzlichen Vertreter oder Erf\u00fcllungsgehilfen verursachten Sch\u00e4den, bei Verletzung des Lebens, des K\u00f6rpers oder der Gesundheit, bei vors\u00e4tzlicher Handlung oder grob fahrl\u00e4ssiger Verletzung von Vertragspflichten und Arglist, bei Verletzung relevanter, sich aus dem Vertrag ergebenden Pflichten, deren Erf\u00fcllung die rechtm\u00e4\u00dfige Realisierung des Vertrages erst m\u00f6glich ist und auf deren Einhaltung die andere Vertragspartei regelm\u00e4\u00dfig vertrauen darf (Kardinalpflicht), im Rahmen des sich aus der Garantie ergebenden Versprechens, soweit dies vereinbart wurde und soweit das Produkthaftungsgesetz in seinem Anwendungsbereich er\u00f6ffnet ist\u00a0 anwendbar.<\/p>\n<p>&nbsp;<\/p>\n<ol start=\"9\">\n<li><strong> Haftungspflicht.<\/strong><\/li>\n<\/ol>\n<p>Sind die Sch\u00e4den durch uns, unsere gesetzlichen Vertreter oder Erf\u00fcllungsgehilfen verursacht, so ist unsere Haftung unbeschr\u00e4nkt bez\u00fcglich:<\/p>\n<ul>\n<li>Verletzung des Lebens, des K\u00f6rpers oder der Gesundheit<\/li>\n<li>vors\u00e4tzlicher oder grob fahrl\u00e4ssiger Verletzung der vertraglichen Pflichten<\/li>\n<li>bei Garantieversprechen, soweit vereinbart<\/li>\n<li>soweit der Anwendungsbereich des Produkthaftungsgesetzes er\u00f6ffnet ist.<\/li>\n<\/ul>\n<p>Der Umfang\u00a0 der Haftung ist auf den beim Vertragsabschluss vorhersehbaren Schaden begrenzt, mit dessen Entstehung normalerwiese gerechnet werden muss und der auf die\u00a0 Verletzung wesentlicher Vertragspflichten, deren Erf\u00fcllung die ordnungsgem\u00e4\u00dfe Durchf\u00fchrung des Vertrages \u00fcberhaupt erst erm\u00f6glicht und auf deren Einhaltung die andere Vertragspartei\u00a0 regelm\u00e4\u00dfig vertrauen darf (Kardinalpflichten) durch leichte Fahrl\u00e4ssigkeit von uns, unseren gesetzlichen Vertretern oder Erf\u00fcllungsgehilfen zur\u00fcckzuf\u00fchren ist.<\/p>\n<p>Sonstige Anspr\u00fcche auf Schadenersatz sind ausgeschlossen.<\/p>\n<p>&nbsp;<\/p>\n<ol start=\"10\">\n<li><strong> Plattform der Europ\u00e4ischen Kommission zur Online-Streitbeilegung (OS f\u00fcr Verbraucher)<\/strong><\/li>\n<\/ol>\n<p>Unter: http:\/\/ec.europa.eu\/consumers\/odr\/ ist\u00a0 die Plattform der Europ\u00e4ischen Kommission zur Online-Streitbeilegung (OS f\u00fcr Verbraucher) zug\u00e4nglich.<\/p>\n<p>&nbsp;<\/p>\n<ol start=\"11\">\n<li><strong> Mitteilung laut \u00a7 36 Verbraucherstreitbeilegungsgesetz (VSBG)<\/strong><\/li>\n<\/ol>\n<p>Die Firma ETIKEDO GmbH ist prinzipiell nicht bereit und verpflichtet, an Streitbeilegungsverfahren vor einer Verbraucherschlichtungsstelle teilzunehmen.<\/p>\n<p>&nbsp;<\/p>\n<ol start=\"12\">\n<li><strong> Schlussbestimmungen<\/strong><\/li>\n<\/ol>\n<p>F\u00fcr Unternehmer gilt deutsches Recht unter Ausschluss des UN-Kaufrechts.<\/p>\n<p>F\u00fcr Kaufleute im Sinne des Handelsgesetzbuches, juristische Person des \u00f6ffentlichen Rechts oder \u00f6ffentlich-rechtliches Sonderverm\u00f6gen, ist unser Gesch\u00e4ftssitz ausschlie\u00dflicher Gerichtsstand f\u00fcr Beilegung s\u00e4mtlicher Streitigkeiten aus Vertragsverh\u00e4ltnissen.<\/p>\n<p>&nbsp;<\/p>\n<p>&nbsp;<\/p>\n","protected":false},"excerpt":{"rendered":"<p>Allgemeine Gesch\u00e4ftsbedingungen der Firma ETIKEDO GmbH (AGB) (Stand 11.2022) &nbsp; Geltungsumfang der AGB Die unten angef\u00fchrten AGB gelten f\u00fcr s\u00e4mtliche \u00fcber Online-Shop unserer Firma umgesetzten Bestellungen der Verbraucher und Unternehmer. Als Verbraucher gilt jede nat\u00fcrliche Person, die Rechtsgesch\u00e4fte abwickelt, die am meisten weder der gewerblichen noch selbst\u00e4ndigen T\u00e4tigkeit dienen. Der Begriff Unternehmer\u00a0 umfasst nat\u00fcrliche oder [&hellip;]<\/p>\n","protected":false},"author":217,"featured_media":0,"parent":0,"menu_order":0,"comment_status":"closed","ping_status":"closed","template":"","meta":{"_acf_changed":false,"inline_featured_image":false,"footnotes":""},"class_list":["post-6065","page","type-page","status-publish","hentry"],"acf":[],"yoast_head":"<!-- This site is optimized with the Yoast SEO Premium plugin v24.6 (Yoast SEO v26.5) - https:\/\/yoast.com\/wordpress\/plugins\/seo\/ -->\n<title>AGB<\/title>\n<meta name=\"robots\" content=\"noindex, nofollow\" \/>\n<meta property=\"og:locale\" content=\"de_DE\" \/>\n<meta property=\"og:type\" content=\"article\" \/>\n<meta property=\"og:title\" content=\"AGB\" \/>\n<meta property=\"og:description\" content=\"Allgemeine Gesch\u00e4ftsbedingungen der Firma ETIKEDO GmbH (AGB) (Stand 11.2022) &nbsp; Geltungsumfang der AGB Die unten angef\u00fchrten AGB gelten f\u00fcr s\u00e4mtliche\" \/>\n<meta property=\"og:url\" content=\"https:\/\/printandstick.eu\/de\/agb\/\" \/>\n<meta property=\"og:site_name\" content=\"Print &amp; Stick\" \/>\n<meta property=\"article:modified_time\" content=\"2022-11-14T08:08:34+00:00\" \/>\n<meta name=\"twitter:card\" content=\"summary_large_image\" \/>\n<meta name=\"twitter:label1\" content=\"Gesch\u00e4tzte Lesezeit\" \/>\n\t<meta name=\"twitter:data1\" content=\"9\u00a0Minuten\" \/>\n<script type=\"application\/ld+json\" class=\"yoast-schema-graph\">{\"@context\":\"https:\/\/schema.org\",\"@graph\":[{\"@type\":\"WebPage\",\"@id\":\"https:\/\/printandstick.eu\/de\/agb\/\",\"url\":\"https:\/\/printandstick.eu\/de\/agb\/\",\"name\":\"AGB\",\"isPartOf\":{\"@id\":\"https:\/\/printandstick.eu\/#website\"},\"datePublished\":\"2019-04-25T08:13:29+00:00\",\"dateModified\":\"2022-11-14T08:08:34+00:00\",\"breadcrumb\":{\"@id\":\"https:\/\/printandstick.eu\/de\/agb\/#breadcrumb\"},\"inLanguage\":\"de\",\"potentialAction\":[{\"@type\":\"ReadAction\",\"target\":[\"https:\/\/printandstick.eu\/de\/agb\/\"]}]},{\"@type\":\"BreadcrumbList\",\"@id\":\"https:\/\/printandstick.eu\/de\/agb\/#breadcrumb\",\"itemListElement\":[{\"@type\":\"ListItem\",\"position\":1,\"name\":\"Strona g\u0142\u00f3wna\",\"item\":\"https:\/\/printandstick.eu\/de\/\"},{\"@type\":\"ListItem\",\"position\":2,\"name\":\"AGB\"}]},{\"@type\":\"WebSite\",\"@id\":\"https:\/\/printandstick.eu\/#website\",\"url\":\"https:\/\/printandstick.eu\/\",\"name\":\"Printandstick.eu\",\"description\":\"Sklep internetowy z etykietami samoprzylepnymi do druku.\",\"publisher\":{\"@id\":\"https:\/\/printandstick.eu\/#organization\"},\"potentialAction\":[{\"@type\":\"SearchAction\",\"target\":{\"@type\":\"EntryPoint\",\"urlTemplate\":\"https:\/\/printandstick.eu\/?s={search_term_string}\"},\"query-input\":{\"@type\":\"PropertyValueSpecification\",\"valueRequired\":true,\"valueName\":\"search_term_string\"}}],\"inLanguage\":\"de\"},{\"@type\":\"Organization\",\"@id\":\"https:\/\/printandstick.eu\/#organization\",\"name\":\"Flexolabels Sp. z o.o.\",\"url\":\"https:\/\/printandstick.eu\/\",\"logo\":{\"@type\":\"ImageObject\",\"inLanguage\":\"de\",\"@id\":\"https:\/\/printandstick.eu\/#\/schema\/logo\/image\/\",\"url\":\"https:\/\/printandstick.eu\/wp-content\/uploads\/2019\/02\/logo.svg\",\"contentUrl\":\"https:\/\/printandstick.eu\/wp-content\/uploads\/2019\/02\/logo.svg\",\"width\":1,\"height\":1,\"caption\":\"Flexolabels Sp. z o.o.\"},\"image\":{\"@id\":\"https:\/\/printandstick.eu\/#\/schema\/logo\/image\/\"}}]}<\/script>\n<!-- \/ Yoast SEO Premium plugin. -->","yoast_head_json":{"title":"AGB","robots":{"index":"noindex","follow":"nofollow"},"og_locale":"de_DE","og_type":"article","og_title":"AGB","og_description":"Allgemeine Gesch\u00e4ftsbedingungen der Firma ETIKEDO GmbH (AGB) (Stand 11.2022) &nbsp; Geltungsumfang der AGB Die unten angef\u00fchrten AGB gelten f\u00fcr s\u00e4mtliche","og_url":"https:\/\/printandstick.eu\/de\/agb\/","og_site_name":"Print &amp; Stick","article_modified_time":"2022-11-14T08:08:34+00:00","twitter_card":"summary_large_image","twitter_misc":{"Gesch\u00e4tzte Lesezeit":"9\u00a0Minuten"},"schema":{"@context":"https:\/\/schema.org","@graph":[{"@type":"WebPage","@id":"https:\/\/printandstick.eu\/de\/agb\/","url":"https:\/\/printandstick.eu\/de\/agb\/","name":"AGB","isPartOf":{"@id":"https:\/\/printandstick.eu\/#website"},"datePublished":"2019-04-25T08:13:29+00:00","dateModified":"2022-11-14T08:08:34+00:00","breadcrumb":{"@id":"https:\/\/printandstick.eu\/de\/agb\/#breadcrumb"},"inLanguage":"de","potentialAction":[{"@type":"ReadAction","target":["https:\/\/printandstick.eu\/de\/agb\/"]}]},{"@type":"BreadcrumbList","@id":"https:\/\/printandstick.eu\/de\/agb\/#breadcrumb","itemListElement":[{"@type":"ListItem","position":1,"name":"Strona g\u0142\u00f3wna","item":"https:\/\/printandstick.eu\/de\/"},{"@type":"ListItem","position":2,"name":"AGB"}]},{"@type":"WebSite","@id":"https:\/\/printandstick.eu\/#website","url":"https:\/\/printandstick.eu\/","name":"Printandstick.eu","description":"Sklep internetowy z etykietami samoprzylepnymi do druku.","publisher":{"@id":"https:\/\/printandstick.eu\/#organization"},"potentialAction":[{"@type":"SearchAction","target":{"@type":"EntryPoint","urlTemplate":"https:\/\/printandstick.eu\/?s={search_term_string}"},"query-input":{"@type":"PropertyValueSpecification","valueRequired":true,"valueName":"search_term_string"}}],"inLanguage":"de"},{"@type":"Organization","@id":"https:\/\/printandstick.eu\/#organization","name":"Flexolabels Sp. z o.o.","url":"https:\/\/printandstick.eu\/","logo":{"@type":"ImageObject","inLanguage":"de","@id":"https:\/\/printandstick.eu\/#\/schema\/logo\/image\/","url":"https:\/\/printandstick.eu\/wp-content\/uploads\/2019\/02\/logo.svg","contentUrl":"https:\/\/printandstick.eu\/wp-content\/uploads\/2019\/02\/logo.svg","width":1,"height":1,"caption":"Flexolabels Sp. z o.o."},"image":{"@id":"https:\/\/printandstick.eu\/#\/schema\/logo\/image\/"}}]}},"_links":{"self":[{"href":"https:\/\/printandstick.eu\/de\/wp-json\/wp\/v2\/pages\/6065","targetHints":{"allow":["GET"]}}],"collection":[{"href":"https:\/\/printandstick.eu\/de\/wp-json\/wp\/v2\/pages"}],"about":[{"href":"https:\/\/printandstick.eu\/de\/wp-json\/wp\/v2\/types\/page"}],"author":[{"embeddable":true,"href":"https:\/\/printandstick.eu\/de\/wp-json\/wp\/v2\/users\/217"}],"replies":[{"embeddable":true,"href":"https:\/\/printandstick.eu\/de\/wp-json\/wp\/v2\/comments?post=6065"}],"version-history":[{"count":0,"href":"https:\/\/printandstick.eu\/de\/wp-json\/wp\/v2\/pages\/6065\/revisions"}],"wp:attachment":[{"href":"https:\/\/printandstick.eu\/de\/wp-json\/wp\/v2\/media?parent=6065"}],"curies":[{"name":"wp","href":"https:\/\/api.w.org\/{rel}","templated":true}]}}