{"id":6063,"date":"2019-04-25T10:12:42","date_gmt":"2019-04-25T08:12:42","guid":{"rendered":"http:\/\/printandstick.pl\/?page_id=6063"},"modified":"2019-08-27T18:57:43","modified_gmt":"2019-08-27T16:57:43","slug":"datenschutz","status":"publish","type":"page","link":"https:\/\/printandstick.eu\/de\/datenschutz\/","title":{"rendered":"Datenschutz"},"content":{"rendered":"<p>Wir respektieren Ihre Privatsph\u00e4re. Deshalb haben wir alle Anstrengungen unternommen, um deren Sicherheit zu gew\u00e4hrleisten. Auf der Grundlage der in der Kunst auferlegten Verpflichtung. Wir informieren:<\/p>\n<p>1. Der Administrator Ihrer personenbezogenen Daten gem\u00e4\u00df der Verordnung des Europ\u00e4ischen Parlaments und des Rates (EU) 2016\/679 vom 27. April 2016 zum Schutz nat\u00fcrlicher Personen bei der Verarbeitung personenbezogener Daten und zum freien Datenverkehr und zur Aufhebung der Richtlinie 95\/46 \/ WE (im Folgenden: DSGVO) ist ETIKEDO GmbH, Wilhelmsplatz 12, D-02826 G\u00f6rlitz, Deutschland, Tel. +49 3581 725 0001, E-Mail etikedo@etikedo.de<\/p>\n<p>2. Ihre pers\u00f6nlichen Daten werden vom Administrator zu Marketingzwecken verarbeitet oder werden m\u00f6glicherweise dort verarbeitet. Die Rechtsgrundlage f\u00fcr die Verarbeitung Ihrer Daten ist die Notwendigkeit dieser Verarbeitung f\u00fcr das berechtigte Interesse des Administrators (gem\u00e4\u00df Artikel 6 Absatz 1 Buchstabe f des DSGVO) durch direkte Vermarktung seiner Produkte und Dienstleistungen, einschlie\u00dflich des Newsletter-Services. Das Marketing erfolgt insbesondere, indem Sie Ihre Daten in die Kundendatenbank eingeben, Informationen und Marketingangebote mit Ihrem Einverst\u00e4ndnis an die angegebene E-Mail-Adresse versenden, per Telefon oder per SMS \u00fcbermitteln.<\/p>\n<p>3. Ihre personenbezogenen Daten werden auch verarbeitet, um Anspr\u00fcche durch den Administrator geltend zu machen, geltend zu machen oder abzusichern. Die Rechtsgrundlage f\u00fcr diese Verarbeitung ist das berechtigte Interesse des Administrators (gem\u00e4\u00df Artikel 6 Absatz 1 Buchstabe f des DSGVO).<\/p>\n<p>4. Ihre personenbezogenen Daten k\u00f6nnen an folgende Empf\u00e4nger weitergegeben werden: bevollm\u00e4chtigte Angestellte des Verwalters, Unternehmen, die personenbezogene Daten im Auftrag des Verwalters verarbeiten: Anbieter von IT-L\u00f6sungen, juristische Dienstleistungen des Verwalters, Personen, die Einzelunternehmenst\u00e4tigkeiten aus\u00fcben, die in einem festen Verh\u00e4ltnis der Bestellung beim Verwalter verbleiben.<\/p>\n<p>5. Ihre pers\u00f6nlichen Daten werden f\u00fcr die Dauer des berechtigten Interesses des Administrators verarbeitet, oder bis Sie ihrer Verarbeitung ausdr\u00fccklich widersprechen.<\/p>\n<p>6. Sie haben das Recht, den Administrator aufzufordern, auf seine pers\u00f6nlichen Daten zuzugreifen, sie zu berichtigen, die Verarbeitung und die Daten\u00fcbertragung zu l\u00f6schen oder einzuschr\u00e4nken.<\/p>\n<p>7. Soweit die Verarbeitung zu Marketingzwecken erfolgt, k\u00f6nnen Sie der Verarbeitung von Daten zu diesem Zweck jederzeit widersprechen.<\/p>\n<p>8. Soweit die Bearbeitung aufgrund Ihrer Einwilligung erfolgt, k\u00f6nnen Sie Ihre Einwilligung jederzeit ohne Angabe von Gr\u00fcnden widerrufen, insbesondere durch Senden einer E-Mail an den Datenverwalter. Der Widerruf der Zustimmung ber\u00fchrt nicht die Rechtm\u00e4\u00dfigkeit der Bearbeitung, die vor dem Widerruf aufgrund der Zustimmung vorgenommen wurde.<\/p>\n<p>9. Sie haben das Recht, eine Beschwerde beim Pr\u00e4sidenten des Amtes f\u00fcr den Schutz personenbezogener Daten einzureichen.<\/p>\n<p>10. Die Angabe personenbezogener Daten ist freiwillig, um gesch\u00e4ftliche Informationen zu erhalten und den Vertrag durchzuf\u00fchren.<\/p>\n<p>11. Der Administrator trifft keine automatisierten Entscheidungen einschlie\u00dflich Profilierung.<\/p>\n","protected":false},"excerpt":{"rendered":"<p>Wir respektieren Ihre Privatsph\u00e4re. Deshalb haben wir alle Anstrengungen unternommen, um deren Sicherheit zu gew\u00e4hrleisten. Auf der Grundlage der in der Kunst auferlegten Verpflichtung. Wir informieren: 1. Der Administrator Ihrer personenbezogenen Daten gem\u00e4\u00df der Verordnung des Europ\u00e4ischen Parlaments und des Rates (EU) 2016\/679 vom 27. April 2016 zum Schutz nat\u00fcrlicher Personen bei der Verarbeitung personenbezogener [&hellip;]<\/p>\n","protected":false},"author":217,"featured_media":0,"parent":0,"menu_order":0,"comment_status":"closed","ping_status":"open","template":"","meta":{"_acf_changed":false,"inline_featured_image":false,"footnotes":""},"class_list":["post-6063","page","type-page","status-publish","hentry"],"acf":[],"yoast_head":"<!-- This site is optimized with the Yoast SEO Premium plugin v24.6 (Yoast SEO v26.5) - https:\/\/yoast.com\/wordpress\/plugins\/seo\/ -->\n<title>Datenschutz<\/title>\n<meta name=\"robots\" content=\"noindex, nofollow\" \/>\n<meta property=\"og:locale\" content=\"de_DE\" \/>\n<meta property=\"og:type\" content=\"article\" \/>\n<meta property=\"og:title\" content=\"Datenschutz\" \/>\n<meta property=\"og:description\" content=\"Wir respektieren Ihre Privatsph\u00e4re. Deshalb haben wir alle Anstrengungen unternommen, um deren Sicherheit zu gew\u00e4hrleisten. Auf der Grundlage der in der\" \/>\n<meta property=\"og:url\" content=\"https:\/\/printandstick.eu\/de\/datenschutz\/\" \/>\n<meta property=\"og:site_name\" content=\"Print &amp; Stick\" \/>\n<meta property=\"article:modified_time\" content=\"2019-08-27T16:57:43+00:00\" \/>\n<meta name=\"twitter:card\" content=\"summary_large_image\" \/>\n<meta name=\"twitter:label1\" content=\"Gesch\u00e4tzte Lesezeit\" \/>\n\t<meta name=\"twitter:data1\" content=\"2\u00a0Minuten\" \/>\n<script type=\"application\/ld+json\" class=\"yoast-schema-graph\">{\"@context\":\"https:\/\/schema.org\",\"@graph\":[{\"@type\":\"WebPage\",\"@id\":\"https:\/\/printandstick.eu\/de\/datenschutz\/\",\"url\":\"https:\/\/printandstick.eu\/de\/datenschutz\/\",\"name\":\"Datenschutz\",\"isPartOf\":{\"@id\":\"https:\/\/printandstick.eu\/#website\"},\"datePublished\":\"2019-04-25T08:12:42+00:00\",\"dateModified\":\"2019-08-27T16:57:43+00:00\",\"breadcrumb\":{\"@id\":\"https:\/\/printandstick.eu\/de\/datenschutz\/#breadcrumb\"},\"inLanguage\":\"de\",\"potentialAction\":[{\"@type\":\"ReadAction\",\"target\":[\"https:\/\/printandstick.eu\/de\/datenschutz\/\"]}]},{\"@type\":\"BreadcrumbList\",\"@id\":\"https:\/\/printandstick.eu\/de\/datenschutz\/#breadcrumb\",\"itemListElement\":[{\"@type\":\"ListItem\",\"position\":1,\"name\":\"Strona g\u0142\u00f3wna\",\"item\":\"https:\/\/printandstick.eu\/de\/\"},{\"@type\":\"ListItem\",\"position\":2,\"name\":\"Datenschutz\"}]},{\"@type\":\"WebSite\",\"@id\":\"https:\/\/printandstick.eu\/#website\",\"url\":\"https:\/\/printandstick.eu\/\",\"name\":\"Printandstick.eu\",\"description\":\"Sklep internetowy z etykietami samoprzylepnymi do druku.\",\"publisher\":{\"@id\":\"https:\/\/printandstick.eu\/#organization\"},\"potentialAction\":[{\"@type\":\"SearchAction\",\"target\":{\"@type\":\"EntryPoint\",\"urlTemplate\":\"https:\/\/printandstick.eu\/?s={search_term_string}\"},\"query-input\":{\"@type\":\"PropertyValueSpecification\",\"valueRequired\":true,\"valueName\":\"search_term_string\"}}],\"inLanguage\":\"de\"},{\"@type\":\"Organization\",\"@id\":\"https:\/\/printandstick.eu\/#organization\",\"name\":\"Flexolabels Sp. z o.o.\",\"url\":\"https:\/\/printandstick.eu\/\",\"logo\":{\"@type\":\"ImageObject\",\"inLanguage\":\"de\",\"@id\":\"https:\/\/printandstick.eu\/#\/schema\/logo\/image\/\",\"url\":\"https:\/\/printandstick.eu\/wp-content\/uploads\/2019\/02\/logo.svg\",\"contentUrl\":\"https:\/\/printandstick.eu\/wp-content\/uploads\/2019\/02\/logo.svg\",\"width\":1,\"height\":1,\"caption\":\"Flexolabels Sp. z o.o.\"},\"image\":{\"@id\":\"https:\/\/printandstick.eu\/#\/schema\/logo\/image\/\"}}]}<\/script>\n<!-- \/ Yoast SEO Premium plugin. -->","yoast_head_json":{"title":"Datenschutz","robots":{"index":"noindex","follow":"nofollow"},"og_locale":"de_DE","og_type":"article","og_title":"Datenschutz","og_description":"Wir respektieren Ihre Privatsph\u00e4re. Deshalb haben wir alle Anstrengungen unternommen, um deren Sicherheit zu gew\u00e4hrleisten. Auf der Grundlage der in der","og_url":"https:\/\/printandstick.eu\/de\/datenschutz\/","og_site_name":"Print &amp; Stick","article_modified_time":"2019-08-27T16:57:43+00:00","twitter_card":"summary_large_image","twitter_misc":{"Gesch\u00e4tzte Lesezeit":"2\u00a0Minuten"},"schema":{"@context":"https:\/\/schema.org","@graph":[{"@type":"WebPage","@id":"https:\/\/printandstick.eu\/de\/datenschutz\/","url":"https:\/\/printandstick.eu\/de\/datenschutz\/","name":"Datenschutz","isPartOf":{"@id":"https:\/\/printandstick.eu\/#website"},"datePublished":"2019-04-25T08:12:42+00:00","dateModified":"2019-08-27T16:57:43+00:00","breadcrumb":{"@id":"https:\/\/printandstick.eu\/de\/datenschutz\/#breadcrumb"},"inLanguage":"de","potentialAction":[{"@type":"ReadAction","target":["https:\/\/printandstick.eu\/de\/datenschutz\/"]}]},{"@type":"BreadcrumbList","@id":"https:\/\/printandstick.eu\/de\/datenschutz\/#breadcrumb","itemListElement":[{"@type":"ListItem","position":1,"name":"Strona g\u0142\u00f3wna","item":"https:\/\/printandstick.eu\/de\/"},{"@type":"ListItem","position":2,"name":"Datenschutz"}]},{"@type":"WebSite","@id":"https:\/\/printandstick.eu\/#website","url":"https:\/\/printandstick.eu\/","name":"Printandstick.eu","description":"Sklep internetowy z etykietami samoprzylepnymi do druku.","publisher":{"@id":"https:\/\/printandstick.eu\/#organization"},"potentialAction":[{"@type":"SearchAction","target":{"@type":"EntryPoint","urlTemplate":"https:\/\/printandstick.eu\/?s={search_term_string}"},"query-input":{"@type":"PropertyValueSpecification","valueRequired":true,"valueName":"search_term_string"}}],"inLanguage":"de"},{"@type":"Organization","@id":"https:\/\/printandstick.eu\/#organization","name":"Flexolabels Sp. z o.o.","url":"https:\/\/printandstick.eu\/","logo":{"@type":"ImageObject","inLanguage":"de","@id":"https:\/\/printandstick.eu\/#\/schema\/logo\/image\/","url":"https:\/\/printandstick.eu\/wp-content\/uploads\/2019\/02\/logo.svg","contentUrl":"https:\/\/printandstick.eu\/wp-content\/uploads\/2019\/02\/logo.svg","width":1,"height":1,"caption":"Flexolabels Sp. z o.o."},"image":{"@id":"https:\/\/printandstick.eu\/#\/schema\/logo\/image\/"}}]}},"_links":{"self":[{"href":"https:\/\/printandstick.eu\/de\/wp-json\/wp\/v2\/pages\/6063","targetHints":{"allow":["GET"]}}],"collection":[{"href":"https:\/\/printandstick.eu\/de\/wp-json\/wp\/v2\/pages"}],"about":[{"href":"https:\/\/printandstick.eu\/de\/wp-json\/wp\/v2\/types\/page"}],"author":[{"embeddable":true,"href":"https:\/\/printandstick.eu\/de\/wp-json\/wp\/v2\/users\/217"}],"replies":[{"embeddable":true,"href":"https:\/\/printandstick.eu\/de\/wp-json\/wp\/v2\/comments?post=6063"}],"version-history":[{"count":0,"href":"https:\/\/printandstick.eu\/de\/wp-json\/wp\/v2\/pages\/6063\/revisions"}],"wp:attachment":[{"href":"https:\/\/printandstick.eu\/de\/wp-json\/wp\/v2\/media?parent=6063"}],"curies":[{"name":"wp","href":"https:\/\/api.w.org\/{rel}","templated":true}]}}