{"id":6058,"date":"2019-04-25T10:10:52","date_gmt":"2019-04-25T08:10:52","guid":{"rendered":"http:\/\/printandstick.pl\/?page_id=6058"},"modified":"2019-07-04T13:18:26","modified_gmt":"2019-07-04T11:18:26","slug":"ueber-uns","status":"publish","type":"page","link":"https:\/\/printandstick.eu\/de\/ueber-uns\/","title":{"rendered":"\u00dcber uns"},"content":{"rendered":"<h2>Herzlich Willkommen in unserem\u00a0 Online-Shop Print&amp;Stick. Lassen wir uns kennenlernen!<\/h2>\n<p>Die Marke Print&amp;Stick versucht, den Anforderungen von Kunden aus verschiedenen Branchen gerecht zu werden, in dem sie st\u00e4ndig neue Produkte analysiert und in unser breites Sortiment aufnimmt. Bei uns finden Sie unter anderem Druckbogen, Informationsetiketten, elektrotechnische Etiketten, Siegel und Garantien sowie Etiketten zur Verwendung im B\u00fcro. Wenn Sie sich f\u00fcr unsere Produkte entscheiden, k\u00f6nnen Sie sicher sein, dass jedes Produkt mit dem Gedanke nach seinem Verwendungszweck und seine Verwendungsbedingungen hergestellt wurde. Als einer der wenigen in der Branche der selbstklebenden Etiketten sind wir bestrebt, unsere Produkte langlebig und haltbar zu machen, damit sie auch nach Jahren noch so gut lesbar und farbintensiv sind, wie am ersten Verwendungstag.<\/p>\n","protected":false},"excerpt":{"rendered":"<p>Herzlich Willkommen in unserem\u00a0 Online-Shop Print&amp;Stick. Lassen wir uns kennenlernen! Die Marke Print&amp;Stick versucht, den Anforderungen von Kunden aus verschiedenen Branchen gerecht zu werden, in dem sie st\u00e4ndig neue Produkte analysiert und in unser breites Sortiment aufnimmt. Bei uns finden Sie unter anderem Druckbogen, Informationsetiketten, elektrotechnische Etiketten, Siegel und Garantien sowie Etiketten zur Verwendung im [&hellip;]<\/p>\n","protected":false},"author":217,"featured_media":10388,"parent":0,"menu_order":0,"comment_status":"closed","ping_status":"closed","template":"page-about.php","meta":{"_acf_changed":false,"inline_featured_image":false,"footnotes":""},"class_list":["post-6058","page","type-page","status-publish","has-post-thumbnail","hentry"],"acf":[],"yoast_head":"<!-- This site is optimized with the Yoast SEO Premium plugin v24.6 (Yoast SEO v26.5) - https:\/\/yoast.com\/wordpress\/plugins\/seo\/ -->\n<title>\u00dcber uns<\/title>\n<meta name=\"robots\" content=\"index, follow, max-snippet:-1, max-image-preview:large, max-video-preview:-1\" \/>\n<link rel=\"canonical\" href=\"https:\/\/printandstick.eu\/de\/ueber-uns\/\" \/>\n<meta property=\"og:locale\" content=\"de_DE\" \/>\n<meta property=\"og:type\" content=\"article\" \/>\n<meta property=\"og:title\" content=\"\u00dcber uns\" \/>\n<meta property=\"og:description\" content=\"Herzlich Willkommen in unserem\u00a0 Online-Shop Print&amp;Stick. Lassen wir uns kennenlernen! Die Marke Print&amp;Stick versucht, den Anforderungen von Kunden\" \/>\n<meta property=\"og:url\" content=\"https:\/\/printandstick.eu\/de\/ueber-uns\/\" \/>\n<meta property=\"og:site_name\" content=\"Print &amp; Stick\" \/>\n<meta property=\"article:modified_time\" content=\"2019-07-04T11:18:26+00:00\" \/>\n<meta property=\"og:image\" content=\"https:\/\/printandstick.eu\/wp-content\/uploads\/2019\/07\/faq-bg-e1556181879403.jpg\" \/>\n\t<meta property=\"og:image:width\" content=\"2000\" \/>\n\t<meta property=\"og:image:height\" content=\"1165\" \/>\n\t<meta property=\"og:image:type\" content=\"image\/jpeg\" \/>\n<meta name=\"twitter:card\" content=\"summary_large_image\" \/>\n<meta name=\"twitter:label1\" content=\"Gesch\u00e4tzte Lesezeit\" \/>\n\t<meta name=\"twitter:data1\" content=\"1\u00a0Minute\" \/>\n<script type=\"application\/ld+json\" class=\"yoast-schema-graph\">{\"@context\":\"https:\/\/schema.org\",\"@graph\":[{\"@type\":\"WebPage\",\"@id\":\"https:\/\/printandstick.eu\/de\/ueber-uns\/\",\"url\":\"https:\/\/printandstick.eu\/de\/ueber-uns\/\",\"name\":\"\u00dcber uns\",\"isPartOf\":{\"@id\":\"https:\/\/printandstick.eu\/#website\"},\"primaryImageOfPage\":{\"@id\":\"https:\/\/printandstick.eu\/de\/ueber-uns\/#primaryimage\"},\"image\":{\"@id\":\"https:\/\/printandstick.eu\/de\/ueber-uns\/#primaryimage\"},\"thumbnailUrl\":\"https:\/\/printandstick.eu\/wp-content\/uploads\/2019\/07\/faq-bg-e1556181879403.jpg\",\"datePublished\":\"2019-04-25T08:10:52+00:00\",\"dateModified\":\"2019-07-04T11:18:26+00:00\",\"breadcrumb\":{\"@id\":\"https:\/\/printandstick.eu\/de\/ueber-uns\/#breadcrumb\"},\"inLanguage\":\"de\",\"potentialAction\":[{\"@type\":\"ReadAction\",\"target\":[\"https:\/\/printandstick.eu\/de\/ueber-uns\/\"]}]},{\"@type\":\"ImageObject\",\"inLanguage\":\"de\",\"@id\":\"https:\/\/printandstick.eu\/de\/ueber-uns\/#primaryimage\",\"url\":\"https:\/\/printandstick.eu\/wp-content\/uploads\/2019\/07\/faq-bg-e1556181879403.jpg\",\"contentUrl\":\"https:\/\/printandstick.eu\/wp-content\/uploads\/2019\/07\/faq-bg-e1556181879403.jpg\",\"width\":2000,\"height\":1165},{\"@type\":\"BreadcrumbList\",\"@id\":\"https:\/\/printandstick.eu\/de\/ueber-uns\/#breadcrumb\",\"itemListElement\":[{\"@type\":\"ListItem\",\"position\":1,\"name\":\"Strona g\u0142\u00f3wna\",\"item\":\"https:\/\/printandstick.eu\/de\/\"},{\"@type\":\"ListItem\",\"position\":2,\"name\":\"\u00dcber uns\"}]},{\"@type\":\"WebSite\",\"@id\":\"https:\/\/printandstick.eu\/#website\",\"url\":\"https:\/\/printandstick.eu\/\",\"name\":\"Printandstick.eu\",\"description\":\"Sklep internetowy z etykietami samoprzylepnymi do druku.\",\"publisher\":{\"@id\":\"https:\/\/printandstick.eu\/#organization\"},\"potentialAction\":[{\"@type\":\"SearchAction\",\"target\":{\"@type\":\"EntryPoint\",\"urlTemplate\":\"https:\/\/printandstick.eu\/?s={search_term_string}\"},\"query-input\":{\"@type\":\"PropertyValueSpecification\",\"valueRequired\":true,\"valueName\":\"search_term_string\"}}],\"inLanguage\":\"de\"},{\"@type\":\"Organization\",\"@id\":\"https:\/\/printandstick.eu\/#organization\",\"name\":\"Flexolabels Sp. z o.o.\",\"url\":\"https:\/\/printandstick.eu\/\",\"logo\":{\"@type\":\"ImageObject\",\"inLanguage\":\"de\",\"@id\":\"https:\/\/printandstick.eu\/#\/schema\/logo\/image\/\",\"url\":\"https:\/\/printandstick.eu\/wp-content\/uploads\/2019\/02\/logo.svg\",\"contentUrl\":\"https:\/\/printandstick.eu\/wp-content\/uploads\/2019\/02\/logo.svg\",\"width\":1,\"height\":1,\"caption\":\"Flexolabels Sp. z o.o.\"},\"image\":{\"@id\":\"https:\/\/printandstick.eu\/#\/schema\/logo\/image\/\"}}]}<\/script>\n<!-- \/ Yoast SEO Premium plugin. -->","yoast_head_json":{"title":"\u00dcber uns","robots":{"index":"index","follow":"follow","max-snippet":"max-snippet:-1","max-image-preview":"max-image-preview:large","max-video-preview":"max-video-preview:-1"},"canonical":"https:\/\/printandstick.eu\/de\/ueber-uns\/","og_locale":"de_DE","og_type":"article","og_title":"\u00dcber uns","og_description":"Herzlich Willkommen in unserem\u00a0 Online-Shop Print&amp;Stick. Lassen wir uns kennenlernen! Die Marke Print&amp;Stick versucht, den Anforderungen von Kunden","og_url":"https:\/\/printandstick.eu\/de\/ueber-uns\/","og_site_name":"Print &amp; Stick","article_modified_time":"2019-07-04T11:18:26+00:00","og_image":[{"width":2000,"height":1165,"url":"https:\/\/printandstick.eu\/wp-content\/uploads\/2019\/07\/faq-bg-e1556181879403.jpg","type":"image\/jpeg"}],"twitter_card":"summary_large_image","twitter_misc":{"Gesch\u00e4tzte Lesezeit":"1\u00a0Minute"},"schema":{"@context":"https:\/\/schema.org","@graph":[{"@type":"WebPage","@id":"https:\/\/printandstick.eu\/de\/ueber-uns\/","url":"https:\/\/printandstick.eu\/de\/ueber-uns\/","name":"\u00dcber uns","isPartOf":{"@id":"https:\/\/printandstick.eu\/#website"},"primaryImageOfPage":{"@id":"https:\/\/printandstick.eu\/de\/ueber-uns\/#primaryimage"},"image":{"@id":"https:\/\/printandstick.eu\/de\/ueber-uns\/#primaryimage"},"thumbnailUrl":"https:\/\/printandstick.eu\/wp-content\/uploads\/2019\/07\/faq-bg-e1556181879403.jpg","datePublished":"2019-04-25T08:10:52+00:00","dateModified":"2019-07-04T11:18:26+00:00","breadcrumb":{"@id":"https:\/\/printandstick.eu\/de\/ueber-uns\/#breadcrumb"},"inLanguage":"de","potentialAction":[{"@type":"ReadAction","target":["https:\/\/printandstick.eu\/de\/ueber-uns\/"]}]},{"@type":"ImageObject","inLanguage":"de","@id":"https:\/\/printandstick.eu\/de\/ueber-uns\/#primaryimage","url":"https:\/\/printandstick.eu\/wp-content\/uploads\/2019\/07\/faq-bg-e1556181879403.jpg","contentUrl":"https:\/\/printandstick.eu\/wp-content\/uploads\/2019\/07\/faq-bg-e1556181879403.jpg","width":2000,"height":1165},{"@type":"BreadcrumbList","@id":"https:\/\/printandstick.eu\/de\/ueber-uns\/#breadcrumb","itemListElement":[{"@type":"ListItem","position":1,"name":"Strona g\u0142\u00f3wna","item":"https:\/\/printandstick.eu\/de\/"},{"@type":"ListItem","position":2,"name":"\u00dcber uns"}]},{"@type":"WebSite","@id":"https:\/\/printandstick.eu\/#website","url":"https:\/\/printandstick.eu\/","name":"Printandstick.eu","description":"Sklep internetowy z etykietami samoprzylepnymi do druku.","publisher":{"@id":"https:\/\/printandstick.eu\/#organization"},"potentialAction":[{"@type":"SearchAction","target":{"@type":"EntryPoint","urlTemplate":"https:\/\/printandstick.eu\/?s={search_term_string}"},"query-input":{"@type":"PropertyValueSpecification","valueRequired":true,"valueName":"search_term_string"}}],"inLanguage":"de"},{"@type":"Organization","@id":"https:\/\/printandstick.eu\/#organization","name":"Flexolabels Sp. z o.o.","url":"https:\/\/printandstick.eu\/","logo":{"@type":"ImageObject","inLanguage":"de","@id":"https:\/\/printandstick.eu\/#\/schema\/logo\/image\/","url":"https:\/\/printandstick.eu\/wp-content\/uploads\/2019\/02\/logo.svg","contentUrl":"https:\/\/printandstick.eu\/wp-content\/uploads\/2019\/02\/logo.svg","width":1,"height":1,"caption":"Flexolabels Sp. z o.o."},"image":{"@id":"https:\/\/printandstick.eu\/#\/schema\/logo\/image\/"}}]}},"_links":{"self":[{"href":"https:\/\/printandstick.eu\/de\/wp-json\/wp\/v2\/pages\/6058","targetHints":{"allow":["GET"]}}],"collection":[{"href":"https:\/\/printandstick.eu\/de\/wp-json\/wp\/v2\/pages"}],"about":[{"href":"https:\/\/printandstick.eu\/de\/wp-json\/wp\/v2\/types\/page"}],"author":[{"embeddable":true,"href":"https:\/\/printandstick.eu\/de\/wp-json\/wp\/v2\/users\/217"}],"replies":[{"embeddable":true,"href":"https:\/\/printandstick.eu\/de\/wp-json\/wp\/v2\/comments?post=6058"}],"version-history":[{"count":0,"href":"https:\/\/printandstick.eu\/de\/wp-json\/wp\/v2\/pages\/6058\/revisions"}],"wp:featuredmedia":[{"embeddable":true,"href":"https:\/\/printandstick.eu\/de\/wp-json\/wp\/v2\/media\/10388"}],"wp:attachment":[{"href":"https:\/\/printandstick.eu\/de\/wp-json\/wp\/v2\/media?parent=6058"}],"curies":[{"name":"wp","href":"https:\/\/api.w.org\/{rel}","templated":true}]}}